{"id":1389,"date":"2023-08-20T17:40:24","date_gmt":"2023-08-20T17:40:24","guid":{"rendered":"https:\/\/rental-car.company\/?page_id=1389"},"modified":"2024-03-29T16:34:14","modified_gmt":"2024-03-29T16:34:14","slug":"privatsphare","status":"publish","type":"page","link":"https:\/\/rental-car.company\/de\/privatsphare\/","title":{"rendered":"Privatsph\u00e4re"},"content":{"rendered":"<p>Allgemeine Informationen<br>Diese Datenschutzrichtlinie legt die Verfahren zur Verarbeitung und zum Schutz von Informationen \u00fcber Personen fest, die den Hotel- und Mietwagenbuchungsservice unter nutzen&nbsp;<a href=\"https:\/\/rentcars.buzz\/\">https:\/\/rentcars.buzz<\/a><\/p>\n\n\n\n<p>Von uns erfasste Daten<br>Bei der Buchung oder Registrierung auf unserer Website werden Sie m\u00f6glicherweise aufgefordert, Ihren Namen, Ihre E-Mail-Adresse, Ihre Telefonnummer, Ihre Anschrift, Kreditkartendaten und andere Informationen einzugeben.<\/p>\n\n\n\n<p>Wie wir Ihre Daten verwenden<br>\u2022 Um Ihre Bestellung zu bearbeiten.<br>\u2022 Um Ihr Erlebnis zu personalisieren.<br>\u2022 Um unsere Website zu verbessern.<br>\u2022 Um mit Ihnen per E-Mail zu kommunizieren.<\/p>\n\n\n\n<p>Schutz Ihrer Daten<br>Wir implementieren eine Reihe von Sicherheitsma\u00dfnahmen, um die Sicherheit Ihrer pers\u00f6nlichen Daten zu gew\u00e4hrleisten, wenn Sie eine Bestellung aufgeben oder Ihre pers\u00f6nlichen Daten eingeben, \u00fcbertragen oder darauf zugreifen.<\/p>\n\n\n\n<p>Verwendung von Cookies<br>Wir verwenden Cookies, um Informationen \u00fcber Ihre Pr\u00e4ferenzen und Ihren Verlauf zu speichern, um Sie in Zukunft besser bedienen zu k\u00f6nnen.<br>Abmeldung von Mailinglisten<br>Wenn Sie sich von unserem Newsletter abmelden m\u00f6chten, k\u00f6nnen Sie dies \u00fcber den entsprechenden Link am Ende jeder E-Mail tun.<\/p>\n\n\n\n<p>Dritte<br>Wir verkaufen, handeln oder \u00fcbermitteln Ihre pers\u00f6nlichen Daten nicht an externe Organisationen.<\/p>\n\n\n\n<p>Zustimmung<br>Durch die Nutzung unserer Website stimmen Sie unserer Datenschutzerkl\u00e4rung zu.<\/p>\n\n\n\n<p>\u00c4nderungen der Datenschutzrichtlinie<br>Eventuelle \u00c4nderungen der Datenschutzbestimmungen werden auf dieser Seite ver\u00f6ffentlicht.<\/p>","protected":false},"excerpt":{"rendered":"<p>General InformationThis privacy policy sets out the procedures for processing and protecting information about individuals who use the hotel and car booking service at&nbsp;https:\/\/rentcars.buzz Data We CollectWhen booking or registering on our site, you may be asked to enter your name, email address, phone number, physical address, credit card details, and other information. How We [&hellip;]<\/p>\n","protected":false},"author":1,"featured_media":0,"parent":0,"menu_order":0,"comment_status":"closed","ping_status":"closed","template":"","meta":{"rs_blank_template":"","rs_page_bg_color":"","slide_template_v7":"","footnotes":""},"categories":[1],"tags":[],"class_list":["post-1389","page","type-page","status-publish","hentry","category-blog"],"_links":{"self":[{"href":"https:\/\/rental-car.company\/de\/wp-json\/wp\/v2\/pages\/1389","targetHints":{"allow":["GET"]}}],"collection":[{"href":"https:\/\/rental-car.company\/de\/wp-json\/wp\/v2\/pages"}],"about":[{"href":"https:\/\/rental-car.company\/de\/wp-json\/wp\/v2\/types\/page"}],"author":[{"embeddable":true,"href":"https:\/\/rental-car.company\/de\/wp-json\/wp\/v2\/users\/1"}],"replies":[{"embeddable":true,"href":"https:\/\/rental-car.company\/de\/wp-json\/wp\/v2\/comments?post=1389"}],"version-history":[{"count":0,"href":"https:\/\/rental-car.company\/de\/wp-json\/wp\/v2\/pages\/1389\/revisions"}],"wp:attachment":[{"href":"https:\/\/rental-car.company\/de\/wp-json\/wp\/v2\/media?parent=1389"}],"wp:term":[{"taxonomy":"category","embeddable":true,"href":"https:\/\/rental-car.company\/de\/wp-json\/wp\/v2\/categories?post=1389"},{"taxonomy":"post_tag","embeddable":true,"href":"https:\/\/rental-car.company\/de\/wp-json\/wp\/v2\/tags?post=1389"}],"curies":[{"name":"wp","href":"https:\/\/api.w.org\/{rel}","templated":true}]}}