{"id":1392,"date":"2023-08-20T18:18:03","date_gmt":"2023-08-20T18:18:03","guid":{"rendered":"https:\/\/rental-car.company\/?page_id=1392"},"modified":"2024-03-29T16:34:14","modified_gmt":"2024-03-29T16:34:14","slug":"uber-uns","status":"publish","type":"page","link":"https:\/\/rental-car.company\/de\/uber-uns\/","title":{"rendered":"\u00dcber uns"},"content":{"rendered":"<h1 class=\"wp-block-heading\"><strong>\u00dcber uns: Hotel- und Mietwagenbuchung<\/strong><\/h1>\n\n\n\n<p>Im Kern von <strong>Mietwagenunternehmen<\/strong> ist eine Philosophie des au\u00dfergew\u00f6hnlichen Kundenservice. Unsere Aufmerksamkeit f\u00fcr die Kundenbetreuung und unsere hochwertige Mietfahrzeugflotte helfen unseren Kunden, sowohl ihre Urlaubs- als auch ihre Gesch\u00e4ftsreisen zu vereinfachen.<\/p>\n\n\n\n<p>Unsere speziellen Mietwagenangebote und g\u00fcnstigen Tagespreise helfen Ihnen, Ihre Reisepl\u00e4ne innerhalb Ihres Budgets zu halten. <strong>Mietwagenunternehmen<\/strong> verf\u00fcgt \u00fcber praktische nationale und internationale Autovermietungsstandorte, die f\u00fcr Sie da sind. Dar\u00fcber hinaus unsere <strong>Express-Pr\u00e4mien f\u00fcr Autovermietungen<\/strong> Das Programm bietet zus\u00e4tzliche Vorteile zur Vereinfachung Ihrer aktuellen Reisepl\u00e4ne und hilft Ihnen au\u00dferdem dabei, Pr\u00e4mien f\u00fcr zuk\u00fcnftige Anmietungen zu verdienen!<\/p>\n\n\n\n<p><strong>Autovermietungsstandorte am Flughafen und in der Umgebung<\/strong> <strong>Mietwagenunternehmen<\/strong> verf\u00fcgt \u00fcber Mietwagenstationen sowohl in der N\u00e4he als auch innerhalb von Flugh\u00e4fen in allen gr\u00f6\u00dferen St\u00e4dten der Vereinigten Staaten. Der Name <strong>Mietwagenunternehmen<\/strong> ist zum Synonym f\u00fcr Wert und Bequemlichkeit geworden.<\/p>\n\n\n\n<p><strong>Airbags<\/strong> Alle <strong>Mietwagenunternehmen<\/strong> Mietstationen sind mit Airbags ausgestattet. Die National Highway Traffic Safety Administration empfiehlt Kindern unter 12 Jahren, auf dem R\u00fccksitz zu sitzen. Au\u00dferdem sollten r\u00fcckw\u00e4rtsgerichtete Kindersitze niemals auf dem Vordersitz eines Fahrzeugs mit Beifahrerairbag platziert werden.<\/p>\n\n\n\n<p><strong>Kindersitze<\/strong> Das Unternehmen <strong><a href=\"https:\/\/rental-car.company\/de\/\">https:\/\/rental-car.company<\/a> Autofirma<\/strong> bietet Leih-Kindersitze f\u00fcr Kleinkinder und Kleinkinder an, wenn Sie diese auf der reservieren <strong>Mietwagenunternehmen<\/strong> Webseite. F\u00fcr weitere Informationen k\u00f6nnen Sie sich an die wenden <strong>Mietwagenunternehmen<\/strong> Abteilung, in der Sie<\/p>","protected":false},"excerpt":{"rendered":"<p>About Us: Hotel and Car Booking At the core of Rental Car Company is a philosophy of exceptional customer service. Our attention to customer care and our high-quality fleet of rental vehicles help our clients ease both their vacation and business travels. Our special car rental offers and low daily rates help you keep your [&hellip;]<\/p>\n","protected":false},"author":1,"featured_media":0,"parent":0,"menu_order":0,"comment_status":"closed","ping_status":"closed","template":"","meta":{"rs_blank_template":"","rs_page_bg_color":"","slide_template_v7":"","footnotes":""},"categories":[1],"tags":[],"class_list":["post-1392","page","type-page","status-publish","hentry","category-blog"],"_links":{"self":[{"href":"https:\/\/rental-car.company\/de\/wp-json\/wp\/v2\/pages\/1392","targetHints":{"allow":["GET"]}}],"collection":[{"href":"https:\/\/rental-car.company\/de\/wp-json\/wp\/v2\/pages"}],"about":[{"href":"https:\/\/rental-car.company\/de\/wp-json\/wp\/v2\/types\/page"}],"author":[{"embeddable":true,"href":"https:\/\/rental-car.company\/de\/wp-json\/wp\/v2\/users\/1"}],"replies":[{"embeddable":true,"href":"https:\/\/rental-car.company\/de\/wp-json\/wp\/v2\/comments?post=1392"}],"version-history":[{"count":0,"href":"https:\/\/rental-car.company\/de\/wp-json\/wp\/v2\/pages\/1392\/revisions"}],"wp:attachment":[{"href":"https:\/\/rental-car.company\/de\/wp-json\/wp\/v2\/media?parent=1392"}],"wp:term":[{"taxonomy":"category","embeddable":true,"href":"https:\/\/rental-car.company\/de\/wp-json\/wp\/v2\/categories?post=1392"},{"taxonomy":"post_tag","embeddable":true,"href":"https:\/\/rental-car.company\/de\/wp-json\/wp\/v2\/tags?post=1392"}],"curies":[{"name":"wp","href":"https:\/\/api.w.org\/{rel}","templated":true}]}}