{"id":1395,"date":"2023-08-20T18:20:19","date_gmt":"2023-08-20T18:20:19","guid":{"rendered":"https:\/\/rental-car.company\/?page_id=1395"},"modified":"2024-03-29T16:34:14","modified_gmt":"2024-03-29T16:34:14","slug":"zahlungsarten","status":"publish","type":"page","link":"https:\/\/rental-car.company\/de\/zahlungsarten\/","title":{"rendered":"Zahlungsarten"},"content":{"rendered":"<div class=\"wpb-content-wrapper\"><div class=\"vc_row wpb_row vc_row-fluid\"><div class=\"wpb_column vc_column_container vc_col-sm-12\"><div class=\"vc_column-inner\"><div class=\"wpb_wrapper\">\n\t<div class=\"wpb_text_column wpb_content_element\" >\n\t\t<div class=\"wpb_wrapper\">\n\t\t\t<p>Bei <a href=\"https:\/\/rental-car.company\/de\/\">Mietwagenfirma<\/a>Wir glauben an eine Reise, bei der es nicht nur darum geht, Ihr Ziel zu erreichen, sondern auch darum, einen reibungslosen Mietprozess zu erleben. Entdecken Sie unsere vielf\u00e4ltigen Zahlungsmethoden, die speziell auf Ihren Komfort zugeschnitten sind.<\/p>\n<hr class=\"wp-block-separator has-alpha-channel-opacity\" \/>\n<h3 id=\"h-card-payments\" class=\"wp-block-heading\"><strong>Kartenzahlungen<\/strong><\/h3>\n<p><strong>Visa\/MasterCard:<\/strong> Weltweit f\u00fchrender Anbieter von Kartenzahlungen, der schnelle Transaktionen f\u00fcr Ihre Mietabenteuer erm\u00f6glicht.<\/p>\n<p><strong>American Express:<\/strong> Steigern Sie Ihr Mieterlebnis und profitieren Sie von exklusiven Amex-Vorteilen.<\/p>\n<p><strong>Entdecken:<\/strong> Ma\u00dfgeschneidert f\u00fcr unsere gesch\u00e4tzte Kundschaft aus den USA<\/p>\n<hr class=\"wp-block-separator has-alpha-channel-opacity\" \/>\n<h3 id=\"h-direct-bank-transfers\" class=\"wp-block-heading\"><strong>Direkte Bank\u00fcberweisungen<\/strong><\/h3>\n<p>Verbinden Sie sich direkt mit gro\u00dfen globalen Banken und sorgen Sie so f\u00fcr ein sicheres und direktes Zahlungsportal f\u00fcr Ihre Anmietungen.<\/p>\n<hr class=\"wp-block-separator has-alpha-channel-opacity\" \/>\n<h3 id=\"h-swift-e-wallets\" class=\"wp-block-heading\"><strong>Schnelle E-Wallets<\/strong><\/h3>\n<p><strong>PayPal:<\/strong> Ein Name, der f\u00fcr Vertrauen steht und schnelle Zahlungen erm\u00f6glicht.<\/p>\n<p><strong>Apple Pay und Google Wallet:<\/strong> Moderne L\u00f6sungen f\u00fcr den modernen Reisenden, die mobiles Bezahlen m\u00fchelos erm\u00f6glichen.<\/p>\n<hr class=\"wp-block-separator has-alpha-channel-opacity\" \/>\n<h3 id=\"h-future-ready-cryptocurrencies\" class=\"wp-block-heading\"><strong>Zukunftsf\u00e4hige Kryptow\u00e4hrungen<\/strong><\/h3>\n<p>Werden Sie mit uns Teil der Zukunft des Zahlungsverkehrs. Wir akzeptieren f\u00fchrende Kryptow\u00e4hrungen wie Bitcoin und Ethereum, um sicherzustellen, dass Sie immer einen Schritt voraus sind.<\/p>\n<hr class=\"wp-block-separator has-alpha-channel-opacity\" \/>\n<h3 id=\"h-convenient-pay-on-arrival\" class=\"wp-block-heading\"><strong>Bequeme Bezahlung bei Ankunft<\/strong><\/h3>\n<p>Genie\u00dfen Sie Flexibilit\u00e4t mit unserer Option, Ihre Zahlung bei der Abholung Ihres Fahrzeugs abzuschlie\u00dfen und so auf spontane Reisepl\u00e4ne abzustimmen.<\/p>\n<hr class=\"wp-block-separator has-alpha-channel-opacity\" \/>\n<h3 id=\"h-committed-to-your-security\" class=\"wp-block-heading\"><strong>Wir sind Ihrer Sicherheit verpflichtet<\/strong><\/h3>\n<p>Seien Sie versichert, <a href=\"https:\/\/rental-car.company\/de\/\">Mietwagenfirma<\/a> legt Wert auf Datenschutz. Unsere hochmoderne SSL-Verschl\u00fcsselung garantiert die Sicherheit Ihrer Transaktionsinformationen.<\/p>\n\n\t\t<\/div>\n\t<\/div>\n<\/div><\/div><\/div><\/div>\n<\/div>","protected":false},"excerpt":{"rendered":"At Rental-Car.Company, we believe in a journey that's not just about reaching your destination but also about experiencing a seamless rental process. Dive into our diverse payment methods designed with your convenience in mind. Card Payments Visa\/MasterCard: Global leaders in card payments, facilitating swift transactions for your rental adventures. American Express: Elevate your rental experience [...]","protected":false},"author":1,"featured_media":0,"parent":0,"menu_order":0,"comment_status":"closed","ping_status":"closed","template":"","meta":{"rs_blank_template":"","rs_page_bg_color":"","slide_template_v7":"","footnotes":""},"categories":[1],"tags":[],"class_list":["post-1395","page","type-page","status-publish","hentry","category-blog"],"_links":{"self":[{"href":"https:\/\/rental-car.company\/de\/wp-json\/wp\/v2\/pages\/1395","targetHints":{"allow":["GET"]}}],"collection":[{"href":"https:\/\/rental-car.company\/de\/wp-json\/wp\/v2\/pages"}],"about":[{"href":"https:\/\/rental-car.company\/de\/wp-json\/wp\/v2\/types\/page"}],"author":[{"embeddable":true,"href":"https:\/\/rental-car.company\/de\/wp-json\/wp\/v2\/users\/1"}],"replies":[{"embeddable":true,"href":"https:\/\/rental-car.company\/de\/wp-json\/wp\/v2\/comments?post=1395"}],"version-history":[{"count":0,"href":"https:\/\/rental-car.company\/de\/wp-json\/wp\/v2\/pages\/1395\/revisions"}],"wp:attachment":[{"href":"https:\/\/rental-car.company\/de\/wp-json\/wp\/v2\/media?parent=1395"}],"wp:term":[{"taxonomy":"category","embeddable":true,"href":"https:\/\/rental-car.company\/de\/wp-json\/wp\/v2\/categories?post=1395"},{"taxonomy":"post_tag","embeddable":true,"href":"https:\/\/rental-car.company\/de\/wp-json\/wp\/v2\/tags?post=1395"}],"curies":[{"name":"wp","href":"https:\/\/api.w.org\/{rel}","templated":true}]}}