{"id":1398,"date":"2023-08-20T18:21:20","date_gmt":"2023-08-20T18:21:20","guid":{"rendered":"https:\/\/rental-car.company\/?page_id=1398"},"modified":"2024-03-29T16:34:14","modified_gmt":"2024-03-29T16:34:14","slug":"unsere-garantie","status":"publish","type":"page","link":"https:\/\/rental-car.company\/de\/unsere-garantie\/","title":{"rendered":"Unsere Garantie"},"content":{"rendered":"<div class=\"wpb-content-wrapper\"><div class=\"vc_row wpb_row vc_row-fluid\"><div class=\"wpb_column vc_column_container vc_col-sm-12\"><div class=\"vc_column-inner\"><div class=\"wpb_wrapper\">\n\t<div class=\"wpb_text_column wpb_content_element\" >\n\t\t<div class=\"wpb_wrapper\">\n\t\t\t<h1 class=\"wp-block-heading\">Ihr Seelenfrieden ist unsere Priorit\u00e4t<\/h1>\n<p>Bei\u00a0<a href=\"https:\/\/rental-car.company\/de\/\" target=\"_blank\" rel=\"noreferrer noopener\">Autovermietung.Unternehmen<\/a>Wir verstehen die Bedeutung von Vertrauen. Egal, ob Sie ein gem\u00fctliches Gasthaus f\u00fcr einen Wochenendausflug oder ein Auto f\u00fcr einen Roadtrip quer durchs Land buchen, wir garantieren Ihnen ein stressfreies Erlebnis.<\/p>\n<h4 id=\"h-transparent-pricing\" class=\"wp-block-heading\"><strong>Transparente Preisgestaltung<\/strong><\/h4>\n<p>Keine versteckten Geb\u00fchren, keine \u00dcberraschungskosten. Der Preis, den Sie sehen, ist der Preis, den Sie zahlen. Zeitraum.<\/p>\n<h4 id=\"h-flexible-cancellation-policies\" class=\"wp-block-heading\"><strong>Flexible Stornierungsbedingungen<\/strong><\/h4>\n<p>Pl\u00e4ne \u00e4ndern sich, und das ist in Ordnung! Wir bieten flexible Stornierungsm\u00f6glichkeiten, um Ihnen Sicherheit und Anpassungsf\u00e4higkeit zu geben.<\/p>\n<h4 id=\"h-safe-secure-transactions\" class=\"wp-block-heading\"><strong>Sichere Transaktionen<\/strong><\/h4>\n<p>Die Sicherheit Ihrer Daten ist unser oberstes Anliegen. Unsere Plattform nutzt eine Ende-zu-Ende-Verschl\u00fcsselung, um sicherzustellen, dass Ihre pers\u00f6nlichen Daten und Zahlungsinformationen gesch\u00fctzt bleiben.<\/p>\n<h4 id=\"h-24-7-customer-support\" class=\"wp-block-heading\"><strong>Kundensupport rund um die Uhr<\/strong><\/h4>\n<p>Fragen? Anliegen? Ben\u00f6tigen Sie eine Last-Minute-\u00c4nderung? Unser engagiertes Team ist rund um die Uhr f\u00fcr Sie da, um Sie bei jedem Schritt zu unterst\u00fctzen.<\/p>\n<h4 id=\"h-handpicked-properties-vehicles\" class=\"wp-block-heading\"><strong>Handverlesene Immobilien und Fahrzeuge<\/strong><\/h4>\n<p>Qualit\u00e4tssicherung steht im Vordergrund. Jeder Hotel- und Mietwagenservice auf unserer Plattform durchl\u00e4uft einen strengen \u00dcberpr\u00fcfungsprozess, um unseren hohen Standards gerecht zu werden.<\/p>\n<h4 id=\"h-genuine-reviews\" class=\"wp-block-heading\"><strong>Echte Bewertungen<\/strong><\/h4>\n<p>Treffen Sie fundierte Entscheidungen. Jede Bewertung auf unserer Plattform stammt von einem verifizierten Reisenden, sodass Sie eine authentische Perspektive erhalten.<\/p>\n<h4 id=\"h-booking-guarantee\" class=\"wp-block-heading\"><strong>Buchungsgarantie<\/strong><\/h4>\n<p>Im seltenen Fall eines Buchungsfehlers verpflichten wir uns, Ihnen ohne zus\u00e4tzliche Kosten eine alternative Option mit gleichem oder h\u00f6herem Wert anzubieten.<\/p>\n<h3 id=\"h-we-re-here-for-you\" class=\"wp-block-heading\">Wir sind f\u00fcr Sie da!<\/h3>\n<p>Ihre Reise, sei es eine Gesch\u00e4ftsreise, ein Familienurlaub oder ein Solo-Abenteuer, ist uns wichtig. Wir sind bestrebt, es perfekt zu machen. Bei <a href=\"https:\/\/rental-car.company\/de\/\">Autovermietung,<\/a> Ihre Zufriedenheit ist nicht nur eine Garantie, sondern unser Versprechen!<\/p>\n\n\t\t<\/div>\n\t<\/div>\n<\/div><\/div><\/div><\/div>\n<\/div>","protected":false},"excerpt":{"rendered":"Your Peace of Mind is Our Priority At\u00a0rental-car.company, we understand the significance of trust. Whether you\u2019re booking a cozy inn for a weekend getaway or a car for a cross-country road trip, we pledge to ensure a hassle-free experience. Transparent Pricing No hidden fees, no surprise charges. The price you see is the price you [...]","protected":false},"author":1,"featured_media":0,"parent":0,"menu_order":0,"comment_status":"closed","ping_status":"closed","template":"","meta":{"rs_blank_template":"","rs_page_bg_color":"","slide_template_v7":"","footnotes":""},"categories":[1],"tags":[],"class_list":["post-1398","page","type-page","status-publish","hentry","category-blog"],"_links":{"self":[{"href":"https:\/\/rental-car.company\/de\/wp-json\/wp\/v2\/pages\/1398","targetHints":{"allow":["GET"]}}],"collection":[{"href":"https:\/\/rental-car.company\/de\/wp-json\/wp\/v2\/pages"}],"about":[{"href":"https:\/\/rental-car.company\/de\/wp-json\/wp\/v2\/types\/page"}],"author":[{"embeddable":true,"href":"https:\/\/rental-car.company\/de\/wp-json\/wp\/v2\/users\/1"}],"replies":[{"embeddable":true,"href":"https:\/\/rental-car.company\/de\/wp-json\/wp\/v2\/comments?post=1398"}],"version-history":[{"count":0,"href":"https:\/\/rental-car.company\/de\/wp-json\/wp\/v2\/pages\/1398\/revisions"}],"wp:attachment":[{"href":"https:\/\/rental-car.company\/de\/wp-json\/wp\/v2\/media?parent=1398"}],"wp:term":[{"taxonomy":"category","embeddable":true,"href":"https:\/\/rental-car.company\/de\/wp-json\/wp\/v2\/categories?post=1398"},{"taxonomy":"post_tag","embeddable":true,"href":"https:\/\/rental-car.company\/de\/wp-json\/wp\/v2\/tags?post=1398"}],"curies":[{"name":"wp","href":"https:\/\/api.w.org\/{rel}","templated":true}]}}