{"id":1401,"date":"2023-08-20T18:24:42","date_gmt":"2023-08-20T18:24:42","guid":{"rendered":"https:\/\/rental-car.company\/?page_id=1401"},"modified":"2024-03-29T16:34:14","modified_gmt":"2024-03-29T16:34:14","slug":"cookie-richtlinie","status":"publish","type":"page","link":"https:\/\/rental-car.company\/de\/cookie-richtlinie\/","title":{"rendered":"Cookie-Richtlinie"},"content":{"rendered":"<p><strong>Cookie-Richtlinie f\u00fcr die Website zur Hotel- und Mietwagenbuchung<\/strong><\/p>\n\n\n\n<p>In dieser Cookie-Richtlinie wird erl\u00e4utert, wie wir, unsere Hotel- und Autobuchungswebsite, Cookies und \u00e4hnliche Technologien verwenden. Wenn Sie diese Richtlinie lesen, verstehen Sie, welche Informationen wir sammeln, wenn Sie unsere Website nutzen.<\/p>\n\n\n\n<p><strong>1. Was sind Cookies?<\/strong><\/p>\n\n\n\n<p>Cookies sind kleine Dateien, die auf Ihrem Computer oder Mobilger\u00e4t gespeichert werden, wenn Sie unsere Website besuchen.<\/p>\n\n\n\n<p><strong>2. Wie verwenden wir Cookies?<\/strong><\/p>\n\n\n\n<p>Wir verwenden Cookies aus mehreren Gr\u00fcnden, wie zum Beispiel:<\/p>\n\n\n\n<ul class=\"wp-block-list\">\n<li>Merken Ihrer Einstellungen und Pr\u00e4ferenzen bei Buchungen.<\/li>\n\n\n\n<li>Analyse des Website-Verkehrs zur Verbesserung der Benutzererfahrung.<\/li>\n\n\n\n<li>Personalisierung von Anzeigeninhalten und Sicherstellung der Durchf\u00fchrung von Werbekampagnen.<\/li>\n<\/ul>\n\n\n\n<p><strong>3. Welche Arten von Cookies verwenden wir?<\/strong><\/p>\n\n\n\n<ul class=\"wp-block-list\">\n<li><strong>Sitzungscookies:<\/strong>&nbsp;Tempor\u00e4re Cookies, die nur w\u00e4hrend Ihres Besuchs gespeichert werden.<\/li>\n\n\n\n<li><strong>Dauerhafte Cookies:<\/strong>&nbsp;Wird f\u00fcr einen festgelegten Zeitraum auf Ihrem Ger\u00e4t gespeichert.<\/li>\n\n\n\n<li><strong>Cookies von Drittanbietern:<\/strong>&nbsp;Cookies, die von anderen Websites oder Diensten wie Analysen oder Werbetreibenden gesetzt werden.<\/li>\n<\/ul>\n\n\n\n<p><strong>4. Wie kann ich Cookies kontrollieren oder l\u00f6schen?<\/strong><\/p>\n\n\n\n<p>In den meisten Webbrowsern k\u00f6nnen Sie Ihre Cookie-Einstellungen ausw\u00e4hlen. Sie k\u00f6nnen die automatische Speicherung von Cookies blockieren oder alle Cookies in Ihrem Browser l\u00f6schen.<\/p>\n\n\n\n<p><strong>5. \u00c4nderungen dieser Richtlinie<\/strong><\/p>\n\n\n\n<p>Wir k\u00f6nnen diese Cookie-Richtlinie regelm\u00e4\u00dfig aktualisieren. Alle \u00c4nderungen werden auf dieser Seite ver\u00f6ffentlicht.<\/p>","protected":false},"excerpt":{"rendered":"<p>Cookie Policy for the Hotel and Car Booking Website This Cookie Policy explains how we, our hotel and car booking website, use cookies and similar technologies. By reading this policy, you\u2019ll understand the information we collect when you use our website. 1. What are cookies? Cookies are small files that are stored on your computer [&hellip;]<\/p>\n","protected":false},"author":1,"featured_media":0,"parent":0,"menu_order":0,"comment_status":"closed","ping_status":"closed","template":"","meta":{"rs_blank_template":"","rs_page_bg_color":"","slide_template_v7":"","footnotes":""},"categories":[1],"tags":[],"class_list":["post-1401","page","type-page","status-publish","hentry","category-blog"],"_links":{"self":[{"href":"https:\/\/rental-car.company\/de\/wp-json\/wp\/v2\/pages\/1401","targetHints":{"allow":["GET"]}}],"collection":[{"href":"https:\/\/rental-car.company\/de\/wp-json\/wp\/v2\/pages"}],"about":[{"href":"https:\/\/rental-car.company\/de\/wp-json\/wp\/v2\/types\/page"}],"author":[{"embeddable":true,"href":"https:\/\/rental-car.company\/de\/wp-json\/wp\/v2\/users\/1"}],"replies":[{"embeddable":true,"href":"https:\/\/rental-car.company\/de\/wp-json\/wp\/v2\/comments?post=1401"}],"version-history":[{"count":0,"href":"https:\/\/rental-car.company\/de\/wp-json\/wp\/v2\/pages\/1401\/revisions"}],"wp:attachment":[{"href":"https:\/\/rental-car.company\/de\/wp-json\/wp\/v2\/media?parent=1401"}],"wp:term":[{"taxonomy":"category","embeddable":true,"href":"https:\/\/rental-car.company\/de\/wp-json\/wp\/v2\/categories?post=1401"},{"taxonomy":"post_tag","embeddable":true,"href":"https:\/\/rental-car.company\/de\/wp-json\/wp\/v2\/tags?post=1401"}],"curies":[{"name":"wp","href":"https:\/\/api.w.org\/{rel}","templated":true}]}}