{"id":1404,"date":"2023-08-20T18:25:35","date_gmt":"2023-08-20T18:25:35","guid":{"rendered":"https:\/\/rental-car.company\/?page_id=1404"},"modified":"2024-03-29T16:34:14","modified_gmt":"2024-03-29T16:34:14","slug":"allgemeine-geschaftsbedingungen-fur-die-website-zur-hotel-und-mietwagenbuchung","status":"publish","type":"page","link":"https:\/\/rental-car.company\/de\/allgemeine-geschaftsbedingungen-fur-die-website-zur-hotel-und-mietwagenbuchung\/","title":{"rendered":"Allgemeine Gesch\u00e4ftsbedingungen f\u00fcr die Website zur Hotel- und Mietwagenbuchung"},"content":{"rendered":"<ol class=\"wp-block-list\">\n<li><strong>Einf\u00fchrung<\/strong>\n<ul class=\"wp-block-list\">\n<li>Durch die Nutzung dieser Website stimmen Sie den folgenden Gesch\u00e4ftsbedingungen zu. Wenn Sie mit einer dieser Bedingungen nicht einverstanden sind, unterlassen Sie bitte die Nutzung der Website.<\/li>\n<\/ul>\n<\/li>\n\n\n\n<li><strong>Reservierungen<\/strong>\n<ul class=\"wp-block-list\">\n<li>Nutzer sind berechtigt, \u00fcber das Online-Buchungsformular Reservierungen f\u00fcr ein Hotel oder ein Auto vorzunehmen.<\/li>\n\n\n\n<li>Alle Reservierungen bed\u00fcrfen der Best\u00e4tigung durch das Hotel oder den Vermieter.<\/li>\n<\/ul>\n<\/li>\n\n\n\n<li><strong>Zahlungen<\/strong>\n<ul class=\"wp-block-list\">\n<li>Zahlungen werden \u00fcber sichere Zahlungsgateways abgewickelt. Ihre Zahlungsdaten sind gesch\u00fctzt und werden nicht an Dritte weitergegeben.<\/li>\n<\/ul>\n<\/li>\n\n\n\n<li><strong>Stornierungsbedingungen<\/strong>\n<ul class=\"wp-block-list\">\n<li>Reservierungen k\u00f6nnen bis zu einem bestimmten Zeitraum vor dem Ankunftsdatum (in der Regel 48\u201372 Stunden) kostenlos storniert werden. Spezifische Stornierungsbedingungen werden von den einzelnen Hotels und Unternehmen festgelegt.<\/li>\n<\/ul>\n<\/li>\n\n\n\n<li><strong>Haftung<\/strong>\n<ul class=\"wp-block-list\">\n<li>Diese Website \u00fcbernimmt keine Haftung f\u00fcr Sch\u00e4den, die aufgrund falscher Informationen oder Buchungsproblemen entstehen k\u00f6nnen.<\/li>\n<\/ul>\n<\/li>\n\n\n\n<li><strong>Privatsph\u00e4re<\/strong>\n<ul class=\"wp-block-list\">\n<li>Wir respektieren deine Privatsph\u00e4re. Ihre pers\u00f6nlichen Daten werden ausschlie\u00dflich zur Bearbeitung der Reservierungen verwendet.<\/li>\n<\/ul>\n<\/li>\n\n\n\n<li><strong>\u00c4nderungen der Bedingungen<\/strong>\n<ul class=\"wp-block-list\">\n<li>Wir behalten uns das Recht vor, diese Allgemeinen Gesch\u00e4ftsbedingungen jederzeit zu \u00e4ndern.<\/li>\n<\/ul>\n<\/li>\n<\/ol>","protected":false},"excerpt":{"rendered":"Introduction By using this website, you agree to the following terms and conditions. If you disagree with any of these terms, please refrain from using the site. Reservations Users are entitled to make reservations for a hotel or car via the online booking form. All reservations are subject to confirmation from the hotel or rental [...]","protected":false},"author":1,"featured_media":0,"parent":0,"menu_order":0,"comment_status":"closed","ping_status":"closed","template":"","meta":{"rs_blank_template":"","rs_page_bg_color":"","slide_template_v7":"","footnotes":""},"categories":[1],"tags":[],"class_list":["post-1404","page","type-page","status-publish","hentry","category-blog"],"_links":{"self":[{"href":"https:\/\/rental-car.company\/de\/wp-json\/wp\/v2\/pages\/1404","targetHints":{"allow":["GET"]}}],"collection":[{"href":"https:\/\/rental-car.company\/de\/wp-json\/wp\/v2\/pages"}],"about":[{"href":"https:\/\/rental-car.company\/de\/wp-json\/wp\/v2\/types\/page"}],"author":[{"embeddable":true,"href":"https:\/\/rental-car.company\/de\/wp-json\/wp\/v2\/users\/1"}],"replies":[{"embeddable":true,"href":"https:\/\/rental-car.company\/de\/wp-json\/wp\/v2\/comments?post=1404"}],"version-history":[{"count":0,"href":"https:\/\/rental-car.company\/de\/wp-json\/wp\/v2\/pages\/1404\/revisions"}],"wp:attachment":[{"href":"https:\/\/rental-car.company\/de\/wp-json\/wp\/v2\/media?parent=1404"}],"wp:term":[{"taxonomy":"category","embeddable":true,"href":"https:\/\/rental-car.company\/de\/wp-json\/wp\/v2\/categories?post=1404"},{"taxonomy":"post_tag","embeddable":true,"href":"https:\/\/rental-car.company\/de\/wp-json\/wp\/v2\/tags?post=1404"}],"curies":[{"name":"wp","href":"https:\/\/api.w.org\/{rel}","templated":true}]}}