{"id":1407,"date":"2023-08-20T18:26:13","date_gmt":"2023-08-20T18:26:13","guid":{"rendered":"https:\/\/rental-car.company\/?page_id=1407"},"modified":"2024-03-29T16:34:14","modified_gmt":"2024-03-29T16:34:14","slug":"hilfe-faq","status":"publish","type":"page","link":"https:\/\/rental-car.company\/de\/hilfe-faq\/","title":{"rendered":"HELFEN"},"content":{"rendered":"<p><strong>Wichtige Informationen<\/strong><\/p>\n\n\n\n<ol class=\"wp-block-list\">\n<li><strong>Wie funktioniert Ihre Plattform?<\/strong> Unser Online-Service bietet eine unkomplizierte und schnelle M\u00f6glichkeit, Hotelzimmer und Fahrzeuge weltweit zu reservieren. Geben Sie einfach Ihre gew\u00fcnschten Kriterien an, w\u00e4hlen Sie die beste verf\u00fcgbare Option aus und schlie\u00dfen Sie die Reservierung ab.<\/li>\n\n\n\n<li><strong>Kann ich dieser Website meine Daten anvertrauen?<\/strong> Absolut! Um die Vertraulichkeit Ihrer Daten zu gew\u00e4hrleisten, setzen wir modernste Sicherheitsma\u00dfnahmen ein.<\/li>\n<\/ol>\n\n\n\n<p><strong>Zimmerreservierungen<\/strong><\/p>\n\n\n\n<ol class=\"wp-block-list\">\n<li><strong>Wie kann ich meine Zimmerbuchung stornieren?<\/strong> Navigieren Sie zum Abschnitt \u201eMeine Vereinbarung\u201c, suchen Sie die entsprechende Buchung und klicken Sie auf \u201eStornieren\u201c.<\/li>\n\n\n\n<li><strong>Ist es m\u00f6glich, das Check-in-Datum anzupassen?<\/strong> Gewiss, aber die Bedingungen k\u00f6nnen je nach Hotel unterschiedlich sein. Wir empfehlen Ihnen, sich direkt an die Hotelleitung zu wenden oder unsere Beratung in Anspruch zu nehmen.<\/li>\n\n\n\n<li><strong>Gibt es versteckte Geb\u00fchren?<\/strong> Unser Portal erhebt keine zus\u00e4tzlichen Geb\u00fchren f\u00fcr die Reservierung. Es empfiehlt sich jedoch, sich beim Hotel \u00fcber eventuelle Zusatzkosten zu erkundigen.<\/li>\n<\/ol>\n\n\n\n<p><strong>Autovermietungen<\/strong><\/p>\n\n\n\n<ol class=\"wp-block-list\">\n<li><strong>Was sind die Kriterien f\u00fcr die Anmietung eines Autos?<\/strong> Typischerweise verlangen Vermieter, dass Mieter mindestens 21 Jahre alt oder \u00e4lter sind. Die Kriterien k\u00f6nnen jedoch je nach Region variieren.<\/li>\n\n\n\n<li><strong>Ist ein internationaler F\u00fchrerschein obligatorisch?<\/strong> In vielen Regionen ja, insbesondere wenn der Original-F\u00fchrerschein nicht auf Englisch ist. Es empfiehlt sich, eine internationale Version der Genehmigung mitzuf\u00fchren.<\/li>\n\n\n\n<li><strong>Wie gehe ich bei der R\u00fcckgabe des gemieteten Fahrzeugs vor?<\/strong> Das Auto sollte am vereinbarten Ort zur\u00fcckgegeben werden. Halten Sie sich unbedingt an die vorgegebenen Fristen, um zus\u00e4tzliche Kosten zu vermeiden.<\/li>\n<\/ol>","protected":false},"excerpt":{"rendered":"<p>Wichtige Informationen zur Zimmerreservierung und Autovermietung<\/p>","protected":false},"author":1,"featured_media":0,"parent":0,"menu_order":0,"comment_status":"closed","ping_status":"closed","template":"","meta":{"rs_blank_template":"","rs_page_bg_color":"","slide_template_v7":"","footnotes":""},"categories":[1],"tags":[],"class_list":["post-1407","page","type-page","status-publish","hentry","category-blog"],"_links":{"self":[{"href":"https:\/\/rental-car.company\/de\/wp-json\/wp\/v2\/pages\/1407","targetHints":{"allow":["GET"]}}],"collection":[{"href":"https:\/\/rental-car.company\/de\/wp-json\/wp\/v2\/pages"}],"about":[{"href":"https:\/\/rental-car.company\/de\/wp-json\/wp\/v2\/types\/page"}],"author":[{"embeddable":true,"href":"https:\/\/rental-car.company\/de\/wp-json\/wp\/v2\/users\/1"}],"replies":[{"embeddable":true,"href":"https:\/\/rental-car.company\/de\/wp-json\/wp\/v2\/comments?post=1407"}],"version-history":[{"count":0,"href":"https:\/\/rental-car.company\/de\/wp-json\/wp\/v2\/pages\/1407\/revisions"}],"wp:attachment":[{"href":"https:\/\/rental-car.company\/de\/wp-json\/wp\/v2\/media?parent=1407"}],"wp:term":[{"taxonomy":"category","embeddable":true,"href":"https:\/\/rental-car.company\/de\/wp-json\/wp\/v2\/categories?post=1407"},{"taxonomy":"post_tag","embeddable":true,"href":"https:\/\/rental-car.company\/de\/wp-json\/wp\/v2\/tags?post=1407"}],"curies":[{"name":"wp","href":"https:\/\/api.w.org\/{rel}","templated":true}]}}