{"id":17,"date":"2022-08-14T21:11:26","date_gmt":"2022-08-14T21:11:26","guid":{"rendered":"https:\/\/rental-car.company\/?page_id=17"},"modified":"2024-03-29T16:34:14","modified_gmt":"2024-03-29T16:34:14","slug":"17-2","status":"publish","type":"page","link":"https:\/\/rental-car.company\/de\/17-2\/","title":{"rendered":"Die besten Mietwagenangebote mit kostenloser Stornierung"},"content":{"rendered":"<div class=\"wpb-content-wrapper\"><div class=\"vc_row wpb_row vc_row-fluid\"><div class=\"wpb_column vc_column_container vc_col-sm-12\"><div class=\"vc_column-inner\"><div class=\"wpb_wrapper\">\n\t<div class=\"wpb_text_column wpb_content_element\" >\n\t\t<div class=\"wpb_wrapper\">\n\t\t\t<p><script id=\"dchwidget\" src=\"https:\/\/www.discovercars.com\/wg.js\" data-dev-env=\"com\" data-location=\"\" data-lang=\"en\" data-utm-source=\"malina\" data-utm-medium=\"widget\" data-aff-code=\"a_aid\" data-autocomplete=\"on\" data-style-submit-bg-color=\"00A200\" data-style-submit-font-color=\"white\" data-style-form-bg-color=\"FAD130\" data-style-form-font-color=\"333\" data-style-submit-text=\"Search now\" async=\"\"><\/script><\/p>\n\n\t\t<\/div>\n\t<\/div>\n<\/div><\/div><\/div><\/div><div class=\"vc_row wpb_row vc_row-fluid vc_custom_1660518743960\"><div class=\"wpb_column vc_column_container vc_col-sm-12\"><div class=\"vc_column-inner\"><div class=\"wpb_wrapper\">\n\t<div class=\"wpb_text_column wpb_content_element vc_custom_1660518182144\" >\n\t\t<div class=\"wpb_wrapper\">\n\t\t\t<h3 class=\"we-work-title\">\u00dcber 500 vertrauensw\u00fcrdige Anbieter: <img loading=\"lazy\" decoding=\"async\" class=\"alignnone wp-image-31 size-full\" src=\"https:\/\/rental-car.company\/wp-content\/uploads\/2022\/08\/suppliers.png\" alt=\"\" width=\"630\" height=\"35\" srcset=\"https:\/\/rental-car.company\/wp-content\/uploads\/2022\/08\/suppliers.png 630w, https:\/\/rental-car.company\/wp-content\/uploads\/2022\/08\/suppliers-300x17.png 300w, https:\/\/rental-car.company\/wp-content\/uploads\/2022\/08\/suppliers-600x33.png 600w\" sizes=\"auto, (max-width: 630px) 100vw, 630px\" \/><\/h3>\n\n\t\t<\/div>\n\t<\/div>\n<\/div><\/div><\/div><\/div><div class=\"vc_row wpb_row vc_row-fluid vc_custom_1660518750982\"><div class=\"wpb_column vc_column_container vc_col-sm-12\"><div class=\"vc_column-inner\"><div class=\"wpb_wrapper\">\n\t<div class=\"wpb_text_column wpb_content_element\" >\n\t\t<div class=\"wpb_wrapper\">\n\t\t\t<h2>Wir vergleichen die besten Mietwagenpreise, Sie sparen!<\/h2>\n\n\t\t<\/div>\n\t<\/div>\n<\/div><\/div><\/div><\/div><div class=\"vc_row wpb_row vc_row-fluid\"><div class=\"wpb_column vc_column_container vc_col-sm-4\"><div class=\"vc_column-inner\"><div class=\"wpb_wrapper\">\n\t<div class=\"wpb_text_column wpb_content_element vc_custom_1660518389112\" >\n\t\t<div class=\"wpb_wrapper\">\n\t\t\t<h3 class=\"strong\">Finden Sie den perfekten Mietwagen f\u00fcr Ihre Reise<\/h3>\n<p>Rental-car.company ist die beste Autovermietung im Bereich der Online-Autovermietung; Wir vergleichen die Mietwagenangebote vieler Unternehmen, damit Sie ausw\u00e4hlen k\u00f6nnen, welches f\u00fcr Ihre Reise am besten geeignet ist.<\/p>\n<p>Viele andere Websites verbergen Geb\u00fchren und zus\u00e4tzliche Kosten vor Ihnen. Rental-car.company beinhaltet alle obligatorischen Geb\u00fchren, Steuern und Extras im Angebotspreis, sodass Sie bei Ihrer Ankunft am Mietwagenschalter keine \u00dcberraschungen erleben.<\/p>\n\n\t\t<\/div>\n\t<\/div>\n<\/div><\/div><\/div><div class=\"wpb_column vc_column_container vc_col-sm-4\"><div class=\"vc_column-inner\"><div class=\"wpb_wrapper\">\n\t<div class=\"wpb_text_column wpb_content_element vc_custom_1660518480368\" >\n\t\t<div class=\"wpb_wrapper\">\n\t\t\t<h3 class=\"strong\">Warum sollten Sie bei uns buchen?<\/h3>\n<p>&nbsp;<\/p>\n<ul>\n<li>Keine versteckten Geb\u00fchren<\/li>\n<li>Mehrsprachiger Kundenservice rund um die Uhr<\/li>\n<li>Kostenfreie Stornierung<\/li>\n<li>Informationen, denen Sie vertrauen k\u00f6nnen<\/li>\n<\/ul>\n\n\t\t<\/div>\n\t<\/div>\n<\/div><\/div><\/div><div class=\"wpb_column vc_column_container vc_col-sm-4\"><div class=\"vc_column-inner\"><div class=\"wpb_wrapper\">\n\t<div class=\"wpb_text_column wpb_content_element vc_custom_1660518435333\" >\n\t\t<div class=\"wpb_wrapper\">\n\t\t\t<h3 class=\"strong\">Warum sind unsere Preise niedriger?<\/h3>\n<p>Da wir die Preise f\u00fcr viele Mietwagen gleichzeitig direkt mit den Autovermietern verhandeln, k\u00f6nnen wir unseren Kunden g\u00fcnstigere Preise sichern.<\/p>\n\n\t\t<\/div>\n\t<\/div>\n<\/div><\/div><\/div><\/div>\n<\/div>","protected":false},"excerpt":{"rendered":"500+ Trusted Providers: We compare best car rental prices, you save! Find the perfect rental car for your trip Rental-car.company is a best car rental in online car rental reservations; we compare car rental deals from many companies so that you can choose which is best for your trip. Many other websites hide fees and [...]","protected":false},"author":1,"featured_media":31,"parent":0,"menu_order":0,"comment_status":"closed","ping_status":"closed","template":"","meta":{"rs_blank_template":"","rs_page_bg_color":"","slide_template_v7":"","footnotes":""},"categories":[1],"tags":[29],"class_list":["post-17","page","type-page","status-publish","has-post-thumbnail","hentry","category-blog","tag-rent-car"],"_links":{"self":[{"href":"https:\/\/rental-car.company\/de\/wp-json\/wp\/v2\/pages\/17","targetHints":{"allow":["GET"]}}],"collection":[{"href":"https:\/\/rental-car.company\/de\/wp-json\/wp\/v2\/pages"}],"about":[{"href":"https:\/\/rental-car.company\/de\/wp-json\/wp\/v2\/types\/page"}],"author":[{"embeddable":true,"href":"https:\/\/rental-car.company\/de\/wp-json\/wp\/v2\/users\/1"}],"replies":[{"embeddable":true,"href":"https:\/\/rental-car.company\/de\/wp-json\/wp\/v2\/comments?post=17"}],"version-history":[{"count":0,"href":"https:\/\/rental-car.company\/de\/wp-json\/wp\/v2\/pages\/17\/revisions"}],"wp:featuredmedia":[{"embeddable":true,"href":"https:\/\/rental-car.company\/de\/wp-json\/wp\/v2\/media\/31"}],"wp:attachment":[{"href":"https:\/\/rental-car.company\/de\/wp-json\/wp\/v2\/media?parent=17"}],"wp:term":[{"taxonomy":"category","embeddable":true,"href":"https:\/\/rental-car.company\/de\/wp-json\/wp\/v2\/categories?post=17"},{"taxonomy":"post_tag","embeddable":true,"href":"https:\/\/rental-car.company\/de\/wp-json\/wp\/v2\/tags?post=17"}],"curies":[{"name":"wp","href":"https:\/\/api.w.org\/{rel}","templated":true}]}}