{"id":2419,"date":"2024-07-23T12:05:18","date_gmt":"2024-07-23T12:05:18","guid":{"rendered":"https:\/\/rental-car.company\/?page_id=2419"},"modified":"2024-07-23T12:05:18","modified_gmt":"2024-07-23T12:05:18","slug":"autovermietung-rochester-ny","status":"publish","type":"page","link":"https:\/\/rental-car.company\/de\/autovermietung-rochester-ny\/","title":{"rendered":"Autovermietung Rochester NY: Erkunden Sie die Stadt des Mehls mit Leichtigkeit"},"content":{"rendered":"<div class=\"wpb-content-wrapper\"><div class=\"vc_row wpb_row vc_row-fluid\"><div class=\"wpb_column vc_column_container vc_col-sm-12\"><div class=\"vc_column-inner\"><div class=\"wpb_wrapper\">\n\t<div class=\"wpb_text_column wpb_content_element\" >\n\t\t<div class=\"wpb_wrapper\">\n\t\t\t<p><script id=\"dchwidget\" src=\"https:\/\/www.discovercars.com\/wg.js\" async=\"\" data-dev-env=\"com\" data-location=\"\" data-lang=\"en\" data-utm-source=\"malina\" data-utm-medium=\"widget\" data-aff-code=\"a_aid\" data-autocomplete=\"on\" data-style-submit-bg-color=\"00A200\" data-style-submit-font-color=\"white\" data-style-form-bg-color=\"FAD130\" data-style-form-font-color=\"333\" data-style-submit-text=\"Search now\"><\/script><\/p>\n\n\t\t<\/div>\n\t<\/div>\n<\/div><\/div><\/div><\/div>\n<p>&nbsp;<\/p>\n<h2>Autovermietung in Rochester, New York - Der beste Weg, die Stadt zu entdecken<\/h2>\n<p><img loading=\"lazy\" decoding=\"async\" class=\"alignleft\" src=\"\/wp-content\/uploads\/images\/rent_car_817.png\" alt=\"autovermietung rochester ny\" width=\"350\" height=\"350\" \/><\/p>\n<p>Planen Sie eine Reise nach Rochester, New York, und fragen sich, wie Sie sich fortbewegen werden? Suchen Sie nicht weiter als Autovermietung rochester ny. Dank der g\u00fcnstigen Lage und der guten Anbindung an die wichtigsten Autobahnen ist ein Mietwagen die beste M\u00f6glichkeit, diese lebendige Stadt zu erkunden. Von atemberaubenden Parks und G\u00e4rten bis hin zu weltber\u00fchmten Museen und Galerien gibt es in Rochester so viel zu sehen und zu tun. Und mit einem Mietwagen k\u00f6nnen Sie das alles in Ihrem eigenen Tempo erleben.<\/p>\n<h3>Ein Auto in Rochester mieten: Bequemlichkeit an Ihren Fingerspitzen<\/h3>\n<p>Wenn Sie in Rochester unterwegs sind, ist ein eigenes Fahrzeug unerl\u00e4sslich. \u00d6ffentliche Verkehrsmittel sind nicht immer zuverl\u00e4ssig oder bequem, vor allem, wenn Sie mehrere Attraktionen an einem Tag besuchen m\u00f6chten. Mit einem Mietwagen der Autovermietung Rochester Ny haben Sie die Freiheit, \u00fcberall hinzufahren, wann immer Sie wollen.<\/p>\n<p>Ein Mietwagen bietet Ihnen nicht nur mehr Flexibilit\u00e4t in Bezug auf den Zeitplan und die Reiseziele, sondern erm\u00f6glicht auch eine komfortable Reise. Anstatt sich durch unbekannte Buslinien zu bewegen oder auf Taxis zu warten, k\u00f6nnen Sie sich hinter dem Steuer Ihres eigenen Fahrzeugs entspannen.<\/p>\n<h3>Entdecken Sie beliebte Attraktionen mit Autovermietung Rochester NY<\/h3>\n<p>In Rochester gibt es zahlreiche Sehensw\u00fcrdigkeiten, die mit dem Auto leicht zu erreichen sind. Beginnen Sie Ihre Reise mit einem Besuch im Highland Park, der f\u00fcr das allj\u00e4hrlich im Mai stattfindende Fliederfest ber\u00fchmt ist und zu einem gem\u00fctlichen Spaziergang durch die weitl\u00e4ufigen, wundersch\u00f6nen G\u00e4rten einl\u00e4dt.<\/p>\n<p>Als N\u00e4chstes steht das Strong National Museum of Play auf dem Programm - ideal f\u00fcr Familien mit Kindern, die interaktive Ausstellungen und Mitmachaktionen lieben. Kunstliebhaber sollten unbedingt in der Memorial Art Gallery vorbeischauen, die eine beeindruckende Sammlung amerikanischer Kunst von der Kolonialzeit bis zur Gegenwart zeigt.<\/p>\n<p>Weitere beliebte Ausflugsziele sind das George Eastman Museum, ein historisches Herrenhaus, das zum Museum f\u00fcr Fotografie und Film umfunktioniert wurde, und der Rochester Public Market, auf dem Sie lokale Produkte und handwerkliche Erzeugnisse probieren k\u00f6nnen.<\/p>\n<h4>Vorteile eines Mietwagens in Rochester<\/h4>\n<p>- Flexibilit\u00e4t bei der Erkundung in Ihrem eigenen Tempo<br \/>\n- Bequemes Reisen, ohne auf \u00f6ffentliche Verkehrsmittel angewiesen zu sein<br \/>\n- Zugang zu beliebten Attraktionen, die mit anderen Verkehrsmitteln nicht leicht zu erreichen sind<\/p>\n<h4>Nachteile einer Autovermietung in Rochester<\/h4>\n<p><img loading=\"lazy\" decoding=\"async\" class=\"alignright\" src=\"\/wp-content\/uploads\/images\/rent_car_1434.png\" alt=\"autovermietung rochester ny\" width=\"350\" height=\"350\" \/><\/p>\n<p>- Zus\u00e4tzliche Kosten f\u00fcr Mietgeb\u00fchren, Benzin und Versicherung<br \/>\n- Das Parken kann in bestimmten Gebieten begrenzt oder teuer sein<\/p>\n<h3>H\u00e4ufig gestellte Fragen \u00fcber Autovermietung Rochester NY<\/h3>\n<p><strong>F: Wie alt muss ich sein, um in Rochester ein Auto zu mieten?<\/strong><br \/>\nA: Das Mindestalter f\u00fcr die Anmietung eines Fahrzeugs in Rochester betr\u00e4gt normalerweise 21 Jahre. Einige Autovermietungen verlangen jedoch, dass die Fahrer mindestens 25 Jahre alt sind.<\/p>\n<p><strong>F: Brauche ich eine Versicherung, wenn ich ein Auto in Rochester miete?<\/strong><br \/>\nA: Die meisten Vermieter bieten gegen eine zus\u00e4tzliche Geb\u00fchr Versicherungsoptionen an. Es wird empfohlen, eine Versicherung f\u00fcr zus\u00e4tzlichen Schutz w\u00e4hrend der Fahrt abzuschlie\u00dfen.<\/p>\n<p><strong>F: Kann ich meinen Mietwagen an einem anderen Ort zur\u00fcckgeben?<\/strong><br \/>\nA: Das h\u00e4ngt von den Richtlinien der Mietwagenfirma ab. Einige erlauben dies gegen eine zus\u00e4tzliche Geb\u00fchr, w\u00e4hrend andere verlangen, dass Sie das Auto an dem Ort zur\u00fcckgeben, an dem Sie es abgeholt haben.<\/p>\n<p>Wenn Sie also eine Reise nach Rochester, New York, planen, sollten Sie einen Mietwagen von rental-car.company in Betracht ziehen. Dank der g\u00fcnstigen Lage und dem einfachen Zugang zu den wichtigsten Autobahnen war es noch nie so einfach, diese lebendige Stadt zu erkunden. Und dank der Flexibilit\u00e4t und des Komforts, die ein eigenes Fahrzeug mit sich bringt, k\u00f6nnen Sie das Beste aus Ihrer Reise machen, indem Sie alle beliebten Attraktionen m\u00fchelos besuchen. Warum also warten? Buchen Sie noch heute Ihren Mietwagen und machen Sie sich auf den Weg, um alles zu entdecken, was Rochester zu bieten hat.<\/p>\n<\/div>","protected":false},"excerpt":{"rendered":"<p>&nbsp; Car Rentals in Rochester, New York &#8211; The Best Way to Discover the City Are you planning a trip to Rochester, New York and wondering how you&#8217;ll get around? Look no further than car rental rochester ny. With its convenient location and easy access to major highways, renting a car is the best way [&hellip;]<\/p>\n","protected":false},"author":1,"featured_media":2347,"parent":0,"menu_order":0,"comment_status":"closed","ping_status":"closed","template":"","meta":{"rs_blank_template":"","rs_page_bg_color":"","slide_template_v7":"","footnotes":""},"categories":[1],"tags":[],"class_list":["post-2419","page","type-page","status-publish","has-post-thumbnail","hentry","category-blog"],"_links":{"self":[{"href":"https:\/\/rental-car.company\/de\/wp-json\/wp\/v2\/pages\/2419","targetHints":{"allow":["GET"]}}],"collection":[{"href":"https:\/\/rental-car.company\/de\/wp-json\/wp\/v2\/pages"}],"about":[{"href":"https:\/\/rental-car.company\/de\/wp-json\/wp\/v2\/types\/page"}],"author":[{"embeddable":true,"href":"https:\/\/rental-car.company\/de\/wp-json\/wp\/v2\/users\/1"}],"replies":[{"embeddable":true,"href":"https:\/\/rental-car.company\/de\/wp-json\/wp\/v2\/comments?post=2419"}],"version-history":[{"count":0,"href":"https:\/\/rental-car.company\/de\/wp-json\/wp\/v2\/pages\/2419\/revisions"}],"wp:featuredmedia":[{"embeddable":true,"href":"https:\/\/rental-car.company\/de\/wp-json\/wp\/v2\/media\/2347"}],"wp:attachment":[{"href":"https:\/\/rental-car.company\/de\/wp-json\/wp\/v2\/media?parent=2419"}],"wp:term":[{"taxonomy":"category","embeddable":true,"href":"https:\/\/rental-car.company\/de\/wp-json\/wp\/v2\/categories?post=2419"},{"taxonomy":"post_tag","embeddable":true,"href":"https:\/\/rental-car.company\/de\/wp-json\/wp\/v2\/tags?post=2419"}],"curies":[{"name":"wp","href":"https:\/\/api.w.org\/{rel}","templated":true}]}}