{"id":2497,"date":"2024-07-24T01:11:38","date_gmt":"2024-07-24T01:11:38","guid":{"rendered":"https:\/\/rental-car.company\/?page_id=2497"},"modified":"2024-07-24T01:11:38","modified_gmt":"2024-07-24T01:11:38","slug":"autovermietung-minneapolis","status":"publish","type":"page","link":"https:\/\/rental-car.company\/de\/autovermietung-minneapolis\/","title":{"rendered":"Autovermietung Minneapolis - Ihr Leitfaden f\u00fcr die Erkundung der Stadt mit Leichtigkeit"},"content":{"rendered":"<div class=\"wpb-content-wrapper\"><h2>Autovermietung in Minneapolis: Der beste Weg, die Stadt zu erkunden<\/h2>\n<p>Wenn man eine neue Stadt besucht, ist eines der ersten Dinge, die einem in den Sinn kommen, der Verkehr. Wie werden Sie sich fortbewegen? Werden Sie auf \u00f6ffentliche Verkehrsmittel oder Mitfahrgelegenheiten zur\u00fcckgreifen? W\u00e4hrend diese Optionen k\u00f6nnen bequem sein, sie kommen auch mit ihren eigenen Satz von Einschr\u00e4nkungen. Dies ist, wo Autovermietung Minneapolis kommt in als der beste Weg, um die Stadt mit Leichtigkeit zu erkunden.<\/p>\n<p>Mit einem Mietwagen haben Sie die Freiheit und Flexibilit\u00e4t, dorthin zu fahren, wohin Sie wollen und wann Sie wollen. Sie m\u00fcssen nicht mehr auf \u00f6ffentliche Verkehrsmittel warten oder teure Preise f\u00fcr Mitfahrgelegenheiten zahlen. Au\u00dferdem gibt es in Minneapolis so viele Orte zu sehen und Dinge zu tun, dass ein eigenes Verkehrsmittel unerl\u00e4sslich ist, um das Beste aus Ihrer Reise zu machen.<\/p>\n<div class=\"vc_row wpb_row vc_row-fluid\"><div class=\"wpb_column vc_column_container vc_col-sm-12\"><div class=\"vc_column-inner\"><div class=\"wpb_wrapper\">\n\t<div class=\"wpb_text_column wpb_content_element\" >\n\t\t<div class=\"wpb_wrapper\">\n\t\t\t<p><script id=\"dchwidget\" src=\"https:\/\/www.discovercars.com\/wg.js\" async=\"\" data-dev-env=\"com\" data-location=\"\" data-lang=\"en\" data-utm-source=\"malina\" data-utm-medium=\"widget\" data-aff-code=\"a_aid\" data-autocomplete=\"on\" data-style-submit-bg-color=\"00A200\" data-style-submit-font-color=\"white\" data-style-form-bg-color=\"FAD130\" data-style-form-font-color=\"333\" data-style-submit-text=\"Search now\"><\/script><\/p>\n\n\t\t<\/div>\n\t<\/div>\n<\/div><\/div><\/div><\/div>\n<p>&nbsp;<\/p>\n<h2>Entdecken Sie Autovermietung Minneapolis<\/h2>\n<p><img loading=\"lazy\" decoding=\"async\" class=\"alignleft\" src=\"\/wp-content\/uploads\/images\/rent_car_241.png\" alt=\"autovermietung minneapolis\" width=\"350\" height=\"350\" \/><\/p>\n<p>Minneapolis ist als eine der fahrradfreundlichsten St\u00e4dte Amerikas bekannt, aber wenn es darum geht, alles zu erkunden, was die Stadt zu bieten hat, ist ein Mietwagen immer noch die beste Wahl. Mit zahlreichen Autovermietungen in der ganzen Stadt und am internationalen Flughafen Minneapolis-St.Paul (MSP) ist es einfach, ein geeignetes Fahrzeug f\u00fcr Ihre Bed\u00fcrfnisse und Ihr Budget zu finden.<\/p>\n<p>Zu den beliebten Autovermietungen in Minneapolis geh\u00f6ren unter anderem Hertz, Enterprise Rent-A-Car, Budget Car Rental und Avis Car Rental. Ob Sie eine kompakte Limousine oder einen Gel\u00e4ndewagen f\u00fcr gr\u00f6\u00dfere Gruppen oder Familien bevorzugen, es ist f\u00fcr jeden etwas dabei.<\/p>\n<h3>Mieten Sie ein Auto vom MSP Flughafen<\/h3>\n<p>Der einfachste Weg, bei der Ankunft in Minneapolis ein Auto zu mieten, ist \u00fcber die Autovermietungen am Flughafen MSP. Dazu geh\u00f6ren unter anderem gro\u00dfe Marken wie Alamo Rent-A-Car und National Car Rental. Folgen Sie einfach den Schildern, die Sie zur Ebene 1 der Bodentransportmittel f\u00fchren, wo Sie die ausgewiesenen Abholbereiche der einzelnen Unternehmen finden.<\/p>\n<h3>Vorteile eines Mietwagens in Minneapolis<\/h3>\n<p>- Bequemlichkeit: Mit einem Mietwagen haben Sie die M\u00f6glichkeit, \u00fcberall hinzufahren, wo Sie wollen und wann Sie wollen. Sie m\u00fcssen Ihren Tag nicht nach den Fahrpl\u00e4nen der \u00f6ffentlichen Verkehrsmittel planen.<br \/>\n- Kosteng\u00fcnstig: Die Anmietung eines Autos kann kosteng\u00fcnstiger sein als die Nutzung von Mitfahrzentralen, vor allem, wenn Sie mehrere Ziele an einem Tag besuchen m\u00f6chten.<br \/>\n- Komfort: In Ihrem eigenen Fahrzeug haben Sie den Komfort, die Temperatur und die Musik zu steuern, ohne mit anderen teilen zu m\u00fcssen.<br \/>\n- Mehr M\u00f6glichkeiten f\u00fcr die Unterkunft: Mit einem Mietwagen haben Sie mehr M\u00f6glichkeiten bei der Wahl der Unterkunft. Sie k\u00f6nnen au\u00dferhalb des Stadtzentrums wohnen, wo die Preise in der Regel niedriger sind, und trotzdem alle beliebten Sehensw\u00fcrdigkeiten mit dem Auto erreichen.<\/p>\n<h4>Pro \/ Kontra<\/h4>\n<p><b>Vorteile:<\/b><br \/>\n- Freiheit und Flexibilit\u00e4t f\u00fcr Entdeckungen in Ihrem eigenen Tempo<br \/>\n- Kosteng\u00fcnstig im Vergleich zu anderen Verkehrstr\u00e4gern<br \/>\n- Bequem und komfortabel<\/p>\n<p><b>Nachteile:<\/b><br \/>\n- Zus\u00e4tzliche Kosten wie Benzin, Versicherung und Parkgeb\u00fchren<br \/>\n- Kann f\u00fcr diejenigen, die mit dem Fahren in einer neuen Stadt nicht vertraut sind, \u00fcberw\u00e4ltigend sein<\/p>\n<h4>H\u00e4ufig gestellte Fragen (FAQ)<\/h4>\n<p><img loading=\"lazy\" decoding=\"async\" class=\"alignright\" src=\"\/wp-content\/uploads\/images\/rent_car_1048.png\" alt=\"autovermietung minneapolis\" width=\"350\" height=\"350\" \/><\/p>\n<p><b>F: Brauche ich einen internationalen F\u00fchrerschein, um in Minneapolis ein Auto zu mieten?<\/b><br \/>\nA: Wenn Ihr F\u00fchrerschein aus einem anderen Land stammt, aber auf Englisch geschrieben ist, wird er akzeptiert. Erkundigen Sie sich aber am besten vorher bei Ihrem Vermieter.<\/p>\n<p><b>F: Was ist das Mindestalter f\u00fcr die Anmietung eines Autos in Minneapolis?<\/b><br \/>\nA: Das Mindestalter ist je nach Unternehmen unterschiedlich, liegt aber in der Regel bei 21 Jahren. Bei Fahrern unter 25 Jahren k\u00f6nnen zus\u00e4tzliche Geb\u00fchren anfallen.<\/p>\n<p><b>F: Kann ich meinen Mietwagen an einem anderen Ort zur\u00fcckgeben?<\/b><br \/>\nA: Das h\u00e4ngt von der Politik des Unternehmens ab. Einige erlauben Einwegmieten, w\u00e4hrend andere verlangen, dass Sie das Fahrzeug an seinem urspr\u00fcnglichen Standort zur\u00fcckgeben.<\/p>\n<p><b>F: Gibt es irgendwelche Einschr\u00e4nkungen f\u00fcr das Fahren eines Mietwagens in Minneapolis?<\/b><br \/>\nA: Die meisten Autovermietungen erlauben nicht, dass ihre Fahrzeuge auf unbefestigten Stra\u00dfen oder abseits der Stra\u00dfe gefahren werden. Halten Sie sich am besten an befestigte Stra\u00dfen und Autobahnen, wenn Sie die Stadt mit Ihrem Mietwagen erkunden.<\/p>\n<h2>Abschlie\u00dfende \u00dcberlegungen<\/h2>\n<p>Ein Auto in Minneapolis zu mieten ist der beste Weg, die Stadt mit Leichtigkeit zu erkunden. Bei der gro\u00dfen Auswahl an Autovermietungen und Fahrzeugen finden Sie sicher etwas, das Ihren Bed\u00fcrfnissen und Ihrem Budget entspricht. Au\u00dferdem haben Sie mit Ihrem eigenen Fahrzeug die Freiheit und Flexibilit\u00e4t, das Beste aus Ihrer Reise zu machen. Wenn Sie also das n\u00e4chste Mal Minneapolis besuchen, sollten Sie einen Mietwagen in Erw\u00e4gung ziehen, um eine problemlose Reise zu erm\u00f6glichen.<\/p>\n<\/div>","protected":false},"excerpt":{"rendered":"<p>Car Rentals in Minneapolis: The Best Way to Explore the City When visiting a new city, one of the first things that comes to mind is transportation. How will you get around? Will you rely on public transportation or ride-sharing services? While these options may be convenient, they also come with their own set of [&hellip;]<\/p>\n","protected":false},"author":1,"featured_media":2499,"parent":0,"menu_order":0,"comment_status":"closed","ping_status":"closed","template":"","meta":{"rs_blank_template":"","rs_page_bg_color":"","slide_template_v7":"","footnotes":""},"categories":[1],"tags":[],"class_list":["post-2497","page","type-page","status-publish","has-post-thumbnail","hentry","category-blog"],"_links":{"self":[{"href":"https:\/\/rental-car.company\/de\/wp-json\/wp\/v2\/pages\/2497","targetHints":{"allow":["GET"]}}],"collection":[{"href":"https:\/\/rental-car.company\/de\/wp-json\/wp\/v2\/pages"}],"about":[{"href":"https:\/\/rental-car.company\/de\/wp-json\/wp\/v2\/types\/page"}],"author":[{"embeddable":true,"href":"https:\/\/rental-car.company\/de\/wp-json\/wp\/v2\/users\/1"}],"replies":[{"embeddable":true,"href":"https:\/\/rental-car.company\/de\/wp-json\/wp\/v2\/comments?post=2497"}],"version-history":[{"count":0,"href":"https:\/\/rental-car.company\/de\/wp-json\/wp\/v2\/pages\/2497\/revisions"}],"wp:featuredmedia":[{"embeddable":true,"href":"https:\/\/rental-car.company\/de\/wp-json\/wp\/v2\/media\/2499"}],"wp:attachment":[{"href":"https:\/\/rental-car.company\/de\/wp-json\/wp\/v2\/media?parent=2497"}],"wp:term":[{"taxonomy":"category","embeddable":true,"href":"https:\/\/rental-car.company\/de\/wp-json\/wp\/v2\/categories?post=2497"},{"taxonomy":"post_tag","embeddable":true,"href":"https:\/\/rental-car.company\/de\/wp-json\/wp\/v2\/tags?post=2497"}],"curies":[{"name":"wp","href":"https:\/\/api.w.org\/{rel}","templated":true}]}}