{"id":2585,"date":"2024-07-24T17:09:49","date_gmt":"2024-07-24T17:09:49","guid":{"rendered":"https:\/\/rental-car.company\/?page_id=2585"},"modified":"2024-07-24T17:09:49","modified_gmt":"2024-07-24T17:09:49","slug":"autovermietung-nordcarolina","status":"publish","type":"page","link":"https:\/\/rental-car.company\/de\/autovermietung-nordcarolina\/","title":{"rendered":"Autovermietung North Carolina - Ihr Leitfaden zur Erkundung des Tar Heel State auf R\u00e4dern"},"content":{"rendered":"<div class=\"wpb-content-wrapper\"><h2>Ein Auto mieten in North Carolina<\/h2>\n<p>Wenn Sie eine Reise nach North Carolina planen, ist ein Mietwagen eine der besten M\u00f6glichkeiten, diesen sch\u00f6nen Bundesstaat zu erkunden. Mit seinen vielf\u00e4ltigen Landschaften, seiner reichen Geschichte und seinen pulsierenden St\u00e4dten hat North Carolina f\u00fcr jeden etwas zu bieten. Und wie k\u00f6nnte man das alles besser erleben als hinter dem Steuer eines eigenen Mietwagens?<\/p>\n<div class=\"vc_row wpb_row vc_row-fluid\"><div class=\"wpb_column vc_column_container vc_col-sm-12\"><div class=\"vc_column-inner\"><div class=\"wpb_wrapper\">\n\t<div class=\"wpb_text_column wpb_content_element\" >\n\t\t<div class=\"wpb_wrapper\">\n\t\t\t<p><script id=\"dchwidget\" src=\"https:\/\/www.discovercars.com\/wg.js\" async=\"\" data-dev-env=\"com\" data-location=\"\" data-lang=\"en\" data-utm-source=\"malina\" data-utm-medium=\"widget\" data-aff-code=\"a_aid\" data-autocomplete=\"on\" data-style-submit-bg-color=\"00A200\" data-style-submit-font-color=\"white\" data-style-form-bg-color=\"FAD130\" data-style-form-font-color=\"333\" data-style-submit-text=\"Search now\"><\/script><\/p>\n\n\t\t<\/div>\n\t<\/div>\n<\/div><\/div><\/div><\/div>\n<p>&nbsp;<\/p>\n<h2>Entdecken Sie Autovermietung North Carolina<\/h2>\n<p><img loading=\"lazy\" decoding=\"async\" class=\"alignleft\" src=\"\/wp-content\/uploads\/images\/rent_car_234.png\" alt=\"autovermietung nordcarolina\" width=\"350\" height=\"350\" \/><\/p>\n<p>Ganz gleich, ob Sie auf einem der gro\u00dfen Flugh\u00e4fen des Bundesstaates landen oder von einem anderen Ort in der N\u00e4he kommen, ein Mietwagen ist eine einfache und bequeme M\u00f6glichkeit, sich in North Carolina fortzubewegen. Mit zahlreichen Autovermietungen, die im ganzen Bundesstaat vertreten sind, haben Sie die Qual der Wahl.<\/p>\n<p>Wenn es um Autovermietungen in North Carolina geht, geh\u00f6ren zu den bekanntesten Namen Enterprise, Hertz, Avis und Budget. Aber es gibt auch viele kleinere lokale Unternehmen, die wettbewerbsf\u00e4hige Preise und pers\u00f6nlichen Service bieten.<\/p>\n<h3>Verf\u00fcgbare Fahrzeugtypen zur Miete<\/h3>\n<p>Ganz gleich, welche Art von Fahrzeug Sie bevorzugen oder wie viele Personen zu Ihrer Reisegruppe geh\u00f6ren, in North Carolina gibt es eine Mietwagenoption f\u00fcr Sie. Von Kleinwagen, die sich perfekt f\u00fcr Alleinreisende oder Paare mit kleinem Budget eignen, bis hin zu ger\u00e4umigen Gel\u00e4ndewagen, die Platz f\u00fcr gr\u00f6\u00dfere Familien oder Gruppen von Freunden bieten, finden Sie genau das, was Sie brauchen.<\/p>\n<p>Wenn Sie Ihre Reise durch die kurvenreichen Stra\u00dfen und malerischen Highways von North Carolina noch aufregender gestalten m\u00f6chten, sollten Sie ein Cabrio oder einen Sportwagen mieten. Und wenn Sie w\u00e4hrend Ihres Aufenthalts ein paar Offroad-Abenteuer erleben wollen, bieten viele Vermieter auch 4\u00d74-Fahrzeuge an.<\/p>\n<h3>Die Vor- und Nachteile der Anmietung eines Autos in North Carolina<\/h3>\n<p>Wie bei jeder Form der Fortbewegung auf Reisen gibt es auch bei der Anmietung eines Autos in North Carolina sowohl Vor- als auch Nachteile.<\/p>\n<p>Vorteile:<br \/>\n- Flexibilit\u00e4t und Freiheit, in Ihrem eigenen Tempo zu entdecken<br \/>\n- M\u00f6glichkeit, abgelegene Ziele und Attraktionen abseits der ausgetretenen Pfade zu erreichen<br \/>\n- Bequem f\u00fcr Reisen mit gr\u00f6\u00dferen Gruppen oder Familien<br \/>\n- Kosteng\u00fcnstiger als die Nutzung von Taxis oder Mitfahrdiensten f\u00fcr l\u00e4ngere Strecken<\/p>\n<p>Nachteile:<br \/>\n- Zus\u00e4tzliche Kosten wie Benzin, Versicherung und Mautgeb\u00fchren<br \/>\n- M\u00f6glicherweise ungewohnte Stra\u00dfen und Verkehrsregeln<br \/>\n- Begrenzte Parkm\u00f6glichkeiten in gesch\u00e4ftigen St\u00e4dten wie Charlotte und Raleigh<\/p>\n<h4>FAQ<\/h4>\n<p><img loading=\"lazy\" decoding=\"async\" class=\"alignright\" src=\"\/wp-content\/uploads\/images\/rent_car_1040.png\" alt=\"autovermietung nordcarolina\" width=\"350\" height=\"350\" \/><\/p>\n<p>F: Was ist das Mindestalter f\u00fcr die Anmietung eines Autos in North Carolina?<br \/>\nA: Die meisten Autovermietungen verlangen, dass die Fahrer mindestens 21 Jahre alt sind. F\u00fcr Fahrer unter 25 Jahren k\u00f6nnen jedoch zus\u00e4tzliche Geb\u00fchren anfallen.<\/p>\n<p>F: Brauche ich einen internationalen F\u00fchrerschein, um in North Carolina ein Auto zu mieten?<br \/>\nA: Wenn Sie einen g\u00fcltigen F\u00fchrerschein aus Ihrem Heimatland haben, k\u00f6nnen Sie damit ein Auto in North Carolina mieten. Wenn Ihr F\u00fchrerschein jedoch nicht in englischer Sprache verfasst ist, wird empfohlen, auch einen internationalen F\u00fchrerschein mitzuf\u00fchren.<\/p>\n<p>F: Fallen bei der Anmietung eines Autos in North Carolina zus\u00e4tzliche Geb\u00fchren oder Steuern an?<br \/>\nA: Ja, es k\u00f6nnen zus\u00e4tzliche Geb\u00fchren anfallen, z. B. Mehrwertsteuer, Flughafenzuschl\u00e4ge und optionale Versicherungen. Lesen Sie die Allgemeinen Gesch\u00e4ftsbedingungen vor der Buchung Ihres Mietwagens sorgf\u00e4ltig durch.<\/p>\n<p>Zusammenfassend l\u00e4sst sich sagen, dass ein Mietwagen in North Carolina eine hervorragende M\u00f6glichkeit ist, das Beste aus Ihrer Reise zu machen. Mit seinen vielf\u00e4ltigen Landschaften und unendlichen M\u00f6glichkeiten f\u00fcr Abenteuer gibt Ihnen ein eigener Wagen die Freiheit und Flexibilit\u00e4t, all das zu erleben, was dieser wundersch\u00f6ne Staat zu bieten hat. Buchen Sie also noch heute Ihren Mietwagen \u00fcber Rental-Car.Company und machen Sie sich bereit f\u00fcr eine unvergessliche Reise durch den Tar Heel State!<\/p>\n<\/div>","protected":false},"excerpt":{"rendered":"<p>Renting a Car in North Carolina If you&#8217;re planning a trip to North Carolina, one of the best ways to explore this beautiful state is by renting a car. With its diverse landscapes, rich history, and vibrant cities, North Carolina has something for everyone. And what better way to experience it all than from behind [&hellip;]<\/p>\n","protected":false},"author":1,"featured_media":2559,"parent":0,"menu_order":0,"comment_status":"closed","ping_status":"closed","template":"","meta":{"rs_blank_template":"","rs_page_bg_color":"","slide_template_v7":"","footnotes":""},"categories":[1],"tags":[],"class_list":["post-2585","page","type-page","status-publish","has-post-thumbnail","hentry","category-blog"],"_links":{"self":[{"href":"https:\/\/rental-car.company\/de\/wp-json\/wp\/v2\/pages\/2585","targetHints":{"allow":["GET"]}}],"collection":[{"href":"https:\/\/rental-car.company\/de\/wp-json\/wp\/v2\/pages"}],"about":[{"href":"https:\/\/rental-car.company\/de\/wp-json\/wp\/v2\/types\/page"}],"author":[{"embeddable":true,"href":"https:\/\/rental-car.company\/de\/wp-json\/wp\/v2\/users\/1"}],"replies":[{"embeddable":true,"href":"https:\/\/rental-car.company\/de\/wp-json\/wp\/v2\/comments?post=2585"}],"version-history":[{"count":0,"href":"https:\/\/rental-car.company\/de\/wp-json\/wp\/v2\/pages\/2585\/revisions"}],"wp:featuredmedia":[{"embeddable":true,"href":"https:\/\/rental-car.company\/de\/wp-json\/wp\/v2\/media\/2559"}],"wp:attachment":[{"href":"https:\/\/rental-car.company\/de\/wp-json\/wp\/v2\/media?parent=2585"}],"wp:term":[{"taxonomy":"category","embeddable":true,"href":"https:\/\/rental-car.company\/de\/wp-json\/wp\/v2\/categories?post=2585"},{"taxonomy":"post_tag","embeddable":true,"href":"https:\/\/rental-car.company\/de\/wp-json\/wp\/v2\/tags?post=2585"}],"curies":[{"name":"wp","href":"https:\/\/api.w.org\/{rel}","templated":true}]}}