{"id":2727,"date":"2024-07-25T17:05:20","date_gmt":"2024-07-25T17:05:20","guid":{"rendered":"https:\/\/rental-car.company\/?page_id=2727"},"modified":"2024-07-25T17:05:20","modified_gmt":"2024-07-25T17:05:20","slug":"mietwagen-knoxville-tn","status":"publish","type":"page","link":"https:\/\/rental-car.company\/de\/mietwagen-knoxville-tn\/","title":{"rendered":"Mietwagen Knoxville TN - Ihr Leitfaden f\u00fcr eine entspannte Erkundung der Stadt"},"content":{"rendered":"<div class=\"wpb-content-wrapper\"><h2>Knoxville mit dem Mietwagen erkunden<\/h2>\n<p>Planen Sie eine Reise nach Knoxville, Tennessee, und fragen sich, wie Sie sich in der Stadt fortbewegen sollen? Dann sind Sie bei einer Autovermietung in Knoxville, TN genau richtig. Mit seiner charmanten S\u00fcdstaaten-Gastfreundschaft und reichen Geschichte ist Knoxville ein beliebtes Ziel f\u00fcr Gesch\u00e4fts- und Urlaubsreisende. Ein Mietwagen gibt Ihnen die Freiheit, alles, was diese pulsierende Stadt zu bieten hat, in Ihrem eigenen Tempo zu erkunden.<\/p>\n<div class=\"vc_row wpb_row vc_row-fluid\"><div class=\"wpb_column vc_column_container vc_col-sm-12\"><div class=\"vc_column-inner\"><div class=\"wpb_wrapper\">\n\t<div class=\"wpb_text_column wpb_content_element\" >\n\t\t<div class=\"wpb_wrapper\">\n\t\t\t<p><script id=\"dchwidget\" src=\"https:\/\/www.discovercars.com\/wg.js\" async=\"\" data-dev-env=\"com\" data-location=\"\" data-lang=\"en\" data-utm-source=\"malina\" data-utm-medium=\"widget\" data-aff-code=\"a_aid\" data-autocomplete=\"on\" data-style-submit-bg-color=\"00A200\" data-style-submit-font-color=\"white\" data-style-form-bg-color=\"FAD130\" data-style-form-font-color=\"333\" data-style-submit-text=\"Search now\"><\/script><\/p>\n\n\t\t<\/div>\n\t<\/div>\n<\/div><\/div><\/div><\/div>\n<p>&nbsp;<\/p>\n<h2>Entdecken Sie Mietwagen in Knoxville TN<\/h2>\n<p><img loading=\"lazy\" decoding=\"async\" class=\"alignleft\" src=\"\/wp-content\/uploads\/images\/rent_car_375.png\" alt=\"mietwagen knoxville tn\" width=\"350\" height=\"350\" \/><\/p>\n<p>Wenn es um Mietwagen in Knoxville, TN geht, gibt es eine Vielzahl von M\u00f6glichkeiten. Vom Kleinwagen f\u00fcr Alleinreisende bis zum ger\u00e4umigen Gel\u00e4ndewagen f\u00fcr Familien oder Gruppen k\u00f6nnen Sie das perfekte Fahrzeug f\u00fcr Ihre Bed\u00fcrfnisse und Ihr Budget finden. Zu den f\u00fchrenden Autovermietungen in Knoxville geh\u00f6ren Hertz, Enterprise, Budget und Avis.<\/p>\n<p>Das Beste daran, ein Auto in Knoxville zu mieten, ist, dass Sie damit alle Teile der Stadt leicht erreichen k\u00f6nnen. Sie k\u00f6nnen beliebte Attraktionen wie den Market Square, den World's Fair Park und die Sunsphere besuchen, ohne sich Gedanken \u00fcber Fahrpl\u00e4ne der \u00f6ffentlichen Verkehrsmittel oder teure Taxifahrten machen zu m\u00fcssen.<\/p>\n<h3>Die Vorteile einer Autovermietung in Knoxville<\/h3>\n<ul>\n<li>Bequemlichkeit: Ein eigenes Fahrzeug gibt Ihnen die Flexibilit\u00e4t zu reisen, wann und wohin Sie wollen.<\/li>\n<li>Kosteng\u00fcnstig: Die Anmietung eines Autos kann g\u00fcnstiger sein als die Nutzung anderer Verkehrsmittel w\u00e4hrend Ihrer Reise.<\/li>\n<li>Vertrautheit: Mit dem eigenen Auto zu fahren kann die Erkundung neuer Orte weniger einsch\u00fcchternd machen, da alles vertraut ist.<\/li>\n<li>Komfort: Mit einem Mietwagen k\u00f6nnen Sie eine bequeme Fahrt genie\u00dfen, w\u00e4hrend Sie Sehensw\u00fcrdigkeiten besichtigen oder Besorgungen machen.<\/li>\n<\/ul>\n<h3>Die Nachteile einer Autovermietung in Knoxville<\/h3>\n<ul>\n<li>Zus\u00e4tzliche Kosten: Einige Autovermietungen berechnen zus\u00e4tzliche Geb\u00fchren f\u00fcr Dinge wie GPS, Versicherung oder zus\u00e4tzliche Fahrer.<\/li>\n<li>Parken: Die Suche nach einem Parkplatz in der Innenstadt von Knoxville kann schwierig und manchmal auch teuer sein.<\/li>\n<li>Verkehr: Je nach Tageszeit kann der Verkehr in Knoxville sehr stark sein und Ihre Reisepl\u00e4ne beeintr\u00e4chtigen.<\/li>\n<li>Verantwortung: Als Fahrer sind Sie f\u00fcr alle Sch\u00e4den am Mietwagen w\u00e4hrend Ihrer Reise verantwortlich.<\/li>\n<\/ul>\n<h4>H\u00e4ufig gestellte Fragen \u00fcber Mietwagen in Knoxville TN<\/h4>\n<h4>F: Brauche ich einen speziellen F\u00fchrerschein, um in Knoxville ein Auto zu mieten?<\/h4>\n<p>A: Nein. Ein g\u00fcltiger F\u00fchrerschein aus Ihrem Heimatland ist ausreichend, um in Knoxville ein Auto zu mieten.<\/p>\n<h4>F: Gibt es eine Altersgrenze f\u00fcr die Anmietung eines Autos in Knoxville?<\/h4>\n<p>A: Ja. Bei den meisten Autovermietungen muss der Mieter mindestens 21 Jahre alt sein. Einige haben jedoch h\u00f6here Altersanforderungen oder zus\u00e4tzliche Geb\u00fchren f\u00fcr Fahrer unter 25 Jahren.<\/p>\n<h4>F: Kann ich meinen Mietwagen an einem anderen Ort zur\u00fcckgeben?<\/h4>\n<p><img loading=\"lazy\" decoding=\"async\" class=\"alignright\" src=\"\/wp-content\/uploads\/images\/rent_car_1422.png\" alt=\"mietwagen knoxville tn\" width=\"350\" height=\"350\" \/><\/p>\n<p>A: Das h\u00e4ngt von den Richtlinien der jeweiligen Vermietungsfirma ab. Einige erlauben dies gegen eine zus\u00e4tzliche Geb\u00fchr, w\u00e4hrend andere diese Option gar nicht anbieten.<\/p>\n<h3>Mieten Sie Ihr Auto und erkunden Sie alles, was Knoxville zu bieten hat<\/h3>\n<p>Mit seinen wundersch\u00f6nen Parks, der lebendigen Musikszene und der k\u00f6stlichen S\u00fcdstaaten-K\u00fcche gibt es in Knoxville viel zu erleben und zu sehen. Lassen Sie sich nicht von den Einschr\u00e4nkungen der Verkehrsmittel davon abhalten, alles zu erleben, was diese Stadt zu bieten hat. Ein Mietwagen gibt Ihnen die Freiheit und Flexibilit\u00e4t, das Beste aus Ihrer Reise zu machen und unvergessliche Erinnerungen zu schaffen.<\/p>\n<p>Warum also warten? Buchen Sie Ihren Mietwagen noch heute bei einem der f\u00fchrenden Unternehmen in Knoxville und machen Sie sich bereit f\u00fcr ein aufregendes Abenteuer! Ganz gleich, ob Sie gesch\u00e4ftlich oder zum Vergn\u00fcgen hier sind, mit einem Mietwagen in Knoxville, TN, wird Ihre Reise stressfrei und angenehm sein. Machen Sie sich also auf den Weg und entdecken Sie alles, was diese charmante Stadt zu bieten hat.<\/p>\n<\/div>","protected":false},"excerpt":{"rendered":"<p>Exploring Knoxville with Rental Cars Are you planning a trip to Knoxville, Tennessee and wondering how you will get around the city? Look no further than rental cars in Knoxville, TN. With its charming Southern hospitality and rich history, Knoxville is a popular destination for both business and leisure travelers. Renting a car gives you [&hellip;]<\/p>\n","protected":false},"author":1,"featured_media":2659,"parent":0,"menu_order":0,"comment_status":"closed","ping_status":"closed","template":"","meta":{"rs_blank_template":"","rs_page_bg_color":"","slide_template_v7":"","footnotes":""},"categories":[1],"tags":[],"class_list":["post-2727","page","type-page","status-publish","has-post-thumbnail","hentry","category-blog"],"_links":{"self":[{"href":"https:\/\/rental-car.company\/de\/wp-json\/wp\/v2\/pages\/2727","targetHints":{"allow":["GET"]}}],"collection":[{"href":"https:\/\/rental-car.company\/de\/wp-json\/wp\/v2\/pages"}],"about":[{"href":"https:\/\/rental-car.company\/de\/wp-json\/wp\/v2\/types\/page"}],"author":[{"embeddable":true,"href":"https:\/\/rental-car.company\/de\/wp-json\/wp\/v2\/users\/1"}],"replies":[{"embeddable":true,"href":"https:\/\/rental-car.company\/de\/wp-json\/wp\/v2\/comments?post=2727"}],"version-history":[{"count":0,"href":"https:\/\/rental-car.company\/de\/wp-json\/wp\/v2\/pages\/2727\/revisions"}],"wp:featuredmedia":[{"embeddable":true,"href":"https:\/\/rental-car.company\/de\/wp-json\/wp\/v2\/media\/2659"}],"wp:attachment":[{"href":"https:\/\/rental-car.company\/de\/wp-json\/wp\/v2\/media?parent=2727"}],"wp:term":[{"taxonomy":"category","embeddable":true,"href":"https:\/\/rental-car.company\/de\/wp-json\/wp\/v2\/categories?post=2727"},{"taxonomy":"post_tag","embeddable":true,"href":"https:\/\/rental-car.company\/de\/wp-json\/wp\/v2\/tags?post=2727"}],"curies":[{"name":"wp","href":"https:\/\/api.w.org\/{rel}","templated":true}]}}