{"id":2729,"date":"2024-07-25T18:06:03","date_gmt":"2024-07-25T18:06:03","guid":{"rendered":"https:\/\/rental-car.company\/?page_id=2729"},"modified":"2024-07-25T18:06:03","modified_gmt":"2024-07-25T18:06:03","slug":"unternehmen-miami","status":"publish","type":"page","link":"https:\/\/rental-car.company\/de\/unternehmen-miami\/","title":{"rendered":"Enterprise Miami: Ihre Autovermietung in der magischen Stadt"},"content":{"rendered":"<div class=\"wpb-content-wrapper\"><h2>Enterprise Miami: Nie war es einfacher, ein Auto zu mieten<\/h2>\n<p>Wenn Sie eine Reise in die pulsierende Stadt Miami planen, werden Sie auf jeden Fall alles erkunden wollen, was sie zu bieten hat. Von den sch\u00f6nen Str\u00e4nden und dem lebhaften Nachtleben bis hin zur kulturellen Vielfalt und der k\u00f6stlichen K\u00fcche - in diesem beliebten Reiseziel ist f\u00fcr jeden etwas dabei. Und wie k\u00f6nnte man das alles besser erleben als mit einem Mietwagen von Enterprise Miami?<\/p>\n<p>Als einer der f\u00fchrenden Autovermieter der Welt ist Enterprise f\u00fcr seinen hervorragenden Kundenservice und seine zuverl\u00e4ssigen Fahrzeuge bekannt. Mit mehreren Standorten in der ganzen Stadt macht Enterprise es Reisenden leicht, ein Auto zu mieten und loszufahren. Egal, ob Sie gesch\u00e4ftlich oder privat hier sind, mit einem Mietwagen von Enterprise wird Ihre Reise bequemer und angenehmer.<\/p>\n<div class=\"vc_row wpb_row vc_row-fluid\"><div class=\"wpb_column vc_column_container vc_col-sm-12\"><div class=\"vc_column-inner\"><div class=\"wpb_wrapper\">\n\t<div class=\"wpb_text_column wpb_content_element\" >\n\t\t<div class=\"wpb_wrapper\">\n\t\t\t<p><script id=\"dchwidget\" src=\"https:\/\/www.discovercars.com\/wg.js\" async=\"\" data-dev-env=\"com\" data-location=\"\" data-lang=\"en\" data-utm-source=\"malina\" data-utm-medium=\"widget\" data-aff-code=\"a_aid\" data-autocomplete=\"on\" data-style-submit-bg-color=\"00A200\" data-style-submit-font-color=\"white\" data-style-form-bg-color=\"FAD130\" data-style-form-font-color=\"333\" data-style-submit-text=\"Search now\"><\/script><\/p>\n\n\t\t<\/div>\n\t<\/div>\n<\/div><\/div><\/div><\/div>\n<p>&nbsp;<\/p>\n<h2>Entdecken Sie Enterprise Miami<\/h2>\n<p><img loading=\"lazy\" decoding=\"async\" class=\"alignleft\" src=\"\/wp-content\/uploads\/images\/rent_car_526.png\" alt=\"unternehmen miami\" width=\"350\" height=\"350\" \/><\/p>\n<p>Mit \u00fcber 20 Standorten in ganz Miami bietet Enterprise eine gro\u00dfe Auswahl an Fahrzeugen, darunter Kleinwagen, Gel\u00e4ndewagen, Luxuswagen und vieles mehr. Sie k\u00f6nnen Ihren Mietwagen ganz einfach online buchen oder eine der vielen Niederlassungen pers\u00f6nlich besuchen.<\/p>\n<p>Eines der besten Dinge, die Sie bei Enterprise mieten k\u00f6nnen, ist der hervorragende Kundenservice. Die freundlichen Mitarbeiter helfen Ihnen dabei, das perfekte Fahrzeug f\u00fcr Ihre Bed\u00fcrfnisse zu finden und geben Ihnen alle notwendigen Informationen \u00fcber das Fahren in Miami.<\/p>\n<p>F\u00fcr diejenigen, die es noch bequemer haben m\u00f6chten, bietet Enterprise auch einen Abholservice an, bei dem Ihr Mietwagen direkt zu Ihnen kommt - ideal f\u00fcr vielbesch\u00e4ftigte Reisende, die keine Zeit haben, an einer Vermietstation anzuhalten.<\/p>\n<h3>Vermieten leicht gemacht<\/h3>\n<p>Die Anmietung bei Enterprise ist dank der benutzerfreundlichen Website und des effizienten Buchungsprozesses problemlos. Sie k\u00f6nnen ganz einfach nach verf\u00fcgbaren Fahrzeugen suchen, basierend auf Ihrem gew\u00fcnschten Abholort, Datum\/Uhrzeit und dem Fahrzeugtyp.<\/p>\n<p>Wenn Sie au\u00dferdem Mitglied im Emerald Club (dem Treueprogramm von Enterprise) sind, kommen Sie in den Genuss weiterer Verg\u00fcnstigungen wie schnellere Reservierungen, kostenlose Upgrades und die M\u00f6glichkeit, kostenlose Miettage zu erhalten.<\/p>\n<h3>Vorteile einer Anmietung mit Enterprise Miami<\/h3>\n<p><b>Vorteile:<\/b><br \/>\n- Mehrere Standorte in Miami f\u00fcr mehr Komfort<br \/>\n- Breite Palette an Fahrzeugoptionen<br \/>\n- Ausgezeichneter Kundenservice<br \/>\n- Benutzerfreundliche Website und effizienter Buchungsprozess<br \/>\n- Abholservice verf\u00fcgbar<br \/>\n- Treueprogramm Emerald Club mit zus\u00e4tzlichen Vorteilen<\/p>\n<p><b>Nachteile:<\/b><br \/>\n- Die Preise k\u00f6nnen im Vergleich zu anderen Vermietungsunternehmen in der Region h\u00f6her sein.<\/p>\n<h4>H\u00e4ufig gestellte Fragen<\/h4>\n<p><img loading=\"lazy\" decoding=\"async\" class=\"alignright\" src=\"\/wp-content\/uploads\/images\/rent_car_1368.png\" alt=\"unternehmen miami\" width=\"350\" height=\"350\" \/><\/p>\n<p><b>F: Was ben\u00f6tige ich, um ein Auto von Enterprise Miami zu mieten?<\/b><br \/>\nA: Um ein Auto von Enterprise zu mieten, ben\u00f6tigen Sie einen g\u00fcltigen F\u00fchrerschein, eine Kreditkarte und einen Versicherungsnachweis (falls zutreffend).<\/p>\n<p><b>F: Kann ich ein bestimmtes Fahrzeugmodell ausw\u00e4hlen, wenn ich ein Fahrzeug von Enterprise miete?<\/b><br \/>\nA: Sie k\u00f6nnen sich zwar nicht f\u00fcr ein bestimmtes Modell entscheiden, aber Sie k\u00f6nnen den Fahrzeugtyp (Economy, SUV, Luxus) w\u00e4hlen, der Ihren Bed\u00fcrfnissen am besten entspricht.<\/p>\n<p><b>F: Gibt es eine Altersbeschr\u00e4nkung f\u00fcr die Anmietung bei Enterprise Miami?<\/b><br \/>\nA: Ja, die Mieter m\u00fcssen mindestens 21 Jahre alt sein. F\u00fcr Fahrer unter 25 Jahren k\u00f6nnen jedoch zus\u00e4tzliche Geb\u00fchren anfallen.<\/p>\n<p>Zusammenfassend l\u00e4sst sich sagen, dass ein Mietwagen von Enterprise Miami der perfekte Weg ist, um alles zu erkunden, was diese pulsierende Stadt zu bieten hat. Dank der g\u00fcnstigen Standorte und des hervorragenden Kundendienstes wird Ihre Reise viel einfacher und angenehmer. Warum also warten? Buchen Sie Ihren Mietwagen bei Enterprise noch heute!<\/p>\n<\/div>","protected":false},"excerpt":{"rendered":"<p>Enterprise Miami: Renting a Car Has Never Been Easier If you are planning a trip to the vibrant city of Miami, you will definitely want to explore all that it has to offer. From its beautiful beaches and lively nightlife to its cultural diversity and delicious cuisine, there is something for everyone in this popular [&hellip;]<\/p>\n","protected":false},"author":1,"featured_media":2731,"parent":0,"menu_order":0,"comment_status":"closed","ping_status":"closed","template":"","meta":{"rs_blank_template":"","rs_page_bg_color":"","slide_template_v7":"","footnotes":""},"categories":[1],"tags":[],"class_list":["post-2729","page","type-page","status-publish","has-post-thumbnail","hentry","category-blog"],"_links":{"self":[{"href":"https:\/\/rental-car.company\/de\/wp-json\/wp\/v2\/pages\/2729","targetHints":{"allow":["GET"]}}],"collection":[{"href":"https:\/\/rental-car.company\/de\/wp-json\/wp\/v2\/pages"}],"about":[{"href":"https:\/\/rental-car.company\/de\/wp-json\/wp\/v2\/types\/page"}],"author":[{"embeddable":true,"href":"https:\/\/rental-car.company\/de\/wp-json\/wp\/v2\/users\/1"}],"replies":[{"embeddable":true,"href":"https:\/\/rental-car.company\/de\/wp-json\/wp\/v2\/comments?post=2729"}],"version-history":[{"count":0,"href":"https:\/\/rental-car.company\/de\/wp-json\/wp\/v2\/pages\/2729\/revisions"}],"wp:featuredmedia":[{"embeddable":true,"href":"https:\/\/rental-car.company\/de\/wp-json\/wp\/v2\/media\/2731"}],"wp:attachment":[{"href":"https:\/\/rental-car.company\/de\/wp-json\/wp\/v2\/media?parent=2729"}],"wp:term":[{"taxonomy":"category","embeddable":true,"href":"https:\/\/rental-car.company\/de\/wp-json\/wp\/v2\/categories?post=2729"},{"taxonomy":"post_tag","embeddable":true,"href":"https:\/\/rental-car.company\/de\/wp-json\/wp\/v2\/tags?post=2729"}],"curies":[{"name":"wp","href":"https:\/\/api.w.org\/{rel}","templated":true}]}}