{"id":2737,"date":"2024-07-25T19:06:00","date_gmt":"2024-07-25T19:06:00","guid":{"rendered":"https:\/\/rental-car.company\/?page_id=2737"},"modified":"2024-07-25T19:06:00","modified_gmt":"2024-07-25T19:06:00","slug":"autovermietung-greenville-nc","status":"publish","type":"page","link":"https:\/\/rental-car.company\/de\/autovermietung-greenville-nc\/","title":{"rendered":"Autovermietung Greenville NC - Ihr Leitfaden f\u00fcr die Erkundung der Stadt mit Leichtigkeit"},"content":{"rendered":"<div class=\"wpb-content-wrapper\"><h2>Die besten Autovermietungsoptionen in Greenville NC<\/h2>\n<p>Planen Sie eine Reise nach Greenville, North Carolina, und fragen sich, wie Sie sich in der Stadt fortbewegen k\u00f6nnen? Suchen Sie nicht weiter als Autovermietung greenville nc. Ein Auto zu mieten in Greenville ist der bequemste und effizienteste Weg, um alles zu erkunden, was diese charmante Stadt zu bieten hat.<\/p>\n<p>Ganz gleich, ob Sie gesch\u00e4ftlich oder privat unterwegs sind, ein eigenes Fahrzeug gibt Ihnen die Freiheit und Flexibilit\u00e4t, alles zu entdecken - von lokalen Hotspots bis hin zu versteckten Juwelen. Da es in Greenville mehrere renommierte Autovermietungen gibt, werden Sie keine Probleme haben, das perfekte Fahrzeug f\u00fcr Ihre Bed\u00fcrfnisse zu finden.<\/p>\n<div class=\"vc_row wpb_row vc_row-fluid\"><div class=\"wpb_column vc_column_container vc_col-sm-12\"><div class=\"vc_column-inner\"><div class=\"wpb_wrapper\">\n\t<div class=\"wpb_text_column wpb_content_element\" >\n\t\t<div class=\"wpb_wrapper\">\n\t\t\t<p><script id=\"dchwidget\" src=\"https:\/\/www.discovercars.com\/wg.js\" async=\"\" data-dev-env=\"com\" data-location=\"\" data-lang=\"en\" data-utm-source=\"malina\" data-utm-medium=\"widget\" data-aff-code=\"a_aid\" data-autocomplete=\"on\" data-style-submit-bg-color=\"00A200\" data-style-submit-font-color=\"white\" data-style-form-bg-color=\"FAD130\" data-style-form-font-color=\"333\" data-style-submit-text=\"Search now\"><\/script><\/p>\n\n\t\t<\/div>\n\t<\/div>\n<\/div><\/div><\/div><\/div>\n<p>&nbsp;<\/p>\n<h2>Entdecken Sie Autovermietung Greenville NC<\/h2>\n<p><img loading=\"lazy\" decoding=\"async\" class=\"alignleft\" src=\"\/wp-content\/uploads\/images\/rent_car_1129.png\" alt=\"autovermietung greenville nc\" width=\"350\" height=\"350\" \/><\/p>\n<p>Wenn es um Autovermietungen in Greenville N.C. geht, gibt es eine Vielzahl von M\u00f6glichkeiten. Einige der beliebtesten Unternehmen sind Enterprise, Hertz, Avis und Budget. Diese Unternehmen bieten eine breite Palette von Fahrzeugen an, von Kleinwagen bis zu Luxus-SUVs.<\/p>\n<p>Enterprise ist bekannt f\u00fcr seinen hervorragenden Kundenservice und bietet eine Vielzahl von Angeboten und Rabatten f\u00fcr Reisende. Hertz ist mit seiner gro\u00dfen Auswahl an Fahrzeugen und wettbewerbsf\u00e4higen Preisen eine weitere beliebte Wahl. Auch Avis und Budget bieten g\u00fcnstige Angebote f\u00fcr alle, die auf der Suche nach einer preisg\u00fcnstigen Alternative sind.<\/p>\n<p>Unabh\u00e4ngig davon, f\u00fcr welches Unternehmen Sie sich entscheiden, k\u00f6nnen Sie bei diesen renommierten Autovermietungen saubere und gut gewartete Fahrzeuge sowie einen ausgezeichneten Kundenservice erwarten.<\/p>\n<h3>Verwandte Stichw\u00f6rter: Erschwingliche Autovermietung in Greenville NC<\/h3>\n<p>F\u00fcr preisbewusste Reisende ist die Suche nach einer erschwinglichen Autovermietung in greenville nc unerl\u00e4sslich. Gl\u00fccklicherweise bieten alle oben genannten gro\u00dfen Autovermietungen wettbewerbsf\u00e4hige Preise mit verschiedenen Rabatten, die das ganze Jahr \u00fcber verf\u00fcgbar sind.<\/p>\n<p>Wenn Sie noch mehr sparen m\u00f6chten, k\u00f6nnen Sie Ihren Mietwagen \u00fcber eine Website eines Drittanbieters buchen oder Rabattcodes verwenden, wenn Sie direkt \u00fcber die Website des Unternehmens reservieren. Auch die Anmietung zu verkehrsschwachen Zeiten kann zu erheblichen Einsparungen f\u00fchren.<\/p>\n<h3>Verwandte Stichw\u00f6rter: Luxus-Autovermietung in Greenville NC<\/h3>\n<p>F\u00fcr diejenigen, die ein luxuri\u00f6seres Fahrerlebnis suchen, gibt es auch Optionen f\u00fcr Luxusautovermietungen in Greenville, USA. Unternehmen wie Enterprise und Hertz bieten eine Auswahl an High-End-Fahrzeugen f\u00fcr diejenigen, die ihrer Reise einen Hauch von Luxus verleihen m\u00f6chten.<\/p>\n<p>Bedenken Sie jedoch, dass Luxusmieten oft mit einem h\u00f6heren Preis verbunden sind. Vergleichen Sie die Preise und pr\u00fcfen Sie, ob zus\u00e4tzliche Geb\u00fchren anfallen, bevor Sie Ihre Reservierung vornehmen.<\/p>\n<h3>Verwandte Stichw\u00f6rter: Langfristige Autovermietung in Greenville NC<\/h3>\n<p>Wenn Sie einen l\u00e4ngeren Aufenthalt in Greenville planen, k\u00f6nnen Sie bei den meisten gro\u00dfen Anbietern ein Auto langfristig mieten. Dies ist eine bequeme und kosteng\u00fcnstige Option f\u00fcr diejenigen, die mehrere Wochen oder Monate in der Stadt bleiben werden.<\/p>\n<p>Langfristige Anmietungen sind in der Regel g\u00fcnstiger und ersparen Ihnen den Aufwand, Ihren Mietvertrag alle paar Tage oder Wochen zu erneuern. Achten Sie nur darauf, das Kleingedruckte zu lesen und sich \u00fcber eventuelle Kilometerbeschr\u00e4nkungen oder zus\u00e4tzliche Geb\u00fchren zu informieren.<\/p>\n<h4>Pro \/ Kontra<\/h4>\n<p>Vorteile:<br \/>\n- Eine bequeme Art, Greenville zu erkunden<br \/>\n- Freiheit und Flexibilit\u00e4t, um zu gehen, wohin Sie wollen<br \/>\n- Erschwingliche Optionen verf\u00fcgbar<br \/>\n- Gro\u00dfe Auswahl an Fahrzeugen<\/p>\n<p>Nachteile:<br \/>\n- Es k\u00f6nnen zus\u00e4tzliche Geb\u00fchren anfallen (z. B. f\u00fcr eine Versicherung).<br \/>\n- Begrenzte Verf\u00fcgbarkeit w\u00e4hrend der Hauptreisezeiten<br \/>\n- M\u00f6gliche zus\u00e4tzliche Kosten bei versp\u00e4teter R\u00fcckgabe des Fahrzeugs<\/p>\n<h4>FAQ<\/h4>\n<p><img loading=\"lazy\" decoding=\"async\" class=\"alignright\" src=\"\/wp-content\/uploads\/images\/rent_car_1468.png\" alt=\"autovermietung greenville nc\" width=\"350\" height=\"350\" \/><\/p>\n<p>F: Kann ich ein Auto ohne Versicherung mieten?<br \/>\nA: Nein, alle Autovermietungen verlangen von ihren Kunden eine Art von Versicherungsschutz, wenn sie ein Fahrzeug mieten. Sie k\u00f6nnen entweder eine Versicherung \u00fcber den Vermieter abschlie\u00dfen oder Ihren eigenen Versicherungsschutz nutzen.<\/p>\n<p>F: Gibt es eine Altersbeschr\u00e4nkung f\u00fcr die Anmietung eines Autos?<br \/>\nA: Ja, bei den meisten Vermietungsunternehmen m\u00fcssen die Fahrer mindestens 21 Jahre alt sein, bei einigen Unternehmen m\u00fcssen die Fahrer 25 Jahre oder \u00e4lter sein. Bei Fahrern unter 25 Jahren k\u00f6nnen zus\u00e4tzliche Geb\u00fchren anfallen.<\/p>\n<p>F: Kann ich meinen Mietwagen an einem anderen Ort zur\u00fcckgeben?<br \/>\nA: Ja, die meisten Unternehmen bieten die M\u00f6glichkeit, Ihren Mietwagen gegen eine zus\u00e4tzliche Geb\u00fchr an einem anderen Ort zur\u00fcckzugeben. Erkundigen Sie sich vorher bei der Firma und kalkulieren Sie diese Geb\u00fchr bei der Reservierung ein.<\/p>\n<p>Zusammenfassend l\u00e4sst sich sagen, dass ein Mietwagen in Greenville NC der beste Weg ist, diese charmante Stadt in Ihrem eigenen Tempo zu erkunden. Mit verschiedenen Optionen f\u00fcr alle Budgets und Bed\u00fcrfnisse, werden Sie keine Probleme haben, das perfekte Fahrzeug f\u00fcr Ihre Reise zu finden. Also gehen Sie voran und mieten Sie ein Auto in Greenville NC - Sie werden es nicht bereuen!<\/p>\n<\/div>","protected":false},"excerpt":{"rendered":"<p>The Best Car Rental Options in Greenville NC Are you planning a trip to Greenville, North Carolina and wondering how to get around the city? Look no further than car rental greenville nc. Renting a car in Greenville is the most convenient and efficient way to explore all that this charming city has to offer. [&hellip;]<\/p>\n","protected":false},"author":1,"featured_media":2739,"parent":0,"menu_order":0,"comment_status":"closed","ping_status":"closed","template":"","meta":{"rs_blank_template":"","rs_page_bg_color":"","slide_template_v7":"","footnotes":""},"categories":[1],"tags":[],"class_list":["post-2737","page","type-page","status-publish","has-post-thumbnail","hentry","category-blog"],"_links":{"self":[{"href":"https:\/\/rental-car.company\/de\/wp-json\/wp\/v2\/pages\/2737","targetHints":{"allow":["GET"]}}],"collection":[{"href":"https:\/\/rental-car.company\/de\/wp-json\/wp\/v2\/pages"}],"about":[{"href":"https:\/\/rental-car.company\/de\/wp-json\/wp\/v2\/types\/page"}],"author":[{"embeddable":true,"href":"https:\/\/rental-car.company\/de\/wp-json\/wp\/v2\/users\/1"}],"replies":[{"embeddable":true,"href":"https:\/\/rental-car.company\/de\/wp-json\/wp\/v2\/comments?post=2737"}],"version-history":[{"count":0,"href":"https:\/\/rental-car.company\/de\/wp-json\/wp\/v2\/pages\/2737\/revisions"}],"wp:featuredmedia":[{"embeddable":true,"href":"https:\/\/rental-car.company\/de\/wp-json\/wp\/v2\/media\/2739"}],"wp:attachment":[{"href":"https:\/\/rental-car.company\/de\/wp-json\/wp\/v2\/media?parent=2737"}],"wp:term":[{"taxonomy":"category","embeddable":true,"href":"https:\/\/rental-car.company\/de\/wp-json\/wp\/v2\/categories?post=2737"},{"taxonomy":"post_tag","embeddable":true,"href":"https:\/\/rental-car.company\/de\/wp-json\/wp\/v2\/tags?post=2737"}],"curies":[{"name":"wp","href":"https:\/\/api.w.org\/{rel}","templated":true}]}}