{"id":3050,"date":"2024-07-28T03:06:29","date_gmt":"2024-07-28T03:06:29","guid":{"rendered":"https:\/\/rental-car.company\/?page_id=3050"},"modified":"2024-07-28T03:06:29","modified_gmt":"2024-07-28T03:06:29","slug":"autovermietung-zagreb","status":"publish","type":"page","link":"https:\/\/rental-car.company\/de\/autovermietung-zagreb\/","title":{"rendered":"Autovermietung Zagreb: Ihr ultimativer Leitfaden zur Erkundung von Kroatiens Hauptstadt"},"content":{"rendered":"<div class=\"wpb-content-wrapper\"><h2>Der beste Weg, Zagreb zu erkunden - Mietwagen Zagreb<\/h2>\n<p>Wenn Sie eine Reise nach Kroatien planen, ist eine der besten M\u00f6glichkeiten, die Hauptstadt Zagreb zu erkunden, die Anmietung eines Autos. In dieser pulsierenden Stadt gibt es so viel zu sehen und zu tun, dass Sie mit Ihrem eigenen Verkehrsmittel die Freiheit und Flexibilit\u00e4t haben, alles zu erleben, was die Stadt zu bieten hat. In diesem Artikel erfahren Sie alles, was Sie \u00fcber das Mieten eines Autos in Zagreb wissen m\u00fcssen.<\/p>\n<div class=\"vc_row wpb_row vc_row-fluid\"><div class=\"wpb_column vc_column_container vc_col-sm-12\"><div class=\"vc_column-inner\"><div class=\"wpb_wrapper\">\n\t<div class=\"wpb_text_column wpb_content_element\" >\n\t\t<div class=\"wpb_wrapper\">\n\t\t\t<p><script id=\"dchwidget\" src=\"https:\/\/www.discovercars.com\/wg.js\" async=\"\" data-dev-env=\"com\" data-location=\"\" data-lang=\"en\" data-utm-source=\"malina\" data-utm-medium=\"widget\" data-aff-code=\"a_aid\" data-autocomplete=\"on\" data-style-submit-bg-color=\"00A200\" data-style-submit-font-color=\"white\" data-style-form-bg-color=\"FAD130\" data-style-form-font-color=\"333\" data-style-submit-text=\"Search now\"><\/script><\/p>\n\n\t\t<\/div>\n\t<\/div>\n<\/div><\/div><\/div><\/div>\n<p>&nbsp;<\/p>\n<h2>Entdecken Sie Rent a Car Zagreb<\/h2>\n<p><img loading=\"lazy\" decoding=\"async\" class=\"alignleft\" src=\"\/wp-content\/uploads\/images\/rent_car_579.png\" alt=\"autovermietung zagreb\" width=\"350\" height=\"350\" \/><\/p>\n<p>Ein Auto in Zagreb zu mieten ist dank der zahlreichen Autovermietungen einfach und bequem. Eine der besten Optionen f\u00fcr Touristen ist <organization> - einer etablierten Autovermietung mit Standorten in der ganzen Stadt. Mit ihrer gro\u00dfen Auswahl an Fahrzeugen und wettbewerbsf\u00e4higen Preisen, <organization> macht es den Reisenden leicht, das perfekte Auto f\u00fcr ihre Bed\u00fcrfnisse zu finden.<\/p>\n<h3>Die Vorteile eines Mietwagens in Zagreb<\/h3>\n<p>- Bequemlichkeit: Mit Ihrem eigenen Mietwagen k\u00f6nnen Sie sich problemlos durch die Stra\u00dfen von Zagreb bewegen, ohne auf \u00f6ffentliche Verkehrsmittel oder Taxis angewiesen zu sein.<br \/>\n- Flexibilit\u00e4t: Sie k\u00f6nnen Ihre eigene Reiseroute erstellen und alle gew\u00fcnschten Ziele in Ihrem eigenen Tempo besuchen.<br \/>\n- Komfort: Mit einem eigenen Fahrzeug k\u00f6nnen Sie bequem reisen, denn es ist klimatisiert und bietet ausreichend Platz f\u00fcr Gep\u00e4ck.<br \/>\n- Kosteng\u00fcnstig: Je nach Gr\u00f6\u00dfe Ihrer Gruppe ist es oft kosteng\u00fcnstiger, ein Auto zu mieten, als mehrere Verkehrsmittel zu benutzen.<\/p>\n<h3>Die Nachteile eines Mietwagens in Zagreb<\/h3>\n<p>- Verkehrsstauungen: Wie in jeder Gro\u00dfstadt kann der Verkehr in Zagreb w\u00e4hrend der Hauptverkehrszeiten sehr dicht sein.<br \/>\n- Probleme beim Parken: Die Suche nach Parkpl\u00e4tzen in beliebten Gegenden kann schwierig und teuer sein.<br \/>\n- Unterschiedliche Fahrregeln: Wenn Sie mit den kroatischen Fahrgesetzen nicht vertraut sind, sollten Sie sich unbedingt informieren, bevor Sie sich hinter das Steuer setzen.<\/p>\n<h4>Pro \/ Kontra<\/h4>\n<p>Vorteile: Bequemlichkeit, Flexibilit\u00e4t, Komfort, Kosteneffizienz<br \/>\nNachteile: Verkehrsstaus, Parkplatzprobleme, ungewohnte Fahrregeln<\/p>\n<h4>H\u00e4ufig gestellte Fragen<\/h4>\n<p><img loading=\"lazy\" decoding=\"async\" class=\"alignright\" src=\"\/wp-content\/uploads\/images\/rent_car_151.png\" alt=\"autovermietung zagreb\" width=\"350\" height=\"350\" \/><\/p>\n<p><strong>F: Was ben\u00f6tige ich, um ein Auto in Zagreb zu mieten?<\/strong><br \/>\nA: Um ein Auto in Zagreb zu mieten, ben\u00f6tigen Sie einen g\u00fcltigen F\u00fchrerschein und eine Kreditkarte. Einige Autovermietungen k\u00f6nnen auch einen internationalen F\u00fchrerschein verlangen.<\/p>\n<p><strong>F: Ist es schwierig, in Zagreb Auto zu fahren?<\/strong><br \/>\nA: Das Autofahren in Zagreb kann aufgrund des starken Verkehrs und der engen Stra\u00dfen eine Herausforderung sein. Es ist wichtig, dass Sie sich mit den kroatischen Verkehrsregeln vertraut machen, bevor Sie ein Auto mieten.<\/p>\n<p><strong>F: Wie alt muss ich sein, um in Zagreb ein Auto zu mieten?<\/strong><br \/>\nA: Das Mindestalter f\u00fcr die Anmietung eines Fahrzeugs in Kroatien betr\u00e4gt 21 Jahre. Einige Autovermietungen k\u00f6nnen jedoch h\u00f6here Altersbeschr\u00e4nkungen oder zus\u00e4tzliche Geb\u00fchren f\u00fcr Fahrer unter 25 Jahren erheben.<\/p>\n<p>Zusammenfassend l\u00e4sst sich sagen, dass ein Mietwagen in Zagreb der perfekte Weg ist, um diese pulsierende Stadt vollst\u00e4ndig zu erkunden. Mit Komfort, Flexibilit\u00e4t und Kosteneffizienz auf Ihrer Seite haben Sie die Freiheit, alle versteckten Sch\u00e4tze in Ihrem eigenen Tempo zu entdecken. Warum also warten? Buchen Sie Ihren Mietwagen bei <organization> heute und machen Sie sich bereit f\u00fcr ein unvergessliches Abenteuer in Zagreb!<\/p>\n<\/div>","protected":false},"excerpt":{"rendered":"<p>The Best Way to Explore Zagreb &#8211; Rent a Car Zagreb If you&#8217;re planning a trip to Croatia, one of the best ways to explore its capital city, Zagreb, is by renting a car. With so much to see and do in this bustling city, having your own mode of transportation will give you the [&hellip;]<\/p>\n","protected":false},"author":1,"featured_media":3052,"parent":0,"menu_order":0,"comment_status":"closed","ping_status":"closed","template":"","meta":{"rs_blank_template":"","rs_page_bg_color":"","slide_template_v7":"","footnotes":""},"categories":[1],"tags":[],"class_list":["post-3050","page","type-page","status-publish","has-post-thumbnail","hentry","category-blog"],"_links":{"self":[{"href":"https:\/\/rental-car.company\/de\/wp-json\/wp\/v2\/pages\/3050","targetHints":{"allow":["GET"]}}],"collection":[{"href":"https:\/\/rental-car.company\/de\/wp-json\/wp\/v2\/pages"}],"about":[{"href":"https:\/\/rental-car.company\/de\/wp-json\/wp\/v2\/types\/page"}],"author":[{"embeddable":true,"href":"https:\/\/rental-car.company\/de\/wp-json\/wp\/v2\/users\/1"}],"replies":[{"embeddable":true,"href":"https:\/\/rental-car.company\/de\/wp-json\/wp\/v2\/comments?post=3050"}],"version-history":[{"count":0,"href":"https:\/\/rental-car.company\/de\/wp-json\/wp\/v2\/pages\/3050\/revisions"}],"wp:featuredmedia":[{"embeddable":true,"href":"https:\/\/rental-car.company\/de\/wp-json\/wp\/v2\/media\/3052"}],"wp:attachment":[{"href":"https:\/\/rental-car.company\/de\/wp-json\/wp\/v2\/media?parent=3050"}],"wp:term":[{"taxonomy":"category","embeddable":true,"href":"https:\/\/rental-car.company\/de\/wp-json\/wp\/v2\/categories?post=3050"},{"taxonomy":"post_tag","embeddable":true,"href":"https:\/\/rental-car.company\/de\/wp-json\/wp\/v2\/tags?post=3050"}],"curies":[{"name":"wp","href":"https:\/\/api.w.org\/{rel}","templated":true}]}}