{"id":3053,"date":"2024-07-28T04:05:27","date_gmt":"2024-07-28T04:05:27","guid":{"rendered":"https:\/\/rental-car.company\/?page_id=3053"},"modified":"2024-07-28T04:05:27","modified_gmt":"2024-07-28T04:05:27","slug":"mietwagen-jacksonville-fl","status":"publish","type":"page","link":"https:\/\/rental-car.company\/de\/mietwagen-jacksonville-fl\/","title":{"rendered":"Mietwagen Jacksonville FL: Ihr Leitfaden zur Erkundung der Stadt in Komfort und Stil"},"content":{"rendered":"<div class=\"wpb-content-wrapper\"><h2>Jacksonville mit einem Mietwagen erkunden<\/h2>\n<p>Bei der Planung einer Reise nach Jacksonville, Florida, gibt es viele Dinge zu beachten - von der Suche nach der perfekten Unterkunft bis hin zur Entscheidung, welche Attraktionen und Aktivit\u00e4ten Sie in Ihr Reiseprogramm aufnehmen wollen. Ein Aspekt, der jedoch oft \u00fcbersehen wird, ist das Verkehrswesen. \u00d6ffentliche Verkehrsmittel k\u00f6nnen zwar bequem sein, bringen Sie aber nicht immer an Ihr Ziel. Hier kommt die Autovermietung Jacksonville Fl ins Spiel.<\/p>\n<div class=\"vc_row wpb_row vc_row-fluid\"><div class=\"wpb_column vc_column_container vc_col-sm-12\"><div class=\"vc_column-inner\"><div class=\"wpb_wrapper\">\n\t<div class=\"wpb_text_column wpb_content_element\" >\n\t\t<div class=\"wpb_wrapper\">\n\t\t\t<p><script id=\"dchwidget\" src=\"https:\/\/www.discovercars.com\/wg.js\" async=\"\" data-dev-env=\"com\" data-location=\"\" data-lang=\"en\" data-utm-source=\"malina\" data-utm-medium=\"widget\" data-aff-code=\"a_aid\" data-autocomplete=\"on\" data-style-submit-bg-color=\"00A200\" data-style-submit-font-color=\"white\" data-style-form-bg-color=\"FAD130\" data-style-form-font-color=\"333\" data-style-submit-text=\"Search now\"><\/script><\/p>\n\n\t\t<\/div>\n\t<\/div>\n<\/div><\/div><\/div><\/div>\n<p>&nbsp;<\/p>\n<h2>Discover Rental Car Jacksonville FL<\/h2>\n<p><img loading=\"lazy\" decoding=\"async\" class=\"alignleft\" src=\"\/wp-content\/uploads\/images\/rent_car_365.png\" alt=\"mietwagen jacksonville fl\" width=\"350\" height=\"350\" \/><\/p>\n<p>Mit einem Mietwagen in Jacksonville haben Sie die Freiheit und Flexibilit\u00e4t, die Stadt in Ihrem eigenen Tempo zu erkunden. Sie m\u00fcssen sich nicht mehr auf die Fahrpl\u00e4ne der \u00f6ffentlichen Verkehrsmittel verlassen oder Geld f\u00fcr teure Taxifahrten ausgeben. Und mit so vielen Optionen zu erschwinglichen Preisen war es noch nie so einfach, ein Auto in Jacksonville zu mieten.<\/p>\n<p>Wenn Sie am Jacksonville International Airport (JAX) ankommen, finden Sie mehrere Autovermietungen, die sich bequem im Flughafenterminal befinden. Dazu geh\u00f6ren beliebte Marken wie Hertz, Avis, Enterprise und Budget. Wenn Sie sich im Stadtzentrum oder an einem anderen Ort in Jacksonville aufhalten, gibt es auch zahlreiche Autovermietungen, die \u00fcber die ganze Stadt verteilt sind.<\/p>\n<h3>Die Vorteile eines Mietwagens in Jacksonville<\/h3>\n<p>Es gibt mehrere Vorteile, wenn Sie sich f\u00fcr einen Mietwagen f\u00fcr Ihre Reise in Jacksonville entscheiden:<\/p>\n<p>- Bequemlichkeit: Mit einem Mietwagen in Jacksonville Fl k\u00f6nnen Sie alle Ihre gew\u00fcnschten Ziele besuchen, ohne sich um die Navigation in den \u00f6ffentlichen Verkehrsmitteln k\u00fcmmern zu m\u00fcssen.<br \/>\n- Kosteng\u00fcnstig: Die Anmietung eines Autos ist oft kosteng\u00fcnstiger als die Benutzung von Taxis oder Mitfahrdiensten wie Uber oder Lyft.<br \/>\n- Komfort und Privatsph\u00e4re: Ein Mietwagen bietet Komfort und Privatsph\u00e4re f\u00fcr Sie und Ihre Reisebegleiter.<br \/>\n- Flexibilit\u00e4t: Wenn Sie mit dem Mietwagen unterwegs sind, haben Sie die volle Kontrolle \u00fcber Ihren Zeitplan und k\u00f6nnen spontane Zwischenstopps oder Umwege einlegen, wenn Sie m\u00f6chten.<br \/>\n- Gro\u00dfe Auswahl an Fahrzeugoptionen: Die Autovermieter bieten eine Vielzahl von Fahrzeugen an, die Ihren Bed\u00fcrfnissen entsprechen, egal ob Sie alleine oder in einer Gruppe reisen.<\/p>\n<h3>Die Nachteile eines Mietwagens in Jacksonville<\/h3>\n<p>Das Mieten eines Autos in Jacksonville hat zwar viele Vorteile, aber es ist auch wichtig, die m\u00f6glichen Nachteile zu ber\u00fccksichtigen:<\/p>\n<p>- Zus\u00e4tzliche Kosten: Neben der Grundmiete k\u00f6nnen zus\u00e4tzliche Kosten f\u00fcr Versicherung, Kraftstoff und Mautgeb\u00fchren anfallen.<br \/>\n- Verkehr und Parken: Je nachdem, wann und wo Sie fahren, kann der Verkehr in Jacksonville ein Problem sein. Au\u00dferdem kann es manchmal schwierig sein, in beliebten Gegenden einen Parkplatz zu finden.<br \/>\n- Verantwortung f\u00fcr Sch\u00e4den: Als Mieter sind Sie f\u00fcr alle Sch\u00e4den verantwortlich, die w\u00e4hrend der Mietzeit entstehen.<\/p>\n<h4>Pro \/ Kontra<\/h4>\n<p>Vorteile:<\/p>\n<ul>\n<li>Bequem und kosteng\u00fcnstig.<\/li>\n<li>Komfort und Privatsph\u00e4re.<\/li>\n<li>Flexibilit\u00e4t.<\/li>\n<li>Breite Palette an Fahrzeugoptionen.<\/li>\n<\/ul>\n<p>Nachteile:<\/p>\n<ul>\n<li>Zus\u00e4tzliche Kosten f\u00fcr Versicherung, Kraftstoff und Mautgeb\u00fchren.<\/li>\n<li>M\u00f6gliche Probleme bei Verkehr und Parken.<\/li>\n<li>Verantwortung f\u00fcr Sch\u00e4den w\u00e4hrend der Mietzeit.<\/li>\n<\/ul>\n<h4>H\u00e4ufig gestellte Fragen (FAQ)<\/h4>\n<p><img loading=\"lazy\" decoding=\"async\" class=\"alignright\" src=\"\/wp-content\/uploads\/images\/rent_car_910.png\" alt=\"mietwagen jacksonville fl\" width=\"350\" height=\"350\" \/><\/p>\n<p>F: Wie alt muss ich sein, um ein Auto in Jacksonville zu mieten?<br \/>\nA: Das Mindestalter liegt normalerweise bei 21 Jahren. Einige Autovermieter verlangen jedoch, dass der Mieter mindestens 25 Jahre alt ist.<\/p>\n<p>F: Brauche ich einen internationalen F\u00fchrerschein?<br \/>\nA: Wenn Ihr F\u00fchrerschein in englischer Sprache ausgestellt ist oder eine offizielle \u00dcbersetzung ins Englische von Ihrem Heimatland oder Ihrer Botschaft vorliegt, ist ein internationaler F\u00fchrerschein nicht erforderlich.<\/p>\n<p>F: Ist die Versicherung im Mietpreis enthalten?<br \/>\nA: Die meisten Autovermietungen bieten gegen eine zus\u00e4tzliche Geb\u00fchr Versicherungsoptionen an. Es ist wichtig, dass Sie Ihren Versicherungsschutz sorgf\u00e4ltig pr\u00fcfen und verstehen, bevor Sie ein Auto anmieten.<\/p>\n<p>F: Kann ich den Mietwagen auch an einem anderen Ort zur\u00fcckgeben?<br \/>\nA: Einige Autovermietungen bieten die M\u00f6glichkeit, den Wagen an einem anderen Ort zur\u00fcckzugeben, allerdings ist dies oft mit einer zus\u00e4tzlichen Geb\u00fchr verbunden. Am besten erkundigen Sie sich vorher bei der Firma.<\/p>\n<h2>Erkunden Sie Jacksonville mit Ihrem Mietwagen<\/h2>\n<p>Nun, da Sie alle Informationen \u00fcber das Mieten eines Autos in Jacksonville haben, ist es an der Zeit, sich auf den Weg zu machen und die Stadt zu erkunden! Von wundersch\u00f6nen Str\u00e4nden und Parks bis hin zu lebendigen Stadtvierteln und kulturellen Attraktionen gibt es in dieser dynamischen Stadt so viel zu sehen und zu tun. Mit Ihrem zuverl\u00e4ssigen Mietwagen in Jacksonville fl an Ihrer Seite k\u00f6nnen Sie das Beste aus Ihrer Reise machen und unvergessliche Erinnerungen schaffen.<\/p>\n<\/div>","protected":false},"excerpt":{"rendered":"<p>Exploring Jacksonville with a Rental Car When planning a trip to Jacksonville, Florida, there are many things to consider &#8211; from finding the perfect accommodation to deciding which attractions and activities to add to your itinerary. However, one aspect that often gets overlooked is transportation. While public transportation can be convenient, it may not always [&hellip;]<\/p>\n","protected":false},"author":1,"featured_media":3055,"parent":0,"menu_order":0,"comment_status":"closed","ping_status":"closed","template":"","meta":{"rs_blank_template":"","rs_page_bg_color":"","slide_template_v7":"","footnotes":""},"categories":[1],"tags":[],"class_list":["post-3053","page","type-page","status-publish","has-post-thumbnail","hentry","category-blog"],"_links":{"self":[{"href":"https:\/\/rental-car.company\/de\/wp-json\/wp\/v2\/pages\/3053","targetHints":{"allow":["GET"]}}],"collection":[{"href":"https:\/\/rental-car.company\/de\/wp-json\/wp\/v2\/pages"}],"about":[{"href":"https:\/\/rental-car.company\/de\/wp-json\/wp\/v2\/types\/page"}],"author":[{"embeddable":true,"href":"https:\/\/rental-car.company\/de\/wp-json\/wp\/v2\/users\/1"}],"replies":[{"embeddable":true,"href":"https:\/\/rental-car.company\/de\/wp-json\/wp\/v2\/comments?post=3053"}],"version-history":[{"count":0,"href":"https:\/\/rental-car.company\/de\/wp-json\/wp\/v2\/pages\/3053\/revisions"}],"wp:featuredmedia":[{"embeddable":true,"href":"https:\/\/rental-car.company\/de\/wp-json\/wp\/v2\/media\/3055"}],"wp:attachment":[{"href":"https:\/\/rental-car.company\/de\/wp-json\/wp\/v2\/media?parent=3053"}],"wp:term":[{"taxonomy":"category","embeddable":true,"href":"https:\/\/rental-car.company\/de\/wp-json\/wp\/v2\/categories?post=3053"},{"taxonomy":"post_tag","embeddable":true,"href":"https:\/\/rental-car.company\/de\/wp-json\/wp\/v2\/tags?post=3053"}],"curies":[{"name":"wp","href":"https:\/\/api.w.org\/{rel}","templated":true}]}}