{"id":3535,"date":"2024-07-31T18:05:22","date_gmt":"2024-07-31T18:05:22","guid":{"rendered":"https:\/\/rental-car.company\/?page_id=3535"},"modified":"2024-07-31T18:05:22","modified_gmt":"2024-07-31T18:05:22","slug":"autovermietung-kolumbien-mo","status":"publish","type":"page","link":"https:\/\/rental-car.company\/de\/autovermietung-kolumbien-mo\/","title":{"rendered":"Autovermietung Columbia MO: Der ultimative Leitfaden"},"content":{"rendered":"<div class=\"wpb-content-wrapper\"><h2>Die besten Autovermietungen in Columbia MO<\/h2>\n<p>Wenn Sie die sch\u00f6ne Stadt Columbia, Missouri, erkunden wollen, ist ein zuverl\u00e4ssiges Verkehrsmittel unerl\u00e4sslich. Egal, ob Sie ein Einheimischer oder ein Reisender sind, ein Auto in Columbia MO zu mieten ist die bequemste und kosteng\u00fcnstigste Art, sich fortzubewegen. Bei den zahlreichen Autovermietungen in der Stadt kann es schwierig sein, die richtige f\u00fcr Ihre Bed\u00fcrfnisse zu finden. In diesem Leitfaden finden Sie alle Informationen, die Sie \u00fcber Autovermietungen in Columbia MO wissen m\u00fcssen.<\/p>\n<div class=\"vc_row wpb_row vc_row-fluid\"><div class=\"wpb_column vc_column_container vc_col-sm-12\"><div class=\"vc_column-inner\"><div class=\"wpb_wrapper\">\n\t<div class=\"wpb_text_column wpb_content_element\" >\n\t\t<div class=\"wpb_wrapper\">\n\t\t\t<p><script id=\"dchwidget\" src=\"https:\/\/www.discovercars.com\/wg.js\" async=\"\" data-dev-env=\"com\" data-location=\"\" data-lang=\"en\" data-utm-source=\"malina\" data-utm-medium=\"widget\" data-aff-code=\"a_aid\" data-autocomplete=\"on\" data-style-submit-bg-color=\"00A200\" data-style-submit-font-color=\"white\" data-style-form-bg-color=\"FAD130\" data-style-form-font-color=\"333\" data-style-submit-text=\"Search now\"><\/script><\/p>\n\n\t\t<\/div>\n\t<\/div>\n<\/div><\/div><\/div><\/div>\n<p>&nbsp;<\/p>\n<h2>Discover Autovermietung Columbia MO<\/h2>\n<p><img loading=\"lazy\" decoding=\"async\" class=\"alignleft\" src=\"\/wp-content\/uploads\/images\/rent_car_917.png\" alt=\"autovermietung kolumbien mo\" width=\"350\" height=\"350\" \/><\/p>\n<p>Columbia ist eine bl\u00fchende Universit\u00e4tsstadt mit zahlreichen Attraktionen und Aktivit\u00e4ten f\u00fcr Besucher. Von historischen Denkm\u00e4lern und Museen bis hin zu malerischen Parks und G\u00e4rten ist hier f\u00fcr jeden etwas dabei. Wenn Sie sich jedoch auf \u00f6ffentliche Verkehrsmittel oder Mitfahrgelegenheiten verlassen, k\u00f6nnen Sie Ihre Freiheit und Flexibilit\u00e4t einschr\u00e4nken, wenn es darum geht, alles zu erkunden, was diese charmante Stadt zu bieten hat.<\/p>\n<p>Hier kommen die Autovermietungen ins Spiel. Sie bieten Ihnen eine Reihe von Fahrzeugen zu erschwinglichen Preisen, so dass Sie ein unvergessliches Erlebnis haben k\u00f6nnen, w\u00e4hrend Sie durch Columbia MO reisen. Einige beliebte Autovermietungen in der Region sind Enterprise Rent-A-Car, Hertz Rent-A-Car, Avis Car Rental, Budget Car Rental und Thrifty Car Rental.<\/p>\n<h3>Unternehmen Rent-A-Car<\/h3>\n<p>Enterprise Rent-A-Car ist eine der am besten bewerteten Autovermietungen in Columbia MO, die f\u00fcr ihren hervorragenden Kundenservice und ihre gut gewarteten Fahrzeuge bekannt ist. Sie bieten eine gro\u00dfe Auswahl an Fahrzeugen, die von Kleinwagen \u00fcber SUVs bis hin zu Luxusfahrzeugen reichen, zu wettbewerbsf\u00e4higen Preisen.<\/p>\n<h3>Hertz Rent-A-Car<\/h3>\n<p>Hertz bietet seit 1918 zuverl\u00e4ssige Autovermietungen an und ist heute einer der gr\u00f6\u00dften Anbieter weltweit. In Columbia MO gibt es mehrere Standorte, an denen Sie ein Auto mieten k\u00f6nnen, unter anderem am Columbia Regional Airport. Sie bieten eine breite Palette von Fahrzeugen zur Auswahl, darunter auch Hybrid- und Elektroautos.<\/p>\n<h3>Avis Autovermietung<\/h3>\n<p>Avis Car Rental ist eine weitere beliebte Wahl f\u00fcr Autovermietungen in Columbia MO. Sie haben eine Vielzahl von Fahrzeugen f\u00fcr unterschiedliche Bed\u00fcrfnisse und Budgets, wie Kleinwagen, SUVs und Luxuslimousinen. Sie k\u00f6nnen auch ihr Treueprogramm f\u00fcr Rabatte und andere Vorteile beitreten.<\/p>\n<h3>Budget Autovermietung<\/h3>\n<p>Budget ist bekannt f\u00fcr seine erschwinglichen Preise und g\u00fcnstigen Standorte in Columbia MO. Die Flotte besteht aus zuverl\u00e4ssigen Autos, die perfekt f\u00fcr preisbewusste Reisende sind. Sie bieten auch Langzeitmieten an, wenn Sie planen, f\u00fcr l\u00e4ngere Zeit in der Stadt zu bleiben.<\/p>\n<h4>Pro \/ Kontra<\/h4>\n<p>Vorteile:<br \/>\n- Freiheit, die Stadt in Ihrem eigenen Tempo zu erkunden<br \/>\n- Erschwingliche Preise im Vergleich zu Mitfahrdiensten oder Taxis<br \/>\n- Gro\u00dfe Auswahl an Fahrzeugen zur Auswahl<br \/>\n- Bequemlichkeit durch mehrere Mietstationen in der Stadt<\/p>\n<p>Nachteile:<br \/>\n- Es k\u00f6nnen zus\u00e4tzliche Geb\u00fchren anfallen, z. B. f\u00fcr Versicherung oder GPS.<br \/>\n- Eingeschr\u00e4nkte Verf\u00fcgbarkeit w\u00e4hrend der Hochsaison oder an Feiertagen<br \/>\n- F\u00fcr die Anmietung bestimmter Fahrzeugtypen k\u00f6nnen Altersbeschr\u00e4nkungen gelten<\/p>\n<h4>FAQ<\/h4>\n<p><img loading=\"lazy\" decoding=\"async\" class=\"alignright\" src=\"\/wp-content\/uploads\/images\/rent_car_1056.png\" alt=\"autovermietung kolumbien mo\" width=\"350\" height=\"350\" \/><\/p>\n<p>F: Was ben\u00f6tige ich, um ein Auto in Columbia MO zu mieten?<br \/>\nA: Um ein Auto in Columbia MO zu mieten, ben\u00f6tigen Sie einen g\u00fcltigen F\u00fchrerschein, eine Kreditkarte und einen Versicherungsnachweis (falls Sie diesen nicht bei der Autovermietung erwerben).<\/p>\n<p>F: Kann ich meinen Mietwagen an einem anderen Ort zur\u00fcckgeben?<br \/>\nA: Ja, die meisten Vermieter erlauben Ihnen, Ihr Fahrzeug an einem anderen Ort zur\u00fcckzugeben, als Sie es abgeholt haben. Es k\u00f6nnen jedoch zus\u00e4tzliche Geb\u00fchren anfallen.<\/p>\n<p>F: Gibt es eine Altersbeschr\u00e4nkung f\u00fcr die Anmietung eines Autos?<br \/>\nA: Die meisten Unternehmen verlangen, dass die Mieter mindestens 21 Jahre alt sind, wobei f\u00fcr Fahrer unter 25 Jahren zus\u00e4tzliche Geb\u00fchren anfallen k\u00f6nnen.<\/p>\n<p>Zusammenfassend l\u00e4sst sich sagen, dass eine Autovermietung in Columbia MO der beste Weg ist, die Stadt und ihre Umgebung zu erkunden. Mit einer Vielzahl von Optionen zur Verf\u00fcgung, k\u00f6nnen Sie die eine, die am besten Ihren Bed\u00fcrfnissen und Budget passt. Wenn Sie also das n\u00e4chste Mal eine Reise nach Columbia planen, sollten Sie auf jeden Fall einen Mietwagen in Erw\u00e4gung ziehen, um eine stressfreie Erfahrung zu machen.<\/p>\n<\/div>","protected":false},"excerpt":{"rendered":"<p>The Best Car Rental Services in Columbia MO When it comes to exploring the beautiful city of Columbia, Missouri, having a reliable means of transportation is essential. Whether you are a local resident or a traveler, renting a car in Columbia MO is the most convenient and cost-effective way to get around. With numerous car [&hellip;]<\/p>\n","protected":false},"author":1,"featured_media":3026,"parent":0,"menu_order":0,"comment_status":"closed","ping_status":"closed","template":"","meta":{"rs_blank_template":"","rs_page_bg_color":"","slide_template_v7":"","footnotes":""},"categories":[1],"tags":[],"class_list":["post-3535","page","type-page","status-publish","has-post-thumbnail","hentry","category-blog"],"_links":{"self":[{"href":"https:\/\/rental-car.company\/de\/wp-json\/wp\/v2\/pages\/3535","targetHints":{"allow":["GET"]}}],"collection":[{"href":"https:\/\/rental-car.company\/de\/wp-json\/wp\/v2\/pages"}],"about":[{"href":"https:\/\/rental-car.company\/de\/wp-json\/wp\/v2\/types\/page"}],"author":[{"embeddable":true,"href":"https:\/\/rental-car.company\/de\/wp-json\/wp\/v2\/users\/1"}],"replies":[{"embeddable":true,"href":"https:\/\/rental-car.company\/de\/wp-json\/wp\/v2\/comments?post=3535"}],"version-history":[{"count":0,"href":"https:\/\/rental-car.company\/de\/wp-json\/wp\/v2\/pages\/3535\/revisions"}],"wp:featuredmedia":[{"embeddable":true,"href":"https:\/\/rental-car.company\/de\/wp-json\/wp\/v2\/media\/3026"}],"wp:attachment":[{"href":"https:\/\/rental-car.company\/de\/wp-json\/wp\/v2\/media?parent=3535"}],"wp:term":[{"taxonomy":"category","embeddable":true,"href":"https:\/\/rental-car.company\/de\/wp-json\/wp\/v2\/categories?post=3535"},{"taxonomy":"post_tag","embeddable":true,"href":"https:\/\/rental-car.company\/de\/wp-json\/wp\/v2\/tags?post=3535"}],"curies":[{"name":"wp","href":"https:\/\/api.w.org\/{rel}","templated":true}]}}