{"id":3569,"date":"2024-08-01T01:05:22","date_gmt":"2024-08-01T01:05:22","guid":{"rendered":"https:\/\/rental-car.company\/?page_id=3569"},"modified":"2024-08-01T01:05:22","modified_gmt":"2024-08-01T01:05:22","slug":"autovermietung-reno-flughafen","status":"publish","type":"page","link":"https:\/\/rental-car.company\/de\/autovermietung-reno-flughafen\/","title":{"rendered":"Autovermietung Reno Flughafen: Ihr Leitfaden f\u00fcr die Anmietung eines Autos am internationalen Flughafen Reno-Tahoe"},"content":{"rendered":"<div class=\"wpb-content-wrapper\"><h2>Ein Auto am internationalen Flughafen Reno-Tahoe mieten<\/h2>\n<p>Wenn Sie eine Reise nach Reno, Nevada, planen, werden Sie h\u00f6chstwahrscheinlich auf dem Reno-Tahoe International Airport landen. Dieser belebte Flughafen ist das Tor zu einigen der beliebtesten Reiseziele in Nevada, darunter der Lake Tahoe und verschiedene Skigebiete. Es gibt zwar mehrere Transportm\u00f6glichkeiten vom Flughafen aus, aber eine der bequemsten und flexibelsten M\u00f6glichkeiten, diese Region zu erkunden, ist die Anmietung eines Autos.<\/p>\n<p>Wir von rental-car.company wissen, wie wichtig es ist, auf Ihren Reisen ein zuverl\u00e4ssiges Verkehrsmittel zu haben. Deshalb bieten wir eine einfache und problemlose Autovermietung am Reno-Tahoe International Airport. In diesem Artikel finden Sie alle Informationen, die Sie \u00fcber die Autovermietung am Reno-Tahoe International Airport wissen m\u00fcssen und wie Sie das Beste aus Ihrer Reise machen k\u00f6nnen.<\/p>\n<div class=\"vc_row wpb_row vc_row-fluid\"><div class=\"wpb_column vc_column_container vc_col-sm-12\"><div class=\"vc_column-inner\"><div class=\"wpb_wrapper\">\n\t<div class=\"wpb_text_column wpb_content_element\" >\n\t\t<div class=\"wpb_wrapper\">\n\t\t\t<p><script id=\"dchwidget\" src=\"https:\/\/www.discovercars.com\/wg.js\" async=\"\" data-dev-env=\"com\" data-location=\"\" data-lang=\"en\" data-utm-source=\"malina\" data-utm-medium=\"widget\" data-aff-code=\"a_aid\" data-autocomplete=\"on\" data-style-submit-bg-color=\"00A200\" data-style-submit-font-color=\"white\" data-style-form-bg-color=\"FAD130\" data-style-form-font-color=\"333\" data-style-submit-text=\"Search now\"><\/script><\/p>\n\n\t\t<\/div>\n\t<\/div>\n<\/div><\/div><\/div><\/div>\n<p>&nbsp;<\/p>\n<h2>Entdecken Sie Autovermietung Reno Flughafen<\/h2>\n<p><img loading=\"lazy\" decoding=\"async\" class=\"alignleft\" src=\"\/wp-content\/uploads\/images\/rent_car_1482.png\" alt=\"autovermietung reno flughafen\" width=\"350\" height=\"350\" \/><\/p>\n<p>Wenn es darum geht, ein Auto auf einem Flughafen zu mieten, ist Bequemlichkeit der Schl\u00fcssel. Und genau das werden Sie finden, wenn Sie bei unserem Unternehmen am Reno-Tahoe International Airport ein Auto mieten. Unser Standort innerhalb des Flughafens macht es Reisenden leicht, ihr Mietauto bei der Ankunft abzuholen, ohne sich um Shuttles oder Taxis k\u00fcmmern zu m\u00fcssen.<\/p>\n<p>Wir bieten eine gro\u00dfe Auswahl an Fahrzeugen, von Kleinwagen f\u00fcr Alleinreisende oder Paare \u00fcber SUVs f\u00fcr Familien oder Gruppen bis hin zu Luxusfahrzeugen f\u00fcr diejenigen, die etwas ganz Besonderes suchen. Unsere Flotte umfasst Top-Marken wie Ford, Toyota, Chevrolet und mehr - alle gut gepflegt und regelm\u00e4\u00dfig gewartet f\u00fcr Ihre Sicherheit und Ihren Komfort.<\/p>\n<h3>Verwandte Stichw\u00f6rter: 'autovermietung reno flughafen'<\/h3>\n<p>Wenn Sie bei uns auf rental-car.company am Reno-Tahoe International Airport ein Auto mieten, k\u00f6nnen Sie Folgendes erwarten:<\/p>\n<h3>G\u00fcnstiger Standort<\/h3>\n<p>Wie bereits erw\u00e4hnt, ist unsere Lage innerhalb des Flughafens f\u00fcr Reisende, die bei ihrer Ankunft ein Auto mieten m\u00f6chten, \u00e4u\u00dferst praktisch. Unser Anmietungsschalter befindet sich in der Gep\u00e4ckausgabe, sodass Sie Ihr Fahrzeug ganz einfach abholen und in k\u00fcrzester Zeit losfahren k\u00f6nnen.<\/p>\n<h3>Erschwingliche Preise<\/h3>\n<p>Wir wissen, dass das Budget ein wichtiger Faktor bei der Planung einer Reise ist. Deshalb bieten wir wettbewerbsf\u00e4hige Preise f\u00fcr unsere Autovermietungen am Reno-Tahoe International Airport. Au\u00dferdem bieten wir regelm\u00e4\u00dfig Sonderaktionen und Rabatte an. Schauen Sie also auf unserer Website nach, ob es aktuelle Angebote gibt.<\/p>\n<h3>Flexible Abhol- und Abgabem\u00f6glichkeiten<\/h3>\n<p>Wir wissen, dass sich Reisepl\u00e4ne manchmal \u00e4ndern k\u00f6nnen. Deshalb bieten wir flexible Abhol- und R\u00fcckgabeoptionen. Sie k\u00f6nnen Ihren Mietwagen bei Bedarf an einem anderen Ort zur\u00fcckgeben. So k\u00f6nnen Sie Ihre Reiseroute besser planen, ohne sich um die R\u00fcckfahrt zum Flughafen k\u00fcmmern zu m\u00fcssen.<\/p>\n<h4>Pro \/ Kontra<\/h4>\n<p>Vorteile:<br \/>\n- G\u00fcnstige Lage innerhalb des Flughafens<br \/>\n- Gro\u00dfe Auswahl an gut gewarteten Fahrzeugen<br \/>\n- Wettbewerbsf\u00e4hige Preise<br \/>\n- Flexible Abhol- und R\u00fcckgabem\u00f6glichkeiten<\/p>\n<p>Nachteile:<br \/>\n- F\u00fcr die R\u00fcckgabe des Mietwagens an einem anderen Ort k\u00f6nnen zus\u00e4tzliche Geb\u00fchren anfallen.<br \/>\n- Begrenzte Verf\u00fcgbarkeit w\u00e4hrend der Hauptreisezeiten<\/p>\n<h4>H\u00e4ufig gestellte Fragen (FAQ)<\/h4>\n<p><img loading=\"lazy\" decoding=\"async\" class=\"alignright\" src=\"\/wp-content\/uploads\/images\/rent_car_812.png\" alt=\"autovermietung reno flughafen\" width=\"350\" height=\"350\" \/><\/p>\n<p>F: Welche Dokumente ben\u00f6tige ich, wenn ich ein Auto am Reno-Tahoe International Airport miete?<br \/>\nA: Sie ben\u00f6tigen einen g\u00fcltigen F\u00fchrerschein, eine Kreditkarte und einen Versicherungsnachweis.<\/p>\n<p>F: Gibt es irgendwelche Altersbeschr\u00e4nkungen f\u00fcr die Anmietung eines Autos?<br \/>\nA: Ja, Mieter m\u00fcssen mindestens 21 Jahre alt und im Besitz eines g\u00fcltigen F\u00fchrerscheins sein. F\u00fcr Fahrer unter 25 Jahren k\u00f6nnen zus\u00e4tzliche Geb\u00fchren anfallen.<\/p>\n<p>F: Kann ich meinem Mietvertrag zus\u00e4tzliche Fahrer hinzuf\u00fcgen?<br \/>\nA: Ja, zus\u00e4tzliche Fahrer k\u00f6nnen gegen eine zus\u00e4tzliche Geb\u00fchr pro Tag hinzugef\u00fcgt werden.<\/p>\n<p>F: Was ist, wenn sich mein Flug versp\u00e4tet und ich den Mietwagen nicht rechtzeitig zur\u00fcckgeben kann?<br \/>\nA: Bitte benachrichtigen Sie uns so schnell wie m\u00f6glich, wenn Ihr Flug versp\u00e4tet ist. Wir bieten eine Nachfrist von 29 Minuten, bevor eine zus\u00e4tzliche Tagesmiete berechnet wird.<\/p>\n<p>Zusammenfassend l\u00e4sst sich sagen, dass eine Autovermietung am Reno-Tahoe International Airport eine bequeme und flexible M\u00f6glichkeit ist, Nevada zu erkunden. Mit unserer gro\u00dfen Auswahl an Fahrzeugen, erschwinglichen Preisen und einer g\u00fcnstigen Lage bietet Ihnen rental-car.company am Reno-Tahoe International Airport alles, was Sie f\u00fcr Ihre Autovermietung brauchen. Buchen Sie noch heute bei uns und machen Sie das Beste aus Ihrer Reise nach Reno!<\/p>\n<\/div>","protected":false},"excerpt":{"rendered":"<p>Renting a Car at the Reno-Tahoe International Airport If you&#8217;re planning a trip to Reno, Nevada, chances are you&#8217;ll be flying into the Reno-Tahoe International Airport. This bustling airport is the gateway to some of Nevada&#8217;s most popular destinations, including Lake Tahoe and various ski resorts. While there are several transportation options available from the [&hellip;]<\/p>\n","protected":false},"author":1,"featured_media":3571,"parent":0,"menu_order":0,"comment_status":"closed","ping_status":"closed","template":"","meta":{"rs_blank_template":"","rs_page_bg_color":"","slide_template_v7":"","footnotes":""},"categories":[1],"tags":[],"class_list":["post-3569","page","type-page","status-publish","has-post-thumbnail","hentry","category-blog"],"_links":{"self":[{"href":"https:\/\/rental-car.company\/de\/wp-json\/wp\/v2\/pages\/3569","targetHints":{"allow":["GET"]}}],"collection":[{"href":"https:\/\/rental-car.company\/de\/wp-json\/wp\/v2\/pages"}],"about":[{"href":"https:\/\/rental-car.company\/de\/wp-json\/wp\/v2\/types\/page"}],"author":[{"embeddable":true,"href":"https:\/\/rental-car.company\/de\/wp-json\/wp\/v2\/users\/1"}],"replies":[{"embeddable":true,"href":"https:\/\/rental-car.company\/de\/wp-json\/wp\/v2\/comments?post=3569"}],"version-history":[{"count":0,"href":"https:\/\/rental-car.company\/de\/wp-json\/wp\/v2\/pages\/3569\/revisions"}],"wp:featuredmedia":[{"embeddable":true,"href":"https:\/\/rental-car.company\/de\/wp-json\/wp\/v2\/media\/3571"}],"wp:attachment":[{"href":"https:\/\/rental-car.company\/de\/wp-json\/wp\/v2\/media?parent=3569"}],"wp:term":[{"taxonomy":"category","embeddable":true,"href":"https:\/\/rental-car.company\/de\/wp-json\/wp\/v2\/categories?post=3569"},{"taxonomy":"post_tag","embeddable":true,"href":"https:\/\/rental-car.company\/de\/wp-json\/wp\/v2\/tags?post=3569"}],"curies":[{"name":"wp","href":"https:\/\/api.w.org\/{rel}","templated":true}]}}