{"id":3605,"date":"2024-08-01T08:07:06","date_gmt":"2024-08-01T08:07:06","guid":{"rendered":"https:\/\/rental-car.company\/?page_id=3605"},"modified":"2024-08-01T08:07:06","modified_gmt":"2024-08-01T08:07:06","slug":"autovermietung-san-jose-costa-rica-flughafen","status":"publish","type":"page","link":"https:\/\/rental-car.company\/de\/autovermietung-san-jose-costa-rica-flughafen\/","title":{"rendered":"Autovermietung San Jose Costa Rica Flughafen - Ihr Leitfaden f\u00fcr die Anmietung eines Autos am internationalen Flughafen Juan Santamaria"},"content":{"rendered":"<div class=\"wpb-content-wrapper\"><h2>Finden Sie die besten Autovermietungsoptionen am Flughafen San Jose Costa Rica<\/h2>\n<p>Wenn Sie eine Reise nach Costa Rica planen, werden Sie wahrscheinlich auf dem internationalen Flughafen Juan Santamaria in San Jos\u00e9 landen. Als einer der verkehrsreichsten Flugh\u00e4fen in Mittelamerika ist er ein beliebtes Drehkreuz f\u00fcr Touristen und Gesch\u00e4ftsreisende gleicherma\u00dfen. Es gibt zwar viele Transportm\u00f6glichkeiten vom Flughafen aus, aber eine der bequemsten und effizientesten M\u00f6glichkeiten, dieses wundersch\u00f6ne Land zu erkunden, ist die Anmietung eines Autos.<\/p>\n<div class=\"vc_row wpb_row vc_row-fluid\"><div class=\"wpb_column vc_column_container vc_col-sm-12\"><div class=\"vc_column-inner\"><div class=\"wpb_wrapper\">\n\t<div class=\"wpb_text_column wpb_content_element\" >\n\t\t<div class=\"wpb_wrapper\">\n\t\t\t<p><script id=\"dchwidget\" src=\"https:\/\/www.discovercars.com\/wg.js\" async=\"\" data-dev-env=\"com\" data-location=\"\" data-lang=\"en\" data-utm-source=\"malina\" data-utm-medium=\"widget\" data-aff-code=\"a_aid\" data-autocomplete=\"on\" data-style-submit-bg-color=\"00A200\" data-style-submit-font-color=\"white\" data-style-form-bg-color=\"FAD130\" data-style-form-font-color=\"333\" data-style-submit-text=\"Search now\"><\/script><\/p>\n\n\t\t<\/div>\n\t<\/div>\n<\/div><\/div><\/div><\/div>\n<p>&nbsp;<\/p>\n<h2>Entdecken Sie Autovermietung San Jose Costa Rica Flughafen<\/h2>\n<p><img loading=\"lazy\" decoding=\"async\" class=\"alignleft\" src=\"\/wp-content\/uploads\/images\/rent_car_1356.png\" alt=\"autovermietung san jose costa rica flughafen\" width=\"350\" height=\"350\" \/><\/p>\n<p>Ein Auto vom Flughafen San Jose Costa Rica zu mieten ist eine ausgezeichnete Wahl f\u00fcr diejenigen, die mehr Freiheit und Flexibilit\u00e4t w\u00e4hrend ihrer Reise w\u00fcnschen. Mit Ihrem eigenen Fahrzeug k\u00f6nnen Sie leicht durch verschiedene St\u00e4dte und Sehensw\u00fcrdigkeiten navigieren, ohne auf \u00f6ffentliche Verkehrsmittel oder teure Taxis angewiesen zu sein.<\/p>\n<p>Direkt am Flughafen gibt es mehrere Autovermietungen, die es Reisenden leicht machen, zuverl\u00e4ssige und g\u00fcnstige Angebote zu finden. Zu den beliebtesten Anbietern geh\u00f6ren Alamo, Budget, Hertz, National und Thrifty.<\/p>\n<p>Bei der Wahl Ihres Mietwagenanbieters in San Jose Costa Rica Flughafen sollten Sie unbedingt die Preise vergleichen und Bewertungen fr\u00fcherer Kunden lesen. Dies wird Ihnen helfen, eine fundierte Entscheidung zu treffen, die Ihrem Budget und Ihren Bed\u00fcrfnissen entspricht.<\/p>\n<h3>Verwandte Stichw\u00f6rter: Beste Autovermietungen am Flughafen San Jose Costa Rica <\/h3>\n<p>- Erschwingliche Autovermietung san jose costa rica flughafen<br \/>\n- Zuverl\u00e4ssige Autovermietung san jose costa rica flughafen<br \/>\n- Bequeme Autovermietung san jose costa rica flughafen<br \/>\n- Bestbewertete Autovermietung san jose costa rica flughafen<\/p>\n<h4>Pro \/ Kontra<\/h4>\n<p>Vorteile:<br \/>\n- Freiheit und Flexibilit\u00e4t: Mit Ihrem eigenen Mietwagen k\u00f6nnen Sie Ihre Reiseroute ganz nach Ihren W\u00fcnschen planen, ohne sich um Fahrpl\u00e4ne oder Routen k\u00fcmmern zu m\u00fcssen.<br \/>\n- Bequemlichkeit: Sie k\u00f6nnen Ihren Mietwagen direkt am Flughafen abholen und zur\u00fcckgeben, was Ihnen Zeit und \u00c4rger erspart.<br \/>\n- Kosteng\u00fcnstig: Ein Auto zu mieten kann g\u00fcnstiger sein als andere Verkehrsmittel, vor allem, wenn Sie mit einer Gruppe unterwegs sind.<\/p>\n<p>Nachteile:<br \/>\n- Der Verkehr: Costa Rica ist bekannt f\u00fcr seine stark befahrenen Stra\u00dfen und Staus, vor allem an beliebten Touristenzielen.<br \/>\n- Stra\u00dfenverh\u00e4ltnisse: Einige Stra\u00dfen in Costa Rica k\u00f6nnen rau und ungepflastert sein, daher ist es wichtig, ein geeignetes Fahrzeug f\u00fcr Ihre Reise zu w\u00e4hlen.<br \/>\n- Parken: In St\u00e4dten wie San Jose kann es schwierig sein, einen Parkplatz zu finden, also planen Sie entsprechend.<\/p>\n<h4>FAQ<\/h4>\n<p><img loading=\"lazy\" decoding=\"async\" class=\"alignright\" src=\"\/wp-content\/uploads\/images\/rent_car_1241.png\" alt=\"autovermietung san jose costa rica flughafen\" width=\"350\" height=\"350\" \/><\/p>\n<p>F: Welche Dokumente ben\u00f6tige ich, um ein Auto am Flughafen San Jose Costa Rica zu mieten?<br \/>\nA: Sie ben\u00f6tigen einen g\u00fcltigen F\u00fchrerschein aus Ihrem Heimatland und einen internationalen F\u00fchrerschein. M\u00f6glicherweise m\u00fcssen Sie auch Ihren Reisepass und Ihre Kreditkarte vorlegen.<\/p>\n<p>F: Ist es sicher, in Costa Rica Auto zu fahren?<br \/>\nA: Auch wenn das Autofahren in Costa Rica aufgrund des Verkehrs und der Stra\u00dfenverh\u00e4ltnisse eine Herausforderung sein kann, ist es im Allgemeinen sicher, solange Sie die Stra\u00dfenverkehrsregeln beachten.<\/p>\n<p>F: Fallen bei der Anmietung eines Autos am Flughafen San Jose Costa Rica zus\u00e4tzliche Geb\u00fchren an?<br \/>\nA: Ja, manche Unternehmen erheben zus\u00e4tzliche Geb\u00fchren, z. B. f\u00fcr Versicherung oder GPS-Miete. Lesen Sie vor der Buchung die Gesch\u00e4ftsbedingungen sorgf\u00e4ltig durch.<\/p>\n<p>Zusammenfassend l\u00e4sst sich sagen, dass eine Autovermietung am Flughafen San Jose Costa Rica eine ausgezeichnete Option f\u00fcr Reisende ist, die auf der Suche nach Komfort und Flexibilit\u00e4t w\u00e4hrend ihrer Reise sind. Mit mehreren renommierten Autovermietungen, die direkt am Flughafen verf\u00fcgbar sind, war es noch nie so einfach, das perfekte Fahrzeug f\u00fcr Ihr Abenteuer zu finden. Vergessen Sie nicht, Preise zu vergleichen, Bewertungen zu lesen und ein geeignetes Fahrzeug f\u00fcr Ihre Reisebed\u00fcrfnisse auszuw\u00e4hlen. Viel Spa\u00df beim Fahren!<\/p>\n<\/div>","protected":false},"excerpt":{"rendered":"<p>Find the Best Car Rental Options at San Jose Costa Rica Airport If you are planning a trip to Costa Rica, chances are you will be landing at the Juan Santamaria International Airport in San Jose. As one of the busiest airports in Central America, it is a popular hub for tourists and business travelers [&hellip;]<\/p>\n","protected":false},"author":1,"featured_media":3607,"parent":0,"menu_order":0,"comment_status":"closed","ping_status":"closed","template":"","meta":{"rs_blank_template":"","rs_page_bg_color":"","slide_template_v7":"","footnotes":""},"categories":[1],"tags":[],"class_list":["post-3605","page","type-page","status-publish","has-post-thumbnail","hentry","category-blog"],"_links":{"self":[{"href":"https:\/\/rental-car.company\/de\/wp-json\/wp\/v2\/pages\/3605","targetHints":{"allow":["GET"]}}],"collection":[{"href":"https:\/\/rental-car.company\/de\/wp-json\/wp\/v2\/pages"}],"about":[{"href":"https:\/\/rental-car.company\/de\/wp-json\/wp\/v2\/types\/page"}],"author":[{"embeddable":true,"href":"https:\/\/rental-car.company\/de\/wp-json\/wp\/v2\/users\/1"}],"replies":[{"embeddable":true,"href":"https:\/\/rental-car.company\/de\/wp-json\/wp\/v2\/comments?post=3605"}],"version-history":[{"count":0,"href":"https:\/\/rental-car.company\/de\/wp-json\/wp\/v2\/pages\/3605\/revisions"}],"wp:featuredmedia":[{"embeddable":true,"href":"https:\/\/rental-car.company\/de\/wp-json\/wp\/v2\/media\/3607"}],"wp:attachment":[{"href":"https:\/\/rental-car.company\/de\/wp-json\/wp\/v2\/media?parent=3605"}],"wp:term":[{"taxonomy":"category","embeddable":true,"href":"https:\/\/rental-car.company\/de\/wp-json\/wp\/v2\/categories?post=3605"},{"taxonomy":"post_tag","embeddable":true,"href":"https:\/\/rental-car.company\/de\/wp-json\/wp\/v2\/tags?post=3605"}],"curies":[{"name":"wp","href":"https:\/\/api.w.org\/{rel}","templated":true}]}}