{"id":3622,"date":"2024-08-01T12:05:39","date_gmt":"2024-08-01T12:05:39","guid":{"rendered":"https:\/\/rental-car.company\/?page_id=3622"},"modified":"2024-08-01T12:05:39","modified_gmt":"2024-08-01T12:05:39","slug":"autovermietung-shannon-flughafen","status":"publish","type":"page","link":"https:\/\/rental-car.company\/de\/autovermietung-shannon-flughafen\/","title":{"rendered":"autovermietung shannon flughafen - Ihr Leitfaden f\u00fcr die Anmietung eines Fahrzeugs am Flughafen Shannon"},"content":{"rendered":"<div class=\"wpb-content-wrapper\"><h2>Ein Auto am Flughafen Shannon mieten: Alles, was Sie wissen m\u00fcssen<\/h2>\n<p>Der Flughafen Shannon ist einer der verkehrsreichsten Flugh\u00e4fen Irlands und fertigt jedes Jahr Millionen von Passagieren ab. Er liegt in der Grafschaft Clare, ist der drittgr\u00f6\u00dfte Flughafen des Landes und dient als Tor f\u00fcr Touristen, die beliebte Ziele wie Limerick, Galway und die Cliffs of Moher besuchen. Mit seiner g\u00fcnstigen Lage und dem einfachen Zugang zu den wichtigsten Autobahnen ist es kein Wunder, dass sich viele Reisende daf\u00fcr entscheiden, ein Auto am Flughafen Shannon zu mieten.<\/p>\n<div class=\"vc_row wpb_row vc_row-fluid\"><div class=\"wpb_column vc_column_container vc_col-sm-12\"><div class=\"vc_column-inner\"><div class=\"wpb_wrapper\">\n\t<div class=\"wpb_text_column wpb_content_element\" >\n\t\t<div class=\"wpb_wrapper\">\n\t\t\t<p><script id=\"dchwidget\" src=\"https:\/\/www.discovercars.com\/wg.js\" async=\"\" data-dev-env=\"com\" data-location=\"\" data-lang=\"en\" data-utm-source=\"malina\" data-utm-medium=\"widget\" data-aff-code=\"a_aid\" data-autocomplete=\"on\" data-style-submit-bg-color=\"00A200\" data-style-submit-font-color=\"white\" data-style-form-bg-color=\"FAD130\" data-style-form-font-color=\"333\" data-style-submit-text=\"Search now\"><\/script><\/p>\n\n\t\t<\/div>\n\t<\/div>\n<\/div><\/div><\/div><\/div>\n<p>&nbsp;<\/p>\n<h2>Entdecken Sie Autovermietung Shannon Flughafen<\/h2>\n<p><img loading=\"lazy\" decoding=\"async\" class=\"alignleft\" src=\"\/wp-content\/uploads\/images\/rent_car_1214.png\" alt=\"autovermietung shannon flughafen\" width=\"350\" height=\"350\" \/><\/p>\n<p>Wenn es um Autovermietungen am Flughafen Shannon geht, haben Sie die Wahl zwischen mehreren Unternehmen. Dazu geh\u00f6ren bekannte Marken wie Hertz, Avis, Budget und Europcar. Wenn Sie jedoch eine preisg\u00fcnstigere Option w\u00fcnschen, ohne auf Qualit\u00e4tsservice verzichten zu m\u00fcssen, sollten Sie eine Buchung bei rental-car.company in Betracht ziehen.<\/p>\n<p>Rental-car.company bietet wettbewerbsf\u00e4hige Preise f\u00fcr verschiedene Fahrzeugtypen an, vom Kleinwagen f\u00fcr Alleinreisende bis hin zu ger\u00e4umigen SUVs f\u00fcr Familien oder gro\u00dfe Gruppen. Sie haben auch eine gro\u00dfe Auswahl an Fahrzeugen, die gut gepflegt und regelm\u00e4\u00dfig f\u00fcr Ihre Sicherheit und Ihren Komfort gewartet werden.<\/p>\n<p>Um ein Auto bei rental-car.company am Flughafen Shannon zu mieten, nehmen Sie einfach vor Ihrer Ankunft eine Online-Reservierung vor oder besuchen Sie den Schalter in der Ankunftshalle des Terminalgeb\u00e4udes. Die freundlichen Mitarbeiter helfen Ihnen bei der Auswahl des richtigen Fahrzeugs f\u00fcr Ihre Bed\u00fcrfnisse und geben Ihnen alle notwendigen Informationen zum Versicherungsschutz und zu eventuellen Zusatzkosten.<\/p>\n<h3>Die Vorteile einer Autovermietung am Flughafen Shannon<\/h3>\n<p>- Bequemlichkeit: Wenn Sie ein Auto am Flughafen Shannon mieten, k\u00f6nnen Sie ganz einfach alles erkunden, was Irland zu bieten hat, ohne auf \u00f6ffentliche Verkehrsmittel oder teure Taxis angewiesen zu sein.<br \/>\n- Flexibilit\u00e4t: Mit Ihrem eigenen Mietwagen haben Sie die Freiheit, Ihre Reiseroute selbst zu gestalten und in Ihrem eigenen Tempo zu reisen.<br \/>\n- Kosteng\u00fcnstig: Ein Auto zu mieten ist oft kosteng\u00fcnstiger als andere Verkehrsmittel, vor allem, wenn Sie mit einer Gruppe unterwegs sind.<br \/>\n- Einfacher Zugang zu beliebten Zielen: Der Flughafen Shannon liegt in der N\u00e4he beliebter Reiseziele wie den Cliffs of Moher und dem Wild Atlantic Way und ist damit der perfekte Ausgangspunkt f\u00fcr Ihr irisches Abenteuer.<\/p>\n<h3>Die Nachteile einer Autovermietung am Flughafen Shannon<\/h3>\n<p>- Fahren auf der gegen\u00fcberliegenden Stra\u00dfenseite: F\u00fcr diejenigen, die es nicht gewohnt sind, auf der linken Seite der Stra\u00dfe zu fahren, kann es etwas gew\u00f6hnungsbed\u00fcrftig und anfangs einsch\u00fcchternd sein.<br \/>\n- Zus\u00e4tzliche Geb\u00fchren: Beachten Sie, dass zus\u00e4tzliche Geb\u00fchren f\u00fcr Versicherungsschutz, GPS-Miete und Mautgeb\u00fchren anfallen k\u00f6nnen. Lesen Sie alle Bedingungen und Konditionen vor der Buchung sorgf\u00e4ltig durch.<br \/>\n- Verkehrsstauungen: Je nachdem, wann Sie am Flughafen Shannon ankommen, k\u00f6nnen Sie auf dem Weg zu Ihrem Zielort auf viel Verkehr sto\u00dfen. Seien Sie auf m\u00f6gliche Versp\u00e4tungen vorbereitet.<\/p>\n<h4>H\u00e4ufig gestellte Fragen<\/h4>\n<p><img loading=\"lazy\" decoding=\"async\" class=\"alignright\" src=\"\/wp-content\/uploads\/images\/rent_car_1047.png\" alt=\"autovermietung shannon flughafen\" width=\"350\" height=\"350\" \/><\/p>\n<p><b>F: Brauche ich einen internationalen F\u00fchrerschein, um am Flughafen Shannon ein Auto zu mieten?<\/b><br \/>\nA: Nein, solange Ihr F\u00fchrerschein in Ihrem Heimatland und in Irland g\u00fcltig ist.<\/p>\n<p><b>F: Gibt es eine Altersgrenze f\u00fcr die Anmietung eines Fahrzeugs am Flughafen Shannon?<\/b><br \/>\nA: Das Mindestalter betr\u00e4gt 21 Jahre. F\u00fcr Fahrer unter 25 Jahren k\u00f6nnen jedoch zus\u00e4tzliche Geb\u00fchren anfallen.<\/p>\n<p><b>F: Kann ich meinen Mietwagen au\u00dferhalb der Gesch\u00e4ftszeiten zur\u00fcckgeben?<\/b><br \/>\nA: Ja, die meisten Vermietungsunternehmen bieten eine 24\/7-R\u00fcckgabe an. Informieren Sie sich einfach im Voraus.<\/p>\n<p><b>F: Ist es m\u00f6glich, am Flughafen Shannon ein Auto f\u00fcr eine einfache Strecke zu mieten?<\/b><br \/>\nA: Ja, viele Vermietungsunternehmen bieten gegen eine zus\u00e4tzliche Geb\u00fchr Einwegmieten innerhalb Irlands an.<\/p>\n<p>Zusammenfassend l\u00e4sst sich sagen, dass eine Autovermietung am Flughafen Shannon eine ausgezeichnete Wahl f\u00fcr diejenigen ist, die auf ihrer Reise nach Irland Komfort, Flexibilit\u00e4t und Kosteneffizienz suchen. Bei rental-car.company k\u00f6nnen Sie einen qualitativ hochwertigen Service und eine breite Palette von Fahrzeugoptionen erwarten, die Ihren Bed\u00fcrfnissen entsprechen. Wenn Sie also das n\u00e4chste Mal den Flughafen Shannon besuchen, sollten Sie einen Mietwagen f\u00fcr ein unvergessliches irisches Abenteuer in Betracht ziehen.<\/p>\n<\/div>","protected":false},"excerpt":{"rendered":"<p>Renting a Car at Shannon Airport: Everything You Need to Know Shannon Airport is one of the busiest airports in Ireland, serving millions of passengers every year. Located in County Clare, it is the third busiest airport in the country and serves as a gateway for tourists visiting popular destinations like Limerick, Galway, and the [&hellip;]<\/p>\n","protected":false},"author":1,"featured_media":3624,"parent":0,"menu_order":0,"comment_status":"closed","ping_status":"closed","template":"","meta":{"rs_blank_template":"","rs_page_bg_color":"","slide_template_v7":"","footnotes":""},"categories":[1],"tags":[],"class_list":["post-3622","page","type-page","status-publish","has-post-thumbnail","hentry","category-blog"],"_links":{"self":[{"href":"https:\/\/rental-car.company\/de\/wp-json\/wp\/v2\/pages\/3622","targetHints":{"allow":["GET"]}}],"collection":[{"href":"https:\/\/rental-car.company\/de\/wp-json\/wp\/v2\/pages"}],"about":[{"href":"https:\/\/rental-car.company\/de\/wp-json\/wp\/v2\/types\/page"}],"author":[{"embeddable":true,"href":"https:\/\/rental-car.company\/de\/wp-json\/wp\/v2\/users\/1"}],"replies":[{"embeddable":true,"href":"https:\/\/rental-car.company\/de\/wp-json\/wp\/v2\/comments?post=3622"}],"version-history":[{"count":0,"href":"https:\/\/rental-car.company\/de\/wp-json\/wp\/v2\/pages\/3622\/revisions"}],"wp:featuredmedia":[{"embeddable":true,"href":"https:\/\/rental-car.company\/de\/wp-json\/wp\/v2\/media\/3624"}],"wp:attachment":[{"href":"https:\/\/rental-car.company\/de\/wp-json\/wp\/v2\/media?parent=3622"}],"wp:term":[{"taxonomy":"category","embeddable":true,"href":"https:\/\/rental-car.company\/de\/wp-json\/wp\/v2\/categories?post=3622"},{"taxonomy":"post_tag","embeddable":true,"href":"https:\/\/rental-car.company\/de\/wp-json\/wp\/v2\/tags?post=3622"}],"curies":[{"name":"wp","href":"https:\/\/api.w.org\/{rel}","templated":true}]}}