{"id":3627,"date":"2024-08-01T13:05:18","date_gmt":"2024-08-01T13:05:18","guid":{"rendered":"https:\/\/rental-car.company\/?page_id=3627"},"modified":"2024-08-01T13:05:18","modified_gmt":"2024-08-01T13:05:18","slug":"autovermietung-scottsdale-az","status":"publish","type":"page","link":"https:\/\/rental-car.company\/de\/autovermietung-scottsdale-az\/","title":{"rendered":"Autovermietung Scottsdale AZ - Ihr Leitfaden zur Erkundung des Tals der Sonne"},"content":{"rendered":"<div class=\"wpb-content-wrapper\"><h2>Erkunden Sie Scottsdale mit einem Mietauto<\/h2>\n<p>Planen Sie eine Reise in die wundersch\u00f6ne Stadt Scottsdale, Arizona? Als eines der besten Reiseziele im S\u00fcdwesten bietet Scottsdale atemberaubende W\u00fcstenlandschaften, aufregende Outdoor-Aktivit\u00e4ten und luxuri\u00f6se Resorts. Um all das zu erleben, was diese pulsierende Stadt zu bieten hat, sollten Sie sich f\u00fcr Ihren Aufenthalt ein Auto mieten. Mit den Autovermietungen von rental-car.company haben Sie die Freiheit und Flexibilit\u00e4t, die Stadt in Ihrem eigenen Tempo zu erkunden.<\/p>\n<h3>Die Vorteile eines Mietwagens in Scottsdale<\/h3>\n<p>Zwar gibt es in Scottsdale zahlreiche Transportm\u00f6glichkeiten, darunter \u00f6ffentliche Verkehrsmittel und Mitfahrzentralen wie Uber und Lyft, aber ein Auto zu mieten hat seine eigenen Vorteile. Hier sind nur ein paar Gr\u00fcnde, warum es sich lohnt, ein Auto in Scottsdale zu mieten:<\/p>\n<p>- Bequemlichkeit: Mit Ihrem eigenen Mietwagen sind Sie nicht auf Fahrpl\u00e4ne oder Wartezeiten anderer Verkehrsmittel angewiesen. Sie k\u00f6nnen kommen und gehen, wie es Ihnen gef\u00e4llt, ohne sich um die Koordinierung mit anderen k\u00fcmmern zu m\u00fcssen.<br \/>\n- Flexibilit\u00e4t: M\u00f6chten Sie einen spontanen Abstecher machen oder Ziele abseits der ausgetretenen Pfade erkunden? Mit einem Mietwagen k\u00f6nnen Sie leicht spontane Entscheidungen treffen, ohne an andere Verkehrsmittel gebunden zu sein.<br \/>\n- Komfort: Seien wir ehrlich - in der hei\u00dfen Sonne von Arizona herumzulaufen kann anstrengend sein. Der Zugang zu klimatisiertem Komfort w\u00e4hrend der Reise zwischen den Attraktionen ist definitiv ein Plus.<br \/>\n- Kosteng\u00fcnstig: Je nachdem, wie viel Sie w\u00e4hrend Ihres Aufenthalts in Scottsdale reisen m\u00f6chten, kann das Mieten eines Autos tats\u00e4chlich kosteng\u00fcnstiger sein als die Nutzung von Mitfahrzentralen.<\/p>\n<h4>Pro \/ Kontra<\/h4>\n<p>Vorteile:<br \/>\n- Bequem<br \/>\n- Flexibel<br \/>\n- Bequem<br \/>\n- Potenziell kosteneffizient<\/p>\n<p>Nachteile:<br \/>\n- Zus\u00e4tzliche Kosten<br \/>\n- M\u00f6gliche Herausforderungen bei Verkehr und Parken<\/p>\n<h3>H\u00e4ufig gestellte Fragen<\/h3>\n<h4>Ist ein Mietwagen in Scottsdale notwendig?<\/h4>\n<p>Auch wenn es nicht notwendig ist, kann ein Mietwagen Ihren Aufenthalt in Scottsdale erheblich bereichern. Es gibt Ihnen die Freiheit, in Ihrem eigenen Tempo zu erkunden und spontane Entscheidungen zu treffen, ohne an Zeitpl\u00e4ne oder andere Verkehrsmittel gebunden zu sein.<\/p>\n<h4>Was ist das Mindestalter f\u00fcr die Anmietung eines Autos in Scottsdale?<\/h4>\n<p>In den meisten F\u00e4llen liegt das Mindestalter f\u00fcr die Anmietung eines Autos in Scottsdale bei 21 Jahren. Einige Autovermietungen k\u00f6nnen jedoch h\u00f6here Altersanforderungen oder zus\u00e4tzliche Geb\u00fchren f\u00fcr Fahrer unter 25 Jahren verlangen.<\/p>\n<h4>Fallen bei der Anmietung eines Autos in Scottsdale zus\u00e4tzliche Geb\u00fchren an?<\/h4>\n<p>Je nach Autovermieter k\u00f6nnen zus\u00e4tzliche Geb\u00fchren anfallen, z. B. Zuschl\u00e4ge f\u00fcr junge Fahrer, Flughafengeb\u00fchren und Versicherungskosten. Lesen Sie unbedingt das Kleingedruckte, bevor Sie Ihren Mietwagen buchen.<\/p>\n<div class=\"vc_row wpb_row vc_row-fluid\"><div class=\"wpb_column vc_column_container vc_col-sm-12\"><div class=\"vc_column-inner\"><div class=\"wpb_wrapper\">\n\t<div class=\"wpb_text_column wpb_content_element\" >\n\t\t<div class=\"wpb_wrapper\">\n\t\t\t<p><script id=\"dchwidget\" src=\"https:\/\/www.discovercars.com\/wg.js\" async=\"\" data-dev-env=\"com\" data-location=\"\" data-lang=\"en\" data-utm-source=\"malina\" data-utm-medium=\"widget\" data-aff-code=\"a_aid\" data-autocomplete=\"on\" data-style-submit-bg-color=\"00A200\" data-style-submit-font-color=\"white\" data-style-form-bg-color=\"FAD130\" data-style-form-font-color=\"333\" data-style-submit-text=\"Search now\"><\/script><\/p>\n\n\t\t<\/div>\n\t<\/div>\n<\/div><\/div><\/div><\/div>\n<p>&nbsp;<\/p>\n<h2>Mieten Sie von Rental-Car.Company f\u00fcr die beste Autovermietung Erfahrung<\/h2>\n<p><img loading=\"lazy\" decoding=\"async\" class=\"alignleft\" src=\"\/wp-content\/uploads\/images\/rent_car_604.png\" alt=\"autovermietung scottsdale az\" width=\"350\" height=\"350\" \/><\/p>\n<p>Wenn es darum geht, zuverl\u00e4ssige und erschwingliche Autovermietungen in Scottsdale zu finden, suchen Sie nicht weiter als Rental-Car.Company. Mit einer gro\u00dfen Auswahl an Fahrzeugen zu wettbewerbsf\u00e4higen Preisen bem\u00fchen wir uns, Ihre Reiseerfahrung so reibungslos und problemlos wie m\u00f6glich zu gestalten. Unser bequemes Online-Buchungssystem erm\u00f6glicht es Ihnen, Ihren Mietwagen im Voraus zu reservieren, so dass Sie sich sofort nach Ihrer Ankunft in Scottsdale auf den Weg machen k\u00f6nnen.<\/p>\n<p>Warum also warten? Ein Auto mit Rental-Car.Company zu mieten ist schnell und einfach - w\u00e4hlen Sie einfach Ihr bevorzugtes Fahrzeug und den Abholort aus, w\u00e4hlen Sie die gew\u00fcnschten Zusatzleistungen oder Upgrades und reservieren Sie Ihre Fahrt noch heute!<\/p>\n<h3>Entdecken Sie alles, was Scottsdale zu bieten hat<\/h3>\n<p>Jetzt, da Sie alle Vorteile einer Autovermietung in Scottsdale kennen und wissen, wo Sie die besten Angebote finden k\u00f6nnen, ist es an der Zeit, Ihre Reiseroute zu planen. Mit Ihrem Mietwagen k\u00f6nnen Sie beliebte Attraktionen wie Old Town Scottsdale, das McDowell Sonoran Preserve und das Musical Instrument Museum besuchen. Sie k\u00f6nnen auch eine landschaftlich reizvolle Fahrt durch die Sonoran-W\u00fcste unternehmen oder in nahe gelegene St\u00e4dte wie Phoenix und Tempe fahren.<\/p>\n<p>Verpassen Sie keines der erstaunlichen Erlebnisse, die Scottsdale zu bieten hat - mieten Sie ein Auto bei Rental-Car.Company und machen Sie das Beste aus Ihrer Reise in diese wundersch\u00f6ne W\u00fcstenstadt.<\/p>\n<h4>Zusammenfassung<\/h4>\n<p><img loading=\"lazy\" decoding=\"async\" class=\"alignright\" src=\"\/wp-content\/uploads\/images\/rent_car_1239.png\" alt=\"autovermietung scottsdale az\" width=\"350\" height=\"350\" \/><\/p>\n<p>Ein Auto in Scottsdale zu mieten ist eine bequeme und flexible M\u00f6glichkeit, alles zu erkunden, was diese lebendige Stadt zu bieten hat. Mit rental-car.company als Ihrem vertrauensw\u00fcrdigen Anbieter k\u00f6nnen Sie eine problemlose Erfahrung mit wettbewerbsf\u00e4higen Preisen und einer gro\u00dfen Auswahl an Fahrzeugen genie\u00dfen. Warum also warten? Buchen Sie noch heute Ihren Mietwagen und machen Sie sich bereit f\u00fcr ein unvergessliches Abenteuer in Scottsdale!<\/p>\n<\/div>","protected":false},"excerpt":{"rendered":"<p>Explore Scottsdale with a Rental Car Are you planning a trip to the beautiful city of Scottsdale, Arizona? As one of the top destinations in the Southwest, Scottsdale offers stunning desert landscapes, exciting outdoor activities, and luxurious resorts. To truly experience all that this vibrant city has to offer, consider renting a car during your [&hellip;]<\/p>\n","protected":false},"author":1,"featured_media":3629,"parent":0,"menu_order":0,"comment_status":"closed","ping_status":"closed","template":"","meta":{"rs_blank_template":"","rs_page_bg_color":"","slide_template_v7":"","footnotes":""},"categories":[1],"tags":[],"class_list":["post-3627","page","type-page","status-publish","has-post-thumbnail","hentry","category-blog"],"_links":{"self":[{"href":"https:\/\/rental-car.company\/de\/wp-json\/wp\/v2\/pages\/3627","targetHints":{"allow":["GET"]}}],"collection":[{"href":"https:\/\/rental-car.company\/de\/wp-json\/wp\/v2\/pages"}],"about":[{"href":"https:\/\/rental-car.company\/de\/wp-json\/wp\/v2\/types\/page"}],"author":[{"embeddable":true,"href":"https:\/\/rental-car.company\/de\/wp-json\/wp\/v2\/users\/1"}],"replies":[{"embeddable":true,"href":"https:\/\/rental-car.company\/de\/wp-json\/wp\/v2\/comments?post=3627"}],"version-history":[{"count":0,"href":"https:\/\/rental-car.company\/de\/wp-json\/wp\/v2\/pages\/3627\/revisions"}],"wp:featuredmedia":[{"embeddable":true,"href":"https:\/\/rental-car.company\/de\/wp-json\/wp\/v2\/media\/3629"}],"wp:attachment":[{"href":"https:\/\/rental-car.company\/de\/wp-json\/wp\/v2\/media?parent=3627"}],"wp:term":[{"taxonomy":"category","embeddable":true,"href":"https:\/\/rental-car.company\/de\/wp-json\/wp\/v2\/categories?post=3627"},{"taxonomy":"post_tag","embeddable":true,"href":"https:\/\/rental-car.company\/de\/wp-json\/wp\/v2\/tags?post=3627"}],"curies":[{"name":"wp","href":"https:\/\/api.w.org\/{rel}","templated":true}]}}