{"id":3697,"date":"2024-08-02T02:05:18","date_gmt":"2024-08-02T02:05:18","guid":{"rendered":"https:\/\/rental-car.company\/?page_id=3697"},"modified":"2024-08-02T02:05:18","modified_gmt":"2024-08-02T02:05:18","slug":"autovermietung-hyannis","status":"publish","type":"page","link":"https:\/\/rental-car.company\/de\/autovermietung-hyannis\/","title":{"rendered":"Autovermietung Hyannis: Ihr ultimativer Leitfaden"},"content":{"rendered":"<div class=\"wpb-content-wrapper\"><h2>Warum eine Autovermietung in Hyannis?<\/h2>\n<p>Planen Sie eine Reise in die sch\u00f6ne K\u00fcstenstadt Hyannis, Massachusetts? Dann sollten Sie sicherstellen, dass Sie \u00fcber ein zuverl\u00e4ssiges Transportmittel verf\u00fcgen, um all das zu erkunden, was dieses charmante Reiseziel zu bieten hat. Es gibt zwar verschiedene Transportm\u00f6glichkeiten, aber eine der besten M\u00f6glichkeiten, sich fortzubewegen, ist die Anmietung eines Autos. Und wenn es um Autovermietungen in Hyannis geht, gibt es keine bessere Wahl als die Autovermietung in Hyannis.<\/p>\n<div class=\"vc_row wpb_row vc_row-fluid\"><div class=\"wpb_column vc_column_container vc_col-sm-12\"><div class=\"vc_column-inner\"><div class=\"wpb_wrapper\">\n\t<div class=\"wpb_text_column wpb_content_element\" >\n\t\t<div class=\"wpb_wrapper\">\n\t\t\t<p><script id=\"dchwidget\" src=\"https:\/\/www.discovercars.com\/wg.js\" async=\"\" data-dev-env=\"com\" data-location=\"\" data-lang=\"en\" data-utm-source=\"malina\" data-utm-medium=\"widget\" data-aff-code=\"a_aid\" data-autocomplete=\"on\" data-style-submit-bg-color=\"00A200\" data-style-submit-font-color=\"white\" data-style-form-bg-color=\"FAD130\" data-style-form-font-color=\"333\" data-style-submit-text=\"Search now\"><\/script><\/p>\n\n\t\t<\/div>\n\t<\/div>\n<\/div><\/div><\/div><\/div>\n<p>&nbsp;<\/p>\n<h2>Entdecken Sie Autovermietung Hyannis<\/h2>\n<p><img loading=\"lazy\" decoding=\"async\" class=\"alignleft\" src=\"\/wp-content\/uploads\/images\/rent_car_998.png\" alt=\"autovermietung hyannis\" width=\"350\" height=\"350\" \/><\/p>\n<p>Die Autovermietung hyannis ist eine etablierte Autovermietung, die schon seit Jahren Kunden in der Region betreut. Sie bieten eine breite Palette von Fahrzeugen zu erschwinglichen Preisen, so dass es f\u00fcr Reisende einfach, die perfekte Miete f\u00fcr ihre Bed\u00fcrfnisse und Budget zu finden.<\/p>\n<p>Ganz gleich, ob Sie einen Kleinwagen f\u00fcr Solo-Reisen oder einen ger\u00e4umigen SUV f\u00fcr Familienausfl\u00fcge suchen, die Autovermietung in Hyannis hat alles, was Sie brauchen. Ihre Flotte umfasst beliebte Marken wie Toyota, Ford und Chevrolet, die alle gut gewartet und mit modernen Funktionen ausgestattet sind.<\/p>\n<p>Was die Autovermietung hyannis jedoch von anderen Unternehmen unterscheidet, ist ihr au\u00dfergew\u00f6hnlicher Kundenservice. Die freundlichen und sachkundigen Mitarbeiter helfen Ihnen bei jedem Schritt - von der Auswahl des richtigen Fahrzeugs bis hin zu lokalen Tipps und Empfehlungen.<\/p>\n<h3>Die Vorteile einer Anmietung bei der Autovermietung Hyannis<\/h3>\n<p>- Bequemlichkeit: Mit Ihrem eigenen Mietwagen k\u00f6nnen Sie Hyannis in Ihrem eigenen Tempo erkunden, ohne sich um Fahrpl\u00e4ne oder \u00f6ffentliche Verkehrsmittel k\u00fcmmern zu m\u00fcssen.<br \/>\n- Kosteng\u00fcnstig: Ein Auto zu mieten mag auf den ersten Blick teuer erscheinen, aber im Vergleich zu anderen Verkehrsmitteln wie Taxis oder Mitfahrzentralen k\u00f6nnen Sie damit tats\u00e4chlich Geld sparen.<br \/>\n- Freiheit: Sie haben die v\u00f6llige Freiheit zu gehen, wohin Sie wollen, ohne durch Buslinien oder Fahrpl\u00e4ne eingeschr\u00e4nkt zu sein.<br \/>\n- Komfort: Mit einem eigenen Fahrzeug m\u00fcssen Sie sich nicht mehr in \u00fcberf\u00fcllte Busse quetschen oder Fahrten mit Fremden teilen.<br \/>\n- Sicherheit: Die Autovermietung in Hyannis stellt sicher, dass alle ihre Fahrzeuge gut gepflegt und regelm\u00e4\u00dfig gewartet werden, um Ihre Sicherheit und Ihren Seelenfrieden zu gew\u00e4hrleisten.<\/p>\n<h3>Die Nachteile einer Anmietung bei der Autovermietung Hyannis<\/h3>\n<p>- Zus\u00e4tzliche Geb\u00fchren: Wie bei jeder Autovermietung k\u00f6nnen zus\u00e4tzliche Geb\u00fchren wie Versicherung, Benzin oder Kilometergeld anfallen.<br \/>\n- Begrenzte Verf\u00fcgbarkeit: In der Hochsaison kann es vorkommen, dass beliebte Fahrzeugmodelle sehr gefragt sind und nicht vermietet werden k\u00f6nnen.<br \/>\n- Fahren an einem neuen Ort: Wenn Sie mit dem Fahren an einem neuen Ort nicht vertraut sind, kann es einige Zeit dauern, bis Sie sich an die Stra\u00dfen und den Verkehr gew\u00f6hnt haben.<\/p>\n<h4>FAQs \u00fcber Autovermietung Hyannis<\/h4>\n<p><img loading=\"lazy\" decoding=\"async\" class=\"alignright\" src=\"\/wp-content\/uploads\/images\/rent_car_1010.png\" alt=\"autovermietung hyannis\" width=\"350\" height=\"350\" \/><\/p>\n<p><strong>F: Wie alt muss ich sein, um ein Auto bei der Autovermietung hyannis zu mieten?<\/strong><br \/>\nA: Das Mindestalter betr\u00e4gt 21 Jahre. F\u00fcr Fahrer im Alter von 21-24 Jahren wird jedoch eine Geb\u00fchr f\u00fcr minderj\u00e4hrige Fahrer erhoben.<\/p>\n<p><strong>F: Kann ich einen zus\u00e4tzlichen Fahrer hinzuf\u00fcgen?<\/strong><br \/>\nA: Ja, Sie k\u00f6nnen einen zus\u00e4tzlichen Fahrer ohne zus\u00e4tzliche Kosten hinzuf\u00fcgen. Dieser muss jedoch alle Alters- und F\u00fchrerscheinanforderungen erf\u00fcllen.<\/p>\n<p><strong>F: Brauche ich eine Versicherung, wenn ich ein Auto miete?<\/strong><br \/>\nA: Es wird dringend empfohlen, dass Sie eine Versicherung abschlie\u00dfen, wenn Sie ein Auto mieten. Sie k\u00f6nnen den Versicherungsschutz entweder \u00fcber die Autovermietung in Hyannis abschlie\u00dfen oder Ihre pers\u00f6nliche Autoversicherung nutzen, wenn diese auch Mietfahrzeuge abdeckt.<\/p>\n<p><strong>F: Was ist, wenn ich meine Reservierung stornieren muss?<\/strong><br \/>\nA: Sie k\u00f6nnen Ihre Reservierung bis zu 48 Stunden vor der geplanten Abholzeit stornieren, ohne dass Strafgeb\u00fchren anfallen.<\/p>\n<p>Zusammenfassend l\u00e4sst sich sagen, dass ein Mietwagen der Autovermietung hyannis der perfekte Weg ist, um das Beste aus Ihrer Reise nach Hyannis zu machen. Mit dem zuverl\u00e4ssigen Service und der vielf\u00e4ltigen Fahrzeugflotte der Autovermietung k\u00f6nnen Sie diese bezaubernde Stadt mit Leichtigkeit und Komfort erkunden. Buchen Sie Ihren Mietwagen noch heute und machen Sie sich bereit, unvergessliche Erinnerungen in Hyannis zu schaffen!<\/p>\n<\/div>","protected":false},"excerpt":{"rendered":"<p>Why Choose Car Rental Hyannis? Are you planning a trip to the beautiful coastal town of Hyannis, Massachusetts? If so, then you&#8217;ll want to make sure you have a reliable mode of transportation to explore all that this charming destination has to offer. While there are various transportation options available, one of the best ways [&hellip;]<\/p>\n","protected":false},"author":1,"featured_media":3348,"parent":0,"menu_order":0,"comment_status":"closed","ping_status":"closed","template":"","meta":{"rs_blank_template":"","rs_page_bg_color":"","slide_template_v7":"","footnotes":""},"categories":[1],"tags":[],"class_list":["post-3697","page","type-page","status-publish","has-post-thumbnail","hentry","category-blog"],"_links":{"self":[{"href":"https:\/\/rental-car.company\/de\/wp-json\/wp\/v2\/pages\/3697","targetHints":{"allow":["GET"]}}],"collection":[{"href":"https:\/\/rental-car.company\/de\/wp-json\/wp\/v2\/pages"}],"about":[{"href":"https:\/\/rental-car.company\/de\/wp-json\/wp\/v2\/types\/page"}],"author":[{"embeddable":true,"href":"https:\/\/rental-car.company\/de\/wp-json\/wp\/v2\/users\/1"}],"replies":[{"embeddable":true,"href":"https:\/\/rental-car.company\/de\/wp-json\/wp\/v2\/comments?post=3697"}],"version-history":[{"count":0,"href":"https:\/\/rental-car.company\/de\/wp-json\/wp\/v2\/pages\/3697\/revisions"}],"wp:featuredmedia":[{"embeddable":true,"href":"https:\/\/rental-car.company\/de\/wp-json\/wp\/v2\/media\/3348"}],"wp:attachment":[{"href":"https:\/\/rental-car.company\/de\/wp-json\/wp\/v2\/media?parent=3697"}],"wp:term":[{"taxonomy":"category","embeddable":true,"href":"https:\/\/rental-car.company\/de\/wp-json\/wp\/v2\/categories?post=3697"},{"taxonomy":"post_tag","embeddable":true,"href":"https:\/\/rental-car.company\/de\/wp-json\/wp\/v2\/tags?post=3697"}],"curies":[{"name":"wp","href":"https:\/\/api.w.org\/{rel}","templated":true}]}}