{"id":3789,"date":"2024-08-02T20:05:44","date_gmt":"2024-08-02T20:05:44","guid":{"rendered":"https:\/\/rental-car.company\/?page_id=3789"},"modified":"2024-08-02T20:05:44","modified_gmt":"2024-08-02T20:05:44","slug":"autovermietung-buffalo","status":"publish","type":"page","link":"https:\/\/rental-car.company\/de\/autovermietung-buffalo\/","title":{"rendered":"autovermietung buffalo - Entdecken Sie die beste Art zu reisen in New York"},"content":{"rendered":"<div class=\"wpb-content-wrapper\"><h2>Entdecken Sie erschwingliche Autovermietung Buffalo Dienstleistungen<\/h2>\n<p>Wenn Sie eine Reise nach Buffalo, New York, planen, ist eine der bequemsten und kosteng\u00fcnstigsten M\u00f6glichkeiten, die Stadt zu erkunden, die Anmietung eines Autos. Bei so vielen Sehensw\u00fcrdigkeiten und Attraktionen, die in der Stadt und dar\u00fcber hinaus verstreut sind, gibt Ihnen ein eigenes Verkehrsmittel die Freiheit, alles nach Ihrem eigenen Zeitplan zu sehen. Das ist, wo Autovermietung Buffalo kommt in.<\/p>\n<h3>Die Vorteile der Autovermietung Buffalo<\/h3>\n<p>Ein Auto zu mieten hat in Buffalo zahlreiche Vorteile. Zun\u00e4chst einmal haben Sie Zugang zu zuverl\u00e4ssigen Transportmitteln, ohne auf \u00f6ffentliche Verkehrsmittel oder teure Taxis angewiesen zu sein. Dadurch k\u00f6nnen Sie w\u00e4hrend Ihrer Reise sowohl Zeit als auch Geld sparen.<\/p>\n<p>Ein weiterer Vorteil einer Autovermietung in B\u00fcffel ist, dass Sie damit problemlos die Stadtgrenzen \u00fcberschreiten k\u00f6nnen. Mit beliebten Zielen wie den Niagaraf\u00e4llen, die nur eine kurze Autofahrt entfernt sind, haben Sie mit einem Mietwagen die M\u00f6glichkeit, mehr von dem zu sehen, was New York zu bieten hat.<\/p>\n<p>Dar\u00fcber hinaus bieten viele Autovermietungen einen 24\/7-Pannenhilfe-Service an, damit Sie sich w\u00e4hrend Ihrer Reise sicher f\u00fchlen k\u00f6nnen. Und mit den verschiedenen Optionen f\u00fcr den Versicherungsschutz k\u00f6nnen Sie sicher sein, dass unerwartete Zwischenf\u00e4lle abgedeckt sind, ohne dass Sie die Bank sprengen m\u00fcssen.<\/p>\n<h4>Vorteile:<\/h4>\n<p>- Bequemlichkeit und Flexibilit\u00e4t<br \/>\n- Kosteng\u00fcnstig<br \/>\n- Erreichbare Verkehrsmittel au\u00dferhalb der Stadtgrenzen<br \/>\n- 24\/7 Pannenhilfe verf\u00fcgbar<\/p>\n<h4>Nachteile:<\/h4>\n<p><img loading=\"lazy\" decoding=\"async\" class=\"alignright\" src=\"\/wp-content\/uploads\/images\/rent_car_781.png\" alt=\"autovermietung buffalo\" width=\"350\" height=\"350\" \/><\/p>\n<p>- Zus\u00e4tzliche Kosten f\u00fcr den Versicherungsschutz<br \/>\n- M\u00f6gliche zus\u00e4tzliche Geb\u00fchren f\u00fcr Kilometergeld oder zus\u00e4tzliche Fahrer<\/p>\n<h3>H\u00e4ufig gestellte Fragen zur Autovermietung Buffalo<\/h3>\n<p><strong>F: Wie alt muss ich sein, um in Buffalo ein Auto zu mieten?<\/strong><br \/>\nA: Das Mindestalter f\u00fcr die Anmietung eines Fahrzeugs in Buffalo ist in der Regel 21 Jahre alt. Einige Unternehmen verlangen jedoch von Mietern unter 25 Jahren eine zus\u00e4tzliche Geb\u00fchr.<\/p>\n<p><strong>F: Kann ich in Buffalo ein Auto mit einer Debitkarte mieten?<\/strong><br \/>\nA: Ja, viele Autovermietungen in Buffalo akzeptieren Debitkarten als Zahlungsmittel. Erkundigen Sie sich jedoch vorher bei dem jeweiligen Unternehmen, da einige Unternehmen unterschiedliche Regelungen haben.<\/p>\n<p><strong>F: Ist es m\u00f6glich, meinen Mietwagen an einem anderen Ort zur\u00fcckzugeben?<\/strong><br \/>\nA: Ja, einige Autovermietungen bieten die M\u00f6glichkeit, Ihr Fahrzeug gegen eine zus\u00e4tzliche Geb\u00fchr an einem anderen Ort abzugeben. Erkundigen Sie sich vorher bei dem Unternehmen und planen Sie entsprechend.<\/p>\n<div class=\"vc_row wpb_row vc_row-fluid\"><div class=\"wpb_column vc_column_container vc_col-sm-12\"><div class=\"vc_column-inner\"><div class=\"wpb_wrapper\">\n\t<div class=\"wpb_text_column wpb_content_element\" >\n\t\t<div class=\"wpb_wrapper\">\n\t\t\t<p><script id=\"dchwidget\" src=\"https:\/\/www.discovercars.com\/wg.js\" async=\"\" data-dev-env=\"com\" data-location=\"\" data-lang=\"en\" data-utm-source=\"malina\" data-utm-medium=\"widget\" data-aff-code=\"a_aid\" data-autocomplete=\"on\" data-style-submit-bg-color=\"00A200\" data-style-submit-font-color=\"white\" data-style-form-bg-color=\"FAD130\" data-style-form-font-color=\"333\" data-style-submit-text=\"Search now\"><\/script><\/p>\n\n\t\t<\/div>\n\t<\/div>\n<\/div><\/div><\/div><\/div>\n<p>&nbsp;<\/p>\n<h2>Die besten Autovermietungsdienste in Buffalo<\/h2>\n<p><img loading=\"lazy\" decoding=\"async\" class=\"alignleft\" src=\"\/wp-content\/uploads\/images\/rent_car_1182.png\" alt=\"autovermietung buffalo\" width=\"350\" height=\"350\" \/><\/p>\n<p>Bei der Suche nach der besten Autovermietung in B\u00fcffel gibt es mehrere Faktoren zu ber\u00fccksichtigen. Dazu geh\u00f6ren Preis, Kundenservice, Fahrzeugoptionen und Versicherungsschutz. Damit Sie eine fundierte Entscheidung treffen k\u00f6nnen, haben wir eine Liste der am besten bewerteten Autovermietungen in Buffalo zusammengestellt:<\/p>\n<p>- Enterprise Rent-A-Car<br \/>\n- Alamo Rent A Car<br \/>\n- Nationale Autovermietung<br \/>\n- Hertz<br \/>\n- Avis<\/p>\n<p>Jedes dieser Unternehmen bietet wettbewerbsf\u00e4hige Preise und einen ausgezeichneten Kundenservice. Sie haben auch verschiedene Fahrzeugoptionen zur Verf\u00fcgung, die von Kleinwagen bis zu SUVs f\u00fcr alle Ihre Reisebed\u00fcrfnisse reichen.<\/p>\n<h3>Tipps f\u00fcr die Anmietung eines Autos in Buffalo<\/h3>\n<p>Bevor Sie ein Auto in Buffalo anmieten, finden Sie hier einige hilfreiche Tipps, die Ihnen den Aufenthalt noch angenehmer machen:<\/p>\n<p>1. Buchen Sie Ihre Reservierung im Voraus, um bessere Angebote und eine bessere Verf\u00fcgbarkeit zu erhalten.<br \/>\n2. Vergleichen Sie die Preise mehrerer Unternehmen, bevor Sie Ihre Entscheidung treffen.<br \/>\n3. Erw\u00e4gen Sie den Abschluss einer Versicherung f\u00fcr zus\u00e4tzlichen Schutz.<br \/>\n4. Machen Sie sich mit den \u00f6rtlichen Verkehrsgesetzen und -vorschriften vertraut.<br \/>\n5. Planen Sie Ihre Route, bevor Sie sich auf den Weg machen.<\/p>\n<p>Zusammenfassend l\u00e4sst sich sagen, dass das Mieten eines Autos in Buffalo eine hervorragende M\u00f6glichkeit ist, diese pulsierende Stadt und ihre Umgebung in Ihrem eigenen Tempo und bequem zu erkunden. Mit erschwinglichen Preisen und zuverl\u00e4ssigen Dienstleistungen verschiedener renommierter Unternehmen wie Enterprise Rent-A-Car und Hertz finden Sie leicht den perfekten Mietwagen f\u00fcr Ihre Bed\u00fcrfnisse. Warum also warten? Buchen Sie Ihren Mietwagen in Buffalo noch heute und machen Sie sich bereit, alles zu erleben, was New York zu bieten hat.<\/p>\n<\/div>","protected":false},"excerpt":{"rendered":"<p>Discover Affordable Car Rental Buffalo Services If you&#8217;re planning a trip to Buffalo, New York, one of the most convenient and cost-effective ways to explore the city is by renting a car. With so many sights and attractions scattered throughout the city and beyond, having your own mode of transportation gives you the freedom to [&hellip;]<\/p>\n","protected":false},"author":1,"featured_media":3791,"parent":0,"menu_order":0,"comment_status":"closed","ping_status":"closed","template":"","meta":{"rs_blank_template":"","rs_page_bg_color":"","slide_template_v7":"","footnotes":""},"categories":[1],"tags":[],"class_list":["post-3789","page","type-page","status-publish","has-post-thumbnail","hentry","category-blog"],"_links":{"self":[{"href":"https:\/\/rental-car.company\/de\/wp-json\/wp\/v2\/pages\/3789","targetHints":{"allow":["GET"]}}],"collection":[{"href":"https:\/\/rental-car.company\/de\/wp-json\/wp\/v2\/pages"}],"about":[{"href":"https:\/\/rental-car.company\/de\/wp-json\/wp\/v2\/types\/page"}],"author":[{"embeddable":true,"href":"https:\/\/rental-car.company\/de\/wp-json\/wp\/v2\/users\/1"}],"replies":[{"embeddable":true,"href":"https:\/\/rental-car.company\/de\/wp-json\/wp\/v2\/comments?post=3789"}],"version-history":[{"count":0,"href":"https:\/\/rental-car.company\/de\/wp-json\/wp\/v2\/pages\/3789\/revisions"}],"wp:featuredmedia":[{"embeddable":true,"href":"https:\/\/rental-car.company\/de\/wp-json\/wp\/v2\/media\/3791"}],"wp:attachment":[{"href":"https:\/\/rental-car.company\/de\/wp-json\/wp\/v2\/media?parent=3789"}],"wp:term":[{"taxonomy":"category","embeddable":true,"href":"https:\/\/rental-car.company\/de\/wp-json\/wp\/v2\/categories?post=3789"},{"taxonomy":"post_tag","embeddable":true,"href":"https:\/\/rental-car.company\/de\/wp-json\/wp\/v2\/tags?post=3789"}],"curies":[{"name":"wp","href":"https:\/\/api.w.org\/{rel}","templated":true}]}}