{"id":4089,"date":"2024-08-05T09:05:41","date_gmt":"2024-08-05T09:05:41","guid":{"rendered":"https:\/\/rental-car.company\/?page_id=4089"},"modified":"2024-08-05T09:05:41","modified_gmt":"2024-08-05T09:05:41","slug":"cadillac-vermietung-in-meiner-nahe","status":"publish","type":"page","link":"https:\/\/rental-car.company\/de\/cadillac-vermietung-in-meiner-nahe\/","title":{"rendered":"Cadillac-Vermietung in meiner N\u00e4he - Luxus zum Greifen nah"},"content":{"rendered":"<div class=\"wpb-content-wrapper\"><h2>Mieten Sie einen Cadillac in meiner N\u00e4he: Das ultimative Autovermietungserlebnis<\/h2>\n<p>Sind Sie auf der Suche nach einem luxuri\u00f6sen und stilvollen Auto zum Mieten? Suchen Sie nicht weiter, denn rental-car.company bietet Ihnen die perfekte L\u00f6sung mit unserem Cadillac-Vermietungsservice in meiner N\u00e4he. Mit unseren erstklassigen Fahrzeugen und unserem au\u00dfergew\u00f6hnlichen Kundenservice sind wir bestrebt, Ihnen das ultimative Autovermietungserlebnis zu bieten.<\/p>\n<div class=\"vc_row wpb_row vc_row-fluid\"><div class=\"wpb_column vc_column_container vc_col-sm-12\"><div class=\"vc_column-inner\"><div class=\"wpb_wrapper\">\n\t<div class=\"wpb_text_column wpb_content_element\" >\n\t\t<div class=\"wpb_wrapper\">\n\t\t\t<p><script id=\"dchwidget\" src=\"https:\/\/www.discovercars.com\/wg.js\" async=\"\" data-dev-env=\"com\" data-location=\"\" data-lang=\"en\" data-utm-source=\"malina\" data-utm-medium=\"widget\" data-aff-code=\"a_aid\" data-autocomplete=\"on\" data-style-submit-bg-color=\"00A200\" data-style-submit-font-color=\"white\" data-style-form-bg-color=\"FAD130\" data-style-form-font-color=\"333\" data-style-submit-text=\"Search now\"><\/script><\/p>\n\n\t\t<\/div>\n\t<\/div>\n<\/div><\/div><\/div><\/div>\n<p>&nbsp;<\/p>\n<h2>Entdecken Sie Cadillac Rental in meiner N\u00e4he<\/h2>\n<p><img loading=\"lazy\" decoding=\"async\" class=\"alignleft\" src=\"\/wp-content\/uploads\/images\/rent_car_1422.png\" alt=\"Cadillac-Vermietung in meiner N\u00e4he\" width=\"350\" height=\"350\" \/><\/p>\n<p>Wir von rental-car.company wissen, dass Sie manchmal mehr als nur ein normales Auto brauchen. Deshalb bieten wir eine gro\u00dfe Auswahl an Cadillac-Modellen zur Miete an, darunter Limousinen, SUVs und Cabriolets. Unsere Cadillacs sind mit den neuesten Funktionen und Technologien ausgestattet, um Ihnen ein komfortables und unvergessliches Fahrerlebnis zu bieten.<\/p>\n<p>Unser Cadillac-Vermietungsservice in meiner N\u00e4he ist an verschiedenen Standorten im ganzen Land verf\u00fcgbar, so dass Sie bequem ein Luxusfahrzeug mieten k\u00f6nnen, wo immer Sie sind. Suchen Sie einfach online nach \"rental-car.company\" oder laden Sie unsere App herunter, um den n\u00e4chstgelegenen Standort zu finden, der unsere Cadillac-Vermietung anbietet.<\/p>\n<h3>Die Vorteile des Cadillac-Mietens<\/h3>\n<p>&#8211; <strong>Luxus:<\/strong> Unsere Cadillacs strahlen Luxus und Stil aus und sind damit perfekt f\u00fcr besondere Anl\u00e4sse oder Gesch\u00e4ftsreisen.<br \/>\n&#8211; <strong>Komfort:<\/strong> Mit ihren ger\u00e4umigen Innenr\u00e4umen und bequemen Sitzen bieten unsere Cadillacs maximalen Komfort bei langen Fahrten.<br \/>\n&#8211; <strong>Technologie:<\/strong> Von fortschrittlichen Sicherheitsmerkmalen bis hin zu Unterhaltungssystemen - unsere Cadillacs sind mit der neuesten Technologie ausgestattet.<br \/>\n&#8211; <strong>Prestige:<\/strong> Wenn Sie einen Cadillac mieten, werden Sie \u00fcberall auffallen, wo Sie hingehen. Das ist eine hervorragende M\u00f6glichkeit, um bei Kunden oder Freunden Eindruck zu schinden.<\/p>\n<h3>Die Nachteile der Miete eines Cadillacs<\/h3>\n<p>&#8211; <strong>Kosten:<\/strong> Wie bei jedem Luxusfahrzeug k\u00f6nnen die Kosten f\u00fcr die Anmietung eines Cadillacs im Vergleich zu normalen Autos h\u00f6her sein.<br \/>\n&#8211; <strong>Gr\u00f6\u00dfe:<\/strong> Einige unserer Cadillac-Modelle sind gr\u00f6\u00dfer, so dass es schwierig sein kann, sie in engen R\u00e4umen zu man\u00f6vrieren.<\/p>\n<h4>FAQ<\/h4>\n<p><strong>F: Kann ich einen Cadillac in meiner N\u00e4he mieten?<\/strong><br \/>\nA: Ja, Sie k\u00f6nnen einen Cadillac an jeder unserer Autovermietungen im ganzen Land mieten.<\/p>\n<p><strong>F: Was ist das Mindestalter f\u00fcr die Anmietung eines Cadillacs?<\/strong><br \/>\nA: Das Mindestalter f\u00fcr die Anmietung eines Cadillacs betr\u00e4gt 25 Jahre. An manchen Standorten gelten jedoch andere Altersbeschr\u00e4nkungen. Erkundigen Sie sich daher am besten bei Ihrer \u00f6rtlichen Niederlassung der Autovermietung.<\/p>\n<p><strong>F: Kann ich mir ein bestimmtes Cadillac-Modell aussuchen, das ich haben m\u00f6chte?<\/strong><br \/>\nA: Ja, Sie k\u00f6nnen das genaue Modell und die Marke des Cadillacs, die Sie w\u00fcnschen, zum Zeitpunkt der Buchung aus unseren verf\u00fcgbaren Optionen ausw\u00e4hlen.<\/p>\n<p><strong>F: Gibt es zus\u00e4tzliche Geb\u00fchren f\u00fcr die Anmietung eines Cadillacs in meiner N\u00e4he?<\/strong><br \/>\nA: Je nach Ort und Dauer der Anmietung k\u00f6nnen zus\u00e4tzliche Geb\u00fchren anfallen. Wir empfehlen Ihnen, sich f\u00fcr weitere Informationen bei Ihrer \u00f6rtlichen Niederlassung der Autovermietung zu erkundigen.<\/p>\n<h4>Die Quintessenz<\/h4>\n<p><img loading=\"lazy\" decoding=\"async\" class=\"alignright\" src=\"\/wp-content\/uploads\/images\/rent_car_934.png\" alt=\"Cadillac-Vermietung in meiner N\u00e4he\" width=\"350\" height=\"350\" \/><\/p>\n<p>Wir von rental-car.company sind stolz darauf, unseren Kunden einen au\u00dfergew\u00f6hnlichen Service und Fahrzeuge der Spitzenklasse zu bieten. Mit unseren g\u00fcnstigen Standorten und unseren luxuri\u00f6sen Cadillacs, die Sie mieten k\u00f6nnen, machen wir es Ihnen leicht, Luxus vom Feinsten zu erleben. Buchen Sie Ihre n\u00e4chste Autovermietung bei uns und genie\u00dfen Sie alles, was unser Cadillac-Vermietungsservice in Ihrer N\u00e4he zu bieten hat!<\/p>\n<\/div>","protected":false},"excerpt":{"rendered":"<p>Rent a Cadillac Near Me: The Ultimate Car Rental Experience Are you looking for a luxurious and stylish car to rent? Look no further, as rental-car.company offers the perfect solution with our Cadillac rental near me service. With our top-of-the-line vehicles and exceptional customer service, we are dedicated to providing the ultimate car rental experience. [&hellip;]<\/p>\n","protected":false},"author":1,"featured_media":3066,"parent":0,"menu_order":0,"comment_status":"closed","ping_status":"closed","template":"","meta":{"rs_blank_template":"","rs_page_bg_color":"","slide_template_v7":"","footnotes":""},"categories":[1],"tags":[],"class_list":["post-4089","page","type-page","status-publish","has-post-thumbnail","hentry","category-blog"],"_links":{"self":[{"href":"https:\/\/rental-car.company\/de\/wp-json\/wp\/v2\/pages\/4089","targetHints":{"allow":["GET"]}}],"collection":[{"href":"https:\/\/rental-car.company\/de\/wp-json\/wp\/v2\/pages"}],"about":[{"href":"https:\/\/rental-car.company\/de\/wp-json\/wp\/v2\/types\/page"}],"author":[{"embeddable":true,"href":"https:\/\/rental-car.company\/de\/wp-json\/wp\/v2\/users\/1"}],"replies":[{"embeddable":true,"href":"https:\/\/rental-car.company\/de\/wp-json\/wp\/v2\/comments?post=4089"}],"version-history":[{"count":0,"href":"https:\/\/rental-car.company\/de\/wp-json\/wp\/v2\/pages\/4089\/revisions"}],"wp:featuredmedia":[{"embeddable":true,"href":"https:\/\/rental-car.company\/de\/wp-json\/wp\/v2\/media\/3066"}],"wp:attachment":[{"href":"https:\/\/rental-car.company\/de\/wp-json\/wp\/v2\/media?parent=4089"}],"wp:term":[{"taxonomy":"category","embeddable":true,"href":"https:\/\/rental-car.company\/de\/wp-json\/wp\/v2\/categories?post=4089"},{"taxonomy":"post_tag","embeddable":true,"href":"https:\/\/rental-car.company\/de\/wp-json\/wp\/v2\/tags?post=4089"}],"curies":[{"name":"wp","href":"https:\/\/api.w.org\/{rel}","templated":true}]}}