{"id":4220,"date":"2024-08-06T12:13:39","date_gmt":"2024-08-06T12:13:39","guid":{"rendered":"https:\/\/rental-car.company\/?page_id=4220"},"modified":"2024-08-06T12:13:39","modified_gmt":"2024-08-06T12:13:39","slug":"akzeptiert-unternehmen-glockenspiel","status":"publish","type":"page","link":"https:\/\/rental-car.company\/de\/akzeptiert-unternehmen-glockenspiel\/","title":{"rendered":"Akzeptiert Enterprise Chime - Ein vollst\u00e4ndiger Leitfaden"},"content":{"rendered":"<div class=\"wpb-content-wrapper\"><h2>Was ist Chime?<\/h2>\n<p>Chime ist eine beliebte mobile Banking-Plattform, die eine Alternative zu herk\u00f6mmlichen Banken bietet. Sie bietet ihren Nutzern ein Girokonto, eine Debitkarte und verschiedene andere Finanzdienstleistungen ohne monatliche Geb\u00fchren oder Mindestguthabenanforderungen.<\/p>\n<div class=\"vc_row wpb_row vc_row-fluid\"><div class=\"wpb_column vc_column_container vc_col-sm-12\"><div class=\"vc_column-inner\"><div class=\"wpb_wrapper\">\n\t<div class=\"wpb_text_column wpb_content_element\" >\n\t\t<div class=\"wpb_wrapper\">\n\t\t\t<p><script id=\"dchwidget\" src=\"https:\/\/www.discovercars.com\/wg.js\" async=\"\" data-dev-env=\"com\" data-location=\"\" data-lang=\"en\" data-utm-source=\"malina\" data-utm-medium=\"widget\" data-aff-code=\"a_aid\" data-autocomplete=\"on\" data-style-submit-bg-color=\"00A200\" data-style-submit-font-color=\"white\" data-style-form-bg-color=\"FAD130\" data-style-form-font-color=\"333\" data-style-submit-text=\"Search now\"><\/script><\/p>\n\n\t\t<\/div>\n\t<\/div>\n<\/div><\/div><\/div><\/div>\n<p>&nbsp;<\/p>\n<h2>Discover Does Enterprise Accept Chime<\/h2>\n<p><img loading=\"lazy\" decoding=\"async\" class=\"alignleft\" src=\"\/wp-content\/uploads\/images\/rent_car_633.png\" alt=\"akzeptiert Unternehmen Glockenspiel\" width=\"350\" height=\"350\" \/><\/p>\n<p>Wenn Sie planen, ein Auto bei Enterprise zu mieten und sich fragen, ob Chime als Zahlungsmittel akzeptiert wird, lautet die Antwort: Ja! Enterprise akzeptiert Chime als Zahlungsmethode f\u00fcr ihre Mietwagen.<\/p>\n<h3>Wie man Chime in Unternehmen benutzt<\/h3>\n<p>Die Nutzung Ihres Chime-Kontos bei Enterprise ist einfach und bequem. Sie m\u00fcssen nur diese Schritte befolgen:<\/p>\n<ol>\n<li>W\u00e4hlen Sie das Fahrzeug, das Sie mieten m\u00f6chten, auf der Enterprise-Website oder in der App aus.<\/li>\n<li>W\u00e4hlen Sie \"Jetzt bezahlen\" als Zahlungsoption.<\/li>\n<li>W\u00e4hlen Sie als Zahlungsart \"Debitkarte\".<\/li>\n<li>Geben Sie die Daten Ihrer Chime-Debitkarte ein, einschlie\u00dflich der Kartennummer, des Ablaufdatums und des CVV-Codes.<\/li>\n<li>M\u00f6glicherweise werden Sie aufgefordert, sich zus\u00e4tzlich auszuweisen, z. B. durch Vorlage eines F\u00fchrerscheins oder Reisepasses.<\/li>\n<li>Wenn alle Angaben korrekt sind, wird Ihre Anmietung best\u00e4tigt und Sie k\u00f6nnen Ihr Fahrzeug abholen!<\/li>\n<\/ol>\n<h3>Die Vorteile des Einsatzes von Chime at Enterprise<\/h3>\n<p>Die Nutzung Ihres Chime-Kontos f\u00fcr die Anmietung von Fahrzeugen bei Enterprise bietet viele Vorteile. Einige dieser Vorteile sind:<\/p>\n<ul>\n<li>Keine Bonit\u00e4tspr\u00fcfung: Da Chime auf Prepaid-Basis funktioniert, ist keine Bonit\u00e4tspr\u00fcfung erforderlich, wenn Sie es bei Enterprise nutzen. Das macht es zu einer idealen Option f\u00fcr alle, deren Kreditw\u00fcrdigkeit nicht so gut ist.<\/li>\n<li>Keine versteckten Geb\u00fchren: Chime erhebt keine monatlichen Geb\u00fchren, \u00dcberziehungsgeb\u00fchren oder Geb\u00fchren f\u00fcr ausl\u00e4ndische Transaktionen. Das bedeutet, dass Sie sich keine Sorgen \u00fcber unerwartete Geb\u00fchren machen m\u00fcssen, wenn Sie es bei Enterprise nutzen.<\/li>\n<li>Sofortige Zahlung: Mit Ihrer Chime Debitkarte k\u00f6nnen Sie bei Enterprise sofort bezahlen, was den Anmietvorgang schnell und bequem macht.<\/li>\n<\/ul>\n<h4>Pro \/ Kontra<\/h4>\n<h5>Vorteile:<\/h5>\n<ul>\n<li>Keine Bonit\u00e4tspr\u00fcfung<\/li>\n<li>Keine versteckten Geb\u00fchren<\/li>\n<li>Sofortige Bezahlung<\/li>\n<\/ul>\n<h5>Nachteile:<\/h5>\n<ul>\n<li>Eingeschr\u00e4nkte Akzeptanz: Enterprise akzeptiert zwar Chime als Zahlungsmittel, aber nicht alle Autovermietungen. Dies kann Ihre M\u00f6glichkeiten einschr\u00e4nken, wenn Sie Chime f\u00fcr alle Ihre Eink\u00e4ufe verwenden m\u00f6chten.<\/li>\n<li>Keine Pr\u00e4mien: Im Gegensatz zu anderen Kreditkarten erhalten Sie mit Chime bei Enterprise keine Pr\u00e4mien oder Punkte f\u00fcr zuk\u00fcnftige Anmietungen.<\/il>\n<\/ul>\n<h3>H\u00e4ufig gestellte Fragen (FAQ)<\/h3>\n<h4>Kann ich mein Chime-Konto f\u00fcr Autovermietungen bei Enterprise nutzen?<\/h4>\n<p>Ja, Enterprise akzeptiert Chime als Zahlungsmittel.<\/p>\n<h4>Ben\u00f6tige ich eine Bonit\u00e4tspr\u00fcfung, um mein Chime-Konto bei Enterprise zu nutzen?<\/h4>\n<p>Nein, da Chime auf Prepaid-Basis arbeitet, ist eine Bonit\u00e4tspr\u00fcfung nicht erforderlich.<\/p>\n<h4>Gibt es irgendwelche versteckten Geb\u00fchren, wenn ich mein Chime-Konto bei Enterprise benutze?<\/h4>\n<p><img loading=\"lazy\" decoding=\"async\" class=\"alignright\" src=\"\/wp-content\/uploads\/images\/rent_car_1495.png\" alt=\"akzeptiert Unternehmen Glockenspiel\" width=\"350\" height=\"350\" \/><\/p>\n<p>Nein, Chime berechnet keine monatlichen Geb\u00fchren oder versteckte Transaktionsgeb\u00fchren.<\/p>\n<h2>Fazit - Akzeptiert das Unternehmen Chime?<\/h2>\n<p>Zusammenfassend l\u00e4sst sich sagen: Ja, Enterprise akzeptiert Zahlungen von Kunden mit einem Chime-Konto. Es ist eine einfache und bequeme Option f\u00fcr diejenigen, die es vorziehen, ihre Prepaid-Debitkarte f\u00fcr Autovermietungen zu verwenden. Da es keine Bonit\u00e4tspr\u00fcfung und keine versteckten Geb\u00fchren gibt, macht Chime den Anmietvorgang bei Enterprise noch reibungsloser. Wenn Sie also das n\u00e4chste Mal ein Auto mieten m\u00f6chten, k\u00f6nnen Sie getrost Ihr Chime-Konto als Zahlungsmittel verwenden.<\/p>\n<\/div>","protected":false},"excerpt":{"rendered":"<p>What is Chime? Chime is a popular mobile banking platform that offers an alternative to traditional banks. It provides its users with a checking account, debit card, and various other financial services without any monthly fees or minimum balance requirements. &nbsp; Discover Does Enterprise Accept Chime If you are planning to rent a car from [&hellip;]<\/p>\n","protected":false},"author":1,"featured_media":4222,"parent":0,"menu_order":0,"comment_status":"closed","ping_status":"closed","template":"","meta":{"rs_blank_template":"","rs_page_bg_color":"","slide_template_v7":"","footnotes":""},"categories":[1],"tags":[],"class_list":["post-4220","page","type-page","status-publish","has-post-thumbnail","hentry","category-blog"],"_links":{"self":[{"href":"https:\/\/rental-car.company\/de\/wp-json\/wp\/v2\/pages\/4220","targetHints":{"allow":["GET"]}}],"collection":[{"href":"https:\/\/rental-car.company\/de\/wp-json\/wp\/v2\/pages"}],"about":[{"href":"https:\/\/rental-car.company\/de\/wp-json\/wp\/v2\/types\/page"}],"author":[{"embeddable":true,"href":"https:\/\/rental-car.company\/de\/wp-json\/wp\/v2\/users\/1"}],"replies":[{"embeddable":true,"href":"https:\/\/rental-car.company\/de\/wp-json\/wp\/v2\/comments?post=4220"}],"version-history":[{"count":0,"href":"https:\/\/rental-car.company\/de\/wp-json\/wp\/v2\/pages\/4220\/revisions"}],"wp:featuredmedia":[{"embeddable":true,"href":"https:\/\/rental-car.company\/de\/wp-json\/wp\/v2\/media\/4222"}],"wp:attachment":[{"href":"https:\/\/rental-car.company\/de\/wp-json\/wp\/v2\/media?parent=4220"}],"wp:term":[{"taxonomy":"category","embeddable":true,"href":"https:\/\/rental-car.company\/de\/wp-json\/wp\/v2\/categories?post=4220"},{"taxonomy":"post_tag","embeddable":true,"href":"https:\/\/rental-car.company\/de\/wp-json\/wp\/v2\/tags?post=4220"}],"curies":[{"name":"wp","href":"https:\/\/api.w.org\/{rel}","templated":true}]}}