{"id":4277,"date":"2024-08-06T23:05:19","date_gmt":"2024-08-06T23:05:19","guid":{"rendered":"https:\/\/rental-car.company\/?page_id=4277"},"modified":"2024-08-06T23:05:19","modified_gmt":"2024-08-06T23:05:19","slug":"unternehmen-knoxville-tn","status":"publish","type":"page","link":"https:\/\/rental-car.company\/de\/unternehmen-knoxville-tn\/","title":{"rendered":"enterprise knoxville tn - Ihr Leitfaden f\u00fcr die Anmietung eines Autos in Knoxville, TN"},"content":{"rendered":"<div class=\"wpb-content-wrapper\"><h2>Entdecken Sie Enterprise Knoxville TN - ein zuverl\u00e4ssiger Autovermieter<\/h2>\n<p>Planen Sie eine Reise nach Knoxville, Tennessee, und ben\u00f6tigen Sie einen zuverl\u00e4ssigen Transport? Dann sind Sie bei Enterprise Knoxville TN an der richtigen Adresse. Diese bekannte Autovermietung ist seit Jahren f\u00fcr ihre Kunden in der Region da und bietet eine gro\u00dfe Auswahl an Fahrzeugen und einen hervorragenden Kundenservice.<\/p>\n<h3>Warum Enterprise Knoxville TN w\u00e4hlen?<\/h3>\n<p>Es gibt viele Gr\u00fcnde, warum Enterprise die beste Autovermietung f\u00fcr Reisende in Knoxville, TN ist. Hier sind nur ein paar davon:<\/p>\n<p>- Bequeme Standorte: Mit mehreren Standorten in der Stadt ist es einfach, einen Enterprise-Mietwagen in Ihrer N\u00e4he zu finden. Ganz gleich, ob Sie am McGhee Tyson Airport ankommen oder sich in der Innenstadt aufhalten, eine Enterprise-Niederlassung befindet sich wahrscheinlich in Ihrer N\u00e4he.<\/p>\n<p>- Gro\u00dfe Auswahl an Fahrzeugen: Vom Kleinwagen bis zum Gel\u00e4ndewagen und allem, was dazwischen liegt, hat Enterprise ein Fahrzeug f\u00fcr jeden Bedarf und jedes Budget. Au\u00dferdem wird der Fuhrpark regelm\u00e4\u00dfig mit neuen Modellen aktualisiert, sodass Sie immer die neuesten Funktionen und Technologien nutzen k\u00f6nnen.<\/p>\n<p>- Au\u00dfergew\u00f6hnlicher Kundenservice: Bei Enterprise hat die Zufriedenheit der Kunden oberste Priorit\u00e4t. Die freundlichen Mitarbeiter gehen weit \u00fcber das \u00fcbliche Ma\u00df hinaus, um sicherzustellen, dass Ihre Anmietung reibungslos und ohne Probleme verl\u00e4uft.<\/p>\n<h3>Die Vor- und Nachteile einer Anmietung bei Enterprise Knoxville TN<\/h3>\n<p>Wie bei jedem anderen Unternehmen gibt es auch bei der Anmietung von Enterprise in Knoxville sowohl Vor- als auch Nachteile. Schauen wir sie uns einmal genauer an:<\/p>\n<p>Vorteile:<br \/>\n- Konkurrenzf\u00e4hige Preise: Im Vergleich zu anderen Autovermietungen in der Region bietet Enterprise wettbewerbsf\u00e4hige Preise, die nicht ins Geld gehen.<br \/>\n- Unbegrenzte Kilometerzahl: Im Gegensatz zu anderen Anbietern, die pro gefahrenen Kilometer abrechnen, sind bei Enterprise alle Mietfahrzeuge mit unbegrenzten Kilometern ausgestattet.<br \/>\n- Flexible Arbeitszeiten: Sie m\u00fcssen Ihr Auto nach Feierabend zur\u00fcckgeben? Kein Problem! Viele Standorte bieten eine R\u00fcckgabem\u00f6glichkeit nach Gesch\u00e4ftsschluss an, um den Komfort zu erh\u00f6hen.<\/p>\n<p>Nachteile:<br \/>\n- Begrenzte Verf\u00fcgbarkeit w\u00e4hrend der Hochsaison: Als eine der beliebtesten Autovermietungen in Knoxville kann Enterprise w\u00e4hrend der Hauptreisezeiten eine hohe Nachfrage verzeichnen. Es ist immer am besten, wenn Sie Ihren Mietwagen im Voraus buchen, um die Verf\u00fcgbarkeit sicherzustellen.<br \/>\n- Zus\u00e4tzliche Geb\u00fchren: Wie die meisten Autovermietungen erhebt auch Enterprise zus\u00e4tzliche Geb\u00fchren f\u00fcr Extras wie GPS-Navigation und Autositze. Ber\u00fccksichtigen Sie diese bei der Anmietung in Ihrem Budget.<\/p>\n<h3>H\u00e4ufig gestellte Fragen \u00fcber Enterprise Knoxville TN<\/h3>\n<p><img loading=\"lazy\" decoding=\"async\" class=\"alignright\" src=\"\/wp-content\/uploads\/images\/rent_car_1193.png\" alt=\"unternehmen knoxville tn\" width=\"350\" height=\"350\" \/><\/p>\n<p>1. Was ben\u00f6tige ich, um ein Auto von Enterprise zu mieten?<br \/>\nUm ein Auto von Enterprise Knoxville TN zu mieten, ben\u00f6tigen Sie einen g\u00fcltigen F\u00fchrerschein, eine Kreditkarte und einen Versicherungsnachweis.<\/p>\n<p>2. Kann ich meinen Mietwagen an einem anderen Ort zur\u00fcckgeben?<br \/>\nJa, Sie k\u00f6nnen Ihren Mietwagen gegen eine zus\u00e4tzliche Geb\u00fchr an jeder anderen Enterprise-Station zur\u00fcckgeben.<\/p>\n<p>3. Muss ich ein bestimmtes Alter haben, um bei Enterprise zu mieten?<br \/>\nDas Mindestalter f\u00fcr die Anmietung bei Enterprise betr\u00e4gt 21 Jahre, mit einigen Ausnahmen f\u00fcr Fahrer zwischen 18 und 20 Jahren.<\/p>\n<p>4. Was passiert, wenn ich mit meinem Mietwagen einen Unfall habe?<br \/>\nEnterprise bietet einen optionalen Versicherungsschutz gegen eine zus\u00e4tzliche Geb\u00fchr an. Wenn Sie diesen Versicherungsschutz nicht in Anspruch nehmen und einen Unfall haben, m\u00fcssen Sie f\u00fcr alle Sch\u00e4den aufkommen.<\/p>\n<div class=\"vc_row wpb_row vc_row-fluid\"><div class=\"wpb_column vc_column_container vc_col-sm-12\"><div class=\"vc_column-inner\"><div class=\"wpb_wrapper\">\n\t<div class=\"wpb_text_column wpb_content_element\" >\n\t\t<div class=\"wpb_wrapper\">\n\t\t\t<p><script id=\"dchwidget\" src=\"https:\/\/www.discovercars.com\/wg.js\" async=\"\" data-dev-env=\"com\" data-location=\"\" data-lang=\"en\" data-utm-source=\"malina\" data-utm-medium=\"widget\" data-aff-code=\"a_aid\" data-autocomplete=\"on\" data-style-submit-bg-color=\"00A200\" data-style-submit-font-color=\"white\" data-style-form-bg-color=\"FAD130\" data-style-form-font-color=\"333\" data-style-submit-text=\"Search now\"><\/script><\/p>\n\n\t\t<\/div>\n\t<\/div>\n<\/div><\/div><\/div><\/div>\n<p>&nbsp;<\/p>\n<h2>Erkunden Sie Knoxville mit Ihrem Mietwagen<\/h2>\n<p><img loading=\"lazy\" decoding=\"async\" class=\"alignleft\" src=\"\/wp-content\/uploads\/images\/rent_car_717.png\" alt=\"unternehmen knoxville tn\" width=\"350\" height=\"350\" \/><\/p>\n<p>Jetzt, da Sie mehr \u00fcber die Autovermietung von Enterprise Knoxville TN wissen, ist es an der Zeit, sich auf den Weg zu machen und alles zu erkunden, was diese charmante Stadt zu bieten hat! Hier sind einige Attraktionen, die Sie unbedingt sehen m\u00fcssen und die Sie mit Ihrem Mietwagen leicht erreichen k\u00f6nnen:<\/p>\n<p>- Marktplatz: In diesem historischen Viertel gibt es einzigartige Gesch\u00e4fte, Restaurants und Unterhaltungsm\u00f6glichkeiten.<br \/>\n- Great Smoky Mountains National Park: Nur eine kurze Autofahrt von der Stadt entfernt liegt dieser atemberaubende Nationalpark, in dem Sie wandern, zelten oder einfach nur die atemberaubende Aussicht genie\u00dfen k\u00f6nnen.<br \/>\n- World's Fair Park: Besuchen Sie die kultige Sunsphere und genie\u00dfen Sie Veranstaltungen und Aktivit\u00e4ten in diesem familienfreundlichen Park.<br \/>\n- Tennessee-Theater: Besuchen Sie eine Vorstellung in diesem wundersch\u00f6n restaurierten Theater, das seit 1928 ein Wahrzeichen von Knoxville ist.<\/p>\n<p>Zusammenfassend l\u00e4sst sich sagen, dass Enterprise Knoxville TN eine zuverl\u00e4ssige und bequeme Wahl f\u00fcr die Anmietung eines Fahrzeugs in Knoxville, TN ist. Mit der gro\u00dfen Auswahl an Fahrzeugen, wettbewerbsf\u00e4higen Preisen und einem au\u00dfergew\u00f6hnlichen Kundenservice k\u00f6nnen Sie darauf vertrauen, dass Enterprise Ihre Reise nach Knoxville zu einem angenehmen Erlebnis macht. Buchen Sie noch heute Ihren Mietwagen und machen Sie sich bereit, alles zu erkunden, was diese pulsierende Stadt zu bieten hat!<\/p>\n<\/div>","protected":false},"excerpt":{"rendered":"<p>Exploring Enterprise Knoxville TN &#8211; A Trusted Rental Car Company Are you planning a trip to Knoxville, Tennessee and need reliable transportation? Look no further than Enterprise Knoxville TN. This well-known rental car company has been serving customers in the area for years, offering a wide selection of vehicles and exceptional customer service. Why Choose [&hellip;]<\/p>\n","protected":false},"author":1,"featured_media":4279,"parent":0,"menu_order":0,"comment_status":"closed","ping_status":"closed","template":"","meta":{"rs_blank_template":"","rs_page_bg_color":"","slide_template_v7":"","footnotes":""},"categories":[1],"tags":[],"class_list":["post-4277","page","type-page","status-publish","has-post-thumbnail","hentry","category-blog"],"_links":{"self":[{"href":"https:\/\/rental-car.company\/de\/wp-json\/wp\/v2\/pages\/4277","targetHints":{"allow":["GET"]}}],"collection":[{"href":"https:\/\/rental-car.company\/de\/wp-json\/wp\/v2\/pages"}],"about":[{"href":"https:\/\/rental-car.company\/de\/wp-json\/wp\/v2\/types\/page"}],"author":[{"embeddable":true,"href":"https:\/\/rental-car.company\/de\/wp-json\/wp\/v2\/users\/1"}],"replies":[{"embeddable":true,"href":"https:\/\/rental-car.company\/de\/wp-json\/wp\/v2\/comments?post=4277"}],"version-history":[{"count":0,"href":"https:\/\/rental-car.company\/de\/wp-json\/wp\/v2\/pages\/4277\/revisions"}],"wp:featuredmedia":[{"embeddable":true,"href":"https:\/\/rental-car.company\/de\/wp-json\/wp\/v2\/media\/4279"}],"wp:attachment":[{"href":"https:\/\/rental-car.company\/de\/wp-json\/wp\/v2\/media?parent=4277"}],"wp:term":[{"taxonomy":"category","embeddable":true,"href":"https:\/\/rental-car.company\/de\/wp-json\/wp\/v2\/categories?post=4277"},{"taxonomy":"post_tag","embeddable":true,"href":"https:\/\/rental-car.company\/de\/wp-json\/wp\/v2\/tags?post=4277"}],"curies":[{"name":"wp","href":"https:\/\/api.w.org\/{rel}","templated":true}]}}