{"id":4602,"date":"2024-08-09T17:05:42","date_gmt":"2024-08-09T17:05:42","guid":{"rendered":"https:\/\/rental-car.company\/?page_id=4602"},"modified":"2024-08-09T17:05:42","modified_gmt":"2024-08-09T17:05:42","slug":"autovermietung-wichita-ks","status":"publish","type":"page","link":"https:\/\/rental-car.company\/de\/autovermietung-wichita-ks\/","title":{"rendered":"Autovermietung Wichita KS - Ihr Leitfaden f\u00fcr das Mieten eines Autos in Wichita"},"content":{"rendered":"<div class=\"wpb-content-wrapper\"><h2>Das Wichtigste \u00fcber Autovermietungen in Wichita, Kansas<\/h2>\n<p>Wenn Sie Wichita, Kansas, besuchen, ist ein Auto f\u00fcr die Fortbewegung unerl\u00e4sslich. Es gibt zwar auch \u00f6ffentliche Verkehrsmittel, aber ein Auto zu mieten gibt Ihnen die Freiheit und Flexibilit\u00e4t, die Stadt in Ihrem eigenen Tempo zu erkunden. Bei der gro\u00dfen Auswahl an Autovermietungen kann es schwierig sein, das beste Angebot zu finden. Deshalb haben wir diesen Leitfaden \u00fcber Autovermietungen in Wichita, KS, zusammengestellt.<\/p>\n<div class=\"vc_row wpb_row vc_row-fluid\"><div class=\"wpb_column vc_column_container vc_col-sm-12\"><div class=\"vc_column-inner\"><div class=\"wpb_wrapper\">\n\t<div class=\"wpb_text_column wpb_content_element\" >\n\t\t<div class=\"wpb_wrapper\">\n\t\t\t<p><script id=\"dchwidget\" src=\"https:\/\/www.discovercars.com\/wg.js\" async=\"\" data-dev-env=\"com\" data-location=\"\" data-lang=\"en\" data-utm-source=\"malina\" data-utm-medium=\"widget\" data-aff-code=\"a_aid\" data-autocomplete=\"on\" data-style-submit-bg-color=\"00A200\" data-style-submit-font-color=\"white\" data-style-form-bg-color=\"FAD130\" data-style-form-font-color=\"333\" data-style-submit-text=\"Search now\"><\/script><\/p>\n\n\t\t<\/div>\n\t<\/div>\n<\/div><\/div><\/div><\/div>\n<p>&nbsp;<\/p>\n<h2>Entdecken Sie Autovermietung Wichita KS<\/h2>\n<p><img loading=\"lazy\" decoding=\"async\" class=\"alignleft\" src=\"\/wp-content\/uploads\/images\/rent_car_1058.png\" alt=\"autovermietung wichita ks\" width=\"350\" height=\"350\" \/><\/p>\n<p>Bei der Suche nach Autovermietungen in Wichita, KS, werden Sie feststellen, dass es mehrere M\u00f6glichkeiten gibt. Zu den beliebtesten Autovermietungen in der Stadt geh\u00f6ren Enterprise Rent-A-Car, Hertz Rent-A-Car, Avis Rent-A-Car und Budget Rent-A-Car. Jedes dieser Unternehmen bietet eine breite Palette von Fahrzeugen zu unterschiedlichen Preisen an, um Ihrem Budget und Ihren Bed\u00fcrfnissen gerecht zu werden.<\/p>\n<p>Wenn Sie etwas Bestimmtes suchen oder besondere W\u00fcnsche f\u00fcr Ihr Mietfahrzeug haben, sollten Sie das Unternehmen bei der Reservierung darauf hinweisen. Viele Vermieter bieten gegen eine zus\u00e4tzliche Geb\u00fchr zus\u00e4tzliche Dienstleistungen wie GPS-Navigationssysteme oder Kindersitze an.<\/p>\n<h3>Verf\u00fcgbare Fahrzeugtypen zur Miete<\/h3>\n<p>Egal, ob Sie einen Kleinwagen f\u00fcr eine Alleinreise oder einen Minivan f\u00fcr einen Familienurlaub ben\u00f6tigen, es gibt eine gro\u00dfe Auswahl an Fahrzeugen, wenn es darum geht, in Wichita ein Auto zu mieten. Zu den g\u00e4ngigsten Fahrzeugtypen geh\u00f6ren Kleinwagen, Limousinen, SUVs und Minivans.<\/p>\n<p>F\u00fcr diejenigen, die etwas Luxuri\u00f6seres oder Einzigartiges suchen, bieten einige Vermieter auch Sportwagen oder Cabrio-Modelle gegen Aufpreis an. Beachten Sie, dass f\u00fcr gr\u00f6\u00dfere Fahrzeuge wie SUVs und Minivans h\u00f6here Tagess\u00e4tze gelten k\u00f6nnen als f\u00fcr kleinere Autos.<\/p>\n<h3>Die Vor- und Nachteile der Autovermietung in Wichita<\/h3>\n<p>Vorteile:<br \/>\n- Flexibilit\u00e4t und Freiheit, die Stadt nach eigenem Zeitplan zu erkunden<br \/>\n- Bequemer und komfortabler als die Nutzung \u00f6ffentlicher Verkehrsmittel<br \/>\n- Sie k\u00f6nnen Geld bei den Transportkosten sparen, wenn Sie mit einer Gruppe oder Familie reisen.<\/p>\n<p>Nachteile:<br \/>\n- Zus\u00e4tzliche Geb\u00fchren wie Versicherung, GPS und Geb\u00fchren f\u00fcr minderj\u00e4hrige Fahrer k\u00f6nnen sich schnell summieren<br \/>\n- Begrenzte Parkm\u00f6glichkeiten im Stadtzentrum k\u00f6nnen zu zus\u00e4tzlichen Geb\u00fchren f\u00fchren<br \/>\n- Kann eine Kreditkarte f\u00fcr die Reservierung und die Kaution verlangen, was f\u00fcr diejenigen, die keine Kreditkarte haben, ein Problem sein k\u00f6nnte.<\/p>\n<h4>H\u00e4ufig gestellte Fragen \u00fcber Autovermietungen in Wichita KS<\/h4>\n<p><img loading=\"lazy\" decoding=\"async\" class=\"alignright\" src=\"\/wp-content\/uploads\/images\/rent_car_1514.png\" alt=\"autovermietung wichita ks\" width=\"350\" height=\"350\" \/><\/p>\n<p>F: Was ist das Mindestalter f\u00fcr die Anmietung eines Autos in Wichita?<br \/>\nA: Das Mindestalter f\u00fcr die Anmietung eines Fahrzeugs ist von Vermieter zu Vermieter unterschiedlich, liegt aber in der Regel bei 21 Jahren. Fahrer unter 25 Jahren m\u00fcssen jedoch m\u00f6glicherweise eine zus\u00e4tzliche Geb\u00fchr entrichten.<\/p>\n<p>F: Brauche ich eine Versicherung, wenn ich ein Auto miete?<br \/>\nA: Die meisten Autovermietungen bieten gegen Aufpreis Versicherungsoptionen an. M\u00f6glicherweise sind Sie auch \u00fcber Ihre pers\u00f6nliche Autoversicherung oder Ihr Kreditkartenunternehmen versichert. Erkundigen Sie sich am besten bei Ihrem Anbieter, bevor Sie eine angebotene Versicherung ablehnen.<\/p>\n<p>F: Kann ich meinen Mietwagen an einem anderen Ort zur\u00fcckgeben?<br \/>\nA: Ja, die meisten Autovermietungen erlauben Ihnen, Ihr Fahrzeug gegen eine zus\u00e4tzliche Geb\u00fchr an einem anderen Ort zur\u00fcckzugeben. Erkundigen Sie sich jedoch vorher bei der Firma.<\/p>\n<p>Zusammenfassend l\u00e4sst sich sagen, dass ein Mietwagen in Wichita, KS Ihr Reiseerlebnis erheblich verbessern kann, da Sie die Freiheit und Flexibilit\u00e4t haben, die Stadt in Ihrem eigenen Tempo zu erkunden. Mit den verschiedenen Fahrzeugoptionen, die von renommierten Vermietungsunternehmen angeboten werden, werden Sie keine Probleme haben, das perfekte Fahrzeug f\u00fcr Ihre Reise zu finden. Denken Sie nur daran, im Voraus zu planen und alle Faktoren wie Geb\u00fchren und Versicherung zu ber\u00fccksichtigen, bevor Sie Ihre Reservierung vornehmen. Gute Reise!<\/p>\n<\/div>","protected":false},"excerpt":{"rendered":"<p>The Ins and Outs of Car Rentals in Wichita, Kansas When visiting Wichita, Kansas, having a car to get around is essential. While there are public transportation options available, renting a car gives you the freedom and flexibility to explore the city at your own pace. With so many car rental companies to choose from, [&hellip;]<\/p>\n","protected":false},"author":1,"featured_media":4604,"parent":0,"menu_order":0,"comment_status":"closed","ping_status":"closed","template":"","meta":{"rs_blank_template":"","rs_page_bg_color":"","slide_template_v7":"","footnotes":""},"categories":[1],"tags":[],"class_list":["post-4602","page","type-page","status-publish","has-post-thumbnail","hentry","category-blog"],"_links":{"self":[{"href":"https:\/\/rental-car.company\/de\/wp-json\/wp\/v2\/pages\/4602","targetHints":{"allow":["GET"]}}],"collection":[{"href":"https:\/\/rental-car.company\/de\/wp-json\/wp\/v2\/pages"}],"about":[{"href":"https:\/\/rental-car.company\/de\/wp-json\/wp\/v2\/types\/page"}],"author":[{"embeddable":true,"href":"https:\/\/rental-car.company\/de\/wp-json\/wp\/v2\/users\/1"}],"replies":[{"embeddable":true,"href":"https:\/\/rental-car.company\/de\/wp-json\/wp\/v2\/comments?post=4602"}],"version-history":[{"count":0,"href":"https:\/\/rental-car.company\/de\/wp-json\/wp\/v2\/pages\/4602\/revisions"}],"wp:featuredmedia":[{"embeddable":true,"href":"https:\/\/rental-car.company\/de\/wp-json\/wp\/v2\/media\/4604"}],"wp:attachment":[{"href":"https:\/\/rental-car.company\/de\/wp-json\/wp\/v2\/media?parent=4602"}],"wp:term":[{"taxonomy":"category","embeddable":true,"href":"https:\/\/rental-car.company\/de\/wp-json\/wp\/v2\/categories?post=4602"},{"taxonomy":"post_tag","embeddable":true,"href":"https:\/\/rental-car.company\/de\/wp-json\/wp\/v2\/tags?post=4602"}],"curies":[{"name":"wp","href":"https:\/\/api.w.org\/{rel}","templated":true}]}}