{"id":4615,"date":"2024-08-09T20:06:03","date_gmt":"2024-08-09T20:06:03","guid":{"rendered":"https:\/\/rental-car.company\/?page_id=4615"},"modified":"2024-08-09T20:06:03","modified_gmt":"2024-08-09T20:06:03","slug":"autovermietung-bozeman-flughafen","status":"publish","type":"page","link":"https:\/\/rental-car.company\/de\/autovermietung-bozeman-flughafen\/","title":{"rendered":"Autovermietung Bozeman Flughafen - Ihr Wegweiser f\u00fcr eine sorgenfreie Reise"},"content":{"rendered":"<div class=\"wpb-content-wrapper\"><h2>Bequeme und erschwingliche Autovermietungen Bozeman Flughafen Angebote<\/h2>\n<p>Reisen kann eine stressige Angelegenheit sein, vor allem wenn es um die Bef\u00f6rderung geht. Bei so vielen M\u00f6glichkeiten kann es \u00fcberw\u00e4ltigend sein, das beste Verkehrsmittel f\u00fcr Ihre Reise zu finden. Wenn Sie jedoch nach Bozeman, Montana, fliegen, gibt es eine Option, die sich von den anderen abhebt - Autovermietung Bozeman Flughafen.<\/p>\n<p>Bei der Autovermietung Bozeman Airport bieten wir bequeme und erschwingliche Autovermietungsoptionen f\u00fcr Reisende, die am Bozeman Yellowstone International Airport (BZN) ankommen. Unser Ziel ist es, Ihre Reiseerfahrung so stressfrei wie m\u00f6glich zu gestalten, indem wir Ihnen zuverl\u00e4ssige und qualitativ hochwertige Fahrzeuge f\u00fcr Ihre Reise zur Verf\u00fcgung stellen.<\/p>\n<div class=\"vc_row wpb_row vc_row-fluid\"><div class=\"wpb_column vc_column_container vc_col-sm-12\"><div class=\"vc_column-inner\"><div class=\"wpb_wrapper\">\n\t<div class=\"wpb_text_column wpb_content_element\" >\n\t\t<div class=\"wpb_wrapper\">\n\t\t\t<p><script id=\"dchwidget\" src=\"https:\/\/www.discovercars.com\/wg.js\" async=\"\" data-dev-env=\"com\" data-location=\"\" data-lang=\"en\" data-utm-source=\"malina\" data-utm-medium=\"widget\" data-aff-code=\"a_aid\" data-autocomplete=\"on\" data-style-submit-bg-color=\"00A200\" data-style-submit-font-color=\"white\" data-style-form-bg-color=\"FAD130\" data-style-form-font-color=\"333\" data-style-submit-text=\"Search now\"><\/script><\/p>\n\n\t\t<\/div>\n\t<\/div>\n<\/div><\/div><\/div><\/div>\n<p>&nbsp;<\/p>\n<h2>Entdecken Sie Autovermietung Bozeman Flughafen<\/h2>\n<p><img loading=\"lazy\" decoding=\"async\" class=\"alignleft\" src=\"\/wp-content\/uploads\/images\/rent_car_173.png\" alt=\"autovermietung bozeman flughafen\" width=\"350\" height=\"350\" \/><\/p>\n<p>Wenn Sie sich f\u00fcr eine Autovermietung am Flughafen Bozeman entscheiden, haben Sie Zugang zu einer gro\u00dfen Auswahl an Fahrzeugen von Topmarken wie Toyota, Ford und Chevrolet. Von Kleinwagen \u00fcber SUVs bis hin zu Luxusfahrzeugen haben wir f\u00fcr jeden Reisenden etwas dabei.<\/p>\n<p>Unser Anmietungsverfahren ist schnell und einfach. Reservieren Sie einfach online oder an unserem Vermietungsschalter im BZN-Terminal. Wir bieten au\u00dferdem einen 24\/7-Kundenservice, falls Sie Fragen haben oder w\u00e4hrend Ihrer Reise Hilfe ben\u00f6tigen.<\/p>\n<h3>Erschwingliche Preise<\/h3>\n<p>Einer der Hauptvorteile der Autovermietung am Flughafen Bozeman ist unsere wettbewerbsf\u00e4hige Preisgestaltung. Wir wissen, dass sich die Reisekosten schnell summieren k\u00f6nnen. Deshalb bieten wir erschwingliche Preise, ohne dass Sie auf Qualit\u00e4t oder Service verzichten m\u00fcssen.<\/p>\n<p>Mit unseren niedrigen Preisen und dem Verzicht auf versteckte Geb\u00fchren k\u00f6nnen Sie sich darauf verlassen, dass Sie das beste Angebot f\u00fcr Ihr Mietfahrzeug erhalten. Au\u00dferdem sind in all unseren Mietfahrzeugen unbegrenzte Kilometer enthalten, sodass Sie sich keine Sorgen \u00fcber zus\u00e4tzliche Kosten machen m\u00fcssen, wenn Sie w\u00e4hrend Ihrer Reise die Umgebung von Bozeman erkunden m\u00f6chten.<\/p>\n<h3>G\u00fcnstiger Standort<\/h3>\n<p>Unser Anmietungsschalter befindet sich direkt im BZN-Terminal, so dass Sie Ihr Fahrzeug direkt nach Ihrer Ankunft abholen k\u00f6nnen. Sie m\u00fcssen nicht in langen Schlangen warten oder einen Shuttle zu einem Ort au\u00dferhalb des Gel\u00e4ndes nehmen - mit der Autovermietung am Flughafen Bozeman sind Sie im Handumdrehen unterwegs.<\/p>\n<p>Wir bieten Ihnen auch die M\u00f6glichkeit, Ihr Fahrzeug an unserem Vermietungsschalter abzugeben oder nach Ihrer Reise unseren kostenlosen Shuttleservice zur\u00fcck zum Flughafen in Anspruch zu nehmen. Das bedeutet, dass Sie sich nicht um den R\u00fccktransport zum Flughafen k\u00fcmmern m\u00fcssen, was Ihnen Zeit und Stress erspart.<\/p>\n<h3>Flexible Mietoptionen<\/h3>\n<p>Ganz gleich, ob Sie einen kurzen Wochenendausflug oder einen l\u00e4ngeren Aufenthalt in Bozeman planen, wir haben flexible Mietoptionen, die Ihren Bed\u00fcrfnissen gerecht werden. Unsere Tages-, Wochen- und Monatspreise erm\u00f6glichen es Ihnen, die beste Option f\u00fcr Ihre Reise zu w\u00e4hlen, ohne die Bank zu sprengen.<\/p>\n<p>Wenn sich Ihre Pl\u00e4ne w\u00e4hrend Ihrer Reise \u00e4ndern und Sie Ihren Mietzeitraum verl\u00e4ngern m\u00fcssen, bieten wir Ihnen bequeme Online-Optionen zur Verl\u00e4ngerung Ihrer Reservierung. Und sollte es zuf\u00e4llig Probleme mit Ihrem Mietfahrzeug geben, bieten wir Ihnen einen 24\/7-Pannenhilfe-Service, damit Sie sich sicher f\u00fchlen k\u00f6nnen.<\/p>\n<h4>Pro \/ Kontra<\/h4>\n<p>Vorteile:<br \/>\n- G\u00fcnstig gelegen im BZN-Terminal<br \/>\n- Erschwingliche Tarife ohne versteckte Geb\u00fchren<br \/>\n- Flexible Mietoptionen<br \/>\n- Gro\u00dfe Auswahl an hochwertigen Fahrzeugen<\/p>\n<p>Nachteile:<br \/>\n- Begrenzte Auswahl an Luxusfahrzeugen im Vergleich zu gr\u00f6\u00dferen Autovermietungen<br \/>\n- Kein Treuepr\u00e4mienprogramm<\/p>\n<h4>H\u00e4ufig gestellte Fragen (FAQ)<\/h4>\n<p><img loading=\"lazy\" decoding=\"async\" class=\"alignright\" src=\"\/wp-content\/uploads\/images\/rent_car_1313.png\" alt=\"autovermietung bozeman flughafen\" width=\"350\" height=\"350\" \/><\/p>\n<p>F: Kann ich am Flughafen Bozeman ein Auto mieten, wenn ich unter 25 Jahre alt bin?<br \/>\nA: Ja! Wir begr\u00fc\u00dfen Mieter im Alter von 21 Jahren und \u00e4lter mit einem g\u00fcltigen F\u00fchrerschein und einer g\u00e4ngigen Kreditkarte.<\/p>\n<p>F: Brauche ich eine Versicherung, wenn ich ein Auto am Bozeman Flughafen miete?<br \/>\nA: Auch wenn dies nicht gesetzlich vorgeschrieben ist, empfehlen wir Ihnen den Abschluss unserer Mietversicherung f\u00fcr zus\u00e4tzlichen Schutz w\u00e4hrend Ihrer Reise.<\/p>\n<p>F: Gibt es zus\u00e4tzliche Geb\u00fchren f\u00fcr die Abgabe des Fahrzeugs an einem anderen Ort?<br \/>\nA: Ja, es k\u00f6nnen zus\u00e4tzliche Geb\u00fchren f\u00fcr die Abgabe des Fahrzeugs an einem anderen Ort anfallen. Bitte kontaktieren Sie uns f\u00fcr weitere Informationen und Preise.<\/p>\n<h2>Mieten Sie mit Zuversicht bei Car Rentals Bozeman Airport<\/h2>\n<p>Wenn Sie das n\u00e4chste Mal eine Reise nach Bozeman planen, sollten Sie sich f\u00fcr die Autovermietung Bozeman Airport entscheiden, um Ihren Transportbedarf zu decken. Dank unserer g\u00fcnstigen Lage, unserer erschwinglichen Preise und unserer hochwertigen Fahrzeuge k\u00f6nnen Sie beruhigt reisen, denn Sie k\u00f6nnen sich auf eine zuverl\u00e4ssige und problemlose Anmietung verlassen. Buchen Sie Ihre Reservierung noch heute und lassen Sie uns den Rest erledigen!<\/p>\n<\/div>","protected":false},"excerpt":{"rendered":"<p>Convenient and Affordable Car Rentals Bozeman Airport Offers Traveling can be a stressful experience, especially when it comes to transportation. With so many options available, it can be overwhelming to find the best mode of transportation for your trip. However, if you&#8217;re flying into Bozeman, Montana, there&#8217;s one option that stands out above the rest [&hellip;]<\/p>\n","protected":false},"author":1,"featured_media":4205,"parent":0,"menu_order":0,"comment_status":"closed","ping_status":"closed","template":"","meta":{"rs_blank_template":"","rs_page_bg_color":"","slide_template_v7":"","footnotes":""},"categories":[1],"tags":[],"class_list":["post-4615","page","type-page","status-publish","has-post-thumbnail","hentry","category-blog"],"_links":{"self":[{"href":"https:\/\/rental-car.company\/de\/wp-json\/wp\/v2\/pages\/4615","targetHints":{"allow":["GET"]}}],"collection":[{"href":"https:\/\/rental-car.company\/de\/wp-json\/wp\/v2\/pages"}],"about":[{"href":"https:\/\/rental-car.company\/de\/wp-json\/wp\/v2\/types\/page"}],"author":[{"embeddable":true,"href":"https:\/\/rental-car.company\/de\/wp-json\/wp\/v2\/users\/1"}],"replies":[{"embeddable":true,"href":"https:\/\/rental-car.company\/de\/wp-json\/wp\/v2\/comments?post=4615"}],"version-history":[{"count":0,"href":"https:\/\/rental-car.company\/de\/wp-json\/wp\/v2\/pages\/4615\/revisions"}],"wp:featuredmedia":[{"embeddable":true,"href":"https:\/\/rental-car.company\/de\/wp-json\/wp\/v2\/media\/4205"}],"wp:attachment":[{"href":"https:\/\/rental-car.company\/de\/wp-json\/wp\/v2\/media?parent=4615"}],"wp:term":[{"taxonomy":"category","embeddable":true,"href":"https:\/\/rental-car.company\/de\/wp-json\/wp\/v2\/categories?post=4615"},{"taxonomy":"post_tag","embeddable":true,"href":"https:\/\/rental-car.company\/de\/wp-json\/wp\/v2\/tags?post=4615"}],"curies":[{"name":"wp","href":"https:\/\/api.w.org\/{rel}","templated":true}]}}