{"id":4619,"date":"2024-08-09T21:05:18","date_gmt":"2024-08-09T21:05:18","guid":{"rendered":"https:\/\/rental-car.company\/?page_id=4619"},"modified":"2024-08-09T21:05:18","modified_gmt":"2024-08-09T21:05:18","slug":"mietwagen-sarasota-flughafen","status":"publish","type":"page","link":"https:\/\/rental-car.company\/de\/mietwagen-sarasota-flughafen\/","title":{"rendered":"Mietwagen Sarasota Flughafen: Ihr ultimativer Leitfaden"},"content":{"rendered":"<div class=\"wpb-content-wrapper\"><p>Willkommen in der sch\u00f6nen Stadt Sarasota, Florida! Egal, ob Sie gesch\u00e4ftlich oder privat unterwegs sind, ein Mietwagen kann Ihr Reiseerlebnis erheblich verbessern. Und wo k\u00f6nnte man besser ein Auto mieten als am Flughafen Sarasota? In diesem Leitfaden erfahren Sie alles, was Sie \u00fcber Mietwagen am Flughafen Sarasota wissen m\u00fcssen, und warum dies die beste Option f\u00fcr Ihren Transportbedarf ist.<\/p>\n<h2>Warum ein Auto am Flughafen Sarasota mieten?<\/h2>\n<p>Es gibt mehrere Gr\u00fcnde, warum die Anmietung eines Autos am Flughafen Sarasota die beste Wahl f\u00fcr Reisende ist. In erster Linie bietet es Komfort. Sobald Sie am Flughafen landen, k\u00f6nnen Sie Ihren Mietwagen einfach abholen und direkt zu Ihrem Ziel fahren. So m\u00fcssen Sie nicht mehr auf \u00f6ffentliche Verkehrsmittel warten oder ein Taxi rufen.<\/p>\n<p>Au\u00dferdem gibt Ihnen ein Mietwagen die Freiheit und Flexibilit\u00e4t, die Stadt auf eigene Faust zu erkunden. Sie k\u00f6nnen beliebte Attraktionen wie den Siesta Key Beach oder die Marie Selby Botanical Gardens besuchen, ohne sich um Fahrpl\u00e4ne oder begrenzte Transportm\u00f6glichkeiten k\u00fcmmern zu m\u00fcssen.<\/p>\n<div class=\"vc_row wpb_row vc_row-fluid\"><div class=\"wpb_column vc_column_container vc_col-sm-12\"><div class=\"vc_column-inner\"><div class=\"wpb_wrapper\">\n\t<div class=\"wpb_text_column wpb_content_element\" >\n\t\t<div class=\"wpb_wrapper\">\n\t\t\t<p><script id=\"dchwidget\" src=\"https:\/\/www.discovercars.com\/wg.js\" async=\"\" data-dev-env=\"com\" data-location=\"\" data-lang=\"en\" data-utm-source=\"malina\" data-utm-medium=\"widget\" data-aff-code=\"a_aid\" data-autocomplete=\"on\" data-style-submit-bg-color=\"00A200\" data-style-submit-font-color=\"white\" data-style-form-bg-color=\"FAD130\" data-style-form-font-color=\"333\" data-style-submit-text=\"Search now\"><\/script><\/p>\n\n\t\t<\/div>\n\t<\/div>\n<\/div><\/div><\/div><\/div>\n<p>&nbsp;<\/p>\n<h2>Discover Rental Cars Sarasota Flughafen<\/h2>\n<p><img loading=\"lazy\" decoding=\"async\" class=\"alignleft\" src=\"\/wp-content\/uploads\/images\/rent_car_1200.png\" alt=\"mietwagen sarasota flughafen\" width=\"350\" height=\"350\" \/><\/p>\n<p>Der Flughafen Sarasota bietet verschiedene M\u00f6glichkeiten f\u00fcr Mietwagen von renommierten Unternehmen wie Avis, Budget, Hertz, Enterprise und anderen. Diese Unternehmen haben Schalter im Flughafenterminal, an denen Sie Ihren Mietwagen bei der Ankunft bequem buchen und abholen k\u00f6nnen.<\/p>\n<h3>Avis<\/h3>\n<p>Avis ist eine der beliebtesten Autovermietungen am Flughafen Sarasota, da eine gro\u00dfe Auswahl an Fahrzeugen zur Verf\u00fcgung steht. Von Kleinwagen \u00fcber SUVs bis hin zu Luxusfahrzeugen hat Avis f\u00fcr jeden Reisetyp etwas zu bieten. Au\u00dferdem bieten sie tolle Angebote und Rabatte, die das Mieten bei ihnen noch erschwinglicher machen.<\/p>\n<h3>Haushalt<\/h3>\n<p>Wenn Sie auf der Suche nach einer preisg\u00fcnstigen Alternative sind, dann sind Sie bei Budget genau richtig. Mit wettbewerbsf\u00e4higen Preisen und einer Vielzahl von Fahrzeugen zur Auswahl finden Sie leicht den perfekten Mietwagen f\u00fcr Ihre Reise. Au\u00dferdem ist der Kundenservice erstklassig und sorgt f\u00fcr einen reibungslosen Ablauf der Vermietung.<\/p>\n<h3>Hertz<\/h3>\n<p>Hertz ist eine weitere beliebte Wahl unter Reisenden am Flughafen Sarasota. Das Unternehmen bietet eine gro\u00dfe Auswahl an Fahrzeugen, darunter Luxusautos und SUVs, perfekt f\u00fcr alle, die stilvoll durch die Gegend fahren m\u00f6chten. Au\u00dferdem k\u00f6nnen Sie mit dem Gold Plus Rewards-Programm bei jeder Anmietung Punkte sammeln und Verg\u00fcnstigungen genie\u00dfen.<\/p>\n<h4>Pro \/ Kontra<\/h4>\n<p>Vorteile:<\/p>\n<ul>\n<li>Bequemer Abholort am Flughafen Sarasota<\/li>\n<li>Breite Palette an Fahrzeugoptionen von renommierten Unternehmen<\/li>\n<li>Freiheit und Flexibilit\u00e4t bei der Erkundung der Stadt<\/li>\n<li>Erschwingliche Preise und Angebote verf\u00fcgbar<\/li>\n<li>Treueprogramme f\u00fcr Vielmieter<\/li>\n<\/ul>\n<p>Nachteile:<\/p>\n<ul><li>M\u00f6gliche lange Wartezeiten w\u00e4hrend der Hauptreisezeit oder bei Flugversp\u00e4tungen\/-annullierungen.<\/li>\n<\/ul>\n<h4>H\u00e4ufig gestellte Fragen (FAQ)<\/h4>\n<p><img loading=\"lazy\" decoding=\"async\" class=\"alignright\" src=\"\/wp-content\/uploads\/images\/rent_car_140.png\" alt=\"mietwagen sarasota flughafen\" width=\"350\" height=\"350\" \/><\/p>\n<p><strong>F: Kann ich meinen Mietwagen am Flughafen Sarasota zur\u00fcckgeben, wenn ich ihn an einem anderen Ort gemietet habe?<\/strong><\/p>\n<p>A: Ja! Die meisten Autovermietungen erm\u00f6glichen die R\u00fcckgabe an verschiedenen Orten gegen eine zus\u00e4tzliche Geb\u00fchr.<\/p>\n<p><strong>F: Gibt es irgendwelche Altersbeschr\u00e4nkungen bei der Anmietung eines Autos am Flughafen Sarasota?<\/strong><\/p>\n<p>A: Ja. Das Mindestalter betr\u00e4gt in der Regel 21 Jahre; einige Unternehmen k\u00f6nnen jedoch h\u00f6here Altersanforderungen stellen oder eine zus\u00e4tzliche Geb\u00fchr f\u00fcr Fahrer unter 25 Jahren erheben.<\/p>\n<p><strong>F: Muss ich eine zus\u00e4tzliche Versicherung abschlie\u00dfen, wenn ich ein Auto am Flughafen Sarasota miete?<\/strong><\/p>\n<p>A: Es wird empfohlen, eine Versicherung f\u00fcr Ihren Mietwagen abzuschlie\u00dfen, ist aber nicht zwingend erforderlich. Erkundigen Sie sich bei Ihrem pers\u00f6nlichen Autoversicherungsanbieter oder Ihrer Kreditkartengesellschaft, ob sie eine Versicherung f\u00fcr Mietwagen anbieten.<\/p>\n<h2>Mieten Sie ein Auto am Flughafen Sarasota und erkunden Sie die Stadt!<\/h2>\n<p>Mit all den Informationen in diesem Leitfaden k\u00f6nnen Sie jetzt getrost ein Auto am Flughafen Sarasota mieten und das Beste aus Ihrer Reise machen. Genie\u00dfen Sie den Komfort, die Freiheit und die Flexibilit\u00e4t, die mit einem eigenen Verkehrsmittel einhergehen, w\u00e4hrend Sie die sch\u00f6ne Stadt Sarasota erkunden. Buchen Sie Ihren Mietwagen noch heute und machen Sie sich bereit f\u00fcr ein unvergessliches Erlebnis!<\/p>\n<\/div>","protected":false},"excerpt":{"rendered":"<p>Welcome to the beautiful city of Sarasota, Florida! Whether you&#8217;re visiting for business or pleasure, having a rental car at your disposal can greatly enhance your travel experience. And what better place to rent a car than at Sarasota Airport? In this guide, we will explore everything you need to know about rental cars at [&hellip;]<\/p>\n","protected":false},"author":1,"featured_media":3727,"parent":0,"menu_order":0,"comment_status":"closed","ping_status":"closed","template":"","meta":{"rs_blank_template":"","rs_page_bg_color":"","slide_template_v7":"","footnotes":""},"categories":[1],"tags":[],"class_list":["post-4619","page","type-page","status-publish","has-post-thumbnail","hentry","category-blog"],"_links":{"self":[{"href":"https:\/\/rental-car.company\/de\/wp-json\/wp\/v2\/pages\/4619","targetHints":{"allow":["GET"]}}],"collection":[{"href":"https:\/\/rental-car.company\/de\/wp-json\/wp\/v2\/pages"}],"about":[{"href":"https:\/\/rental-car.company\/de\/wp-json\/wp\/v2\/types\/page"}],"author":[{"embeddable":true,"href":"https:\/\/rental-car.company\/de\/wp-json\/wp\/v2\/users\/1"}],"replies":[{"embeddable":true,"href":"https:\/\/rental-car.company\/de\/wp-json\/wp\/v2\/comments?post=4619"}],"version-history":[{"count":0,"href":"https:\/\/rental-car.company\/de\/wp-json\/wp\/v2\/pages\/4619\/revisions"}],"wp:featuredmedia":[{"embeddable":true,"href":"https:\/\/rental-car.company\/de\/wp-json\/wp\/v2\/media\/3727"}],"wp:attachment":[{"href":"https:\/\/rental-car.company\/de\/wp-json\/wp\/v2\/media?parent=4619"}],"wp:term":[{"taxonomy":"category","embeddable":true,"href":"https:\/\/rental-car.company\/de\/wp-json\/wp\/v2\/categories?post=4619"},{"taxonomy":"post_tag","embeddable":true,"href":"https:\/\/rental-car.company\/de\/wp-json\/wp\/v2\/tags?post=4619"}],"curies":[{"name":"wp","href":"https:\/\/api.w.org\/{rel}","templated":true}]}}