{"id":4794,"date":"2024-08-11T11:09:06","date_gmt":"2024-08-11T11:09:06","guid":{"rendered":"https:\/\/rental-car.company\/?page_id=4794"},"modified":"2024-08-11T11:09:06","modified_gmt":"2024-08-11T11:09:06","slug":"unternehmensmentor","status":"publish","type":"page","link":"https:\/\/rental-car.company\/de\/unternehmensmentor\/","title":{"rendered":"Mentor f\u00fcr Unternehmen: Ihr Unternehmen auf dem Weg zum Erfolg"},"content":{"rendered":"<div class=\"wpb-content-wrapper\"><h2>Die Rolle eines Unternehmensmentors in Ihrem Unternehmen<\/h2>\n<p>Als Gesch\u00e4ftsinhaber kann es \u00fcberw\u00e4ltigend sein, sich in der komplexen Welt des Unternehmertums zurechtzufinden. Sie haben vielleicht eine gro\u00dfartige Idee und den Ehrgeiz, sie zum Erfolg zu f\u00fchren, aber ohne angemessene Anleitung und Unterst\u00fctzung kann Ihr Weg zum Aufbau eines erfolgreichen Unternehmens entmutigend sein. An dieser Stelle kommt ein Unternehmensmentor ins Spiel.<\/p>\n<p>Ein Unternehmensmentor ist eine Person mit umfassender Gesch\u00e4ftserfahrung, die aufstrebenden oder etablierten Unternehmern Orientierung, Rat und Unterst\u00fctzung bietet. Sie fungieren als Resonanzboden f\u00fcr Ideen, bieten wertvolle Einblicke und helfen dabei, m\u00f6gliche Hindernisse zu erkennen, die das Wachstum Ihres Unternehmens behindern k\u00f6nnten.<\/p>\n<div class=\"vc_row wpb_row vc_row-fluid\"><div class=\"wpb_column vc_column_container vc_col-sm-12\"><div class=\"vc_column-inner\"><div class=\"wpb_wrapper\">\n\t<div class=\"wpb_text_column wpb_content_element\" >\n\t\t<div class=\"wpb_wrapper\">\n\t\t\t<p><script id=\"dchwidget\" src=\"https:\/\/www.discovercars.com\/wg.js\" async=\"\" data-dev-env=\"com\" data-location=\"\" data-lang=\"en\" data-utm-source=\"malina\" data-utm-medium=\"widget\" data-aff-code=\"a_aid\" data-autocomplete=\"on\" data-style-submit-bg-color=\"00A200\" data-style-submit-font-color=\"white\" data-style-form-bg-color=\"FAD130\" data-style-form-font-color=\"333\" data-style-submit-text=\"Search now\"><\/script><\/p>\n\n\t\t<\/div>\n\t<\/div>\n<\/div><\/div><\/div><\/div>\n<p>&nbsp;<\/p>\n<h2>Die Macht des Unternehmensmentorats entdecken<\/h2>\n<p><img loading=\"lazy\" decoding=\"async\" class=\"alignleft\" src=\"\/wp-content\/uploads\/images\/rent_car_567.png\" alt=\"Unternehmensmentor\" width=\"350\" height=\"350\" \/><\/p>\n<p>Einen erfahrenen Unternehmensmentor an Ihrer Seite zu haben, kann den entscheidenden Unterschied f\u00fcr den Erfolg Ihres Unternehmens ausmachen. Hier sind einige der wichtigsten Vorteile, die ein Unternehmensmentor mit sich bringt:<\/p>\n<h3>Mentoring durch Branchenexperten<\/h3>\n<p>Einer der wichtigsten Vorteile eines Unternehmensmentors besteht darin, dass er Zugang zu seinem umfangreichen Wissen und seiner Erfahrung hat. Diese Mentoren verf\u00fcgen \u00fcber jahrelange Erfahrung in verschiedenen Branchen und haben auf ihrem eigenen unternehmerischen Weg zahlreiche Herausforderungen gemeistert. Sie k\u00f6nnen wertvolle Einblicke in verschiedene Aspekte der F\u00fchrung eines erfolgreichen Unternehmens geben, von Marketingstrategien bis hin zum Finanzmanagement.<\/p>\n<h3>Gelegenheiten zum Networking<\/h3>\n<p>Ein guter Unternehmensmentor hat im Laufe der Zeit durch seine eigenen Erfahrungen und Verbindungen starke Netzwerke aufgebaut. Indem Sie sich von ihm leiten lassen, erhalten Sie Zugang zu seinem Netzwerk, das T\u00fcren f\u00fcr Partnerschaften, Kooperationen oder sogar potenzielle Investoren f\u00fcr Ihr Unternehmen \u00f6ffnen kann.<\/p>\n<h3>Verantwortlichkeit und Motivation<\/h3>\n<p>Als Unternehmer kann es leicht passieren, dass man sich im Tagesgesch\u00e4ft verliert und seine langfristigen Ziele aus den Augen verliert. Ein Unternehmensmentor hilft Ihnen dabei, Ihre Verantwortung wahrzunehmen, indem er Ziele setzt und die Fortschritte bei deren Erreichung verfolgt. Er motiviert Sie auch in schwierigen Zeiten oder bei R\u00fcckschl\u00e4gen, indem er Sie an Ihre Vision erinnert und Sie anspornt, weiterzumachen.<\/p>\n<h4>Vorteile:<\/h4>\n<p>- Zugang zu wertvollem Wissen und Know-how<br \/>\n- M\u00f6glichkeiten zur Vernetzung<br \/>\n- Verantwortlichkeit und Motivation<\/p>\n<h4>Nachteile:<\/h4>\n<p>- Es kann schwierig sein, den richtigen Mentor zu finden<br \/>\n- Die Kosten f\u00fcr ein Mentoring k\u00f6nnen f\u00fcr einige Unternehmer ein Hindernis darstellen<\/p>\n<h4>H\u00e4ufig gestellte Fragen zum Unternehmensmentoring<\/h4>\n<p><img loading=\"lazy\" decoding=\"async\" class=\"alignright\" src=\"\/wp-content\/uploads\/images\/rent_car_826.png\" alt=\"Unternehmensmentor\" width=\"350\" height=\"350\" \/><\/p>\n<p><strong>F: Wie finde ich den richtigen Unternehmensmentor f\u00fcr mein Unternehmen?<\/strong><br \/>\nA: Suchen Sie nach jemandem mit Erfahrung in Ihrer oder einer \u00e4hnlichen Branche. Sie k\u00f6nnen sich auch an lokale Wirtschaftsverb\u00e4nde wenden oder an Networking-Veranstaltungen teilnehmen, um mit potenziellen Mentoren in Kontakt zu treten.<\/p>\n<p><strong>F: Kann ich mehr als einen Unternehmensmentor haben?<\/strong><br \/>\nA: Ja, mehrere Mentoren k\u00f6nnen unterschiedliche Perspektiven und Einblicke in verschiedene Aspekte Ihres Unternehmens bieten.<\/p>\n<p><strong>F: Gibt es einen festen Zeitrahmen f\u00fcr die Zusammenarbeit mit einem Unternehmensmentor?<\/strong><br \/>\nA: Das h\u00e4ngt von Ihren Bed\u00fcrfnissen und Zielen ab. Manche Unternehmer brauchen vielleicht nur kurzfristige Beratung, w\u00e4hrend andere von einer langfristigen Betreuung profitieren.<\/p>\n<h2>Fazit<\/h2>\n<p>Ein Unternehmensmentor kann sich erheblich auf den Erfolg Ihres Unternehmens auswirken. Er bietet Ihnen wertvolle Beratung, Unterst\u00fctzung und Rechenschaftspflicht, die Ihnen helfen k\u00f6nnen, Herausforderungen zu meistern und Ihre Ziele zu erreichen. Wenn Sie Ihr Unternehmen auf die n\u00e4chste Stufe heben wollen, sollten Sie sich einen erfahrenen Unternehmensmentor suchen, der Sie zum Erfolg f\u00fchrt.<\/p>\n<\/div>","protected":false},"excerpt":{"rendered":"<p>The Role of an Enterprise Mentor in Your Business Journey As a business owner, it can be overwhelming to navigate the complex world of entrepreneurship. You may have a great idea and the drive to make it a success, but without proper guidance and support, your journey towards building a successful enterprise can be daunting. [&hellip;]<\/p>\n","protected":false},"author":1,"featured_media":2520,"parent":0,"menu_order":0,"comment_status":"closed","ping_status":"closed","template":"","meta":{"rs_blank_template":"","rs_page_bg_color":"","slide_template_v7":"","footnotes":""},"categories":[1],"tags":[],"class_list":["post-4794","page","type-page","status-publish","has-post-thumbnail","hentry","category-blog"],"_links":{"self":[{"href":"https:\/\/rental-car.company\/de\/wp-json\/wp\/v2\/pages\/4794","targetHints":{"allow":["GET"]}}],"collection":[{"href":"https:\/\/rental-car.company\/de\/wp-json\/wp\/v2\/pages"}],"about":[{"href":"https:\/\/rental-car.company\/de\/wp-json\/wp\/v2\/types\/page"}],"author":[{"embeddable":true,"href":"https:\/\/rental-car.company\/de\/wp-json\/wp\/v2\/users\/1"}],"replies":[{"embeddable":true,"href":"https:\/\/rental-car.company\/de\/wp-json\/wp\/v2\/comments?post=4794"}],"version-history":[{"count":0,"href":"https:\/\/rental-car.company\/de\/wp-json\/wp\/v2\/pages\/4794\/revisions"}],"wp:featuredmedia":[{"embeddable":true,"href":"https:\/\/rental-car.company\/de\/wp-json\/wp\/v2\/media\/2520"}],"wp:attachment":[{"href":"https:\/\/rental-car.company\/de\/wp-json\/wp\/v2\/media?parent=4794"}],"wp:term":[{"taxonomy":"category","embeddable":true,"href":"https:\/\/rental-car.company\/de\/wp-json\/wp\/v2\/categories?post=4794"},{"taxonomy":"post_tag","embeddable":true,"href":"https:\/\/rental-car.company\/de\/wp-json\/wp\/v2\/tags?post=4794"}],"curies":[{"name":"wp","href":"https:\/\/api.w.org\/{rel}","templated":true}]}}