{"id":4932,"date":"2024-08-12T16:11:24","date_gmt":"2024-08-12T16:11:24","guid":{"rendered":"https:\/\/rental-car.company\/?page_id=4932"},"modified":"2024-08-12T16:11:24","modified_gmt":"2024-08-12T16:11:24","slug":"spokane-autovermietung","status":"publish","type":"page","link":"https:\/\/rental-car.company\/de\/spokane-autovermietung\/","title":{"rendered":"Spokane Autovermietung - Ihr Leitfaden zur Erkundung der wundersch\u00f6nen Stadt Spokane"},"content":{"rendered":"<div class=\"wpb-content-wrapper\"><h2>Spokane Autovermietung: Der beste Weg, die Stadt zu erkunden<\/h2>\n<p>Planen Sie eine Reise nach Spokane und fragen sich, wie Sie sich in dieser sch\u00f6nen Stadt fortbewegen k\u00f6nnen? Suchen Sie nicht weiter als Spokane Autovermietung. Ein Auto zu mieten in Spokane ist der beste Weg, um alles zu erkunden, was diese charmante Stadt zu bieten hat. Mit seiner g\u00fcnstigen Lage und der F\u00fclle an Attraktionen gibt Ihnen ein eigener Wagen die Freiheit und Flexibilit\u00e4t, das Beste aus Ihrer Reise zu machen.<\/p>\n<div class=\"vc_row wpb_row vc_row-fluid\"><div class=\"wpb_column vc_column_container vc_col-sm-12\"><div class=\"vc_column-inner\"><div class=\"wpb_wrapper\">\n\t<div class=\"wpb_text_column wpb_content_element\" >\n\t\t<div class=\"wpb_wrapper\">\n\t\t\t<p><script id=\"dchwidget\" src=\"https:\/\/www.discovercars.com\/wg.js\" async=\"\" data-dev-env=\"com\" data-location=\"\" data-lang=\"en\" data-utm-source=\"malina\" data-utm-medium=\"widget\" data-aff-code=\"a_aid\" data-autocomplete=\"on\" data-style-submit-bg-color=\"00A200\" data-style-submit-font-color=\"white\" data-style-form-bg-color=\"FAD130\" data-style-form-font-color=\"333\" data-style-submit-text=\"Search now\"><\/script><\/p>\n\n\t\t<\/div>\n\t<\/div>\n<\/div><\/div><\/div><\/div>\n<p>&nbsp;<\/p>\n<h2>Entdecken Sie Spokane Autovermietung<\/h2>\n<p><img loading=\"lazy\" decoding=\"async\" class=\"alignleft\" src=\"\/wp-content\/uploads\/images\/rent_car_835.png\" alt=\"spokane autovermietung\" width=\"350\" height=\"350\" \/><\/p>\n<p>Egal, ob Sie gesch\u00e4ftlich oder privat unterwegs sind, ein Auto in Spokane zu mieten ist eine gute Wahl. Es gibt mehrere renommierte Autovermietungen in der Stadt, darunter rental-car.company. Diese Unternehmen bieten eine breite Palette von Fahrzeugen zu wettbewerbsf\u00e4higen Preisen, so dass Sie leicht das perfekte Fahrzeug f\u00fcr Ihre Bed\u00fcrfnisse finden.<\/p>\n<p>Einer der gr\u00f6\u00dften Vorteile eines Mietwagens in Spokane ist, dass Sie die Stadt in Ihrem eigenen Tempo erkunden k\u00f6nnen. Da es in dieser gesch\u00e4ftigen Stadt so viel zu sehen und zu tun gibt, k\u00f6nnen Sie sich mit Ihrem eigenen Fahrzeug f\u00fcr jede Attraktion so viel Zeit nehmen, wie Sie m\u00f6chten, ohne sich um die Fahrpl\u00e4ne der \u00f6ffentlichen Verkehrsmittel zu k\u00fcmmern.<\/p>\n<h3>Die Vorteile eines Mietwagens in Spokane<\/h3>\n<p>- Bequemlichkeit: Wenn Sie \u00fcber ein eigenes Fahrzeug verf\u00fcgen, sind Sie nicht auf \u00f6ffentliche Verkehrsmittel oder Mitfahrgelegenheiten angewiesen.<br \/>\n- Flexibilit\u00e4t: Sie haben die volle Kontrolle dar\u00fcber, wohin und wann Sie gehen m\u00f6chten.<br \/>\n- Kosteng\u00fcnstig: Ein Auto zu mieten kann g\u00fcnstiger sein als ein Taxi oder eine Mitfahrgelegenheit, wenn Sie mehrere Orte besuchen m\u00f6chten.<br \/>\n- Komfort: Mit einem eigenen Fahrzeug reisen Sie bequemer, insbesondere wenn Sie mit Kindern oder \u00e4lteren Menschen unterwegs sind.<\/p>\n<h3>Die Nachteile eines Mietwagens in Spokane<\/h3>\n<p>- Parkgeb\u00fchren: Einige Attraktionen erheben Geb\u00fchren f\u00fcr das Parken, die sich summieren k\u00f6nnen, wenn Sie mehrere Orte besuchen m\u00f6chten.<br \/>\n- Verkehr: Wie in jeder Stadt kann es auch in Spokane zu den Sto\u00dfzeiten zu starkem Verkehr kommen.<br \/>\n- Zus\u00e4tzliche Geb\u00fchren: Achten Sie bei der Anmietung eines Fahrzeugs auf zus\u00e4tzliche Geb\u00fchren, wie z. B. Versicherungs- oder Benzinkosten.<\/p>\n<h4>Pro \/ Kontra<\/h4>\n<p><b>Vorteile:<\/b><br \/>\n- Freiheit und Flexibilit\u00e4t f\u00fcr Entdeckungen in Ihrem eigenen Tempo<br \/>\n- Kosteng\u00fcnstig f\u00fcr den Besuch mehrerer Attraktionen<br \/>\n- Bequemes und komfortables Transportmittel<\/p>\n<p><b>Nachteile:<\/b><br \/>\n- M\u00f6gliche Parkgeb\u00fchren<br \/>\n- Starker Verkehr w\u00e4hrend der Hauptverkehrszeiten<br \/>\n- Es k\u00f6nnen zus\u00e4tzliche Geb\u00fchren anfallen.<\/p>\n<h4>H\u00e4ufig gestellte Fragen \u00fcber Spokane Autovermietung<\/h4>\n<p><img loading=\"lazy\" decoding=\"async\" class=\"alignright\" src=\"\/wp-content\/uploads\/images\/rent_car_705.png\" alt=\"spokane autovermietung\" width=\"350\" height=\"350\" \/><\/p>\n<p>F: Was ben\u00f6tige ich, um ein Auto in Spokane zu mieten?<br \/>\nA: Um ein Auto in Spokane zu mieten, ben\u00f6tigen Sie einen g\u00fcltigen F\u00fchrerschein und eine Kreditkarte. Einige Autovermietungen k\u00f6nnen auch einen zus\u00e4tzlichen Ausweis verlangen.<\/p>\n<p>F: Wie alt muss ich sein, um in Spokane ein Auto zu mieten?<br \/>\nA: Das Mindestalter f\u00fcr die Anmietung eines Fahrzeugs in Spokane ist in der Regel 21 Jahre alt. Einige Autovermietungen k\u00f6nnen jedoch h\u00f6here Altersanforderungen stellen oder zus\u00e4tzliche Geb\u00fchren f\u00fcr Fahrer unter 25 Jahren erheben.<\/p>\n<p>F: Ist die Versicherung in meinem Mietvertrag enthalten?<br \/>\nA: Die meisten Vermieter bieten gegen eine zus\u00e4tzliche Geb\u00fchr Versicherungsoptionen an. Es ist wichtig, dass Sie sich bei dem von Ihnen gew\u00e4hlten Unternehmen erkundigen, bevor Sie Ihre Reservierung abschlie\u00dfen.<\/p>\n<p>F: Kann ich meinen Mietwagen an einem anderen Ort zur\u00fcckgeben als an dem, an dem ich ihn abgeholt habe?<br \/>\nA: Das h\u00e4ngt von der Politik des jeweiligen Unternehmens ab. Einige erlauben dies gegen eine zus\u00e4tzliche Geb\u00fchr, w\u00e4hrend andere es vielleicht gar nicht erlauben. Erkundigen Sie sich am besten vorher bei dem Unternehmen.<\/p>\n<p>Zusammenfassend l\u00e4sst sich sagen, dass ein Mietwagen in Spokane der beste Weg ist, um alles zu entdecken, was diese sch\u00f6ne Stadt zu bieten hat. Dank seiner Bequemlichkeit, Flexibilit\u00e4t und Kosteneffizienz k\u00f6nnen Sie mit Ihrem eigenen Fahrzeug das Beste aus Ihrer Reise machen, ohne sich um die Transportlogistik k\u00fcmmern zu m\u00fcssen. Warum also warten? Buchen Sie Ihre Spokane Autovermietung noch heute und machen Sie sich bereit, diese charmante Stadt zu erkunden!<\/p>\n<\/div>","protected":false},"excerpt":{"rendered":"<p>Spokane Car Hire: The Best Way to Explore the City Are you planning a trip to Spokane and wondering how to get around this beautiful city? Look no further than Spokane car rental. Renting a car in Spokane is the best way to explore all that this charming city has to offer. With its convenient [&hellip;]<\/p>\n","protected":false},"author":1,"featured_media":3032,"parent":0,"menu_order":0,"comment_status":"closed","ping_status":"closed","template":"","meta":{"rs_blank_template":"","rs_page_bg_color":"","slide_template_v7":"","footnotes":""},"categories":[1],"tags":[],"class_list":["post-4932","page","type-page","status-publish","has-post-thumbnail","hentry","category-blog"],"_links":{"self":[{"href":"https:\/\/rental-car.company\/de\/wp-json\/wp\/v2\/pages\/4932","targetHints":{"allow":["GET"]}}],"collection":[{"href":"https:\/\/rental-car.company\/de\/wp-json\/wp\/v2\/pages"}],"about":[{"href":"https:\/\/rental-car.company\/de\/wp-json\/wp\/v2\/types\/page"}],"author":[{"embeddable":true,"href":"https:\/\/rental-car.company\/de\/wp-json\/wp\/v2\/users\/1"}],"replies":[{"embeddable":true,"href":"https:\/\/rental-car.company\/de\/wp-json\/wp\/v2\/comments?post=4932"}],"version-history":[{"count":0,"href":"https:\/\/rental-car.company\/de\/wp-json\/wp\/v2\/pages\/4932\/revisions"}],"wp:featuredmedia":[{"embeddable":true,"href":"https:\/\/rental-car.company\/de\/wp-json\/wp\/v2\/media\/3032"}],"wp:attachment":[{"href":"https:\/\/rental-car.company\/de\/wp-json\/wp\/v2\/media?parent=4932"}],"wp:term":[{"taxonomy":"category","embeddable":true,"href":"https:\/\/rental-car.company\/de\/wp-json\/wp\/v2\/categories?post=4932"},{"taxonomy":"post_tag","embeddable":true,"href":"https:\/\/rental-car.company\/de\/wp-json\/wp\/v2\/tags?post=4932"}],"curies":[{"name":"wp","href":"https:\/\/api.w.org\/{rel}","templated":true}]}}