{"id":5194,"date":"2024-08-14T23:05:21","date_gmt":"2024-08-14T23:05:21","guid":{"rendered":"https:\/\/rental-car.company\/?page_id=5194"},"modified":"2024-08-14T23:05:21","modified_gmt":"2024-08-14T23:05:21","slug":"mietwagen-knoxville-flughafen","status":"publish","type":"page","link":"https:\/\/rental-car.company\/de\/mietwagen-knoxville-flughafen\/","title":{"rendered":"mietwagen knoxville flughafen - Einf\u00fchrung zum Thema"},"content":{"rendered":"<div class=\"wpb-content-wrapper\"><p>Planen Sie eine Reise nach Knoxville, Tennessee, und ben\u00f6tigen Sie ein zuverl\u00e4ssiges Transportmittel? Dann sind Sie bei der Autovermietung am Flughafen Knoxville an der richtigen Adresse! Mit bequemen Abhol- und R\u00fcckgabestellen am Flughafen war es noch nie so einfach, ein Auto zu mieten. Egal, ob Sie gesch\u00e4ftlich oder privat unterwegs sind, mit einem eigenen Mietwagen haben Sie die Freiheit und Flexibilit\u00e4t, alles zu erkunden, was Knoxville zu bieten hat.<\/p>\n<div class=\"vc_row wpb_row vc_row-fluid\"><div class=\"wpb_column vc_column_container vc_col-sm-12\"><div class=\"vc_column-inner\"><div class=\"wpb_wrapper\">\n\t<div class=\"wpb_text_column wpb_content_element\" >\n\t\t<div class=\"wpb_wrapper\">\n\t\t\t<p><script id=\"dchwidget\" src=\"https:\/\/www.discovercars.com\/wg.js\" async=\"\" data-dev-env=\"com\" data-location=\"\" data-lang=\"en\" data-utm-source=\"malina\" data-utm-medium=\"widget\" data-aff-code=\"a_aid\" data-autocomplete=\"on\" data-style-submit-bg-color=\"00A200\" data-style-submit-font-color=\"white\" data-style-form-bg-color=\"FAD130\" data-style-form-font-color=\"333\" data-style-submit-text=\"Search now\"><\/script><\/p>\n\n\t\t<\/div>\n\t<\/div>\n<\/div><\/div><\/div><\/div>\n<p>&nbsp;<\/p>\n<h2>Autovermietung am Flughafen Knoxville<\/h2>\n<p><img loading=\"lazy\" decoding=\"async\" class=\"alignleft\" src=\"\/wp-content\/uploads\/images\/rent_car_632.png\" alt=\"mietwagen knoxville flughafen\" width=\"350\" height=\"350\" \/><\/p>\n<p>Bei rental-car.company bieten wir Ihnen eine gro\u00dfe Auswahl an Mietwagen am Flughafen Knoxville, die Ihren Bed\u00fcrfnissen entsprechen. Von Kleinwagen f\u00fcr Alleinreisende bis hin zu ger\u00e4umigen SUVs f\u00fcr Familien haben wir alles im Angebot. Unser Anmietungsprozess ist einfach und problemlos, so dass Sie Ihre Reise gleich nach der Landung beginnen k\u00f6nnen.<\/p>\n<h3>G\u00fcnstiger Standort<\/h3>\n<p>Unser Hauptb\u00fcro befindet sich nur wenige Minuten vom Flughafenterminal entfernt, so dass Sie Ihren Mietwagen bei Ihrer Ankunft bequem abholen k\u00f6nnen. Au\u00dferdem bieten wir einen kostenlosen Shuttle-Service vom Flughafenterminal zu unserem B\u00fcro an, um Ihnen zus\u00e4tzlichen Komfort zu bieten.<\/p>\n<h3>Erschwingliche Preise<\/h3>\n<p>Wir wissen, dass das Budget ein wichtiger Faktor ist, wenn es darum geht, ein Auto zu mieten. Deshalb bieten wir wettbewerbsf\u00e4hige Preise, ohne Kompromisse bei der Qualit\u00e4t einzugehen. Unsere transparente Preisstruktur stellt sicher, dass es keine versteckten Geb\u00fchren oder \u00dcberraschungen gibt, wenn es Zeit zum Bezahlen ist.<\/p>\n<h3>Flexible Mietfristen<\/h3>\n<p>Ganz gleich, ob Sie ein Auto f\u00fcr einen Tag oder f\u00fcr einen l\u00e4ngeren Zeitraum ben\u00f6tigen, wir bieten Ihnen flexible Optionen. Je nach Ihren Reisepl\u00e4nen k\u00f6nnen Sie zwischen Tages-, Wochen- oder Monatsmieten w\u00e4hlen.<\/p>\n<h4>Pro \/ Kontra<\/h4>\n<p><b>Vorteile:<\/b><br \/>\n- G\u00fcnstige Lage am Flughafen<br \/>\n- Erschwingliche Tarife ohne versteckte Geb\u00fchren<br \/>\n- Flexible Mietdauer<br \/>\n- Gro\u00dfe Auswahl an Fahrzeugen verf\u00fcgbar<\/p>\n<p><b>Nachteile:<\/b><br \/>\n- F\u00fcr Fahrer unter 25 Jahren k\u00f6nnen zus\u00e4tzliche Geb\u00fchren anfallen.<br \/>\n- Begrenzte Verf\u00fcgbarkeit bestimmter Fahrzeugtypen w\u00e4hrend der Hauptreisezeiten<\/p>\n<h4>FAQ<\/h4>\n<p><img loading=\"lazy\" decoding=\"async\" class=\"alignright\" src=\"\/wp-content\/uploads\/images\/rent_car_409.png\" alt=\"mietwagen knoxville flughafen\" width=\"350\" height=\"350\" \/><\/p>\n<p><b>F: Brauche ich eine Kreditkarte, um am Flughafen Knoxville ein Auto zu mieten?<\/b><br \/>\nA: Ja, f\u00fcr die Anmietung ist eine g\u00fcltige Kreditkarte erforderlich. Einige Verleihfirmen akzeptieren jedoch mit gewissen Einschr\u00e4nkungen auch Debitkarten.<\/p>\n<p><b>F: Gibt es eine Altersbeschr\u00e4nkung f\u00fcr die Anmietung eines Fahrzeugs am Flughafen Knoxville?<\/b><br \/>\nA: Im Allgemeinen ist das Mindestalter f\u00fcr die Anmietung eines Fahrzeugs 21 Jahre alt. F\u00fcr Fahrer unter 25 Jahren k\u00f6nnen jedoch zus\u00e4tzliche Geb\u00fchren anfallen.<\/p>\n<p><b>F: Kann ich mein Mietauto nach den \u00d6ffnungszeiten zur\u00fcckgeben?<\/b><br \/>\nA: Ja, unsere Abgabestelle am Flughafen Knoxville ist rund um die Uhr f\u00fcr Sie ge\u00f6ffnet.<\/p>\n<p>Zusammenfassend l\u00e4sst sich sagen, dass die Autovermietung in Knoxville Flughafen mit rental-car.company Komfort, Erschwinglichkeit und Flexibilit\u00e4t f\u00fcr Ihre Reisen bietet. Mit unserer gro\u00dfen Auswahl an Fahrzeugen und unserem exzellenten Kundenservice bem\u00fchen wir uns, Ihre Anmietung so reibungslos wie m\u00f6glich zu gestalten. Buchen Sie Ihren Mietwagen noch heute und machen Sie sich bereit, alles zu erkunden, was Knoxville zu bieten hat!<\/p>\n<\/div>","protected":false},"excerpt":{"rendered":"<p>Are you planning a trip to Knoxville, Tennessee and need a reliable mode of transportation? Look no further than rental cars at Knoxville Airport! With convenient pick-up and drop-off locations at the airport, renting a car has never been easier. Whether you&#8217;re traveling for business or pleasure, having your own rental car gives you the [&hellip;]<\/p>\n","protected":false},"author":1,"featured_media":5196,"parent":0,"menu_order":0,"comment_status":"closed","ping_status":"closed","template":"","meta":{"rs_blank_template":"","rs_page_bg_color":"","slide_template_v7":"","footnotes":""},"categories":[1],"tags":[],"class_list":["post-5194","page","type-page","status-publish","has-post-thumbnail","hentry","category-blog"],"_links":{"self":[{"href":"https:\/\/rental-car.company\/de\/wp-json\/wp\/v2\/pages\/5194","targetHints":{"allow":["GET"]}}],"collection":[{"href":"https:\/\/rental-car.company\/de\/wp-json\/wp\/v2\/pages"}],"about":[{"href":"https:\/\/rental-car.company\/de\/wp-json\/wp\/v2\/types\/page"}],"author":[{"embeddable":true,"href":"https:\/\/rental-car.company\/de\/wp-json\/wp\/v2\/users\/1"}],"replies":[{"embeddable":true,"href":"https:\/\/rental-car.company\/de\/wp-json\/wp\/v2\/comments?post=5194"}],"version-history":[{"count":0,"href":"https:\/\/rental-car.company\/de\/wp-json\/wp\/v2\/pages\/5194\/revisions"}],"wp:featuredmedia":[{"embeddable":true,"href":"https:\/\/rental-car.company\/de\/wp-json\/wp\/v2\/media\/5196"}],"wp:attachment":[{"href":"https:\/\/rental-car.company\/de\/wp-json\/wp\/v2\/media?parent=5194"}],"wp:term":[{"taxonomy":"category","embeddable":true,"href":"https:\/\/rental-car.company\/de\/wp-json\/wp\/v2\/categories?post=5194"},{"taxonomy":"post_tag","embeddable":true,"href":"https:\/\/rental-car.company\/de\/wp-json\/wp\/v2\/tags?post=5194"}],"curies":[{"name":"wp","href":"https:\/\/api.w.org\/{rel}","templated":true}]}}