{"id":5247,"date":"2024-08-15T10:06:15","date_gmt":"2024-08-15T10:06:15","guid":{"rendered":"https:\/\/rental-car.company\/?page_id=5247"},"modified":"2024-08-15T10:06:15","modified_gmt":"2024-08-15T10:06:15","slug":"autovermietung-minnesota","status":"publish","type":"page","link":"https:\/\/rental-car.company\/de\/autovermietung-minnesota\/","title":{"rendered":"Autovermietung Minnesota: Entdecken Sie das Land der 10.000 Seen mit Leichtigkeit"},"content":{"rendered":"<div class=\"wpb-content-wrapper\"><h2>Entdecken Sie das Beste von Minnesota mit einer Autovermietung<\/h2>\n<p>Wenn Sie eine Reise nach Minnesota planen, ist es wichtig, ein zuverl\u00e4ssiges Verkehrsmittel zu haben, um all das zu erleben, was dieser wundersch\u00f6ne Bundesstaat zu bieten hat. \u00d6ffentliche Verkehrsmittel k\u00f6nnen zwar in manchen Gegenden bequem sein, schr\u00e4nken aber oft die M\u00f6glichkeit ein, den Staat in Ihrem eigenen Tempo zu erkunden. Hier kommt die Autovermietung in Minnesota ins Spiel.<\/p>\n<p>Mit einer Autovermietung in Minnesota k\u00f6nnen Sie ganz einfach durch den Bundesstaat navigieren und seine vielen versteckten Juwelen entdecken. Von der gesch\u00e4ftigen Stadt Minneapolis bis hin zu den ruhigen Landschaften von Duluth - mit einem Mietwagen k\u00f6nnen Sie Ihre Reiseroute individuell gestalten und das Beste aus Ihrer Reise machen.<\/p>\n<div class=\"vc_row wpb_row vc_row-fluid\"><div class=\"wpb_column vc_column_container vc_col-sm-12\"><div class=\"vc_column-inner\"><div class=\"wpb_wrapper\">\n\t<div class=\"wpb_text_column wpb_content_element\" >\n\t\t<div class=\"wpb_wrapper\">\n\t\t\t<p><script id=\"dchwidget\" src=\"https:\/\/www.discovercars.com\/wg.js\" async=\"\" data-dev-env=\"com\" data-location=\"\" data-lang=\"en\" data-utm-source=\"malina\" data-utm-medium=\"widget\" data-aff-code=\"a_aid\" data-autocomplete=\"on\" data-style-submit-bg-color=\"00A200\" data-style-submit-font-color=\"white\" data-style-form-bg-color=\"FAD130\" data-style-form-font-color=\"333\" data-style-submit-text=\"Search now\"><\/script><\/p>\n\n\t\t<\/div>\n\t<\/div>\n<\/div><\/div><\/div><\/div>\n<p>&nbsp;<\/p>\n<h2>Entdecken Sie Autovermietung Minnesota<\/h2>\n<p><img loading=\"lazy\" decoding=\"async\" class=\"alignleft\" src=\"\/wp-content\/uploads\/images\/rent_car_1456.png\" alt=\"autovermietung minnesota\" width=\"350\" height=\"350\" \/><\/p>\n<p>In Minnesota gibt es zahlreiche Autovermietungen, die eine breite Palette von Fahrzeugen f\u00fcr jedes Budget und jeden Bedarf anbieten. Ob Sie einen Kleinwagen f\u00fcr die Stadt oder einen SUV f\u00fcr Outdoor-Abenteuer suchen, es ist f\u00fcr jeden etwas dabei.<\/p>\n<p>Zu den beliebtesten Autovermietungen in Minnesota geh\u00f6ren Enterprise Rent-A-Car, Hertz Rent-A-Car und Avis Rent-A-Car. Diese Unternehmen haben mehrere Standorte im ganzen Bundesstaat, auch an gro\u00dfen Flugh\u00e4fen wie dem Minneapolis-St.Paul International Airport (MSP) und dem Duluth International Airport (DLH).<\/p>\n<p>Ein Vorteil der Anmietung eines Fahrzeugs bei diesen etablierten Unternehmen ist ihre Zuverl\u00e4ssigkeit und ihr Kundenservice. Sollte es w\u00e4hrend der Mietzeit Probleme mit Ihrem Fahrzeug geben, steht Ihnen rund um die Uhr ein Pannendienst zur Verf\u00fcgung, der Sie unterst\u00fctzt.<\/p>\n<p>Dar\u00fcber hinaus bietet die direkte Buchung \u00fcber diese Unternehmen oft bessere Angebote und Rabatte als Websites Dritter.<\/p>\n<h3>Jederzeit ein erschwingliches Auto mieten<\/h3>\n<p>Ein gro\u00dfer Vorteil eines Mietwagens in Minnesota ist, dass er das ganze Jahr \u00fcber verf\u00fcgbar ist. Egal, ob Sie w\u00e4hrend der Hochsaison im Sommer zu Besuch sind oder den kalten Wintermonaten trotzen, es wird immer ein Mietwagen f\u00fcr Sie verf\u00fcgbar sein.<\/p>\n<p>Angesichts des unberechenbaren Wetters in diesem Bundesstaat gibt Ihnen ein Mietwagen die Flexibilit\u00e4t, Ihre Pl\u00e4ne entsprechend anzupassen und sich nicht an die Fahrpl\u00e4ne der \u00f6ffentlichen Verkehrsmittel zu halten.<\/p>\n<h3>Erkunden Sie Minnesotas landschaftlich reizvolle Routen<\/h3>\n<p>Minnesota ist wegen seiner zahlreichen Seen und Wasserstra\u00dfen als \"Land der 10.000 Seen\" bekannt. Mit einem Mietwagen k\u00f6nnen Sie problemlos landschaftlich reizvolle Routen wie die Great River Road oder die Lake Superior Circle Tour befahren und unterwegs atemberaubende Ausblicke auf die Natur genie\u00dfen.<\/p>\n<p>Sie k\u00f6nnen auch beliebte Attraktionen wie die Mall of America, den Minnehaha Park oder das Split Rock Lighthouse besuchen, ohne sich um den Transport k\u00fcmmern zu m\u00fcssen. Au\u00dferdem k\u00f6nnen Sie mit einem Mietwagen spontane Umwege machen und kleine St\u00e4dte und lokale Restaurants erkunden, die mit \u00f6ffentlichen Verkehrsmitteln nicht so leicht zu erreichen sind.<\/p>\n<h4>Pro \/ Kontra<\/h4>\n<p>Vorteile:<br \/>\n- Flexibilit\u00e4t bei der Erkundung in Ihrem eigenen Tempo<br \/>\n- G\u00fcnstiger als die Nutzung von Mitfahrdiensten oder Taxis<br \/>\n- Verf\u00fcgbarkeit das ganze Jahr \u00fcber<br \/>\n- Eine Vielzahl von Fahrzeugoptionen zur Auswahl<\/p>\n<p>Nachteile:<br \/>\n- Zus\u00e4tzliche Kosten wie Versicherung und Gas<br \/>\n- Kann f\u00fcr unerfahrene Fahrer in belebten Stadtgebieten \u00fcberfordernd sein<\/p>\n<h4>FAQ<\/h4>\n<p><img loading=\"lazy\" decoding=\"async\" class=\"alignright\" src=\"\/wp-content\/uploads\/images\/rent_car_1105.png\" alt=\"autovermietung minnesota\" width=\"350\" height=\"350\" \/><\/p>\n<p>F: Brauche ich einen internationalen F\u00fchrerschein, um in Minnesota ein Auto zu mieten?<br \/>\nA: Wenn Sie aus einem anderen Land kommen, ist es empfehlenswert, einen internationalen F\u00fchrerschein zu besitzen. Einige Unternehmen akzeptieren jedoch auch Ihren normalen F\u00fchrerschein, wenn er in englischer Sprache ausgestellt ist.<\/p>\n<p>F: Was ist das Mindestalter f\u00fcr die Anmietung eines Autos in Minnesota?<br \/>\nA: Das Mindestalter ist je nach Unternehmen unterschiedlich, liegt aber im Allgemeinen zwischen 21 und 25 Jahren. F\u00fcr Fahrer unter 25 Jahren k\u00f6nnen auch zus\u00e4tzliche Geb\u00fchren oder Einschr\u00e4nkungen gelten.<\/p>\n<p>F: Kann ich meinem Mietvertrag zus\u00e4tzliche Fahrer hinzuf\u00fcgen?<br \/>\nA: Ja, die meisten Unternehmen erlauben zus\u00e4tzliche Fahrer gegen eine zus\u00e4tzliche Geb\u00fchr. Achten Sie darauf, dass Sie bei der Reservierung alle Fahrer angeben.<\/p>\n<p>Zusammenfassend l\u00e4sst sich sagen, dass ein Mietwagen in Minnesota der beste Weg ist, um alles zu erleben, was dieser Bundesstaat zu bieten hat. Dank der Flexibilit\u00e4t, Erschwinglichkeit und Bequemlichkeit k\u00f6nnen Sie das \"Land der 10.000 Seen\" problemlos erkunden und dabei unvergessliche Erinnerungen schaffen. Warum also warten? Buchen Sie jetzt Ihren Mietwagen und machen Sie sich bereit f\u00fcr eine unvergessliche Reise in Minnesota.<\/p>\n<\/div>","protected":false},"excerpt":{"rendered":"<p>Explore the Best of Minnesota with Car Rentals When planning a trip to Minnesota, it&#8217;s important to have a reliable mode of transportation to fully experience all that this beautiful state has to offer. While public transportation can be convenient in some areas, it often limits your ability to explore at your own pace. This [&hellip;]<\/p>\n","protected":false},"author":1,"featured_media":3149,"parent":0,"menu_order":0,"comment_status":"closed","ping_status":"closed","template":"","meta":{"rs_blank_template":"","rs_page_bg_color":"","slide_template_v7":"","footnotes":""},"categories":[1],"tags":[],"class_list":["post-5247","page","type-page","status-publish","has-post-thumbnail","hentry","category-blog"],"_links":{"self":[{"href":"https:\/\/rental-car.company\/de\/wp-json\/wp\/v2\/pages\/5247","targetHints":{"allow":["GET"]}}],"collection":[{"href":"https:\/\/rental-car.company\/de\/wp-json\/wp\/v2\/pages"}],"about":[{"href":"https:\/\/rental-car.company\/de\/wp-json\/wp\/v2\/types\/page"}],"author":[{"embeddable":true,"href":"https:\/\/rental-car.company\/de\/wp-json\/wp\/v2\/users\/1"}],"replies":[{"embeddable":true,"href":"https:\/\/rental-car.company\/de\/wp-json\/wp\/v2\/comments?post=5247"}],"version-history":[{"count":0,"href":"https:\/\/rental-car.company\/de\/wp-json\/wp\/v2\/pages\/5247\/revisions"}],"wp:featuredmedia":[{"embeddable":true,"href":"https:\/\/rental-car.company\/de\/wp-json\/wp\/v2\/media\/3149"}],"wp:attachment":[{"href":"https:\/\/rental-car.company\/de\/wp-json\/wp\/v2\/media?parent=5247"}],"wp:term":[{"taxonomy":"category","embeddable":true,"href":"https:\/\/rental-car.company\/de\/wp-json\/wp\/v2\/categories?post=5247"},{"taxonomy":"post_tag","embeddable":true,"href":"https:\/\/rental-car.company\/de\/wp-json\/wp\/v2\/tags?post=5247"}],"curies":[{"name":"wp","href":"https:\/\/api.w.org\/{rel}","templated":true}]}}