{"id":5363,"date":"2024-08-16T10:05:19","date_gmt":"2024-08-16T10:05:19","guid":{"rendered":"https:\/\/rental-car.company\/?page_id=5363"},"modified":"2024-08-16T10:05:19","modified_gmt":"2024-08-16T10:05:19","slug":"san-jose-costa-rica-flughafen-autovermietung","status":"publish","type":"page","link":"https:\/\/rental-car.company\/de\/san-jose-costa-rica-flughafen-autovermietung\/","title":{"rendered":"Autovermietung am Flughafen San Jose Costa Rica - Ihr Leitfaden f\u00fcr eine sorgenfreie Reise"},"content":{"rendered":"<div class=\"wpb-content-wrapper\"><h2>Erleben Sie bequeme und erschwingliche Reisen mit der Autovermietung am Flughafen San Jose Costa Rica<\/h2>\n<p>Planen Sie eine Reise in das sch\u00f6ne Land Costa Rica? Dann sind Sie bei der Autovermietung am Flughafen von San Jose Costa Rica genau richtig, wenn Sie ein Fahrzeug ben\u00f6tigen. Als eines der beliebtesten Reiseziele in Mittelamerika bietet Costa Rica atemberaubende Landschaften, eine vielf\u00e4ltige Tierwelt und eine lebendige Kultur. Und was gibt es Besseres, als dieses erstaunliche Land mit einem eigenen Mietwagen zu erkunden?<\/p>\n<div class=\"vc_row wpb_row vc_row-fluid\"><div class=\"wpb_column vc_column_container vc_col-sm-12\"><div class=\"vc_column-inner\"><div class=\"wpb_wrapper\">\n\t<div class=\"wpb_text_column wpb_content_element\" >\n\t\t<div class=\"wpb_wrapper\">\n\t\t\t<p><script id=\"dchwidget\" src=\"https:\/\/www.discovercars.com\/wg.js\" async=\"\" data-dev-env=\"com\" data-location=\"\" data-lang=\"en\" data-utm-source=\"malina\" data-utm-medium=\"widget\" data-aff-code=\"a_aid\" data-autocomplete=\"on\" data-style-submit-bg-color=\"00A200\" data-style-submit-font-color=\"white\" data-style-form-bg-color=\"FAD130\" data-style-form-font-color=\"333\" data-style-submit-text=\"Search now\"><\/script><\/p>\n\n\t\t<\/div>\n\t<\/div>\n<\/div><\/div><\/div><\/div>\n<p>&nbsp;<\/p>\n<h2>Entdecken Sie San Jose Costa Rica Flughafen Autovermietung<\/h2>\n<p><img loading=\"lazy\" decoding=\"async\" class=\"alignleft\" src=\"\/wp-content\/uploads\/images\/rent_car_1411.png\" alt=\"san jose costa rica flughafen autovermietung\" width=\"350\" height=\"350\" \/><\/p>\n<p>Am Flughafen von San Jose Costa Rica finden Sie eine Vielzahl von Autovermietungen, die sich auf Ihre Bed\u00fcrfnisse einstellen. Von preiswerten Autos bis hin zu Luxusfahrzeugen ist f\u00fcr jeden Geldbeutel und jede Vorliebe etwas dabei. Zu den f\u00fchrenden Autovermietungen am Flughafen geh\u00f6ren Alamo, Avis, Budget, Hertz und National.<\/p>\n<p>Bevor Sie Ihren Mietwagen buchen, sollten Sie sich Gedanken \u00fcber Ihre Reisepl\u00e4ne und Bed\u00fcrfnisse machen. Ben\u00f6tigen Sie einen Kleinwagen, um sich in \u00fcberf\u00fcllten St\u00e4dten zurechtzufinden, oder ein 4\u00d74-Fahrzeug f\u00fcr Offroad-Abenteuer? Reisen Sie allein oder mit einer Gruppe? Anhand dieser Faktoren k\u00f6nnen Sie den f\u00fcr Ihre Reise am besten geeigneten Fahrzeugtyp bestimmen.<\/p>\n<p>Ein gro\u00dfer Vorteil bei der Anmietung eines Fahrzeugs am Flughafen San Jose Costa Rica ist, dass die meisten Unternehmen Online-Buchungsoptionen anbieten. So k\u00f6nnen Sie Ihr bevorzugtes Fahrzeug im Voraus reservieren und sogar zus\u00e4tzliche Funktionen wie GPS oder Kindersitze ausw\u00e4hlen.<\/p>\n<h3>Die Vorteile einer Autovermietung am Flughafen San Jose Costa Rica<\/h3>\n<p>- Bequemlichkeit: Mit einem Mietwagen, der bei Ihrer Ankunft am Flughafen auf Sie wartet, k\u00f6nnen Sie sofort auf Entdeckungstour gehen, ohne auf \u00f6ffentliche Verkehrsmittel warten oder teure Taxifahrten bezahlen zu m\u00fcssen.<br \/>\n- Flexibilit\u00e4t: Ein eigenes Fahrzeug gibt Ihnen die Freiheit, Ihre Reiseroute selbst zu gestalten und in Ihrem eigenen Tempo zu reisen.<br \/>\n- Kosteng\u00fcnstig: Die Anmietung eines Autos kann im Vergleich zur Nutzung von Taxis oder zur Teilnahme an organisierten Touren eine g\u00fcnstigere Option sein. Au\u00dferdem k\u00f6nnen Sie Transportkosten sparen, wenn Sie in Unterk\u00fcnften au\u00dferhalb des Stadtzentrums \u00fcbernachten.<br \/>\n- Komfort: Costa Ricas Stra\u00dfen k\u00f6nnen holprig und ungepflastert sein. Ein zuverl\u00e4ssiger Mietwagen mit guter Federung macht Ihre Reisen viel angenehmer.<\/p>\n<h3>Die Nachteile einer Autovermietung am Flughafen San Jose Costa Rica<\/h3>\n<p>- Der Verkehr: Das Fahren in San Jose kann f\u00fcr manche Reisende chaotisch und \u00fcberw\u00e4ltigend sein. Es ist wichtig, dass Sie sich mit den \u00f6rtlichen Verkehrsregeln und Gepflogenheiten vertraut machen, bevor Sie sich auf den Weg machen.<br \/>\n- Stra\u00dfenzustand: Wie bereits erw\u00e4hnt, sind einige Stra\u00dfen in Costa Rica nicht gut instandgehalten oder asphaltiert, was zu einer holprigen Fahrt f\u00fchren kann.<br \/>\n- Versicherungskosten: Bei den meisten Autovermietungen m\u00fcssen Sie eine Versicherung abschlie\u00dfen, was die Gesamtkosten in die H\u00f6he treiben kann. Allerdings ist dies auch ein zus\u00e4tzlicher Schutz im Falle eines Unfalls.<\/p>\n<h4>H\u00e4ufig gestellte Fragen zur Autovermietung am Flughafen San Jose Costa Rica<\/h4>\n<p><img loading=\"lazy\" decoding=\"async\" class=\"alignright\" src=\"\/wp-content\/uploads\/images\/rent_car_1087.png\" alt=\"san jose costa rica flughafen autovermietung\" width=\"350\" height=\"350\" \/><\/p>\n<h5>F: Kann ich meinen eigenen F\u00fchrerschein benutzen, wenn ich ein Auto in Costa Rica miete?<\/h5>\n<p>A: Ja, Besucher d\u00fcrfen ihren g\u00fcltigen F\u00fchrerschein aus ihrem Heimatland bis zu 90 Tage lang benutzen. Es wird jedoch empfohlen, auch einen internationalen F\u00fchrerschein zu erwerben.<\/p>\n<h5>F: Fallen bei der Anmietung eines Autos am Flughafen San Jose Costa Rica zus\u00e4tzliche Geb\u00fchren an?<\/h5>\n<p>A: Zus\u00e4tzlich zu den Miet- und Versicherungskosten k\u00f6nnen weitere Geb\u00fchren anfallen, wie z. B. Flughafenzuschl\u00e4ge oder Einweggeb\u00fchren, wenn Sie das Auto an einem anderen Ort zur\u00fcckgeben m\u00f6chten.<\/p>\n<h5>F: Ist es sicher, in Costa Rica Auto zu fahren?<\/h5>\n<p>A: Wie in jedem anderen Land ist es auch in Costa Rica wichtig, beim Autofahren Vorsicht walten zu lassen. Achten Sie auf Ihre Umgebung und befolgen Sie alle Verkehrsregeln, um eine sichere und angenehme Reise zu gew\u00e4hrleisten.<\/p>\n<h5>F: Kann ich meinen Mietwagen au\u00dferhalb der Gesch\u00e4ftszeiten zur\u00fcckgeben?<\/h5>\n<p>A: Einige Autovermietungen am Flughafen San Jose Costa Rica bieten eine 24-Stunden-R\u00fcckgabeoption an. Erkundigen Sie sich am besten vorher bei Ihrem Unternehmen, ob dies m\u00f6glich ist.<\/p>\n<p>Zusammenfassend l\u00e4sst sich sagen, dass eine Autovermietung am Flughafen San Jose Costa Rica Ihr Reiseerlebnis in diesem sch\u00f6nen Land erheblich verbessern kann. Dank der Bequemlichkeit, Flexibilit\u00e4t und Erschwinglichkeit, die es bietet, k\u00f6nnen Sie alles, was Costa Rica zu bieten hat, in Ihrem eigenen Tempo erkunden. Denken Sie nur daran, im Voraus zu planen und sich mit den \u00f6rtlichen Verkehrsregeln vertraut zu machen, um eine problemlose Reise zu gew\u00e4hrleisten. Buchen Sie Ihren Mietwagen noch heute bei rental-car.company und erleben Sie eine unvergessliche Reise in Costa Rica!<\/p>\n<\/div>","protected":false},"excerpt":{"rendered":"<p>Experience Convenient and Affordable Travel with San Jose Costa Rica Airport Car Rental Are you planning a trip to the beautiful country of Costa Rica? Look no further than San Jose Costa Rica Airport Car Rental for all your transportation needs. As one of the most popular tourist destinations in Central America, Costa Rica offers [&hellip;]<\/p>\n","protected":false},"author":1,"featured_media":5365,"parent":0,"menu_order":0,"comment_status":"closed","ping_status":"closed","template":"","meta":{"rs_blank_template":"","rs_page_bg_color":"","slide_template_v7":"","footnotes":""},"categories":[1],"tags":[],"class_list":["post-5363","page","type-page","status-publish","has-post-thumbnail","hentry","category-blog"],"_links":{"self":[{"href":"https:\/\/rental-car.company\/de\/wp-json\/wp\/v2\/pages\/5363","targetHints":{"allow":["GET"]}}],"collection":[{"href":"https:\/\/rental-car.company\/de\/wp-json\/wp\/v2\/pages"}],"about":[{"href":"https:\/\/rental-car.company\/de\/wp-json\/wp\/v2\/types\/page"}],"author":[{"embeddable":true,"href":"https:\/\/rental-car.company\/de\/wp-json\/wp\/v2\/users\/1"}],"replies":[{"embeddable":true,"href":"https:\/\/rental-car.company\/de\/wp-json\/wp\/v2\/comments?post=5363"}],"version-history":[{"count":0,"href":"https:\/\/rental-car.company\/de\/wp-json\/wp\/v2\/pages\/5363\/revisions"}],"wp:featuredmedia":[{"embeddable":true,"href":"https:\/\/rental-car.company\/de\/wp-json\/wp\/v2\/media\/5365"}],"wp:attachment":[{"href":"https:\/\/rental-car.company\/de\/wp-json\/wp\/v2\/media?parent=5363"}],"wp:term":[{"taxonomy":"category","embeddable":true,"href":"https:\/\/rental-car.company\/de\/wp-json\/wp\/v2\/categories?post=5363"},{"taxonomy":"post_tag","embeddable":true,"href":"https:\/\/rental-car.company\/de\/wp-json\/wp\/v2\/tags?post=5363"}],"curies":[{"name":"wp","href":"https:\/\/api.w.org\/{rel}","templated":true}]}}