{"id":5526,"date":"2024-08-17T22:06:55","date_gmt":"2024-08-17T22:06:55","guid":{"rendered":"https:\/\/rental-car.company\/?page_id=5526"},"modified":"2024-08-17T22:06:55","modified_gmt":"2024-08-17T22:06:55","slug":"auto-mieten-omaha","status":"publish","type":"page","link":"https:\/\/rental-car.company\/de\/auto-mieten-omaha\/","title":{"rendered":"rent car omaha - Ihr ultimativer Leitfaden f\u00fcr das Mieten eines Autos in Omaha"},"content":{"rendered":"<div class=\"wpb-content-wrapper\"><h2>Ein Auto mieten in Omaha: Alles, was Sie wissen m\u00fcssen<\/h2>\n<p>Ein Auto zu mieten ist eine der bequemsten und flexibelsten M\u00f6glichkeiten, eine neue Stadt wie Omaha zu erkunden. Mit seinen weiten, offenen R\u00e4umen und vielf\u00e4ltigen Attraktionen k\u00f6nnen Sie mit Ihrem eigenen Fahrzeug das Beste erleben, was dieses Juwel des Mittleren Westens zu bieten hat. Egal, ob Sie gesch\u00e4ftlich oder zum Vergn\u00fcgen unterwegs sind, ein Mietwagen in Omaha gibt Ihnen die Freiheit, in Ihrem eigenen Tempo und nach Ihrem eigenen Zeitplan zu reisen.<\/p>\n<div class=\"vc_row wpb_row vc_row-fluid\"><div class=\"wpb_column vc_column_container vc_col-sm-12\"><div class=\"vc_column-inner\"><div class=\"wpb_wrapper\">\n\t<div class=\"wpb_text_column wpb_content_element\" >\n\t\t<div class=\"wpb_wrapper\">\n\t\t\t<p><script id=\"dchwidget\" src=\"https:\/\/www.discovercars.com\/wg.js\" async=\"\" data-dev-env=\"com\" data-location=\"\" data-lang=\"en\" data-utm-source=\"malina\" data-utm-medium=\"widget\" data-aff-code=\"a_aid\" data-autocomplete=\"on\" data-style-submit-bg-color=\"00A200\" data-style-submit-font-color=\"white\" data-style-form-bg-color=\"FAD130\" data-style-form-font-color=\"333\" data-style-submit-text=\"Search now\"><\/script><\/p>\n\n\t\t<\/div>\n\t<\/div>\n<\/div><\/div><\/div><\/div>\n<p>&nbsp;<\/p>\n<h2>Discover rent car omaha<\/h2>\n<p><img loading=\"lazy\" decoding=\"async\" class=\"alignleft\" src=\"\/wp-content\/uploads\/images\/rent_car_1506.png\" alt=\"auto mieten omaha\" width=\"350\" height=\"350\" \/><\/p>\n<p>Wenn Sie in Omaha ein Auto mieten m\u00f6chten, haben Sie viele M\u00f6glichkeiten. Von gro\u00dfen Autovermietungen wie Hertz, Avis und Enterprise bis hin zu kleineren lokalen Anbietern gibt es eine gro\u00dfe Auswahl, wenn es darum geht, den perfekten Mietwagen f\u00fcr Ihre Reise zu finden.<\/p>\n<p>Eine beliebte Option ist die Budget Autovermietung, die g\u00fcnstige Preise und eine gro\u00dfe Auswahl an Fahrzeugen bietet. Eine weitere gute Wahl ist Thrifty Car Rental, bekannt f\u00fcr seine g\u00fcnstigen Preise und seinen zuverl\u00e4ssigen Service.<\/p>\n<p>F\u00fcr diejenigen, die ein einzigartiges Fahrerlebnis suchen, bietet Turo Peer-to-Peer-Autovermietungen, bei denen Einheimische ihre pers\u00f6nlichen Fahrzeuge vermieten k\u00f6nnen. Dies ist eine gro\u00dfartige M\u00f6glichkeit, Omaha aus der Insider-Perspektive kennenzulernen und gleichzeitig die lokale Gemeinschaft zu unterst\u00fctzen.<\/p>\n<h3>Beste Zeit, ein Auto zu mieten in Omaha<\/h3>\n<p>Die beste Zeit, um ein Auto in Omaha zu mieten, ist in der Regel in der Nebensaison von November bis M\u00e4rz. In dieser Zeit k\u00f6nnen Sie aufgrund der geringeren Nachfrage oft bessere Angebote und Rabatte auf Mietwagen finden.<\/p>\n<p>Wenn Sie jedoch im Mai-Juni bzw. Juli-August an popul\u00e4ren Veranstaltungen wie den College World Series oder der Jahreshauptversammlung von Berkshire Hathaway teilnehmen m\u00f6chten, sollten Sie Ihren Mietwagen fr\u00fchzeitig buchen, da die Preise in diesen Hauptreisezeiten in die H\u00f6he gehen.<\/p>\n<h3>Pro \/ Kontra<\/h3>\n<p>Vorteile:<br \/>\n- Flexibilit\u00e4t und Bequemlichkeit, um Omaha und seine Umgebung in Ihrem eigenen Tempo zu erkunden.<br \/>\n- Erschwingliche Tarife und eine breite Palette von Fahrzeugoptionen zur Auswahl.<br \/>\n- Leichter Zugang zu Autovermietungen am Flughafen oder in der Stadt.<\/p>\n<p>Nachteile:<br \/>\n- Zus\u00e4tzliche Kosten f\u00fcr Versicherung, Benzin und m\u00f6gliche Geb\u00fchren f\u00fcr die versp\u00e4tete oder besch\u00e4digte R\u00fcckgabe des Fahrzeugs.<br \/>\n- Begrenzte Verf\u00fcgbarkeit w\u00e4hrend der Hauptreisezeiten.<br \/>\n- M\u00f6gliche Unkenntnis der \u00f6rtlichen Verkehrsregeln und Stra\u00dfen.<\/p>\n<h3>FAQ<\/h3>\n<p><img loading=\"lazy\" decoding=\"async\" class=\"alignright\" src=\"\/wp-content\/uploads\/images\/rent_car_748.png\" alt=\"auto mieten omaha\" width=\"350\" height=\"350\" \/><\/p>\n<p>F: Brauche ich eine Kreditkarte, um in Omaha ein Auto zu mieten?<br \/>\nA: Ja, die meisten Autovermietungen verlangen eine Kreditkarte als Zahlungsmittel. Einige akzeptieren jedoch auch Debitkarten mit bestimmten Einschr\u00e4nkungen.<\/p>\n<p>F: Was ist das Mindestalter f\u00fcr die Anmietung eines Autos in Omaha?<br \/>\nA: Das Mindestalter f\u00fcr die Anmietung eines Fahrzeugs betr\u00e4gt in der Regel 21 Jahre, aber einige Unternehmen haben h\u00f6here Altersanforderungen oder verlangen zus\u00e4tzliche Geb\u00fchren f\u00fcr Fahrer unter 25 Jahren.<\/p>\n<p>F: Kann ich meinen Mietwagen an einem anderen Ort zur\u00fcckgeben als an dem, an dem ich ihn abgeholt habe?<br \/>\nA: Ja, viele Autovermietungen bieten Einwegmieten an, bei denen Sie das Fahrzeug gegen eine zus\u00e4tzliche Geb\u00fchr an einem anderen Ort zur\u00fcckgeben k\u00f6nnen.<\/p>\n<p>F: Ist es notwendig, eine Versicherung abzuschlie\u00dfen, wenn ich ein Auto in Omaha miete?<br \/>\nA: Eine Versicherung ist zwar nicht obligatorisch, aber sehr empfehlenswert, da sie Ihnen Sicherheit gibt und Sie im Falle von Unf\u00e4llen oder Sch\u00e4den vor unerwarteten Kosten sch\u00fctzt.<\/p>\n<p>Zusammenfassend l\u00e4sst sich sagen, dass das Mieten eines Autos in Omaha Ihnen die Freiheit und Flexibilit\u00e4t gibt, das Beste aus Ihrer Reise zu machen. Bei der gro\u00dfen Auswahl zu erschwinglichen Preisen finden Sie leicht den perfekten Mietwagen, der Ihren Bed\u00fcrfnissen entspricht. Planen Sie einfach im Voraus und buchen Sie fr\u00fchzeitig, wenn Sie w\u00e4hrend der Hauptsaison reisen. Viel Spa\u00df beim Fahren!<\/p>\n<\/div>","protected":false},"excerpt":{"rendered":"<p>Renting a Car in Omaha: Everything You Need to Know Renting a car is one of the most convenient and flexible ways to explore a new city like Omaha. With its wide, open spaces and diverse attractions, having your own set of wheels allows you to experience the best that this Midwestern gem has to [&hellip;]<\/p>\n","protected":false},"author":1,"featured_media":3809,"parent":0,"menu_order":0,"comment_status":"closed","ping_status":"closed","template":"","meta":{"rs_blank_template":"","rs_page_bg_color":"","slide_template_v7":"","footnotes":""},"categories":[1],"tags":[],"class_list":["post-5526","page","type-page","status-publish","has-post-thumbnail","hentry","category-blog"],"_links":{"self":[{"href":"https:\/\/rental-car.company\/de\/wp-json\/wp\/v2\/pages\/5526","targetHints":{"allow":["GET"]}}],"collection":[{"href":"https:\/\/rental-car.company\/de\/wp-json\/wp\/v2\/pages"}],"about":[{"href":"https:\/\/rental-car.company\/de\/wp-json\/wp\/v2\/types\/page"}],"author":[{"embeddable":true,"href":"https:\/\/rental-car.company\/de\/wp-json\/wp\/v2\/users\/1"}],"replies":[{"embeddable":true,"href":"https:\/\/rental-car.company\/de\/wp-json\/wp\/v2\/comments?post=5526"}],"version-history":[{"count":0,"href":"https:\/\/rental-car.company\/de\/wp-json\/wp\/v2\/pages\/5526\/revisions"}],"wp:featuredmedia":[{"embeddable":true,"href":"https:\/\/rental-car.company\/de\/wp-json\/wp\/v2\/media\/3809"}],"wp:attachment":[{"href":"https:\/\/rental-car.company\/de\/wp-json\/wp\/v2\/media?parent=5526"}],"wp:term":[{"taxonomy":"category","embeddable":true,"href":"https:\/\/rental-car.company\/de\/wp-json\/wp\/v2\/categories?post=5526"},{"taxonomy":"post_tag","embeddable":true,"href":"https:\/\/rental-car.company\/de\/wp-json\/wp\/v2\/tags?post=5526"}],"curies":[{"name":"wp","href":"https:\/\/api.w.org\/{rel}","templated":true}]}}