{"id":5558,"date":"2024-08-18T05:05:38","date_gmt":"2024-08-18T05:05:38","guid":{"rendered":"https:\/\/rental-car.company\/?page_id=5558"},"modified":"2024-08-18T05:05:38","modified_gmt":"2024-08-18T05:05:38","slug":"reno-autovermietung-flughafen","status":"publish","type":"page","link":"https:\/\/rental-car.company\/de\/reno-autovermietung-flughafen\/","title":{"rendered":"Reno Autovermietung Flughafen: Ihr Leitfaden f\u00fcr problemloses Reisen"},"content":{"rendered":"<div class=\"wpb-content-wrapper\"><h2>Die Bequemlichkeit der Autovermietung am Flughafen von Reno<\/h2>\n<p>Wenn es ums Reisen geht, ist Bequemlichkeit das A und O. Und was w\u00e4re besser geeignet, um Ihre Reise problemlos zu gestalten, als ein Mietauto am Flughafen? Reno, Nevada ist bekannt f\u00fcr seine sch\u00f6nen Landschaften und Outdoor-Aktivit\u00e4ten, so dass es ein beliebtes Ziel f\u00fcr Touristen. Mit der Autovermietung am Flughafen von Reno k\u00f6nnen Sie alles, was diese Stadt zu bieten hat, in Ihrem eigenen Tempo erkunden.<\/p>\n<div class=\"vc_row wpb_row vc_row-fluid\"><div class=\"wpb_column vc_column_container vc_col-sm-12\"><div class=\"vc_column-inner\"><div class=\"wpb_wrapper\">\n\t<div class=\"wpb_text_column wpb_content_element\" >\n\t\t<div class=\"wpb_wrapper\">\n\t\t\t<p><script id=\"dchwidget\" src=\"https:\/\/www.discovercars.com\/wg.js\" async=\"\" data-dev-env=\"com\" data-location=\"\" data-lang=\"en\" data-utm-source=\"malina\" data-utm-medium=\"widget\" data-aff-code=\"a_aid\" data-autocomplete=\"on\" data-style-submit-bg-color=\"00A200\" data-style-submit-font-color=\"white\" data-style-form-bg-color=\"FAD130\" data-style-form-font-color=\"333\" data-style-submit-text=\"Search now\"><\/script><\/p>\n\n\t\t<\/div>\n\t<\/div>\n<\/div><\/div><\/div><\/div>\n<p>&nbsp;<\/p>\n<h2>Entdecken Sie Reno Autovermietung Flughafen<\/h2>\n<p><img loading=\"lazy\" decoding=\"async\" class=\"alignleft\" src=\"\/wp-content\/uploads\/images\/rent_car_871.png\" alt=\"reno autovermietung flughafen\" width=\"350\" height=\"350\" \/><\/p>\n<p>Der Reno-Tahoe International Airport ist der wichtigste Flughafen f\u00fcr die Stadt Reno und die umliegenden Gebiete. Dieser belebte Flughafen bietet eine Vielzahl von Mietwagenoptionen von vertrauensw\u00fcrdigen Unternehmen wie Avis, Budget, Enterprise, Hertz und anderen. Bei so viel Auswahl finden Sie leicht das perfekte Fahrzeug f\u00fcr Ihre Reise.<\/p>\n<h3>Vorteile der Autovermietung am Flughafen Reno<\/h3>\n<p>- Bequemlichkeit: Sobald Sie am Flughafen gelandet sind, k\u00f6nnen Sie direkt zum Mietwagenschalter gehen, ohne sich um die Organisation des Transports k\u00fcmmern zu m\u00fcssen.<br \/>\n- Zeitersparnis: Anstatt in langen Schlangen auf \u00f6ffentliche Verkehrsmittel zu warten oder ein Taxi zu rufen, k\u00f6nnen Sie Ihren Mietwagen schnell abholen und losfahren.<br \/>\n- Flexibilit\u00e4t: Mit einem Mietwagen haben Sie die Freiheit, verschiedene Teile von Reno zu erkunden, ohne an die Fahrpl\u00e4ne der \u00f6ffentlichen Verkehrsmittel gebunden zu sein.<br \/>\n- Komfort: Mit einem eigenen Fahrzeug k\u00f6nnen Sie bequem und komfortabel reisen und alle Ihre Sachen sicher an einem Ort aufbewahren.<\/p>\n<h3>Nachteile der Reno Autovermietung Flughafen Dienstleistungen<\/h3>\n<p>Die Nutzung eines Mietwagens vom Flughafen in Reno hat zwar viele Vorteile, aber es gibt auch einige Nachteile, die man beachten sollte:<\/p>\n<p>- Kosten: Die Anmietung eines Fahrzeugs an einem Flughafen kann teurer sein als die Anmietung an anderen Orten.<br \/>\n- Begrenzte M\u00f6glichkeiten: Je nach Jahreszeit und Verf\u00fcgbarkeit gibt es am Flughafen m\u00f6glicherweise nur begrenzte M\u00f6glichkeiten f\u00fcr Mietwagen.<br \/>\n- Zus\u00e4tzliche Geb\u00fchren: Einige Autovermietungen erheben zus\u00e4tzliche Geb\u00fchren f\u00fcr die Abholung oder R\u00fcckgabe am Flughafen, daher ist es wichtig, die Allgemeinen Gesch\u00e4ftsbedingungen sorgf\u00e4ltig zu lesen.<\/p>\n<h4>FAQs \u00fcber Reno Autovermietung Flughafen<\/h4>\n<h4>Was ben\u00f6tige ich, um ein Auto vom Reno-Tahoe International Airport zu mieten?<\/h4>\n<p>Um ein Auto vom Flughafen in Reno zu mieten, ben\u00f6tigen Sie einen g\u00fcltigen F\u00fchrerschein und eine Kreditkarte. Es wird auch empfohlen, einen Versicherungsnachweis zu haben.<\/p>\n<h4>Ist es m\u00f6glich, meinen Mietwagen an einem anderen Ort zur\u00fcckzugeben?<\/h4>\n<p>Ja, viele Autovermietungen bieten die M\u00f6glichkeit, Ihr Fahrzeug gegen eine zus\u00e4tzliche Geb\u00fchr an einem anderen Ort zur\u00fcckzugeben. Erkundigen Sie sich vorher bei dem von Ihnen gew\u00e4hlten Unternehmen.<\/p>\n<h4>Was passiert, wenn mein Flug versp\u00e4tet ist oder annulliert wird?<\/h4>\n<p><img loading=\"lazy\" decoding=\"async\" class=\"alignright\" src=\"\/wp-content\/uploads\/images\/rent_car_922.png\" alt=\"reno autovermietung flughafen\" width=\"350\" height=\"350\" \/><\/p>\n<p>Wenn sich Ihr Flug versp\u00e4tet oder annulliert wird, setzen Sie sich so schnell wie m\u00f6glich mit der Autovermietung Ihrer Wahl in Verbindung. Sie werden mit Ihnen zusammenarbeiten, um Ihre Reservierung entsprechend anzupassen.<\/p>\n<h2>Mieten Sie Ihr Auto heute<\/h2>\n<p>Mit all den Vorteilen der Reno Autovermietung am Flughafen, warum warten? Buchen Sie Ihr Fahrzeug noch heute und machen Sie sich bereit f\u00fcr eine unvergessliche Reise ins sch\u00f6ne Reno, Nevada. Ganz gleich, ob Sie einen Familienurlaub planen oder gesch\u00e4ftlich unterwegs sind, ein zuverl\u00e4ssiges Transportmittel wird den Unterschied ausmachen, um eine stressfreie Reise zu gew\u00e4hrleisten. Erkunden Sie also alles, was Reno zu bieten hat, mit dem Komfort eines Mietwagens vom Flughafen aus.<\/p>\n<\/div>","protected":false},"excerpt":{"rendered":"<p>The Convenience of Reno Car Rental Airport Services When it comes to traveling, convenience is key. And what better way to make your trip hassle-free than by using a rental car from the airport? Reno, Nevada is known for its beautiful landscapes and outdoor activities, making it a popular destination for tourists. With Reno car [&hellip;]<\/p>\n","protected":false},"author":1,"featured_media":5560,"parent":0,"menu_order":0,"comment_status":"closed","ping_status":"closed","template":"","meta":{"rs_blank_template":"","rs_page_bg_color":"","slide_template_v7":"","footnotes":""},"categories":[1],"tags":[],"class_list":["post-5558","page","type-page","status-publish","has-post-thumbnail","hentry","category-blog"],"_links":{"self":[{"href":"https:\/\/rental-car.company\/de\/wp-json\/wp\/v2\/pages\/5558","targetHints":{"allow":["GET"]}}],"collection":[{"href":"https:\/\/rental-car.company\/de\/wp-json\/wp\/v2\/pages"}],"about":[{"href":"https:\/\/rental-car.company\/de\/wp-json\/wp\/v2\/types\/page"}],"author":[{"embeddable":true,"href":"https:\/\/rental-car.company\/de\/wp-json\/wp\/v2\/users\/1"}],"replies":[{"embeddable":true,"href":"https:\/\/rental-car.company\/de\/wp-json\/wp\/v2\/comments?post=5558"}],"version-history":[{"count":0,"href":"https:\/\/rental-car.company\/de\/wp-json\/wp\/v2\/pages\/5558\/revisions"}],"wp:featuredmedia":[{"embeddable":true,"href":"https:\/\/rental-car.company\/de\/wp-json\/wp\/v2\/media\/5560"}],"wp:attachment":[{"href":"https:\/\/rental-car.company\/de\/wp-json\/wp\/v2\/media?parent=5558"}],"wp:term":[{"taxonomy":"category","embeddable":true,"href":"https:\/\/rental-car.company\/de\/wp-json\/wp\/v2\/categories?post=5558"},{"taxonomy":"post_tag","embeddable":true,"href":"https:\/\/rental-car.company\/de\/wp-json\/wp\/v2\/tags?post=5558"}],"curies":[{"name":"wp","href":"https:\/\/api.w.org\/{rel}","templated":true}]}}