{"id":5683,"date":"2024-08-19T09:05:41","date_gmt":"2024-08-19T09:05:41","guid":{"rendered":"https:\/\/rental-car.company\/?page_id=5683"},"modified":"2024-08-19T09:05:41","modified_gmt":"2024-08-19T09:05:41","slug":"kann-man-ein-auto-mit-einem-kindersitz-mieten","status":"publish","type":"page","link":"https:\/\/rental-car.company\/de\/kann-man-ein-auto-mit-einem-kindersitz-mieten\/","title":{"rendered":"Kann man ein Auto mit einem Autositz mieten? - Ein umfassender Leitfaden"},"content":{"rendered":"<div class=\"wpb-content-wrapper\"><h2>Variation von 'Kann man ein Auto mit einem Autositz mieten'<\/h2>\n<p>Wenn Sie mit kleinen Kindern verreisen, ist eine der h\u00e4ufigsten Sorgen die Gew\u00e4hrleistung ihrer Sicherheit w\u00e4hrend der Reise. Dazu geh\u00f6rt auch die Suche nach einem zuverl\u00e4ssigen Transportmittel, das den Bed\u00fcrfnissen der Kinder gerecht wird. Eine Frage, die oft gestellt wird, lautet: \"Kann man ein Auto mit einem Kindersitz mieten?\" Die Antwort lautet ja, und hier finden Sie alles, was Sie dar\u00fcber wissen m\u00fcssen.<\/p>\n<div class=\"vc_row wpb_row vc_row-fluid\"><div class=\"wpb_column vc_column_container vc_col-sm-12\"><div class=\"vc_column-inner\"><div class=\"wpb_wrapper\">\n\t<div class=\"wpb_text_column wpb_content_element\" >\n\t\t<div class=\"wpb_wrapper\">\n\t\t\t<p><script id=\"dchwidget\" src=\"https:\/\/www.discovercars.com\/wg.js\" async=\"\" data-dev-env=\"com\" data-location=\"\" data-lang=\"en\" data-utm-source=\"malina\" data-utm-medium=\"widget\" data-aff-code=\"a_aid\" data-autocomplete=\"on\" data-style-submit-bg-color=\"00A200\" data-style-submit-font-color=\"white\" data-style-form-bg-color=\"FAD130\" data-style-form-font-color=\"333\" data-style-submit-text=\"Search now\"><\/script><\/p>\n\n\t\t<\/div>\n\t<\/div>\n<\/div><\/div><\/div><\/div>\n<p>&nbsp;<\/p>\n<h2>Entdecken Sie K\u00f6nnen Sie ein Auto mit einem Autositz mieten<\/h2>\n<p><img loading=\"lazy\" decoding=\"async\" class=\"alignleft\" src=\"\/wp-content\/uploads\/images\/rent_car_560.png\" alt=\"Kann man ein Auto mit einem Kindersitz mieten?\" width=\"350\" height=\"350\" \/><\/p>\n<p>Viele Autovermietungen sind sich der Bedeutung der Kindersicherheit bewusst und bieten die M\u00f6glichkeit, einen Kindersitz zusammen mit dem Fahrzeug zu mieten. So k\u00f6nnen Eltern beruhigt reisen und m\u00fcssen sich keine Sorgen um sperrige Kindersitze machen.<\/p>\n<p>Ein gro\u00dfer Vorteil der Anmietung eines Autositzes ist die Bequemlichkeit. Anstatt einen eigenen mitbringen oder am Zielort kaufen zu m\u00fcssen, k\u00f6nnen Sie ihn einfach zu Ihrer Mietreservierung hinzuf\u00fcgen. Das spart Zeit und M\u00fche, besonders wenn Sie fliegen oder \u00f6ffentliche Verkehrsmittel benutzen.<\/p>\n<h3>Der Prozess<\/h3>\n<p>Das Verfahren f\u00fcr die Anmietung eines Autositzes ist je nach Autovermieter unterschiedlich. Bei einigen k\u00f6nnen Sie einen Sitz online reservieren, bei anderen m\u00fcssen Sie ihn bei der Abholung des Fahrzeugs am Schalter anfordern. Es ist wichtig, dass Sie sich vorher \u00fcber die spezifischen Richtlinien und Verfahren des Vermieters informieren und diese verstehen.<\/p>\n<p>Einige Unternehmen erheben eine zus\u00e4tzliche Geb\u00fchr f\u00fcr die Anmietung eines Kindersitzes, bei anderen ist er im t\u00e4glichen Mietpreis enthalten. Ber\u00fccksichtigen Sie dies bei der Planung Ihrer Reise unbedingt in Ihrem Budget.<\/p>\n<h3>Arten von zu mietenden Autositzen<\/h3>\n<p>Autovermietungen bieten in der Regel verschiedene Arten von Autositzen an, die sich nach Alter und Gewicht des Kindes richten, z. B. Kindersitze, umbaubare Sitze und Sitzerh\u00f6hungen. Vergewissern Sie sich, dass der von der Autovermietung angebotene Typ f\u00fcr das Alter und Gewicht Ihres Kindes geeignet ist.<\/p>\n<h3>Pro \/ Kontra<\/h3>\n<p>Vorteile:<br \/>\n- Bequemlichkeit: Sie m\u00fcssen nicht Ihren eigenen Autositz mitbringen oder am Zielort einen kaufen.<br \/>\n- Kosteng\u00fcnstig: Die Anmietung eines Autositzes kann g\u00fcnstiger sein als der Kauf eines Sitzes f\u00fcr den vor\u00fcbergehenden Gebrauch.<br \/>\n- Sicherheit: Die Verleihfirmen stellen sicher, dass ihre Autositze den Sicherheitsstandards entsprechen und regelm\u00e4\u00dfig \u00fcberpr\u00fcft werden.<\/p>\n<p>Nachteile:<br \/>\n- Begrenzte M\u00f6glichkeiten: Einige Autovermietungen bieten m\u00f6glicherweise nicht den speziellen Kindersitz an, den Sie f\u00fcr Ihr Kind ben\u00f6tigen.<br \/>\n- Zus\u00e4tzliche Kosten: Die Anmietung eines Autositzes kann zu den Gesamtkosten Ihrer Mietreservierung hinzukommen.<br \/>\n- Bedenken hinsichtlich der Qualit\u00e4t: Es gibt keine Garantie daf\u00fcr, dass der vom Vermieter zur Verf\u00fcgung gestellte Autositz in gutem Zustand ist.<\/p>\n<h4>FAQ<\/h4>\n<p><img loading=\"lazy\" decoding=\"async\" class=\"alignright\" src=\"\/wp-content\/uploads\/images\/rent_car_1375.png\" alt=\"Kann man ein Auto mit einem Kindersitz mieten?\" width=\"350\" height=\"350\" \/><\/p>\n<p>F: Kann ich einen Autositz online reservieren?<br \/>\nA: Das h\u00e4ngt von der Mietwagenfirma ab. Bei einigen k\u00f6nnen Sie sie online reservieren, bei anderen m\u00fcssen Sie sie bei der Abholung des Fahrzeugs am Schalter anfordern.<\/p>\n<p>F: Gibt es verschiedene Arten von Autositzen, die gemietet werden k\u00f6nnen?<br \/>\nA: Ja, die meisten Autovermieter bieten je nach Alter\/Gewicht verschiedene Arten von Sitzen an, z. B. Kindersitze, umbaubare Sitze und Sitzerh\u00f6hungen.<\/p>\n<p>F: Ist es teurer, einen Autositz zu mieten, als meinen eigenen mitzubringen?<br \/>\nA: Das h\u00e4ngt von verschiedenen Faktoren ab, z. B. von der Dauer Ihrer Reise und davon, ob die Autovermietung eine zus\u00e4tzliche Geb\u00fchr f\u00fcr die Anmietung eines Autositzes erhebt oder nicht. Am besten recherchieren Sie vorher und vergleichen die Preise.<\/p>\n<p>Zusammenfassend l\u00e4sst sich sagen: Ja, Sie k\u00f6nnen ein Auto mit einem Kindersitz mieten. Es ist wichtig, dass Sie sich vor der Reservierung gr\u00fcndlich informieren und die Richtlinien und Verfahren der einzelnen Mietwagenfirmen kennen. So k\u00f6nnen Sie sicherstellen, dass Sie eine sichere und problemlose Reise mit Ihren Kleinen haben.<\/p>\n<\/div>","protected":false},"excerpt":{"rendered":"<p>Variation of &#8216;Can You Rent a Car with a Car Seat&#8217; If you&#8217;re traveling with young children, one of the most common concerns is ensuring their safety during your trip. This includes finding reliable transportation that can accommodate their needs. One question that often arises is, &#8220;can you rent a car with a car seat?&#8221; [&hellip;]<\/p>\n","protected":false},"author":1,"featured_media":3397,"parent":0,"menu_order":0,"comment_status":"closed","ping_status":"closed","template":"","meta":{"rs_blank_template":"","rs_page_bg_color":"","slide_template_v7":"","footnotes":""},"categories":[1],"tags":[],"class_list":["post-5683","page","type-page","status-publish","has-post-thumbnail","hentry","category-blog"],"_links":{"self":[{"href":"https:\/\/rental-car.company\/de\/wp-json\/wp\/v2\/pages\/5683","targetHints":{"allow":["GET"]}}],"collection":[{"href":"https:\/\/rental-car.company\/de\/wp-json\/wp\/v2\/pages"}],"about":[{"href":"https:\/\/rental-car.company\/de\/wp-json\/wp\/v2\/types\/page"}],"author":[{"embeddable":true,"href":"https:\/\/rental-car.company\/de\/wp-json\/wp\/v2\/users\/1"}],"replies":[{"embeddable":true,"href":"https:\/\/rental-car.company\/de\/wp-json\/wp\/v2\/comments?post=5683"}],"version-history":[{"count":0,"href":"https:\/\/rental-car.company\/de\/wp-json\/wp\/v2\/pages\/5683\/revisions"}],"wp:featuredmedia":[{"embeddable":true,"href":"https:\/\/rental-car.company\/de\/wp-json\/wp\/v2\/media\/3397"}],"wp:attachment":[{"href":"https:\/\/rental-car.company\/de\/wp-json\/wp\/v2\/media?parent=5683"}],"wp:term":[{"taxonomy":"category","embeddable":true,"href":"https:\/\/rental-car.company\/de\/wp-json\/wp\/v2\/categories?post=5683"},{"taxonomy":"post_tag","embeddable":true,"href":"https:\/\/rental-car.company\/de\/wp-json\/wp\/v2\/tags?post=5683"}],"curies":[{"name":"wp","href":"https:\/\/api.w.org\/{rel}","templated":true}]}}