{"id":5787,"date":"2024-08-20T06:05:35","date_gmt":"2024-08-20T06:05:35","guid":{"rendered":"https:\/\/rental-car.company\/?page_id=5787"},"modified":"2024-08-20T06:05:35","modified_gmt":"2024-08-20T06:05:35","slug":"autovermietung-detroit","status":"publish","type":"page","link":"https:\/\/rental-car.company\/de\/autovermietung-detroit\/","title":{"rendered":"Auto mieten Detroit: Erkunden Sie die Motor City mit Leichtigkeit"},"content":{"rendered":"<div class=\"wpb-content-wrapper\"><h2>Ein Auto in Detroit mieten: Alles, was Sie wissen m\u00fcssen<\/h2>\n<p>Bei einem Besuch in Detroit, einer der gr\u00f6\u00dften und dynamischsten St\u00e4dte des Mittleren Westens, ist ein zuverl\u00e4ssiges Verkehrsmittel unerl\u00e4sslich. Es gibt zwar viele \u00f6ffentliche Verkehrsmittel, aber mit einem Mietwagen in Detroit k\u00f6nnen Sie bequem und flexibel alles erkunden, was diese Stadt zu bieten hat. Mit ihrer reichen Geschichte, ihrer vielf\u00e4ltigen Kultur und ihrem belebten Stadtzentrum gibt es in der Motor City jede Menge zu sehen und zu erleben. In diesem Artikel erfahren Sie alles, was Sie \u00fcber das Mieten eines Autos in Detroit wissen m\u00fcssen.<\/p>\n<div class=\"vc_row wpb_row vc_row-fluid\"><div class=\"wpb_column vc_column_container vc_col-sm-12\"><div class=\"vc_column-inner\"><div class=\"wpb_wrapper\">\n\t<div class=\"wpb_text_column wpb_content_element\" >\n\t\t<div class=\"wpb_wrapper\">\n\t\t\t<p><script id=\"dchwidget\" src=\"https:\/\/www.discovercars.com\/wg.js\" async=\"\" data-dev-env=\"com\" data-location=\"\" data-lang=\"en\" data-utm-source=\"malina\" data-utm-medium=\"widget\" data-aff-code=\"a_aid\" data-autocomplete=\"on\" data-style-submit-bg-color=\"00A200\" data-style-submit-font-color=\"white\" data-style-form-bg-color=\"FAD130\" data-style-form-font-color=\"333\" data-style-submit-text=\"Search now\"><\/script><\/p>\n\n\t\t<\/div>\n\t<\/div>\n<\/div><\/div><\/div><\/div>\n<p>&nbsp;<\/p>\n<h2>Discover Rent Car Detroit<\/h2>\n<p><img loading=\"lazy\" decoding=\"async\" class=\"alignleft\" src=\"\/wp-content\/uploads\/images\/rent_car_1482.png\" alt=\"autovermietung detroit\" width=\"350\" height=\"350\" \/><\/p>\n<p>Das Mieten eines Autos in Detroit wird durch verschiedene Autovermietungen in der Stadt erleichtert. Diese Unternehmen bieten eine gro\u00dfe Auswahl an Fahrzeugen an, von Kleinwagen f\u00fcr Alleinreisende bis hin zu gr\u00f6\u00dferen SUVs f\u00fcr Familien oder Gruppen. Zu den beliebtesten Autovermietungen in Detroit geh\u00f6ren Enterprise Rent-A-Car, Hertz Rent A Car, Avis Rent A Car, Budget Rent-A-Car und National Car Rental.<\/p>\n<p>Ein gro\u00dfer Vorteil eines Mietwagens in Detroit ist, dass Sie die Freiheit haben, nicht nur die Innenstadt zu erkunden. Mit Ihrem eigenen Fahrzeug k\u00f6nnen Sie problemlos in die umliegenden Vororte fahren oder sogar Tagesausfl\u00fcge au\u00dferhalb der Stadt unternehmen. So haben Sie die M\u00f6glichkeit, versteckte Perlen zu entdecken und alles zu erleben, was Michigan zu bieten hat.<\/p>\n<h3>Verwandte Stichw\u00f6rter f\u00fcr 'Rent Car Detroit'<\/h3>\n<p>- G\u00fcnstige Mietwagen<br \/>\n- Beste Mietwagenangebote<br \/>\n- Erschwingliche Autovermietungen<br \/>\n- Zuverl\u00e4ssiger Transport<br \/>\n- Michigan erkunden<\/p>\n<h4>Pro \/ Kontra<\/h4>\n<p>Vorteile:<br \/>\n- Flexibilit\u00e4t und Komfort: Mit Ihrem eigenen Mietwagen k\u00f6nnen Sie Ihre Reiseroute selbst gestalten und sind nicht an die Fahrpl\u00e4ne der \u00f6ffentlichen Verkehrsmittel gebunden.<br \/>\n- Kosteng\u00fcnstig: Je nach Dauer Ihres Aufenthalts und der Anzahl der Personen in Ihrer Gruppe ist die Anmietung eines Autos oft kosteng\u00fcnstiger als die Nutzung anderer Verkehrsmittel.<br \/>\n- Einfacher Zugang zu den umliegenden Gebieten: Detroit hat viele Vororte und nahegelegene St\u00e4dte, die es wert sind, erkundet zu werden, und ein Mietwagen macht es einfacher, dorthin zu gelangen.<\/p>\n<p>Nachteile:<br \/>\n- Verkehr: Wie in jeder gr\u00f6\u00dferen Stadt kann der Verkehr zu bestimmten Tageszeiten ein Problem sein. Es ist wichtig, entsprechend zu planen und mehr Zeit f\u00fcr die Reise einzuplanen.<br \/>\n- Parken: In der Innenstadt von Detroit kann die Parkplatzsuche schwierig sein. Stellen Sie sich darauf ein, dass Sie in manchen Gegenden f\u00fcr das Parken bezahlen m\u00fcssen, oder nutzen Sie stattdessen die \u00f6ffentlichen Verkehrsmittel.<\/p>\n<h4>FAQ<\/h4>\n<p><img loading=\"lazy\" decoding=\"async\" class=\"alignright\" src=\"\/wp-content\/uploads\/images\/rent_car_1423.png\" alt=\"autovermietung detroit\" width=\"350\" height=\"350\" \/><\/p>\n<p>F: Wie alt muss ich sein, um in Detroit ein Auto zu mieten?<br \/>\nA: Das Mindestalter ist je nach Autovermieter unterschiedlich, liegt aber in der Regel bei 21 Jahren. F\u00fcr Fahrer unter 25 Jahren k\u00f6nnen jedoch zus\u00e4tzliche Geb\u00fchren anfallen.<\/p>\n<p>F: Brauche ich eine Versicherung, wenn ich ein Auto in Detroit miete?<br \/>\nA: Ja, die meisten Autovermietungen verlangen, dass Sie eine Versicherung abschlie\u00dfen. Sie k\u00f6nnen entweder deren Versicherung abschlie\u00dfen oder Ihren eigenen Versicherungsschutz nutzen.<\/p>\n<p>F: Gibt es in Detroit geb\u00fchrenpflichtige Stra\u00dfen?<br \/>\nA: Ja, es gibt mehrere mautpflichtige Stra\u00dfen im Gro\u00dfraum Detroit. Einige Mietwagen sind mit einem EZ-Pass oder einem \u00e4hnlichen System zur einfachen Bezahlung ausgestattet.<\/p>\n<p>F: Kann ich meinen Mietwagen an einem anderen Ort zur\u00fcckgeben?<br \/>\nA: Das h\u00e4ngt von den Bestimmungen der jeweiligen Autovermietung ab. Bei einigen k\u00f6nnen Sie das Fahrzeug gegen eine zus\u00e4tzliche Geb\u00fchr an einem anderen Ort zur\u00fcckgeben.<\/p>\n<p>Zusammenfassend l\u00e4sst sich sagen, dass das Mieten eines Autos in Detroit eine hervorragende M\u00f6glichkeit ist, diese pulsierende Stadt und ihre Umgebung zu erkunden. Verschiedene Autovermietungen bieten erschwingliche Optionen und bequeme Abholorte in der ganzen Stadt an, so dass die Fortbewegung noch nie so einfach war. Warum also warten? Buchen Sie Ihren Mietwagen in Detroit noch heute \u00fcber unsere Website rental-car.company und machen Sie sich bereit f\u00fcr ein unvergessliches Erlebnis in der Motor City!<\/p>\n<\/div>","protected":false},"excerpt":{"rendered":"<p>Renting a Car in Detroit: Everything You Need to Know When visiting Detroit, one of the largest and most vibrant cities in the Midwest, having access to a reliable form of transportation is crucial. While there are many public transportation options available, renting a car in Detroit allows for a more convenient and flexible way [&hellip;]<\/p>\n","protected":false},"author":1,"featured_media":3571,"parent":0,"menu_order":0,"comment_status":"closed","ping_status":"closed","template":"","meta":{"rs_blank_template":"","rs_page_bg_color":"","slide_template_v7":"","footnotes":""},"categories":[1],"tags":[],"class_list":["post-5787","page","type-page","status-publish","has-post-thumbnail","hentry","category-blog"],"_links":{"self":[{"href":"https:\/\/rental-car.company\/de\/wp-json\/wp\/v2\/pages\/5787","targetHints":{"allow":["GET"]}}],"collection":[{"href":"https:\/\/rental-car.company\/de\/wp-json\/wp\/v2\/pages"}],"about":[{"href":"https:\/\/rental-car.company\/de\/wp-json\/wp\/v2\/types\/page"}],"author":[{"embeddable":true,"href":"https:\/\/rental-car.company\/de\/wp-json\/wp\/v2\/users\/1"}],"replies":[{"embeddable":true,"href":"https:\/\/rental-car.company\/de\/wp-json\/wp\/v2\/comments?post=5787"}],"version-history":[{"count":0,"href":"https:\/\/rental-car.company\/de\/wp-json\/wp\/v2\/pages\/5787\/revisions"}],"wp:featuredmedia":[{"embeddable":true,"href":"https:\/\/rental-car.company\/de\/wp-json\/wp\/v2\/media\/3571"}],"wp:attachment":[{"href":"https:\/\/rental-car.company\/de\/wp-json\/wp\/v2\/media?parent=5787"}],"wp:term":[{"taxonomy":"category","embeddable":true,"href":"https:\/\/rental-car.company\/de\/wp-json\/wp\/v2\/categories?post=5787"},{"taxonomy":"post_tag","embeddable":true,"href":"https:\/\/rental-car.company\/de\/wp-json\/wp\/v2\/tags?post=5787"}],"curies":[{"name":"wp","href":"https:\/\/api.w.org\/{rel}","templated":true}]}}