{"id":6018,"date":"2024-08-22T09:05:19","date_gmt":"2024-08-22T09:05:19","guid":{"rendered":"https:\/\/rental-car.company\/?page_id=6018"},"modified":"2024-08-22T09:05:19","modified_gmt":"2024-08-22T09:05:19","slug":"st-george-unternehmen","status":"publish","type":"page","link":"https:\/\/rental-car.company\/de\/st-george-unternehmen\/","title":{"rendered":"St George Enterprise: Die ultimative Autovermietung in S\u00fcd-Utah"},"content":{"rendered":"<div class=\"wpb-content-wrapper\"><h2>Erleben Sie die Bequemlichkeit und Qualit\u00e4t von St George Enterprise Rentals<\/h2>\n<p>St George Enterprise ist ein f\u00fchrendes Autovermietungsunternehmen, das seit \u00fcber 20 Jahren Kunden in S\u00fcd-Utah betreut. Mit seinem Engagement f\u00fcr au\u00dfergew\u00f6hnlichen Kundenservice und Fahrzeuge von h\u00f6chster Qualit\u00e4t ist St George Enterprise die erste Wahl f\u00fcr Reisende, die einen zuverl\u00e4ssigen und erschwinglichen Transport suchen.<\/p>\n<div class=\"vc_row wpb_row vc_row-fluid\"><div class=\"wpb_column vc_column_container vc_col-sm-12\"><div class=\"vc_column-inner\"><div class=\"wpb_wrapper\">\n\t<div class=\"wpb_text_column wpb_content_element\" >\n\t\t<div class=\"wpb_wrapper\">\n\t\t\t<p><script id=\"dchwidget\" src=\"https:\/\/www.discovercars.com\/wg.js\" async=\"\" data-dev-env=\"com\" data-location=\"\" data-lang=\"en\" data-utm-source=\"malina\" data-utm-medium=\"widget\" data-aff-code=\"a_aid\" data-autocomplete=\"on\" data-style-submit-bg-color=\"00A200\" data-style-submit-font-color=\"white\" data-style-form-bg-color=\"FAD130\" data-style-form-font-color=\"333\" data-style-submit-text=\"Search now\"><\/script><\/p>\n\n\t\t<\/div>\n\t<\/div>\n<\/div><\/div><\/div><\/div>\n<p>&nbsp;<\/p>\n<h2>St. George Enterprise entdecken<\/h2>\n<p><img loading=\"lazy\" decoding=\"async\" class=\"alignleft\" src=\"\/wp-content\/uploads\/images\/rent_car_1411.png\" alt=\"st. george unternehmen\" width=\"350\" height=\"350\" \/><\/p>\n<p>St. George Enterprise bietet eine gro\u00dfe Auswahl an Mietwagen f\u00fcr jeden Bedarf und jedes Budget. Vom Kleinwagen bis zum Gel\u00e4ndewagen verf\u00fcgen sie \u00fcber eine vielf\u00e4ltige Fahrzeugflotte, die gut gepflegt und regelm\u00e4\u00dfig gewartet wird, um Sicherheit und Komfort f\u00fcr ihre Kunden zu gew\u00e4hrleisten.<\/p>\n<p>Einer der H\u00f6hepunkte einer Anmietung bei Enterprise St. George ist die g\u00fcnstige Lage am Regionalflughafen St. George, die es Reisenden leicht macht, ihren Mietwagen gleich nach der Landung abzuholen. Au\u00dferdem bieten sie einen kostenlosen Abhol- und Bringservice in einem Umkreis von 10 Meilen an, was f\u00fcr die Kunden noch bequemer ist.<\/p>\n<h3>Die Vorteile der Wahl von St. George Enterprise<\/h3>\n<p>- Erschwingliche Preise: Mit wettbewerbsf\u00e4higen Preisen bietet St. George Enterprise erschwingliche Tarife, ohne Kompromisse bei der Qualit\u00e4t einzugehen.<br \/>\n- Einfache Online-Buchung: Die Kunden k\u00f6nnen ihren Mietwagen \u00fcber die benutzerfreundliche Website einfach online buchen.<br \/>\n- Flexible Mietoptionen: Ganz gleich, ob Sie ein Fahrzeug f\u00fcr einen Tag oder f\u00fcr einen l\u00e4ngeren Zeitraum ben\u00f6tigen, St. George Enterprise bietet flexible Mietoptionen, die Ihren Bed\u00fcrfnissen entsprechen.<br \/>\n- Au\u00dfergew\u00f6hnlicher Kundenservice: Die freundlichen Mitarbeiter von St. George Enterprise sind bestrebt, ihren Kunden von Anfang bis Ende einen hervorragenden Service zu bieten.<br \/>\n- Unbegrenzte Kilometerzahl: Im Gegensatz zu anderen Autovermietungen gibt es bei Enterprise St. George keine Kilometerbegrenzung.<\/p>\n<h4>Vorteile:<\/h4>\n<p>- G\u00fcnstige Lage am Flughafen<br \/>\n- Erschwingliche Preise<br \/>\n- Gro\u00dfe Auswahl an gut gewarteten Fahrzeugen<br \/>\n- Kostenloser Abhol- und Bringservice<br \/>\n- Au\u00dfergew\u00f6hnlicher Kundenservice<\/p>\n<h4>Nachteile:<\/h4>\n<p><img loading=\"lazy\" decoding=\"async\" class=\"alignright\" src=\"\/wp-content\/uploads\/images\/rent_car_1453.png\" alt=\"st. george unternehmen\" width=\"350\" height=\"350\" \/><\/p>\n<p>- Begrenzte Standorte au\u00dferhalb von Southern Utah<br \/>\n- Keine Luxus- oder High-End-Fahrzeugoptionen<\/p>\n<h3>H\u00e4ufig gestellte Fragen<\/h3>\n<p>F: Kann ich meinem Mietwagen einen zus\u00e4tzlichen Fahrer hinzuf\u00fcgen?<br \/>\nA: Ja, St. George Enterprise erm\u00f6glicht es Kunden, gegen eine geringe Geb\u00fchr einen zus\u00e4tzlichen Fahrer hinzuzuf\u00fcgen.<\/p>\n<p>F: Wie hoch ist das Mindestalter f\u00fcr die Anmietung eines Fahrzeugs bei St. George Enterprise?<br \/>\nA: Das Mindestalter f\u00fcr die Anmietung eines Fahrzeugs bei St. George Enterprise ist 21 Jahre alt.<\/p>\n<p>F: Gibt es irgendwelche versteckten Geb\u00fchren oder Kosten?<br \/>\nA: Nein, St. George Enterprise ist bei der Preisgestaltung transparent und hat keine versteckten Geb\u00fchren oder Kosten.<\/p>\n<p>F: Brauche ich eine Versicherung, um ein Auto von St. George Enterprise zu mieten?<br \/>\nA: Es ist zwar nicht vorgeschrieben, aber sehr empfehlenswert, eine Versicherung abzuschlie\u00dfen, wenn Sie ein Auto von St. George Enterprise mieten.<\/p>\n<p>Zusammenfassend l\u00e4sst sich sagen: Wenn Sie in S\u00fcd-Utah einen zuverl\u00e4ssigen und erschwinglichen Transport ben\u00f6tigen, sind Sie bei St. George Enterprise genau richtig. Mit ihrer g\u00fcnstigen Lage, ihrer vielf\u00e4ltigen Fahrzeugflotte und ihrem hervorragenden Kundenservice sind sie die erste Wahl f\u00fcr Reisende, die auf der Suche nach einem problemlosen Mietwagen sind. Buchen Sie Ihren n\u00e4chsten Mietwagen bei St George Enterprise und erleben Sie den Komfort und die Qualit\u00e4t, die sie zu bieten haben.<\/p>\n<\/div>","protected":false},"excerpt":{"rendered":"<p>Experience the Convenience and Quality of St George Enterprise Rentals St George Enterprise is a leading rental car company that has been serving customers in Southern Utah for over 20 years. With a commitment to providing exceptional customer service and top-quality vehicles, St George Enterprise has become the go-to choice for travelers looking for reliable [&hellip;]<\/p>\n","protected":false},"author":1,"featured_media":5365,"parent":0,"menu_order":0,"comment_status":"closed","ping_status":"closed","template":"","meta":{"rs_blank_template":"","rs_page_bg_color":"","slide_template_v7":"","footnotes":""},"categories":[1],"tags":[],"class_list":["post-6018","page","type-page","status-publish","has-post-thumbnail","hentry","category-blog"],"_links":{"self":[{"href":"https:\/\/rental-car.company\/de\/wp-json\/wp\/v2\/pages\/6018","targetHints":{"allow":["GET"]}}],"collection":[{"href":"https:\/\/rental-car.company\/de\/wp-json\/wp\/v2\/pages"}],"about":[{"href":"https:\/\/rental-car.company\/de\/wp-json\/wp\/v2\/types\/page"}],"author":[{"embeddable":true,"href":"https:\/\/rental-car.company\/de\/wp-json\/wp\/v2\/users\/1"}],"replies":[{"embeddable":true,"href":"https:\/\/rental-car.company\/de\/wp-json\/wp\/v2\/comments?post=6018"}],"version-history":[{"count":0,"href":"https:\/\/rental-car.company\/de\/wp-json\/wp\/v2\/pages\/6018\/revisions"}],"wp:featuredmedia":[{"embeddable":true,"href":"https:\/\/rental-car.company\/de\/wp-json\/wp\/v2\/media\/5365"}],"wp:attachment":[{"href":"https:\/\/rental-car.company\/de\/wp-json\/wp\/v2\/media?parent=6018"}],"wp:term":[{"taxonomy":"category","embeddable":true,"href":"https:\/\/rental-car.company\/de\/wp-json\/wp\/v2\/categories?post=6018"},{"taxonomy":"post_tag","embeddable":true,"href":"https:\/\/rental-car.company\/de\/wp-json\/wp\/v2\/tags?post=6018"}],"curies":[{"name":"wp","href":"https:\/\/api.w.org\/{rel}","templated":true}]}}