{"id":6041,"date":"2024-08-22T14:05:18","date_gmt":"2024-08-22T14:05:18","guid":{"rendered":"https:\/\/rental-car.company\/?page_id=6041"},"modified":"2024-08-22T14:05:18","modified_gmt":"2024-08-22T14:05:18","slug":"unternehmen-beloit","status":"publish","type":"page","link":"https:\/\/rental-car.company\/de\/unternehmen-beloit\/","title":{"rendered":"Enterprise Beloit - Ihre One-Stop-L\u00f6sung f\u00fcr Mietwagen"},"content":{"rendered":"<div class=\"wpb-content-wrapper\"><h2>Erleben Sie die Annehmlichkeiten von Enterprise Beloit<\/h2>\n<p>Als f\u00fchrender Autovermieter bietet Enterprise Beloit eine gro\u00dfe Auswahl an Fahrzeugen, die Ihren Bed\u00fcrfnissen entsprechen. Egal, ob Sie gesch\u00e4ftlich oder privat unterwegs sind, der hervorragende Kundenservice und die zuverl\u00e4ssige Fahrzeugflotte machen Enterprise Beloit zur perfekten Wahl f\u00fcr Ihre n\u00e4chste Reise. Mit g\u00fcnstigen Standorten und wettbewerbsf\u00e4higen Preisen ist Enterprise Beloit Ihre Komplettl\u00f6sung f\u00fcr alle Ihre Autovermietungsanforderungen.<\/p>\n<div class=\"vc_row wpb_row vc_row-fluid\"><div class=\"wpb_column vc_column_container vc_col-sm-12\"><div class=\"vc_column-inner\"><div class=\"wpb_wrapper\">\n\t<div class=\"wpb_text_column wpb_content_element\" >\n\t\t<div class=\"wpb_wrapper\">\n\t\t\t<p><script id=\"dchwidget\" src=\"https:\/\/www.discovercars.com\/wg.js\" async=\"\" data-dev-env=\"com\" data-location=\"\" data-lang=\"en\" data-utm-source=\"malina\" data-utm-medium=\"widget\" data-aff-code=\"a_aid\" data-autocomplete=\"on\" data-style-submit-bg-color=\"00A200\" data-style-submit-font-color=\"white\" data-style-form-bg-color=\"FAD130\" data-style-form-font-color=\"333\" data-style-submit-text=\"Search now\"><\/script><\/p>\n\n\t\t<\/div>\n\t<\/div>\n<\/div><\/div><\/div><\/div>\n<p>&nbsp;<\/p>\n<h2>Entdecken Sie Enterprise Beloit<\/h2>\n<p><img loading=\"lazy\" decoding=\"async\" class=\"alignleft\" src=\"\/wp-content\/uploads\/images\/rent_car_41.png\" alt=\"unternehmen beloit\" width=\"350\" height=\"350\" \/><\/p>\n<p>Enterprise befindet sich in der charmanten Stadt Beloit, Wisconsin, und ist von den wichtigsten Autobahnen und Flugh\u00e4fen aus leicht zu erreichen. Das engagierte Team ist bestrebt, jedem Kunden, der durch die T\u00fcren kommt, einen erstklassigen Service zu bieten. Vom Kleinwagen bis zum ger\u00e4umigen Gel\u00e4ndewagen bietet die vielf\u00e4ltige Flotte f\u00fcr jeden etwas.<\/p>\n<h3>Mieten Sie ein Auto zu wettbewerbsf\u00e4higen Preisen<\/h3>\n<p>Enterprise Beloit wei\u00df, wie wichtig budgetfreundliche Optionen sind, wenn es um die Anmietung eines Fahrzeugs geht. Deshalb bieten sie wettbewerbsf\u00e4hige Preise, ohne Kompromisse bei der Qualit\u00e4t einzugehen. Je nach Dauer Ihrer Reise k\u00f6nnen Sie zwischen Tages-, Wochen- oder Monatspreisen w\u00e4hlen.<\/p>\n<h3>Bequeme Abhol- und R\u00fcckgabem\u00f6glichkeiten<\/h3>\n<p>Einer der gr\u00f6\u00dften Vorteile einer Anmietung bei Enterprise Beloit sind die bequemen Abhol- und R\u00fcckgabem\u00f6glichkeiten. Sie k\u00f6nnen Ihren Mietwagen an einem beliebigen Standort innerhalb des Netzwerks abholen oder ihn direkt zu Ihnen bringen lassen. Das macht es Ihnen leichter, Ihre Reise zu planen, ohne sich um die Transportlogistik k\u00fcmmern zu m\u00fcssen.<\/p>\n<h3>Flottenwartung und Sicherheitsstandards<\/h3>\n<p>Enterprise ist stolz auf die Einhaltung hoher Sicherheitsstandards f\u00fcr alle seine Fahrzeuge. Jedes Fahrzeug wird regelm\u00e4\u00dfig gewartet, bevor es vermietet wird, um eine optimale Leistung auf der Stra\u00dfe zu gew\u00e4hrleisten. Dank der strikten Einhaltung von Sicherheitsprotokollen und gr\u00fcndlichen Reinigungsverfahren k\u00f6nnen Sie sich darauf verlassen, dass Sie ein sicheres und gut gewartetes Fahrzeug erhalten.<\/p>\n<h4>Pro \/ Kontra<\/h4>\n<p>Vorteile:<br \/>\n- Breite Palette an Fahrzeugoptionen zur Auswahl<br \/>\n- Wettbewerbsf\u00e4hige Preise<br \/>\n- Bequeme Abhol- und R\u00fcckgabem\u00f6glichkeiten<br \/>\n- Hohe Sicherheitsstandards f\u00fcr alle Fahrzeuge<br \/>\n- Ausgezeichneter Kundenservice<\/p>\n<p>Nachteile:<br \/>\n- Begrenzte Standorte in Beloit im Vergleich zu anderen Autovermietungen<\/p>\n<h4>FAQ<\/h4>\n<p><img loading=\"lazy\" decoding=\"async\" class=\"alignright\" src=\"\/wp-content\/uploads\/images\/rent_car_1349.png\" alt=\"unternehmen beloit\" width=\"350\" height=\"350\" \/><\/p>\n<p>F: Kann ich bei der Anmietung bei Enterprise Beloit ein bestimmtes Fahrzeugmodell ausw\u00e4hlen?<br \/>\nA: Sie k\u00f6nnen zwar kein bestimmtes Modell garantieren, aber Sie k\u00f6nnen den gew\u00fcnschten Fahrzeugtyp je nach Verf\u00fcgbarkeit ausw\u00e4hlen.<\/p>\n<p>F: Welche Dokumente ben\u00f6tige ich f\u00fcr die Anmietung eines Fahrzeugs bei Enterprise Beloit?<br \/>\nA: Sie ben\u00f6tigen einen g\u00fcltigen F\u00fchrerschein, eine Kreditkarte und einen Versicherungsnachweis.<\/p>\n<p>F: Kann ich einen zus\u00e4tzlichen Fahrer zu meinem Mietvertrag hinzuf\u00fcgen?<br \/>\nA: Ja, Sie k\u00f6nnen einen zus\u00e4tzlichen Fahrer gegen eine zus\u00e4tzliche Geb\u00fchr hinzuf\u00fcgen.<\/p>\n<p>Zusammenfassend l\u00e4sst sich sagen, dass Enterprise Beloit Bequemlichkeit, Qualit\u00e4tsservice und wettbewerbsf\u00e4hige Preise f\u00fcr alle Ihre Bed\u00fcrfnisse bei der Autovermietung bietet. Dank ihres Engagements f\u00fcr die Kundenzufriedenheit und ihrer strengen Sicherheitsstandards k\u00f6nnen Sie sich auf Ihrer Reise beruhigt zur\u00fccklehnen, wenn Sie einen Mietwagen bei ihnen mieten. Warum also warten? Buchen Sie Ihren n\u00e4chsten Mietwagen bei Enterprise Beloit noch heute!<\/p>\n<\/div>","protected":false},"excerpt":{"rendered":"<p>Experience the Convenience of Enterprise Beloit As a leading rental car company, Enterprise Beloit offers a wide range of vehicles to suit your transportation needs. Whether you&#8217;re traveling for business or pleasure, their exceptional customer service and reliable fleet of cars make them the perfect choice for your next trip. With convenient locations and competitive [&hellip;]<\/p>\n","protected":false},"author":1,"featured_media":6043,"parent":0,"menu_order":0,"comment_status":"closed","ping_status":"closed","template":"","meta":{"rs_blank_template":"","rs_page_bg_color":"","slide_template_v7":"","footnotes":""},"categories":[1],"tags":[],"class_list":["post-6041","page","type-page","status-publish","has-post-thumbnail","hentry","category-blog"],"_links":{"self":[{"href":"https:\/\/rental-car.company\/de\/wp-json\/wp\/v2\/pages\/6041","targetHints":{"allow":["GET"]}}],"collection":[{"href":"https:\/\/rental-car.company\/de\/wp-json\/wp\/v2\/pages"}],"about":[{"href":"https:\/\/rental-car.company\/de\/wp-json\/wp\/v2\/types\/page"}],"author":[{"embeddable":true,"href":"https:\/\/rental-car.company\/de\/wp-json\/wp\/v2\/users\/1"}],"replies":[{"embeddable":true,"href":"https:\/\/rental-car.company\/de\/wp-json\/wp\/v2\/comments?post=6041"}],"version-history":[{"count":0,"href":"https:\/\/rental-car.company\/de\/wp-json\/wp\/v2\/pages\/6041\/revisions"}],"wp:featuredmedia":[{"embeddable":true,"href":"https:\/\/rental-car.company\/de\/wp-json\/wp\/v2\/media\/6043"}],"wp:attachment":[{"href":"https:\/\/rental-car.company\/de\/wp-json\/wp\/v2\/media?parent=6041"}],"wp:term":[{"taxonomy":"category","embeddable":true,"href":"https:\/\/rental-car.company\/de\/wp-json\/wp\/v2\/categories?post=6041"},{"taxonomy":"post_tag","embeddable":true,"href":"https:\/\/rental-car.company\/de\/wp-json\/wp\/v2\/tags?post=6041"}],"curies":[{"name":"wp","href":"https:\/\/api.w.org\/{rel}","templated":true}]}}