{"id":6293,"date":"2024-08-24T23:05:52","date_gmt":"2024-08-24T23:05:52","guid":{"rendered":"https:\/\/rental-car.company\/?page_id=6293"},"modified":"2024-08-24T23:05:52","modified_gmt":"2024-08-24T23:05:52","slug":"autovermietung-casper-wy","status":"publish","type":"page","link":"https:\/\/rental-car.company\/de\/autovermietung-casper-wy\/","title":{"rendered":"Autovermietung Casper WY: Der ultimative Leitfaden"},"content":{"rendered":"<div class=\"wpb-content-wrapper\"><h2>Die Vorteile der Autovermietung Casper WY<\/h2>\n<p>Wenn Sie eine Reise nach Casper, Wyoming, planen, ist eine der besten M\u00f6glichkeiten, sich fortzubewegen und die sch\u00f6ne Landschaft zu erkunden, ein Auto zu mieten. Mit einer Autovermietung Casper WY, haben Sie die Freiheit und Flexibilit\u00e4t, alle Top-Attraktionen in Ihrem eigenen Tempo zu besuchen. Sie m\u00fcssen sich nicht auf \u00f6ffentliche Verkehrsmittel oder teure Taxis verlassen - mit einem Mietwagen k\u00f6nnen Sie kommen und gehen, wie Sie wollen.<\/p>\n<h3>Bequemlichkeit<\/h3>\n<p>Mit einem Mietwagen in Casper haben Sie den Vorteil, dass Sie Ihr Fahrzeug an verschiedenen Orten in der Stadt abholen und zur\u00fcckgeben k\u00f6nnen. Dies ist besonders n\u00fctzlich, wenn Sie an einem Flughafen ankommen oder von au\u00dferhalb anreisen. Sie m\u00fcssen sich nicht um die Koordinierung des Transports von Ihrem Ankunftsort k\u00fcmmern - holen Sie einfach Ihren Mietwagen ab und machen Sie sich auf den Weg.<\/p>\n<h3>Erkunden Sie die umliegenden Gebiete<\/h3>\n<p>Casper liegt in idealer Lage, um einige der sch\u00f6nsten Naturwunder Wyomings zu erkunden. Mit einem Mietwagen k\u00f6nnen Sie problemlos Tagesausfl\u00fcge zu nahe gelegenen Zielen wie dem Grand Teton National Park oder dem Yellowstone National Park unternehmen. Sie haben die Freiheit, Ihre eigene Reiseroute zu erstellen und dabei versteckte Kleinode zu entdecken.<\/p>\n<h3>Erschwinglichkeit<\/h3>\n<p>Ein Auto in Casper zu mieten kann auch kosteng\u00fcnstiger sein als andere Verkehrsmittel. Mit wettbewerbsf\u00e4higen Preisen und verschiedenen Fahrzeugoptionen k\u00f6nnen Sie eine Anmietung w\u00e4hlen, die in Ihr Budget passt und gleichzeitig Komfort und Bequemlichkeit auf Ihren Reisen bietet.<\/p>\n<h4>Vorteile:<\/h4>\n<p>- Flexibilit\u00e4t und Freiheit<br \/>\n- Bequemlichkeit<br \/>\n- Kosteng\u00fcnstig<\/p>\n<h4>Nachteile:<\/h4>\n<p><img loading=\"lazy\" decoding=\"async\" class=\"alignright\" src=\"\/wp-content\/uploads\/images\/rent_car_1012.png\" alt=\"autovermietung casper wy\" width=\"350\" height=\"350\" \/><\/p>\n<p>- Zus\u00e4tzliche Geb\u00fchren f\u00fcr den Versicherungsschutz<br \/>\n- M\u00f6gliche unerwartete Probleme mit dem Fahrzeug<\/p>\n<div class=\"vc_row wpb_row vc_row-fluid\"><div class=\"wpb_column vc_column_container vc_col-sm-12\"><div class=\"vc_column-inner\"><div class=\"wpb_wrapper\">\n\t<div class=\"wpb_text_column wpb_content_element\" >\n\t\t<div class=\"wpb_wrapper\">\n\t\t\t<p><script id=\"dchwidget\" src=\"https:\/\/www.discovercars.com\/wg.js\" async=\"\" data-dev-env=\"com\" data-location=\"\" data-lang=\"en\" data-utm-source=\"malina\" data-utm-medium=\"widget\" data-aff-code=\"a_aid\" data-autocomplete=\"on\" data-style-submit-bg-color=\"00A200\" data-style-submit-font-color=\"white\" data-style-form-bg-color=\"FAD130\" data-style-form-font-color=\"333\" data-style-submit-text=\"Search now\"><\/script><\/p>\n\n\t\t<\/div>\n\t<\/div>\n<\/div><\/div><\/div><\/div>\n<p>&nbsp;<\/p>\n<h2>H\u00e4ufig gestellte Fragen \u00fcber Autovermietung Casper WY<\/h2>\n<p><img loading=\"lazy\" decoding=\"async\" class=\"alignleft\" src=\"\/wp-content\/uploads\/images\/rent_car_1045.png\" alt=\"autovermietung casper wy\" width=\"350\" height=\"350\" \/><\/p>\n<h3>Was ben\u00f6tige ich, um ein Auto in Casper WY zu mieten?<\/h3>\n<p>Um ein Auto in Casper zu mieten, ben\u00f6tigen Sie einen g\u00fcltigen F\u00fchrerschein und eine Kredit- oder Debitkarte zur Bezahlung. Wenn Sie aus einem anderen Bundesstaat kommen, erkundigen Sie sich bei der Autovermietung nach den besonderen Anforderungen.<\/p>\n<h3>Welche Arten von Fahrzeugen kann ich in Casper WY mieten?<\/h3>\n<p>Die Autovermietungen in Casper bieten eine Vielzahl von Fahrzeugen an, die Ihren Bed\u00fcrfnissen entsprechen. Vom Kleinwagen f\u00fcr Alleinreisende bis hin zu SUVs und Minivans f\u00fcr Familien oder gr\u00f6\u00dfere Gruppen - Sie k\u00f6nnen das perfekte Fahrzeug f\u00fcr Ihre Reise w\u00e4hlen.<\/p>\n<h3>Ist bei der Anmietung eines Autos in Casper WY eine Versicherung erforderlich?<\/h3>\n<p>Ein Versicherungsschutz ist zwar nicht obligatorisch, wird aber bei der Anmietung eines Autos dringend empfohlen. Die meisten Autovermietungen bieten Versicherungsoptionen an, die m\u00f6gliche Sch\u00e4den oder Unf\u00e4lle w\u00e4hrend der Mietzeit abdecken.<\/p>\n<p>Zusammenfassend l\u00e4sst sich sagen, dass das Mieten eines Autos in Casper WY eine hervorragende M\u00f6glichkeit ist, diese sch\u00f6ne Stadt und ihre Umgebung zu erkunden. Mit Bequemlichkeit, Erschwinglichkeit und Flexibilit\u00e4t an Ihren Fingerspitzen, ist es kein Wunder, warum so viele Besucher diese Option w\u00e4hlen. Wenn Sie also das n\u00e4chste Mal eine Reise nach Wyoming planen, sollten Sie ein Auto mieten - Sie werden es nicht bereuen!<\/p>\n<\/div>","protected":false},"excerpt":{"rendered":"<p>The Benefits of Car Rental Casper WY If you&#8217;re planning a trip to Casper, Wyoming, one of the best ways to get around and explore the beautiful landscape is by renting a car. With car rental Casper WY, you have the freedom and flexibility to visit all the top attractions at your own pace. No [&hellip;]<\/p>\n","protected":false},"author":1,"featured_media":5953,"parent":0,"menu_order":0,"comment_status":"closed","ping_status":"closed","template":"","meta":{"rs_blank_template":"","rs_page_bg_color":"","slide_template_v7":"","footnotes":""},"categories":[1],"tags":[],"class_list":["post-6293","page","type-page","status-publish","has-post-thumbnail","hentry","category-blog"],"_links":{"self":[{"href":"https:\/\/rental-car.company\/de\/wp-json\/wp\/v2\/pages\/6293","targetHints":{"allow":["GET"]}}],"collection":[{"href":"https:\/\/rental-car.company\/de\/wp-json\/wp\/v2\/pages"}],"about":[{"href":"https:\/\/rental-car.company\/de\/wp-json\/wp\/v2\/types\/page"}],"author":[{"embeddable":true,"href":"https:\/\/rental-car.company\/de\/wp-json\/wp\/v2\/users\/1"}],"replies":[{"embeddable":true,"href":"https:\/\/rental-car.company\/de\/wp-json\/wp\/v2\/comments?post=6293"}],"version-history":[{"count":0,"href":"https:\/\/rental-car.company\/de\/wp-json\/wp\/v2\/pages\/6293\/revisions"}],"wp:featuredmedia":[{"embeddable":true,"href":"https:\/\/rental-car.company\/de\/wp-json\/wp\/v2\/media\/5953"}],"wp:attachment":[{"href":"https:\/\/rental-car.company\/de\/wp-json\/wp\/v2\/media?parent=6293"}],"wp:term":[{"taxonomy":"category","embeddable":true,"href":"https:\/\/rental-car.company\/de\/wp-json\/wp\/v2\/categories?post=6293"},{"taxonomy":"post_tag","embeddable":true,"href":"https:\/\/rental-car.company\/de\/wp-json\/wp\/v2\/tags?post=6293"}],"curies":[{"name":"wp","href":"https:\/\/api.w.org\/{rel}","templated":true}]}}