{"id":6378,"date":"2024-08-25T19:05:25","date_gmt":"2024-08-25T19:05:25","guid":{"rendered":"https:\/\/rental-car.company\/?page_id=6378"},"modified":"2024-08-25T19:05:25","modified_gmt":"2024-08-25T19:05:25","slug":"mietwagen-fort-myers-florida","status":"publish","type":"page","link":"https:\/\/rental-car.company\/de\/mietwagen-fort-myers-florida\/","title":{"rendered":"Mietwagen Fort Myers Florida: Der ultimative Leitfaden"},"content":{"rendered":"<div class=\"wpb-content-wrapper\"><h2>Erkunden Sie das Beste von Fort Myers mit einem Mietauto<\/h2>\n<p>Wenn Sie eine Reise ins sonnige Fort Myers, Florida, planen, sollten Sie auf jeden Fall ein Auto mieten. Mit seinen sch\u00f6nen Str\u00e4nden, dem pulsierenden Nachtleben und endlosen Outdoor-Aktivit\u00e4ten gibt es in diesem beliebten Reiseziel so viel zu sehen und zu tun. Und mit einem eigenen Mietwagen haben Sie die Freiheit und Flexibilit\u00e4t, alles zu erkunden, was diese Stadt zu bieten hat.<\/p>\n<div class=\"vc_row wpb_row vc_row-fluid\"><div class=\"wpb_column vc_column_container vc_col-sm-12\"><div class=\"vc_column-inner\"><div class=\"wpb_wrapper\">\n\t<div class=\"wpb_text_column wpb_content_element\" >\n\t\t<div class=\"wpb_wrapper\">\n\t\t\t<p><script id=\"dchwidget\" src=\"https:\/\/www.discovercars.com\/wg.js\" async=\"\" data-dev-env=\"com\" data-location=\"\" data-lang=\"en\" data-utm-source=\"malina\" data-utm-medium=\"widget\" data-aff-code=\"a_aid\" data-autocomplete=\"on\" data-style-submit-bg-color=\"00A200\" data-style-submit-font-color=\"white\" data-style-form-bg-color=\"FAD130\" data-style-form-font-color=\"333\" data-style-submit-text=\"Search now\"><\/script><\/p>\n\n\t\t<\/div>\n\t<\/div>\n<\/div><\/div><\/div><\/div>\n<p>&nbsp;<\/p>\n<h2>Discover Rental Car Fort Myers Florida<\/h2>\n<p><img loading=\"lazy\" decoding=\"async\" class=\"alignleft\" src=\"\/wp-content\/uploads\/images\/rent_car_984.png\" alt=\"mietwagen fort myers florida\" width=\"350\" height=\"350\" \/><\/p>\n<p>Fort Myers ist eine pulsierende Stadt an der Golfk\u00fcste Floridas. Sie ist bekannt f\u00fcr ihr warmes Wetter, ihre atemberaubenden Str\u00e4nde und eine Vielzahl von Attraktionen, die f\u00fcr alle Arten von Reisenden attraktiv sind. Egal, ob Sie mit der Familie oder allein reisen, in Fort Myers ist f\u00fcr jeden etwas dabei.<\/p>\n<p>Zu den wichtigsten Sehensw\u00fcrdigkeiten und Aktivit\u00e4ten in der Region geh\u00f6ren:<\/p>\n<h3>Sanibel Insel<\/h3>\n<p>Sanibel Island liegt nur 30 Minuten vom Stadtzentrum von Fort Myers entfernt und ist f\u00fcr seine unber\u00fchrten Str\u00e4nde und muschelreichen Ufer bekannt. Mit Ihrem Mietwagen in Fort Myers Florida k\u00f6nnen Sie problemlos einen Tagesausflug auf diese bezaubernde Insel unternehmen oder sogar ein paar N\u00e4chte in einem der vielen Resorts verbringen.<\/p>\n<h3>Fort Myers Strand<\/h3>\n<p>Fort Myers Beach ist eines der beliebtesten Strandziele im S\u00fcdwesten Floridas und bietet zahlreiche M\u00f6glichkeiten zum Sonnenbaden, Schwimmen, Wassersport und mehr. Fahren Sie mit Ihrem Mietwagen nach Fort Myers Florida und genie\u00dfen Sie ein paar Sonnenstrahlen auf dem weichen wei\u00dfen Sand oder nehmen Sie an aufregenden Wasseraktivit\u00e4ten wie Parasailing oder Jetski teil.<\/p>\n<h3>Downtown River District<\/h3>\n<p>Wer w\u00e4hrend seines Besuchs in Fort Myers etwas Kulturelles erleben m\u00f6chte, sollte sich zum Downtown River District begeben. Dort finden Sie Galerien, die lokale Kunst ausstellen, sowie Live-Musikveranstaltungen mit talentierten Musikern aus allen Genres.<\/p>\n<h4>Vorteile eines Mietwagens in Fort Myers<\/h4>\n<p>- Freiheit und Flexibilit\u00e4t, um die Stadt und ihre Umgebung in Ihrem eigenen Tempo zu erkunden.<br \/>\n- Sie m\u00fcssen sich nicht auf \u00f6ffentliche Verkehrsmittel oder teure Taxifahrten verlassen.<br \/>\n- Einfacher Zugang zu beliebten Attraktionen, Str\u00e4nden und Einkaufsm\u00f6glichkeiten.<\/p>\n<h4>Nachteile eines Mietwagens in Fort Myers<\/h4>\n<p><img loading=\"lazy\" decoding=\"async\" class=\"alignright\" src=\"\/wp-content\/uploads\/images\/rent_car_735.png\" alt=\"mietwagen fort myers florida\" width=\"350\" height=\"350\" \/><\/p>\n<p>- M\u00f6gliche zus\u00e4tzliche Kosten wie Versicherung, Benzin, Mautgeb\u00fchren usw.<br \/>\n- In der Hauptreisezeit kann der Verkehr sehr stark sein.<br \/>\n- In beliebten Gegenden kann es schwierig sein, einen Parkplatz zu finden.<\/p>\n<h2>H\u00e4ufig gestellte Fragen \u00fcber Mietwagen in Fort Myers Florida<\/h2>\n<h3>Brauche ich einen internationalen F\u00fchrerschein, um in Fort Myers ein Auto zu mieten?<\/h3>\n<p>Wenn Sie aus einem anderen Land kommen und einen g\u00fcltigen F\u00fchrerschein aus Ihrem Heimatland haben, brauchen Sie keinen internationalen F\u00fchrerschein, um in Fort Myers ein Auto zu mieten. Es ist jedoch immer empfehlenswert, sich vorher bei der Autovermietung zu erkundigen.<\/p>\n<h3>Was ist das Mindestalter f\u00fcr die Anmietung eines Autos in Fort Myers?<\/h3>\n<p>Das Mindestalter f\u00fcr die Anmietung eines Autos ist je nach Autovermieter unterschiedlich. Bei den meisten Unternehmen m\u00fcssen die Mieter mindestens 21 Jahre alt sein. Einige Unternehmen k\u00f6nnen jedoch h\u00f6here Altersanforderungen stellen oder zus\u00e4tzliche Geb\u00fchren f\u00fcr j\u00fcngere Fahrer erheben. Erkundigen Sie sich am besten bei der jeweiligen Autovermietung, bevor Sie Ihre Buchung vornehmen.<\/p>\n<h3>Welche Tipps gibt es f\u00fcr das Autofahren in Fort Myers?<\/h3>\n<p>Hier sind einige hilfreiche Tipps f\u00fcr das Fahren in Fort Myers:<br \/>\n- In der Hauptreisezeit (Dezember-April) ist mit starkem Verkehr zu rechnen.<br \/>\n- Halten Sie sich an die Geschwindigkeitsbegrenzungen, da diese streng eingehalten werden.<br \/>\n- Halten Sie Kleingeld f\u00fcr Mautstra\u00dfen bereit.<br \/>\n- Vermeiden Sie Fahrten w\u00e4hrend der Hauptverkehrszeiten (7.00 - 9.00 Uhr und 17.00 - 19.00 Uhr).<\/p>\n<p>Zusammenfassend l\u00e4sst sich sagen, dass die Anmietung eines Autos in Fort Myers Florida sehr zu empfehlen ist, wenn Sie das Beste aus Ihrer Reise nach Fort Myers machen wollen. Mit der Freiheit und dem Komfort, den er bietet, k\u00f6nnen Sie alles, was diese sch\u00f6ne Stadt zu bieten hat, in Ihrem eigenen Tempo erkunden. Also los, buchen Sie Ihren Mietwagen und machen Sie sich bereit f\u00fcr einen unvergesslichen Urlaub in Fort Myers, Florida!<\/p>\n<\/div>","protected":false},"excerpt":{"rendered":"<p>Explore the Best of Fort Myers with a Rental Car If you&#8217;re planning a trip to sunny Fort Myers, Florida, you&#8217;ll definitely want to consider renting a car. With its beautiful beaches, vibrant nightlife, and endless outdoor activities, there&#8217;s so much to see and do in this popular tourist destination. And having your own rental [&hellip;]<\/p>\n","protected":false},"author":1,"featured_media":5182,"parent":0,"menu_order":0,"comment_status":"closed","ping_status":"closed","template":"","meta":{"rs_blank_template":"","rs_page_bg_color":"","slide_template_v7":"","footnotes":""},"categories":[1],"tags":[],"class_list":["post-6378","page","type-page","status-publish","has-post-thumbnail","hentry","category-blog"],"_links":{"self":[{"href":"https:\/\/rental-car.company\/de\/wp-json\/wp\/v2\/pages\/6378","targetHints":{"allow":["GET"]}}],"collection":[{"href":"https:\/\/rental-car.company\/de\/wp-json\/wp\/v2\/pages"}],"about":[{"href":"https:\/\/rental-car.company\/de\/wp-json\/wp\/v2\/types\/page"}],"author":[{"embeddable":true,"href":"https:\/\/rental-car.company\/de\/wp-json\/wp\/v2\/users\/1"}],"replies":[{"embeddable":true,"href":"https:\/\/rental-car.company\/de\/wp-json\/wp\/v2\/comments?post=6378"}],"version-history":[{"count":0,"href":"https:\/\/rental-car.company\/de\/wp-json\/wp\/v2\/pages\/6378\/revisions"}],"wp:featuredmedia":[{"embeddable":true,"href":"https:\/\/rental-car.company\/de\/wp-json\/wp\/v2\/media\/5182"}],"wp:attachment":[{"href":"https:\/\/rental-car.company\/de\/wp-json\/wp\/v2\/media?parent=6378"}],"wp:term":[{"taxonomy":"category","embeddable":true,"href":"https:\/\/rental-car.company\/de\/wp-json\/wp\/v2\/categories?post=6378"},{"taxonomy":"post_tag","embeddable":true,"href":"https:\/\/rental-car.company\/de\/wp-json\/wp\/v2\/tags?post=6378"}],"curies":[{"name":"wp","href":"https:\/\/api.w.org\/{rel}","templated":true}]}}