{"id":6439,"date":"2024-08-26T08:05:18","date_gmt":"2024-08-26T08:05:18","guid":{"rendered":"https:\/\/rental-car.company\/?page_id=6439"},"modified":"2024-08-26T08:05:18","modified_gmt":"2024-08-26T08:05:18","slug":"mietwagen-iowa","status":"publish","type":"page","link":"https:\/\/rental-car.company\/de\/mietwagen-iowa\/","title":{"rendered":"Mietwagen Iowa - Die beste Art zu reisen"},"content":{"rendered":"<div class=\"wpb-content-wrapper\"><p>Wenn Sie eine Reise in den Mittleren Westen, insbesondere in den Bundesstaat Iowa, planen, fragen Sie sich vielleicht, welche Transportm\u00f6glichkeiten Sie haben. Zwar gibt es in einigen St\u00e4dten \u00f6ffentliche Verkehrsmittel, doch diese sind nicht immer bequem oder zuverl\u00e4ssig. Hier kommen Mietwagen in Iowa ins Spiel - sie bieten Ihnen eine bequeme und flexible M\u00f6glichkeit, alles zu erkunden, was dieser wundersch\u00f6ne Bundesstaat zu bieten hat.<\/p>\n<div class=\"vc_row wpb_row vc_row-fluid\"><div class=\"wpb_column vc_column_container vc_col-sm-12\"><div class=\"vc_column-inner\"><div class=\"wpb_wrapper\">\n\t<div class=\"wpb_text_column wpb_content_element\" >\n\t\t<div class=\"wpb_wrapper\">\n\t\t\t<p><script id=\"dchwidget\" src=\"https:\/\/www.discovercars.com\/wg.js\" async=\"\" data-dev-env=\"com\" data-location=\"\" data-lang=\"en\" data-utm-source=\"malina\" data-utm-medium=\"widget\" data-aff-code=\"a_aid\" data-autocomplete=\"on\" data-style-submit-bg-color=\"00A200\" data-style-submit-font-color=\"white\" data-style-form-bg-color=\"FAD130\" data-style-form-font-color=\"333\" data-style-submit-text=\"Search now\"><\/script><\/p>\n\n\t\t<\/div>\n\t<\/div>\n<\/div><\/div><\/div><\/div>\n<p>&nbsp;<\/p>\n<h2>Entdecken Sie Mietwagen Iowa<\/h2>\n<p><img loading=\"lazy\" decoding=\"async\" class=\"alignleft\" src=\"\/wp-content\/uploads\/images\/rent_car_1445.png\" alt=\"mietwagen iowa\" width=\"350\" height=\"350\" \/><\/p>\n<p>Mietwagen in Iowa sind an den gro\u00dfen Flugh\u00e4fen und in den St\u00e4dten des Bundesstaates leicht verf\u00fcgbar. Je nach Ihrem Budget und Ihren Reisebed\u00fcrfnissen k\u00f6nnen Sie aus einer Vielzahl von Marken und Modellen w\u00e4hlen. Vom Kleinwagen f\u00fcr Alleinreisende bis zum ger\u00e4umigen Gel\u00e4ndewagen f\u00fcr Familienausfl\u00fcge gibt es f\u00fcr jeden eine Mietwagenoption.<\/p>\n<p>Einer der gr\u00f6\u00dften Vorteile eines Mietwagens in Iowa ist die Freiheit, die er bietet. Sie k\u00f6nnen Ihren eigenen Zeitplan aufstellen und beliebte Attraktionen wie die Amana Colonies oder den Maquoketa Caves State Park in Ihrem eigenen Tempo besuchen. Sie m\u00fcssen sich nicht auf die Fahrpl\u00e4ne der \u00f6ffentlichen Verkehrsmittel verlassen oder f\u00fcr teure Taxifahrten bezahlen.<\/p>\n<h3>Verwandte Stichw\u00f6rter: Autovermietung in Iowa<\/h3>\n<p>- Autovermietungsdienste in Iowa<br \/>\n- Beste Autovermietungs-Angebote in Iowa<br \/>\n- Ein Fahrzeug in Iowa mieten<br \/>\n- Erschwingliche Mietwagen in meiner N\u00e4he<\/p>\n<h4>Pro \/ Kontra<\/h4>\n<p>Die Anmietung eines Autos bringt eine Reihe von Vor- und Nachteilen mit sich, die Sie unbedingt ber\u00fccksichtigen sollten, bevor Sie eine Entscheidung treffen.<\/p>\n<p>Vorteile:<br \/>\n- Flexibilit\u00e4t und Komfort: Mit Ihrem eigenen Mietwagen haben Sie die Kontrolle dar\u00fcber, wohin Sie fahren und wann.<br \/>\n- Kosteng\u00fcnstig: In den meisten F\u00e4llen ist es g\u00fcnstiger, ein Auto zu mieten, als andere Verkehrsmittel zu benutzen.<br \/>\n- Bequemes Reisen: Sie k\u00f6nnen zwischen verschiedenen Fahrzeugtypen w\u00e4hlen, je nach Ihrem Komfort.<\/p>\n<p>Nachteile:<br \/>\n- Zus\u00e4tzliche Kosten: Beachten Sie, dass zus\u00e4tzliche Geb\u00fchren wie Versicherung, Kraftstoff und Mautgeb\u00fchren anfallen k\u00f6nnen.<br \/>\n- Verirrungsgefahr: Wenn Sie mit der Gegend nicht vertraut sind, k\u00f6nnen Sie sich beim Autofahren in Iowa verfahren.<br \/>\n- Verantwortung: Als Mieter sind Sie f\u00fcr alle Sch\u00e4den oder Unf\u00e4lle verantwortlich, die w\u00e4hrend der Mietzeit auftreten k\u00f6nnen.<\/p>\n<h4>FAQ<\/h4>\n<p><img loading=\"lazy\" decoding=\"async\" class=\"alignright\" src=\"\/wp-content\/uploads\/images\/rent_car_806.png\" alt=\"mietwagen iowa\" width=\"350\" height=\"350\" \/><\/p>\n<p>F: Brauche ich einen speziellen F\u00fchrerschein, um in Iowa ein Auto zu mieten?<br \/>\nA: Nein, solange Sie einen g\u00fcltigen F\u00fchrerschein aus Ihrem Heimatland oder -staat besitzen.<\/p>\n<p>F: Was ist das Mindestalter f\u00fcr die Anmietung eines Fahrzeugs in Iowa?<br \/>\nA: Das Mindestalter ist je nach Autovermieter unterschiedlich, liegt aber in der Regel bei 21 Jahren. Fahrer unter 25 Jahren m\u00fcssen unter Umst\u00e4nden eine zus\u00e4tzliche Geb\u00fchr zahlen.<\/p>\n<p>F: Kann ich meinen Mietwagen an einem anderen Ort zur\u00fcckgeben?<br \/>\nA: Ja, die meisten Autovermietungen bieten diese Option an, aber es kann eine zus\u00e4tzliche Geb\u00fchr anfallen.<\/p>\n<p>F: Gibt es irgendwelche Einschr\u00e4nkungen, wo ich meinen Mietwagen in Iowa fahren kann?<br \/>\nA: Im Allgemeinen k\u00f6nnen Sie nur innerhalb des Staates Iowa und der angrenzenden Staaten fahren, es sei denn, die Vermietungsfirma gibt etwas anderes an.<\/p>\n<p>Zusammenfassend l\u00e4sst sich sagen, dass eine Autovermietung in Iowa eine hervorragende Option f\u00fcr Reisende ist, die Komfort und Flexibilit\u00e4t suchen. Mit zahlreichen Standorten im ganzen Bundesstaat und verschiedenen Fahrzeugoptionen zur Auswahl, ist es einfach, den perfekten Mietwagen f\u00fcr Ihre Reise zu finden. Denken Sie einfach daran, die Vor- und Nachteile abzuw\u00e4gen, bevor Sie Ihre Entscheidung treffen, und genie\u00dfen Sie es, alles, was Iowa zu bieten hat, mit Ihren eigenen R\u00e4dern zu erkunden.<\/p>\n<\/div>","protected":false},"excerpt":{"rendered":"<p>If you&#8217;re planning a trip to the Midwest, specifically to the state of Iowa, you may be wondering about your transportation options. While public transportation is available in some cities, it may not always be convenient or reliable. This is where rental cars in Iowa come in &#8211; providing you with a convenient and flexible [&hellip;]<\/p>\n","protected":false},"author":1,"featured_media":2329,"parent":0,"menu_order":0,"comment_status":"closed","ping_status":"closed","template":"","meta":{"rs_blank_template":"","rs_page_bg_color":"","slide_template_v7":"","footnotes":""},"categories":[1],"tags":[],"class_list":["post-6439","page","type-page","status-publish","has-post-thumbnail","hentry","category-blog"],"_links":{"self":[{"href":"https:\/\/rental-car.company\/de\/wp-json\/wp\/v2\/pages\/6439","targetHints":{"allow":["GET"]}}],"collection":[{"href":"https:\/\/rental-car.company\/de\/wp-json\/wp\/v2\/pages"}],"about":[{"href":"https:\/\/rental-car.company\/de\/wp-json\/wp\/v2\/types\/page"}],"author":[{"embeddable":true,"href":"https:\/\/rental-car.company\/de\/wp-json\/wp\/v2\/users\/1"}],"replies":[{"embeddable":true,"href":"https:\/\/rental-car.company\/de\/wp-json\/wp\/v2\/comments?post=6439"}],"version-history":[{"count":0,"href":"https:\/\/rental-car.company\/de\/wp-json\/wp\/v2\/pages\/6439\/revisions"}],"wp:featuredmedia":[{"embeddable":true,"href":"https:\/\/rental-car.company\/de\/wp-json\/wp\/v2\/media\/2329"}],"wp:attachment":[{"href":"https:\/\/rental-car.company\/de\/wp-json\/wp\/v2\/media?parent=6439"}],"wp:term":[{"taxonomy":"category","embeddable":true,"href":"https:\/\/rental-car.company\/de\/wp-json\/wp\/v2\/categories?post=6439"},{"taxonomy":"post_tag","embeddable":true,"href":"https:\/\/rental-car.company\/de\/wp-json\/wp\/v2\/tags?post=6439"}],"curies":[{"name":"wp","href":"https:\/\/api.w.org\/{rel}","templated":true}]}}