{"id":6505,"date":"2024-08-27T00:05:49","date_gmt":"2024-08-27T00:05:49","guid":{"rendered":"https:\/\/rental-car.company\/?page_id=6505"},"modified":"2024-08-27T00:05:49","modified_gmt":"2024-08-27T00:05:49","slug":"autovermietung-naples","status":"publish","type":"page","link":"https:\/\/rental-car.company\/de\/autovermietung-naples\/","title":{"rendered":"Autovermietung Neapel - Ihr Leitfaden zur Erkundung der Stadt auf R\u00e4dern"},"content":{"rendered":"<div class=\"wpb-content-wrapper\"><h2>Ein Auto in Neapel mieten: Alles, was Sie wissen m\u00fcssen<\/h2>\n<p>Planen Sie eine Reise in die sch\u00f6ne Stadt Neapel, Italien? Der beste Weg, diese historische Stadt zu erkunden, ist, ein Auto zu mieten. Da es so viel zu sehen und zu tun gibt, haben Sie mit Ihrem eigenen Auto die Freiheit und Flexibilit\u00e4t, alles zu entdecken, was Neapel zu bieten hat. In diesem Leitfaden geben wir Ihnen alle Informationen, die Sie f\u00fcr eine reibungslose Autovermietung in Neapel ben\u00f6tigen.<\/p>\n<div class=\"vc_row wpb_row vc_row-fluid\"><div class=\"wpb_column vc_column_container vc_col-sm-12\"><div class=\"vc_column-inner\"><div class=\"wpb_wrapper\">\n\t<div class=\"wpb_text_column wpb_content_element\" >\n\t\t<div class=\"wpb_wrapper\">\n\t\t\t<p><script id=\"dchwidget\" src=\"https:\/\/www.discovercars.com\/wg.js\" async=\"\" data-dev-env=\"com\" data-location=\"\" data-lang=\"en\" data-utm-source=\"malina\" data-utm-medium=\"widget\" data-aff-code=\"a_aid\" data-autocomplete=\"on\" data-style-submit-bg-color=\"00A200\" data-style-submit-font-color=\"white\" data-style-form-bg-color=\"FAD130\" data-style-form-font-color=\"333\" data-style-submit-text=\"Search now\"><\/script><\/p>\n\n\t\t<\/div>\n\t<\/div>\n<\/div><\/div><\/div><\/div>\n<p>&nbsp;<\/p>\n<h2>Entdecken Sie Autovermietung Neapel<\/h2>\n<p><img loading=\"lazy\" decoding=\"async\" class=\"alignleft\" src=\"\/wp-content\/uploads\/images\/rent_car_417.png\" alt=\"autovermietung naples\" width=\"350\" height=\"350\" \/><\/p>\n<p>Wenn es um Autovermietungen in Neapel geht, gibt es eine Vielzahl von M\u00f6glichkeiten. Von bekannten internationalen Marken wie Hertz und Avis bis hin zu lokalen Unternehmen wie Sicily By Car und Maggiore Rent haben Sie die Qual der Wahl. Bevor Sie sich jedoch f\u00fcr ein Unternehmen entscheiden, sollten Sie sich informieren und die Preise vergleichen.<\/p>\n<p>Was rental-car.company von anderen Autovermietungen abhebt, ist ihr Engagement f\u00fcr erschwingliche Preise ohne Abstriche bei der Servicequalit\u00e4t. Sie bieten eine gro\u00dfe Auswahl an Fahrzeugen, von Kleinwagen f\u00fcr die Stadt bis hin zu gr\u00f6\u00dferen SUVs f\u00fcr die Erkundung der Umgebung.<\/p>\n<h3>Die Vorteile eines Mietwagens in Neapel<\/h3>\n<p>- Flexibilit\u00e4t: Mit Ihrem eigenen Auto k\u00f6nnen Sie die Stadt in Ihrem eigenen Tempo erkunden, ohne an die Fahrpl\u00e4ne der \u00f6ffentlichen Verkehrsmittel gebunden zu sein.<br \/>\n- Bequemlichkeit: Anstatt schweres Gep\u00e4ck zu schleppen oder durch \u00fcberf\u00fcllte Busse oder Z\u00fcge zu fahren, k\u00f6nnen Sie einfach in Ihren Mietwagen steigen und losfahren.<br \/>\n- Abenteuer abseits der ausgetretenen Pfade: Ein Auto gibt Ihnen die M\u00f6glichkeit, abseits der ausgetretenen Pfade zu fahren und versteckte Kleinode zu entdecken, die mit \u00f6ffentlichen Verkehrsmitteln nicht erreichbar sind.<br \/>\n- Komfort: Seien wir ehrlich - den ganzen Tag herumzulaufen kann erm\u00fcdend sein. Mit einem Mietwagen k\u00f6nnen Sie Pausen machen, wann immer Sie wollen, und bequem reisen.<br \/>\n- Zeitersparnis: Mit einem Auto k\u00f6nnen Sie in k\u00fcrzerer Zeit mehr Strecke zur\u00fccklegen und so mehr von Neapel und seiner Umgebung sehen.<\/p>\n<h3>Die Nachteile eines Mietwagens in Neapel<\/h3>\n<p>- Der Verkehr: Wie in jeder gr\u00f6\u00dferen Stadt kann auch in Neapel der Verkehr zuweilen sehr dicht sein. Es ist wichtig, dass Sie Ihre Routen sorgf\u00e4ltig planen, um nicht im Stau stecken zu bleiben.<br \/>\n- Begrenzte Parkm\u00f6glichkeiten: Die Parkm\u00f6glichkeiten im Stadtzentrum k\u00f6nnen begrenzt und teuer sein. Erw\u00e4gen Sie, in Unterk\u00fcnften mit Parkpl\u00e4tzen zu \u00fcbernachten oder \u00f6ffentliche Verkehrsmittel zu benutzen, um die Stadt zu erkunden.<br \/>\n- ZTL-Zonen: Achten Sie auf ZTL-Zonen (Zonen mit eingeschr\u00e4nktem Verkehr), in denen nur zugelassene Fahrzeuge zugelassen sind. Informieren Sie sich \u00fcber diese Zonen, bevor Sie durch die Stadt fahren.<\/p>\n<h4>Pro \/ Kontra<\/h4>\n<p>Vorteile:<br \/>\n- Freiheit und Flexibilit\u00e4t<br \/>\n- Bequemlichkeit und Komfort<br \/>\n- Abenteuer abseits der ausgetretenen Pfade<br \/>\n- Zeitsparend<\/p>\n<p>Nachteile:<br \/>\n- Verkehr<br \/>\n- Begrenzte Parkm\u00f6glichkeiten<br \/>\n- ZTL-Zonen<\/p>\n<h4>FAQ<\/h4>\n<p><img loading=\"lazy\" decoding=\"async\" class=\"alignright\" src=\"\/wp-content\/uploads\/images\/rent_car_477.png\" alt=\"autovermietung naples\" width=\"350\" height=\"350\" \/><\/p>\n<p>F: Welche Dokumente ben\u00f6tige ich, um ein Auto in Neapel zu mieten?<br \/>\nA: Sie ben\u00f6tigen einen g\u00fcltigen F\u00fchrerschein, Reisepass\/Personalausweis und eine Kreditkarte zur Bezahlung.<\/p>\n<p>F: Ist es schwierig, in Neapel Auto zu fahren?<br \/>\nA: Autofahren kann in jeder gr\u00f6\u00dferen Stadt eine Herausforderung sein, aber solange Sie Ihre Routen sorgf\u00e4ltig planen und die Verkehrsregeln beachten, sollten Sie keine Probleme haben, sich in Neapel zurechtzufinden.<\/p>\n<p>F: Gibt es in Italien Mautgeb\u00fchren auf Autobahnen?<br \/>\nA: Ja, auf den meisten Autobahnen werden Mautgeb\u00fchren erhoben. Halten Sie Bargeld bereit oder erkundigen Sie sich bei Ihrer Autovermietung, ob sie eine elektronische Zahlungsm\u00f6glichkeit anbietet.<\/p>\n<p>F: Kann ich meinen Mietwagen au\u00dferhalb Italiens fahren?<br \/>\nA: Die meisten Autovermietungen erlauben Reisen in andere europ\u00e4ische L\u00e4nder. Informieren Sie sich jedoch vorher bei der Firma, damit sie die f\u00fcr den Grenz\u00fcbertritt erforderlichen Dokumente bereitstellen kann.<\/p>\n<p>Zusammenfassend l\u00e4sst sich sagen, dass ein Mietwagen der beste Weg ist, Neapel und seine Umgebung zu erkunden. Mit erschwinglichen Preisen, einer gro\u00dfen Auswahl an Fahrzeugen und der Freiheit, in Ihrem eigenen Tempo zu entdecken, ist rental-car.company die perfekte Wahl f\u00fcr Ihre Autovermietung in Naples. Worauf warten Sie also noch? Mieten Sie ein Auto und machen Sie sich bereit, alles zu erleben, was diese sch\u00f6ne Stadt zu bieten hat!<\/p>\n<\/div>","protected":false},"excerpt":{"rendered":"<p>Renting a Car in Naples: Everything You Need to Know Are you planning a trip to the beautiful city of Naples, Italy? The best way to explore this historic city is by renting a car. With so much to see and do, having your own set of wheels will give you the freedom and flexibility [&hellip;]<\/p>\n","protected":false},"author":1,"featured_media":2797,"parent":0,"menu_order":0,"comment_status":"closed","ping_status":"closed","template":"","meta":{"rs_blank_template":"","rs_page_bg_color":"","slide_template_v7":"","footnotes":""},"categories":[1],"tags":[],"class_list":["post-6505","page","type-page","status-publish","has-post-thumbnail","hentry","category-blog"],"_links":{"self":[{"href":"https:\/\/rental-car.company\/de\/wp-json\/wp\/v2\/pages\/6505","targetHints":{"allow":["GET"]}}],"collection":[{"href":"https:\/\/rental-car.company\/de\/wp-json\/wp\/v2\/pages"}],"about":[{"href":"https:\/\/rental-car.company\/de\/wp-json\/wp\/v2\/types\/page"}],"author":[{"embeddable":true,"href":"https:\/\/rental-car.company\/de\/wp-json\/wp\/v2\/users\/1"}],"replies":[{"embeddable":true,"href":"https:\/\/rental-car.company\/de\/wp-json\/wp\/v2\/comments?post=6505"}],"version-history":[{"count":0,"href":"https:\/\/rental-car.company\/de\/wp-json\/wp\/v2\/pages\/6505\/revisions"}],"wp:featuredmedia":[{"embeddable":true,"href":"https:\/\/rental-car.company\/de\/wp-json\/wp\/v2\/media\/2797"}],"wp:attachment":[{"href":"https:\/\/rental-car.company\/de\/wp-json\/wp\/v2\/media?parent=6505"}],"wp:term":[{"taxonomy":"category","embeddable":true,"href":"https:\/\/rental-car.company\/de\/wp-json\/wp\/v2\/categories?post=6505"},{"taxonomy":"post_tag","embeddable":true,"href":"https:\/\/rental-car.company\/de\/wp-json\/wp\/v2\/tags?post=6505"}],"curies":[{"name":"wp","href":"https:\/\/api.w.org\/{rel}","templated":true}]}}