{"id":6604,"date":"2024-08-27T23:05:18","date_gmt":"2024-08-27T23:05:18","guid":{"rendered":"https:\/\/rental-car.company\/?page_id=6604"},"modified":"2024-08-27T23:05:18","modified_gmt":"2024-08-27T23:05:18","slug":"autovermietung-newport-news","status":"publish","type":"page","link":"https:\/\/rental-car.company\/de\/autovermietung-newport-news\/","title":{"rendered":"autovermietung newport news - Einf\u00fchrung in das Thema"},"content":{"rendered":"<div class=\"wpb-content-wrapper\"><p>Newport News ist eine wundersch\u00f6ne Stadt im Bundesstaat Virginia, die f\u00fcr ihre reiche Geschichte und ihre atemberaubenden Naturlandschaften bekannt ist. Egal, ob Sie gesch\u00e4ftlich oder privat unterwegs sind, ein zuverl\u00e4ssiges Verkehrsmittel ist unerl\u00e4sslich. Dies ist, wo Autovermietung Newport News kommt in.<\/p>\n<p>Autovermietungen in Newport News bieten Komfort, Flexibilit\u00e4t und Erschwinglichkeit f\u00fcr Reisende. Mit zahlreichen Optionen zur Auswahl, ein Auto zu mieten, k\u00f6nnen Sie die Stadt in Ihrem eigenen Tempo und zu Ihren eigenen Bedingungen zu erkunden. In diesem Artikel werden wir in die Details der Autovermietung Newport News und alles, was Sie wissen m\u00fcssen, bevor Sie ein Auto in dieser charmanten Stadt zu mieten vertiefen.<\/p>\n<div class=\"vc_row wpb_row vc_row-fluid\"><div class=\"wpb_column vc_column_container vc_col-sm-12\"><div class=\"vc_column-inner\"><div class=\"wpb_wrapper\">\n\t<div class=\"wpb_text_column wpb_content_element\" >\n\t\t<div class=\"wpb_wrapper\">\n\t\t\t<p><script id=\"dchwidget\" src=\"https:\/\/www.discovercars.com\/wg.js\" async=\"\" data-dev-env=\"com\" data-location=\"\" data-lang=\"en\" data-utm-source=\"malina\" data-utm-medium=\"widget\" data-aff-code=\"a_aid\" data-autocomplete=\"on\" data-style-submit-bg-color=\"00A200\" data-style-submit-font-color=\"white\" data-style-form-bg-color=\"FAD130\" data-style-form-font-color=\"333\" data-style-submit-text=\"Search now\"><\/script><\/p>\n\n\t\t<\/div>\n\t<\/div>\n<\/div><\/div><\/div><\/div>\n<p>&nbsp;<\/p>\n<h2>Entdecken Sie Autovermietung Newport News<\/h2>\n<p><img loading=\"lazy\" decoding=\"async\" class=\"alignleft\" src=\"\/wp-content\/uploads\/images\/rent_car_218.png\" alt=\"autovermietung newport news\" width=\"350\" height=\"350\" \/><\/p>\n<p>\u00dcberall in Newport News gibt es Autovermietungen, die es Besuchern leicht machen, ein Fahrzeug zu finden, das ihren Bed\u00fcrfnissen und ihrem Budget entspricht. Vom Kleinwagen bis zum Luxus-SUV ist f\u00fcr jeden etwas dabei. Zu den bekannten Namen in der Branche geh\u00f6ren Enterprise Rent-A-Car, Hertz Car Rental, Avis Car Rental und Budget Car Rental.<\/p>\n<p>Einer der Hauptvorteile eines Mietwagens in Newport News ist die Bequemlichkeit. Mit Ihrem eigenen Fahrzeug k\u00f6nnen Sie sich problemlos in der Stadt bewegen, ohne auf \u00f6ffentliche Verkehrsmittel oder teure Taxis angewiesen zu sein. Au\u00dferdem haben Sie die Freiheit, nahe gelegene Sehensw\u00fcrdigkeiten wie Virginia Beach oder Williamsburg ohne Zeitdruck zu erkunden.<\/p>\n<h3>Vorteile der Autovermietung Newport News<\/h3>\n<p>- Bequemlichkeit: Mit Ihrem eigenen Fahrzeug k\u00f6nnen Sie Ihre Reiseroute ganz nach Ihren W\u00fcnschen planen.<br \/>\n- Flexibilit\u00e4t: Sie k\u00f6nnen problemlos mehrere Ziele besuchen, ohne sich Gedanken \u00fcber Zeitpl\u00e4ne oder Fahrpl\u00e4ne machen zu m\u00fcssen.<br \/>\n- Erschwinglichkeit: Die Anmietung eines Autos kann bei richtiger Planung kosteng\u00fcnstiger sein als andere Verkehrsmittel.<br \/>\n- Komfort: Mit Klimaanlage und bequemen Sitzgelegenheiten kann die Fahrt in einem Mietwagen komfortabler sein als in \u00f6ffentlichen Verkehrsmitteln.<\/p>\n<h3>Nachteile der Autovermietung Newport News<\/h3>\n<p>- Zus\u00e4tzliche Kosten: Neben der Mietgeb\u00fchr m\u00fcssen Sie m\u00f6glicherweise auch f\u00fcr Benzin, Versicherung und andere Geb\u00fchren aufkommen.<br \/>\n- Navigation: Wenn Sie mit der Gegend nicht vertraut sind, kann die Navigation in einer neuen Stadt eine Herausforderung sein.<br \/>\n- Parken: Die Suche nach Parkpl\u00e4tzen in belebten Gegenden kann schwierig und teuer sein.<\/p>\n<h4>H\u00e4ufig gestellte Fragen \u00fcber Autovermietung Newport News<\/h4>\n<p><img loading=\"lazy\" decoding=\"async\" class=\"alignright\" src=\"\/wp-content\/uploads\/images\/rent_car_27.png\" alt=\"autovermietung newport news\" width=\"350\" height=\"350\" \/><\/p>\n<p>F: Wie alt muss ich sein, um ein Auto in Newport News zu mieten?<br \/>\nA: Bei den meisten Autovermietungen m\u00fcssen die Fahrer mindestens 21 Jahre alt sein. Einige haben jedoch h\u00f6here Altersanforderungen oder verlangen eine zus\u00e4tzliche Geb\u00fchr f\u00fcr Fahrer unter 25 Jahren.<\/p>\n<p>F: Brauche ich eine Versicherung, wenn ich ein Auto in Newport News miete?<br \/>\nA: Ja, die meisten Autovermietungen verlangen, dass Sie eine Art von Versicherung abschlie\u00dfen. Sie k\u00f6nnen entweder deren Versicherungsschutz erwerben oder Ihre eigene Police verwenden. Es ist wichtig, dass Sie sich vorher bei Ihrem Versicherungsanbieter erkundigen, um den Versicherungsschutz sicherzustellen.<\/p>\n<p>F: Kann ich mein gemietetes Auto an einem anderen Ort zur\u00fcckgeben?<br \/>\nA: Das h\u00e4ngt von den jeweiligen Bestimmungen des Vermieters ab. Manche erlauben es gegen eine zus\u00e4tzliche Geb\u00fchr, andere wiederum lassen es nicht zu.<\/p>\n<p>F: Gibt es irgendwelche Beschr\u00e4nkungen, wohin ich mein Mietauto bringen kann?<br \/>\nA: Einige Unternehmen haben Beschr\u00e4nkungen f\u00fcr Fahrten au\u00dferhalb des Bundesstaates oder \u00fcber die Landesgrenzen hinaus. Es ist wichtig, dass Sie sich vorher bei dem Unternehmen erkundigen, wenn Sie au\u00dferhalb von Virginia fahren m\u00f6chten.<\/p>\n<p>Zusammenfassend l\u00e4sst sich sagen, dass ein Mietwagen in Newport News Ihr Reiseerlebnis erheblich verbessern kann, da er Ihnen Komfort und Flexibilit\u00e4t bietet. Bei sorgf\u00e4ltiger Planung und Recherche k\u00f6nnen Sie ein geeignetes Fahrzeug finden, das Ihrem Budget und Ihren Bed\u00fcrfnissen entspricht. Ziehen Sie diese Option bei Ihrer n\u00e4chsten Reise nach Newport News in Betracht, um eine stressfreie und angenehme Reise zu erleben.<\/p>\n<\/div>","protected":false},"excerpt":{"rendered":"<p>Newport News is a beautiful city located in the state of Virginia, known for its rich history and stunning natural landscapes. Whether you are visiting for business or pleasure, having access to a reliable mode of transportation is essential. This is where car rental Newport News comes in. Car rental services in Newport News offer [&hellip;]<\/p>\n","protected":false},"author":1,"featured_media":2299,"parent":0,"menu_order":0,"comment_status":"closed","ping_status":"closed","template":"","meta":{"rs_blank_template":"","rs_page_bg_color":"","slide_template_v7":"","footnotes":""},"categories":[1],"tags":[],"class_list":["post-6604","page","type-page","status-publish","has-post-thumbnail","hentry","category-blog"],"_links":{"self":[{"href":"https:\/\/rental-car.company\/de\/wp-json\/wp\/v2\/pages\/6604","targetHints":{"allow":["GET"]}}],"collection":[{"href":"https:\/\/rental-car.company\/de\/wp-json\/wp\/v2\/pages"}],"about":[{"href":"https:\/\/rental-car.company\/de\/wp-json\/wp\/v2\/types\/page"}],"author":[{"embeddable":true,"href":"https:\/\/rental-car.company\/de\/wp-json\/wp\/v2\/users\/1"}],"replies":[{"embeddable":true,"href":"https:\/\/rental-car.company\/de\/wp-json\/wp\/v2\/comments?post=6604"}],"version-history":[{"count":0,"href":"https:\/\/rental-car.company\/de\/wp-json\/wp\/v2\/pages\/6604\/revisions"}],"wp:featuredmedia":[{"embeddable":true,"href":"https:\/\/rental-car.company\/de\/wp-json\/wp\/v2\/media\/2299"}],"wp:attachment":[{"href":"https:\/\/rental-car.company\/de\/wp-json\/wp\/v2\/media?parent=6604"}],"wp:term":[{"taxonomy":"category","embeddable":true,"href":"https:\/\/rental-car.company\/de\/wp-json\/wp\/v2\/categories?post=6604"},{"taxonomy":"post_tag","embeddable":true,"href":"https:\/\/rental-car.company\/de\/wp-json\/wp\/v2\/tags?post=6604"}],"curies":[{"name":"wp","href":"https:\/\/api.w.org\/{rel}","templated":true}]}}