{"id":6712,"date":"2024-08-29T01:05:23","date_gmt":"2024-08-29T01:05:23","guid":{"rendered":"https:\/\/rental-car.company\/?page_id=6712"},"modified":"2024-08-29T01:05:23","modified_gmt":"2024-08-29T01:05:23","slug":"unternehmen-charlotte-pike","status":"publish","type":"page","link":"https:\/\/rental-car.company\/de\/unternehmen-charlotte-pike\/","title":{"rendered":"Enterprise Charlotte Pike - Ihr Ansprechpartner f\u00fcr Mietwagen in Nashville"},"content":{"rendered":"<div class=\"wpb-content-wrapper\"><h2>Erleben Sie das Unternehmen Charlotte Pike in Nashville<\/h2>\n<p>Willkommen in der pulsierenden Stadt Nashville, Tennessee, wo Sie die perfekte Mischung aus S\u00fcdstaatencharme und modernen Annehmlichkeiten finden. Egal, ob Sie gesch\u00e4ftlich oder zum Vergn\u00fcgen unterwegs sind, ein zuverl\u00e4ssiges Verkehrsmittel ist unerl\u00e4sslich, um alles zu erkunden, was diese Stadt zu bieten hat. Und hier kommt Enterprise Charlotte Pike ins Spiel - Ihre Autovermietung der ersten Wahl f\u00fcr alle Ihre Reisebed\u00fcrfnisse.<\/p>\n<h3>Die Bequemlichkeit von Enterprise Charlotte Pike<\/h3>\n<p>Enterprise liegt g\u00fcnstig an der beliebten Charlotte Pike und bietet eine gro\u00dfe Auswahl an Mietwagen f\u00fcr jeden Bedarf und jedes Budget. Dank der erstklassigen Lage, nur wenige Minuten von der Innenstadt von Nashville und den wichtigsten Autobahnen entfernt, k\u00f6nnen Sie alle Top-Attraktionen und Reiseziele in der Region leicht erreichen.<\/p>\n<p>Ganz gleich, ob Sie einen Kleinwagen f\u00fcr die Stadt oder einen ger\u00e4umigen Gel\u00e4ndewagen f\u00fcr einen Ausflug mit Familie und Freunden ben\u00f6tigen, Enterprise hat alles f\u00fcr Sie. Sie bieten auch Luxusfahrzeuge f\u00fcr besondere Anl\u00e4sse oder Gesch\u00e4ftsreisen an. Mit dem einfachen Online-Reservierungssystem und dem 24\/7-Kundenservice k\u00f6nnen Sie bei Enterprise Charlotte Pike problemlos und stressfrei ein Auto mieten.<\/p>\n<h3>Vor- und Nachteile der Anmietung bei Enterprise Charlotte Pike<\/h3>\n<p>Vorteile:<br \/>\n- G\u00fcnstige Lage an der beliebten Charlotte Pike<br \/>\n- Gro\u00dfe Auswahl an Mietautos verf\u00fcgbar<br \/>\n- Einfaches Online-Buchungssystem<br \/>\n- 24\/7-Kundendienst<br \/>\n- Erschwingliche Preise<\/p>\n<p>Nachteile:<br \/>\n- Begrenzte Parkm\u00f6glichkeiten am Mietort<\/p>\n<h4>H\u00e4ufig gestellte Fragen zu Enterprise Charlotte Pike<\/h4>\n<p><img loading=\"lazy\" decoding=\"async\" class=\"alignright\" src=\"\/wp-content\/uploads\/images\/rent_car_1342.png\" alt=\"unternehmen charlotte pike\" width=\"350\" height=\"350\" \/><\/p>\n<p>F: Welche Arten von Mietwagen bietet Enterprise an?<br \/>\nA: Vom Kleinwagen bis zum Luxusfahrzeug bietet Enterprise eine breite Palette an M\u00f6glichkeiten.<\/p>\n<p>F: Gibt es eine Altersgrenze f\u00fcr die Anmietung bei Enterprise?<br \/>\nA: Ja, die Mieter m\u00fcssen mindestens 21 Jahre alt sein. F\u00fcr Fahrer unter 25 Jahren k\u00f6nnen zus\u00e4tzliche Geb\u00fchren anfallen.<\/p>\n<p>F: Kann ich meinen Mietwagen an einem anderen Ort zur\u00fcckgeben?<br \/>\nA: Ja, Enterprise bietet Einwegmieten gegen eine zus\u00e4tzliche Geb\u00fchr an. Bitte erkundigen Sie sich bei der Vermietstation nach Verf\u00fcgbarkeit und Geb\u00fchren.<\/p>\n<p>F: Gibt es zus\u00e4tzliche Geb\u00fchren, die ich beachten sollte?<br \/>\nA: F\u00fcr Zusatzleistungen wie GPS, Autositze und zus\u00e4tzliche Fahrer k\u00f6nnen zus\u00e4tzliche Geb\u00fchren anfallen. Erkundigen Sie sich am besten vorher bei der Vermietstation.<\/p>\n<div class=\"vc_row wpb_row vc_row-fluid\"><div class=\"wpb_column vc_column_container vc_col-sm-12\"><div class=\"vc_column-inner\"><div class=\"wpb_wrapper\">\n\t<div class=\"wpb_text_column wpb_content_element\" >\n\t\t<div class=\"wpb_wrapper\">\n\t\t\t<p><script id=\"dchwidget\" src=\"https:\/\/www.discovercars.com\/wg.js\" async=\"\" data-dev-env=\"com\" data-location=\"\" data-lang=\"en\" data-utm-source=\"malina\" data-utm-medium=\"widget\" data-aff-code=\"a_aid\" data-autocomplete=\"on\" data-style-submit-bg-color=\"00A200\" data-style-submit-font-color=\"white\" data-style-form-bg-color=\"FAD130\" data-style-form-font-color=\"333\" data-style-submit-text=\"Search now\"><\/script><\/p>\n\n\t\t<\/div>\n\t<\/div>\n<\/div><\/div><\/div><\/div>\n<p>&nbsp;<\/p>\n<h2>Erkunden Sie Nashville mit Ihrem Mietwagen<\/h2>\n<p><img loading=\"lazy\" decoding=\"async\" class=\"alignleft\" src=\"\/wp-content\/uploads\/images\/rent_car_1469.png\" alt=\"unternehmen charlotte pike\" width=\"350\" height=\"350\" \/><\/p>\n<p>Sobald Sie Ihren Mietwagen von Enterprise Charlotte Pike haben, k\u00f6nnen Sie sich auf den Weg machen und alles erkunden, was Nashville zu bieten hat. Hier sind einige Ziele, die Sie in der Music City unbedingt besuchen sollten:<\/p>\n<p>- Country Music Hall of Fame und Museum<br \/>\n- Grand Ole Opry<br \/>\n- Das Parthenon im Centennial Park<br \/>\n- Belle Meade Plantage<br \/>\n- Broadway Street f\u00fcr Live-Musik und leckeres Essen<\/p>\n<p>Mit einem zuverl\u00e4ssigen Mietwagen von Enterprise k\u00f6nnen Sie sich problemlos durch die belebten Stra\u00dfen von Nashville bewegen und das Beste aus Ihrer Reise machen.<\/p>\n<h3>LSI-Schl\u00fcsselw\u00f6rter<\/h3>\n<p>In diesem Artikel haben wir enterprise charlotte pike mehrfach erw\u00e4hnt. Das liegt daran, dass dies unser wichtigstes Schl\u00fcsselwort ist, f\u00fcr das wir in den Suchmaschinen ranken wollen. Es gibt jedoch auch andere verwandte Schl\u00fcsselw\u00f6rter, die wir verwenden k\u00f6nnen, um unseren Inhalt zu optimieren und unsere Chancen auf eine h\u00f6here Platzierung auf den Suchmaschinenergebnisseiten (SERPs) zu verbessern. Zu diesen LSI-Schl\u00fcsselw\u00f6rtern (Latent Semantic Indexing) geh\u00f6ren:<\/p>\n<p>1. Autovermietungen in Nashville - Als beliebtes Reiseziel werden viele Menschen auf der Suche nach Autovermietungen in Nashville sein.<br \/>\n2. Charlotte Pike - Eine bekannte Stra\u00dfe in Nashville, in der sich das Unternehmen befindet.<br \/>\n3. Autovermietung - Eine weitere M\u00f6glichkeit der Suche nach Autovermietungen.<br \/>\n4. Erschwingliche Preise - ein wichtiger Faktor bei der Auswahl eines Vermieters.<br \/>\n5. Luxusfahrzeuge - F\u00fcr diejenigen, die etwas Hochwertigeres suchen.<br \/>\n6. Online-Buchungssystem - Eine praktische Funktion, die von Enterprise angeboten wird.<br \/>\n7. 24\/7-Kundenservice - Ein weiterer praktischer Aspekt der Anmietung bei Enterprise.<br \/>\n8. Attraktionen in Nashville - Die Leute suchen vielleicht nach Sehensw\u00fcrdigkeiten in Nashville und brauchen einen Mietwagen, um dorthin zu gelangen.<br \/>\n9. Road Trip - Eine beliebte Art, Nashville und die Umgebung zu erkunden.<br \/>\n10. Music City - Ein Spitzname f\u00fcr Nashville, bekannt f\u00fcr seine lebendige Musikszene.<\/p>\n<p>Indem wir diese LSI-Schl\u00fcsselw\u00f6rter ganz nat\u00fcrlich in den Artikel einbauen, k\u00f6nnen wir unser SEO verbessern und mehr Besucher auf unsere Website locken.<\/p>\n<p>Zusammenfassend l\u00e4sst sich sagen, dass Enterprise Charlotte Pike die perfekte Autovermietung f\u00fcr Ihre n\u00e4chste Reise nach Nashville ist. Dank der g\u00fcnstigen Lage, der gro\u00dfen Auswahl an Fahrzeugen und der erschwinglichen Preise k\u00f6nnen Sie diese pulsierende Stadt in Ihrem eigenen Tempo und bequem erkunden. Warum also warten? Buchen Sie Ihren Mietwagen bei Enterprise Charlotte Pike noch heute!<\/p>\n<\/div>","protected":false},"excerpt":{"rendered":"<p>Experience Enterprise Charlotte Pike in Nashville Welcome to the bustling city of Nashville, Tennessee, where you can find the perfect blend of Southern charm and modern amenities. Whether you&#8217;re visiting for business or pleasure, having a reliable mode of transportation is essential to explore all that this city has to offer. This is where Enterprise [&hellip;]<\/p>\n","protected":false},"author":1,"featured_media":4824,"parent":0,"menu_order":0,"comment_status":"closed","ping_status":"closed","template":"","meta":{"rs_blank_template":"","rs_page_bg_color":"","slide_template_v7":"","footnotes":""},"categories":[1],"tags":[],"class_list":["post-6712","page","type-page","status-publish","has-post-thumbnail","hentry","category-blog"],"_links":{"self":[{"href":"https:\/\/rental-car.company\/de\/wp-json\/wp\/v2\/pages\/6712","targetHints":{"allow":["GET"]}}],"collection":[{"href":"https:\/\/rental-car.company\/de\/wp-json\/wp\/v2\/pages"}],"about":[{"href":"https:\/\/rental-car.company\/de\/wp-json\/wp\/v2\/types\/page"}],"author":[{"embeddable":true,"href":"https:\/\/rental-car.company\/de\/wp-json\/wp\/v2\/users\/1"}],"replies":[{"embeddable":true,"href":"https:\/\/rental-car.company\/de\/wp-json\/wp\/v2\/comments?post=6712"}],"version-history":[{"count":0,"href":"https:\/\/rental-car.company\/de\/wp-json\/wp\/v2\/pages\/6712\/revisions"}],"wp:featuredmedia":[{"embeddable":true,"href":"https:\/\/rental-car.company\/de\/wp-json\/wp\/v2\/media\/4824"}],"wp:attachment":[{"href":"https:\/\/rental-car.company\/de\/wp-json\/wp\/v2\/media?parent=6712"}],"wp:term":[{"taxonomy":"category","embeddable":true,"href":"https:\/\/rental-car.company\/de\/wp-json\/wp\/v2\/categories?post=6712"},{"taxonomy":"post_tag","embeddable":true,"href":"https:\/\/rental-car.company\/de\/wp-json\/wp\/v2\/tags?post=6712"}],"curies":[{"name":"wp","href":"https:\/\/api.w.org\/{rel}","templated":true}]}}