{"id":6724,"date":"2024-08-29T04:05:18","date_gmt":"2024-08-29T04:05:18","guid":{"rendered":"https:\/\/rental-car.company\/?page_id=6724"},"modified":"2024-08-29T04:05:18","modified_gmt":"2024-08-29T04:05:18","slug":"autovermietung-in-liverpool","status":"publish","type":"page","link":"https:\/\/rental-car.company\/de\/autovermietung-in-liverpool\/","title":{"rendered":"Autovermietung in Liverpool - Erleben Sie die Stadt der Musik und Kultur mit Rental-Car.Company"},"content":{"rendered":"<div class=\"wpb-content-wrapper\"><h2>Entdecken Sie die beste Autovermietung in Liverpool mit Rental-Car.Company<\/h2>\n<p>Planen Sie eine Reise nach Liverpool und suchen Sie nach einer bequemen und erschwinglichen M\u00f6glichkeit, diese pulsierende Stadt zu erkunden? Dann sind Sie bei Rental-Car.Company genau richtig, um einen Mietwagen in Liverpool zu mieten. Mit unserer gro\u00dfen Auswahl an Mietwagen, exzellentem Kundenservice und wettbewerbsf\u00e4higen Preisen sind wir Ihre erste Anlaufstelle f\u00fcr alle Ihre Transportbed\u00fcrfnisse in Liverpool.<\/p>\n<p>Liverpool ist als Geburtsort der Beatles bekannt, aber die Stadt hat noch viel mehr zu bieten als ihre Musikgeschichte. Diese pulsierende Hafenstadt bietet eine atemberaubende Architektur, weltber\u00fchmte Museen und Galerien, eine k\u00f6stliche Gastronomieszene und ein lebhaftes Nachtleben. Egal, ob Sie gesch\u00e4ftlich oder zum Vergn\u00fcgen unterwegs sind, mit einem Auto wird Ihre Reise viel angenehmer.<\/p>\n<h3>Warum w\u00e4hlen Sie Rental-Car.Company f\u00fcr Ihre Autovermietung in Liverpool?<\/h3>\n<p>Bei den zahlreichen Autovermietungen in Liverpool kann es schwierig sein, die richtige auszuw\u00e4hlen. Hier ist, warum Rental-Car.Company hebt sich von den anderen:<\/p>\n<ul>\n<li><strong>Gro\u00dfe Auswahl an Fahrzeugen:<\/strong> Bei Rental-Car.Company bieten wir eine Vielzahl von Fahrzeugen f\u00fcr jeden Bedarf und jedes Budget. Vom Kleinwagen bis zum ger\u00e4umigen SUV - wir haben f\u00fcr jeden etwas dabei.<\/li>\n<li><strong>Erschwingliche Preise:<\/strong> Wir wissen, dass sich die Reisekosten schnell summieren k\u00f6nnen. Deshalb bieten wir wettbewerbsf\u00e4hige Preise, ohne Kompromisse bei Qualit\u00e4t und Service einzugehen.<\/li>\n<li><strong>G\u00fcnstige Standorte:<\/strong> Unsere Vermietungsb\u00fcros befinden sich in ganz Liverpool, unter anderem am John Lennon Airport und an der Lime Street Station.<\/li>\n<li><strong>Freundliche Kundenbetreuung:<\/strong> Unser Team ist bestrebt, Ihnen einen au\u00dfergew\u00f6hnlichen Kundenservice zu bieten. Wir sind immer bereit, Ihnen bei allen Fragen und Anliegen zu helfen, die Sie haben.<\/li>\n<li><strong>Einfach online buchen:<\/strong> Mit unserer benutzerfreundlichen Website k\u00f6nnen Sie ganz einfach und in wenigen Klicks Ihren Mietwagen in Liverpool buchen.<\/li>\n<\/ul>\n<h3>Die Vor- und Nachteile einer Autovermietung in Liverpool<\/h3>\n<p>Wie bei jeder Reiseoption gibt es auch bei der Wahl eines Mietwagens in Liverpool Vor- und Nachteile zu ber\u00fccksichtigen. Hier sind einige Faktoren, die Sie im Auge behalten sollten:<\/p>\n<p>Vorteile:<\/p>\n<ul>\n<li>Flexibilit\u00e4t, um die Stadt in Ihrem eigenen Tempo zu erkunden: Mit einem Mietwagen k\u00f6nnen Sie Ihre eigene Reiseroute erstellen und die Stadt in aller Ruhe erkunden.<\/li>\n<li>Bequemlichkeit: Wer ein Auto hat, muss nicht auf \u00f6ffentliche Verkehrsmittel warten oder sich mit \u00fcberf\u00fcllten Bussen und Bahnen herumschlagen.<\/li>\n<li>Kosteng\u00fcnstig f\u00fcr gr\u00f6\u00dfere Gruppen: Wenn Sie mit einer Gruppe reisen, kann das Mieten eines Autos kosteng\u00fcnstiger sein als der Kauf einzelner Fahrkarten f\u00fcr \u00f6ffentliche Verkehrsmittel.<\/li>\n<\/ul>\n<p>Nachteile:<\/p>\n<ul>\n<li>Verkehr und Parken: Wie in jeder gr\u00f6\u00dferen Stadt kann der Verkehr w\u00e4hrend der Hauptverkehrszeiten stark sein. Auch das Parken kann in bestimmten Gegenden der Stadt begrenzt und teuer sein.<\/li>\n<li>Fahren auf ungewohnten Stra\u00dfen: Wenn Sie es nicht gewohnt sind, auf der linken Stra\u00dfenseite zu fahren, kann es einige Zeit dauern, sich an das Fahren in Liverpool zu gew\u00f6hnen.<\/li>\n<\/ul>\n<h3>H\u00e4ufig gestellte Fragen zur Autovermietung in Liverpool<\/h3>\n<h4>Brauche ich einen internationalen F\u00fchrerschein (IDP), um in Liverpool ein Auto zu mieten?<\/h4>\n<p>Wenn Sie einen g\u00fcltigen F\u00fchrerschein aus Ihrem Heimatland besitzen, ist ein IDP f\u00fcr die Anmietung eines Autos im Vereinigten K\u00f6nigreich nicht erforderlich. Wenn Ihr F\u00fchrerschein jedoch nicht in englischer oder walisischer Sprache ausgestellt ist, wird empfohlen, auch einen IDP zu erwerben.<\/p>\n<h4>Welche Dokumente ben\u00f6tige ich, um ein Auto bei Rental-Car.Company zu mieten?<\/h4>\n<p>Um bei uns ein Auto zu mieten, ben\u00f6tigen Sie einen g\u00fcltigen F\u00fchrerschein, eine auf den Namen des Fahrers lautende Kreditkarte und einen Ausweis wie z. B. einen Reisepass.<\/p>\n<h4>Was ist das Mindestalter f\u00fcr die Anmietung eines Autos in Liverpool?<\/h4>\n<p>Das Mindestalter f\u00fcr die Anmietung eines Fahrzeugs in Liverpool ist 21 Jahre alt. F\u00fcr Fahrer zwischen 21 und 24 Jahren kann jedoch ein Aufschlag f\u00fcr junge Fahrer erhoben werden.<\/p>\n<h4>Ist eine Versicherung im Mietpreis enthalten?<\/h4>\n<p><img loading=\"lazy\" decoding=\"async\" class=\"alignright\" src=\"\/wp-content\/uploads\/images\/rent_car_1439.png\" alt=\"autovermietung in liverpool\" width=\"350\" height=\"350\" \/><\/p>\n<p>In unseren Mietpreisen ist ein Basisversicherungsschutz enthalten. Wir bieten jedoch zus\u00e4tzliche Versicherungsoptionen gegen Aufpreis an, um Ihnen zus\u00e4tzliche Sicherheit zu bieten.<\/p>\n<div class=\"vc_row wpb_row vc_row-fluid\"><div class=\"wpb_column vc_column_container vc_col-sm-12\"><div class=\"vc_column-inner\"><div class=\"wpb_wrapper\">\n\t<div class=\"wpb_text_column wpb_content_element\" >\n\t\t<div class=\"wpb_wrapper\">\n\t\t\t<p><script id=\"dchwidget\" src=\"https:\/\/www.discovercars.com\/wg.js\" async=\"\" data-dev-env=\"com\" data-location=\"\" data-lang=\"en\" data-utm-source=\"malina\" data-utm-medium=\"widget\" data-aff-code=\"a_aid\" data-autocomplete=\"on\" data-style-submit-bg-color=\"00A200\" data-style-submit-font-color=\"white\" data-style-form-bg-color=\"FAD130\" data-style-form-font-color=\"333\" data-style-submit-text=\"Search now\"><\/script><\/p>\n\n\t\t<\/div>\n\t<\/div>\n<\/div><\/div><\/div><\/div>\n<p>&nbsp;<\/p>\n<h2>Mieten Sie Ihr Auto und entdecken Sie Liverpool noch heute<\/h2>\n<p><img loading=\"lazy\" decoding=\"async\" class=\"alignleft\" src=\"\/wp-content\/uploads\/images\/rent_car_748.png\" alt=\"autovermietung in liverpool\" width=\"350\" height=\"350\" \/><\/p>\n<p>Liverpool wartet mit seiner reichen Geschichte und lebendigen Kultur darauf, entdeckt zu werden. Und mit einer Autovermietung von Rental-Car.Company k\u00f6nnen Sie diese lebendige Stadt ganz nach Ihren W\u00fcnschen erkunden. Buchen Sie noch heute Ihren Mietwagen und machen Sie sich bereit f\u00fcr ein unvergessliches Erlebnis in Liverpool!<\/p>\n<\/div>","protected":false},"excerpt":{"rendered":"<p>Discover the Best Car Hire in Liverpool with Rental-Car.Company Are you planning a trip to Liverpool and looking for a convenient and affordable way to explore this vibrant city? Look no further than car hire in Liverpool from Rental-Car.Company. With our wide selection of rental cars, excellent customer service, and competitive prices, we are your [&hellip;]<\/p>\n","protected":false},"author":1,"featured_media":4225,"parent":0,"menu_order":0,"comment_status":"closed","ping_status":"closed","template":"","meta":{"rs_blank_template":"","rs_page_bg_color":"","slide_template_v7":"","footnotes":""},"categories":[1],"tags":[],"class_list":["post-6724","page","type-page","status-publish","has-post-thumbnail","hentry","category-blog"],"_links":{"self":[{"href":"https:\/\/rental-car.company\/de\/wp-json\/wp\/v2\/pages\/6724","targetHints":{"allow":["GET"]}}],"collection":[{"href":"https:\/\/rental-car.company\/de\/wp-json\/wp\/v2\/pages"}],"about":[{"href":"https:\/\/rental-car.company\/de\/wp-json\/wp\/v2\/types\/page"}],"author":[{"embeddable":true,"href":"https:\/\/rental-car.company\/de\/wp-json\/wp\/v2\/users\/1"}],"replies":[{"embeddable":true,"href":"https:\/\/rental-car.company\/de\/wp-json\/wp\/v2\/comments?post=6724"}],"version-history":[{"count":0,"href":"https:\/\/rental-car.company\/de\/wp-json\/wp\/v2\/pages\/6724\/revisions"}],"wp:featuredmedia":[{"embeddable":true,"href":"https:\/\/rental-car.company\/de\/wp-json\/wp\/v2\/media\/4225"}],"wp:attachment":[{"href":"https:\/\/rental-car.company\/de\/wp-json\/wp\/v2\/media?parent=6724"}],"wp:term":[{"taxonomy":"category","embeddable":true,"href":"https:\/\/rental-car.company\/de\/wp-json\/wp\/v2\/categories?post=6724"},{"taxonomy":"post_tag","embeddable":true,"href":"https:\/\/rental-car.company\/de\/wp-json\/wp\/v2\/tags?post=6724"}],"curies":[{"name":"wp","href":"https:\/\/api.w.org\/{rel}","templated":true}]}}