{"id":6993,"date":"2024-08-31T19:06:56","date_gmt":"2024-08-31T19:06:56","guid":{"rendered":"https:\/\/rental-car.company\/?page_id=6993"},"modified":"2024-08-31T19:06:56","modified_gmt":"2024-08-31T19:06:56","slug":"exotische-autovermietung-phoenix","status":"publish","type":"page","link":"https:\/\/rental-car.company\/de\/exotische-autovermietung-phoenix\/","title":{"rendered":"Exotische Autovermietung Phoenix: Erleben Sie Luxus in der W\u00fcste"},"content":{"rendered":"<div class=\"wpb-content-wrapper\"><h2>Mieten Sie einen exotischen Wagen in Phoenix f\u00fcr ein unvergessliches Abenteuer<\/h2>\n<p>Wenn Sie eine Reise nach Phoenix, Arizona, planen, suchen Sie vielleicht nach M\u00f6glichkeiten, Ihr Erlebnis wirklich einzigartig und luxuri\u00f6s zu gestalten. Eine M\u00f6glichkeit, dies zu erreichen, ist die Anmietung eines exotischen Autos. Mit einem exotischen Mietwagen in Phoenix k\u00f6nnen Sie stilvoll durch die Stadt fahren und den Nervenkitzel beim Fahren eines Hochleistungsfahrzeugs erleben. In diesem Artikel erfahren Sie alles, was Sie \u00fcber exotische Mietwagen in Phoenix wissen m\u00fcssen.<\/p>\n<div class=\"vc_row wpb_row vc_row-fluid\"><div class=\"wpb_column vc_column_container vc_col-sm-12\"><div class=\"vc_column-inner\"><div class=\"wpb_wrapper\">\n\t<div class=\"wpb_text_column wpb_content_element\" >\n\t\t<div class=\"wpb_wrapper\">\n\t\t\t<p><script id=\"dchwidget\" src=\"https:\/\/www.discovercars.com\/wg.js\" async=\"\" data-dev-env=\"com\" data-location=\"\" data-lang=\"en\" data-utm-source=\"malina\" data-utm-medium=\"widget\" data-aff-code=\"a_aid\" data-autocomplete=\"on\" data-style-submit-bg-color=\"00A200\" data-style-submit-font-color=\"white\" data-style-form-bg-color=\"FAD130\" data-style-form-font-color=\"333\" data-style-submit-text=\"Search now\"><\/script><\/p>\n\n\t\t<\/div>\n\t<\/div>\n<\/div><\/div><\/div><\/div>\n<p>&nbsp;<\/p>\n<h2>Exotische Autovermietung Phoenix entdecken<\/h2>\n<p><img loading=\"lazy\" decoding=\"async\" class=\"alignleft\" src=\"\/wp-content\/uploads\/images\/rent_car_1082.png\" alt=\"exotische autovermietung phoenix\" width=\"350\" height=\"350\" \/><\/p>\n<p>Bei rental-car.company bieten wir eine gro\u00dfe Auswahl an exotischen Autos zur Miete in Phoenix an. Unsere Flotte umfasst beliebte Marken wie Lamborghini, Ferrari, Porsche und Rolls Royce. Diese Autos werden sorgf\u00e4ltig gepflegt und regelm\u00e4\u00dfig gewartet, um ein sicheres und angenehmes Fahrerlebnis zu gew\u00e4hrleisten.<\/p>\n<p>Unser Team bei rental-car.company wei\u00df, dass jeder Kunde andere Bed\u00fcrfnisse und Vorlieben hat, wenn es um die Anmietung eines exotischen Autos geht. Deshalb bieten wir flexible Mietoptionen wie Tages-, Wochen- oder Monatsmieten. Wir bieten auch einen Lieferservice an, damit Sie Ihr Traumauto an Ihrem Wunschort in Empfang nehmen k\u00f6nnen.<\/p>\n<h3>Luxus auf R\u00e4dern: Die Vorteile der Anmietung eines exotischen Autos<\/h3>\n<p>Die Anmietung eines exotischen Autos in Phoenix hat viele Vorteile:<\/p>\n<p>- Heben Sie sich von der Masse ab: Bei so vielen Touristen, die Phoenix jedes Jahr besuchen, kann es schwierig sein, sich von der Masse abzuheben. Aber mit einem exotischen Auto mieten Phoenix, werden Sie definitiv K\u00f6pfe drehen, wohin Sie gehen.<br \/>\n- Erleben Sie Leistung auf h\u00f6chstem Niveau: Exotische Autos sind bekannt f\u00fcr ihre leistungsstarken Motoren und au\u00dfergew\u00f6hnlichen Fahreigenschaften. Wenn Sie einen Wagen mieten, k\u00f6nnen Sie diese Eigenschaften aus erster Hand erfahren.<br \/>\n- Beeindrucken Sie Kunden oder Freunde: Wenn Sie gesch\u00e4ftlich in Phoenix zu tun haben oder wichtige Kunden oder Freunde empfangen, wird die Ankunft in einem Luxusfahrzeug einen bleibenden Eindruck hinterlassen.<br \/>\n- Machen Sie besondere Anl\u00e4sse noch denkw\u00fcrdiger: Ob es sich um eine Hochzeit, einen Jahrestag oder eine Geburtstagsfeier handelt, die Anmietung eines exotischen Autos kann dem Anlass einen zus\u00e4tzlichen Hauch von Luxus und Aufregung verleihen.<\/p>\n<p>Es gibt jedoch auch einige Nachteile zu beachten, bevor Sie einen exotischen Wagen in Phoenix mieten:<\/p>\n<p>- H\u00f6here Mietkosten: Exotische Autos sind im Vergleich zu normalen Mietwagen teurer. Dies ist auf ihre Hochleistungsmerkmale und ihre begrenzte Verf\u00fcgbarkeit zur\u00fcckzuf\u00fchren.<br \/>\n- Begrenzter Platz im Kofferraum: Die meisten exotischen Autos haben nur einen begrenzten Kofferraum. Wenn Sie also einkaufen wollen oder viel Gep\u00e4ck dabei haben, ist dies vielleicht nicht die praktischste Option.<br \/>\n- Altersbeschr\u00e4nkungen: Einige Vermieter von exotischen Fahrzeugen k\u00f6nnen Altersbeschr\u00e4nkungen f\u00fcr die Fahrer haben. Dies ist in der Regel auf den hohen Wert und die Leistung dieser Fahrzeuge zur\u00fcckzuf\u00fchren.<\/p>\n<h3>H\u00e4ufig gestellte Fragen \u00fcber Exotic Car Rental Phoenix<\/h3>\n<h4>1. Wie alt muss ich sein, um ein exotisches Auto in Phoenix zu mieten?<\/h4>\n<p>Das Mindestalter f\u00fcr die Anmietung eines exotischen Fahrzeugs ist je nach Vermieter unterschiedlich. Bei rental-car.company m\u00fcssen die Fahrer mindestens 25 Jahre alt und im Besitz eines g\u00fcltigen F\u00fchrerscheins und einer Versicherung sein.<\/p>\n<h4>2. Brauche ich eine Versicherung, wenn ich ein exotisches Auto miete?<\/h4>\n<p>Ja, Sie ben\u00f6tigen eine Versicherung, wenn Sie einen exotischen Wagen in Phoenix mieten. Wenn Sie eine eigene Autoversicherung haben, deckt diese m\u00f6glicherweise auch Mietwagen ab. Wir empfehlen jedoch, sich vorher bei Ihrem Versicherungsanbieter zu erkundigen.<\/p>\n<h4>3. Kann ich mein gemietetes exotisches Auto au\u00dferhalb des Staates mitnehmen?<\/h4>\n<p>Bei einigen Unternehmen k\u00f6nnen Sie das Fahrzeug nach vorheriger Genehmigung und gegen zus\u00e4tzliche Geb\u00fchren auch au\u00dferhalb des Staates nutzen. Es ist wichtig, dass Sie dies mit der von Ihnen gew\u00e4hlten Autovermietung besprechen, bevor Sie irgendwelche Pl\u00e4ne machen.<\/p>\n<h4>4. Was passiert, wenn ich w\u00e4hrend der Fahrt mit dem gemieteten Fahrzeug einen Schaden oder einen Unfall habe?<\/h4>\n<p>Es ist wichtig, dass Sie Ihren Mietvertrag sorgf\u00e4ltig durchlesen, um die Richtlinien des Unternehmens f\u00fcr Unf\u00e4lle und Sch\u00e4den zu verstehen. Bei rental-car.company bieten wir einen umfassenden Versicherungsschutz f\u00fcr alle unsere Fahrzeuge, damit Sie sich keine Sorgen machen m\u00fcssen.<\/p>\n<h4>5. Kann ich ein exotisches Auto auch nur f\u00fcr ein paar Stunden mieten?<\/h4>\n<p><img loading=\"lazy\" decoding=\"async\" class=\"alignright\" src=\"\/wp-content\/uploads\/images\/rent_car_1037.png\" alt=\"exotische autovermietung phoenix\" width=\"350\" height=\"350\" \/><\/p>\n<p>Ja, bei rental-car.company bieten wir auch stundenweise Mietoptionen f\u00fcr diejenigen an, die ein exotisches Auto in Phoenix f\u00fcr einen kurzen Zeitraum mieten m\u00f6chten.<\/p>\n<h3>Fazit<\/h3>\n<p>Die Anmietung eines exotischen Autos in Phoenix ist eine gro\u00dfartige M\u00f6glichkeit, Ihre Reise aufregend und luxuri\u00f6s zu gestalten. Mit flexiblen Mietoptionen und einer gro\u00dfen Auswahl an leistungsstarken Fahrzeugen k\u00f6nnen Sie Ihren Traum vom Fahren eines exotischen Wagens wahr machen. Es ist jedoch wichtig, die Vor- und Nachteile abzuw\u00e4gen, bevor Sie Ihre Entscheidung treffen, und ein seri\u00f6ses Unternehmen wie rental-car.company zu w\u00e4hlen, um eine sichere und angenehme Erfahrung zu machen. Warum also warten? Mieten Sie noch heute ein exotisches Auto in Phoenix und fahren Sie stilvoll durch die Gegend!<\/p>\n<\/div>","protected":false},"excerpt":{"rendered":"<p>Rent an Exotic Car in Phoenix for an Unforgettable Adventure When planning a trip to Phoenix, Arizona, you may be looking for ways to make your experience truly unique and luxurious. One way to achieve this is by renting an exotic car. Exotic car rental phoenix allows you to drive around the city in style [&hellip;]<\/p>\n","protected":false},"author":1,"featured_media":2616,"parent":0,"menu_order":0,"comment_status":"closed","ping_status":"closed","template":"","meta":{"rs_blank_template":"","rs_page_bg_color":"","slide_template_v7":"","footnotes":""},"categories":[1],"tags":[],"class_list":["post-6993","page","type-page","status-publish","has-post-thumbnail","hentry","category-blog"],"_links":{"self":[{"href":"https:\/\/rental-car.company\/de\/wp-json\/wp\/v2\/pages\/6993","targetHints":{"allow":["GET"]}}],"collection":[{"href":"https:\/\/rental-car.company\/de\/wp-json\/wp\/v2\/pages"}],"about":[{"href":"https:\/\/rental-car.company\/de\/wp-json\/wp\/v2\/types\/page"}],"author":[{"embeddable":true,"href":"https:\/\/rental-car.company\/de\/wp-json\/wp\/v2\/users\/1"}],"replies":[{"embeddable":true,"href":"https:\/\/rental-car.company\/de\/wp-json\/wp\/v2\/comments?post=6993"}],"version-history":[{"count":0,"href":"https:\/\/rental-car.company\/de\/wp-json\/wp\/v2\/pages\/6993\/revisions"}],"wp:featuredmedia":[{"embeddable":true,"href":"https:\/\/rental-car.company\/de\/wp-json\/wp\/v2\/media\/2616"}],"wp:attachment":[{"href":"https:\/\/rental-car.company\/de\/wp-json\/wp\/v2\/media?parent=6993"}],"wp:term":[{"taxonomy":"category","embeddable":true,"href":"https:\/\/rental-car.company\/de\/wp-json\/wp\/v2\/categories?post=6993"},{"taxonomy":"post_tag","embeddable":true,"href":"https:\/\/rental-car.company\/de\/wp-json\/wp\/v2\/tags?post=6993"}],"curies":[{"name":"wp","href":"https:\/\/api.w.org\/{rel}","templated":true}]}}