{"id":7025,"date":"2024-09-01T03:06:05","date_gmt":"2024-09-01T03:06:05","guid":{"rendered":"https:\/\/rental-car.company\/?page_id=7025"},"modified":"2024-09-01T03:06:05","modified_gmt":"2024-09-01T03:06:05","slug":"autovermietung-medellin-flughafen","status":"publish","type":"page","link":"https:\/\/rental-car.company\/de\/autovermietung-medellin-flughafen\/","title":{"rendered":"Autovermietung Medellin Flughafen - Ihr Leitfaden zur Anmietung eines Autos in Medellin"},"content":{"rendered":"<div class=\"wpb-content-wrapper\"><h2>Ein Auto am Flughafen Medellin mieten: Was Sie wissen m\u00fcssen<\/h2>\n<p>Planen Sie eine Reise in die sch\u00f6ne Stadt Medellin, Kolumbien? Dann ist eine Autovermietung am Flughafen Medellin der perfekte Weg, um alles zu erkunden, was diese pulsierende Stadt zu bieten hat. Mit Ihrem eigenen Mietwagen k\u00f6nnen Sie beliebte Attraktionen wie Plaza Botero, Parque Explora und Pueblito Paisa in Ihrem eigenen Tempo und nach Ihrem eigenen Zeitplan besuchen. In diesem Artikel erfahren Sie alles, was Sie \u00fcber die Autovermietung am Flughafen Medellin wissen m\u00fcssen.<\/p>\n<div class=\"vc_row wpb_row vc_row-fluid\"><div class=\"wpb_column vc_column_container vc_col-sm-12\"><div class=\"vc_column-inner\"><div class=\"wpb_wrapper\">\n\t<div class=\"wpb_text_column wpb_content_element\" >\n\t\t<div class=\"wpb_wrapper\">\n\t\t\t<p><script id=\"dchwidget\" src=\"https:\/\/www.discovercars.com\/wg.js\" async=\"\" data-dev-env=\"com\" data-location=\"\" data-lang=\"en\" data-utm-source=\"malina\" data-utm-medium=\"widget\" data-aff-code=\"a_aid\" data-autocomplete=\"on\" data-style-submit-bg-color=\"00A200\" data-style-submit-font-color=\"white\" data-style-form-bg-color=\"FAD130\" data-style-form-font-color=\"333\" data-style-submit-text=\"Search now\"><\/script><\/p>\n\n\t\t<\/div>\n\t<\/div>\n<\/div><\/div><\/div><\/div>\n<p>&nbsp;<\/p>\n<h2>Entdecken Sie Autovermietung Medellin Flughafen<\/h2>\n<p><img loading=\"lazy\" decoding=\"async\" class=\"alignleft\" src=\"\/wp-content\/uploads\/images\/rent_car_511.png\" alt=\"autovermietung medellin flughafen\" width=\"350\" height=\"350\" \/><\/p>\n<p>Wenn Sie am Internationalen Flughafen Jose Maria Cordova (MDE) ankommen, der auch als Internationaler Flughafen Medell\u00edn oder Internationaler Flughafen Rionegro bekannt ist, finden Sie im Flughafenterminal mehrere renommierte Autovermietungen. Dazu geh\u00f6ren gro\u00dfe internationale Marken wie Avis, Hertz und Budget sowie lokale Unternehmen wie Localiza und Enterprise. Alle diese Unternehmen bieten eine gro\u00dfe Auswahl an Fahrzeugen an, die von Kleinwagen bis hin zu Luxus-SUVs reichen.<\/p>\n<h3>Warum ein Auto in Medellin mieten?<\/h3>\n<p>Ein Auto in Medell\u00edn zu mieten, gibt Ihnen die Freiheit und Flexibilit\u00e4t, die Stadt nach Ihren eigenen Vorstellungen zu erkunden. Die \u00f6ffentlichen Verkehrsmittel in Kolumbien sind begrenzt und die Kosten f\u00fcr Taxis k\u00f6nnen sich schnell summieren. Mit Ihrem eigenen Mietwagen k\u00f6nnen Sie problemlos zwischen verschiedenen Stadtteilen und Sehensw\u00fcrdigkeiten hin- und herfahren, ohne auf \u00f6ffentliche Verkehrsmittel angewiesen zu sein oder sich um ein Taxi zu k\u00fcmmern.<\/p>\n<p>Au\u00dferdem k\u00f6nnen Sie mit einem Auto auch au\u00dferhalb der Stadtgrenzen mehr von Kolumbiens nat\u00fcrlicher Sch\u00f6nheit entdecken. Von malerischen Fahrten durch Kaffeeplantagen in nahegelegenen St\u00e4dten wie Jard\u00edn oder Guatap\u00e9 mit seinen ber\u00fchmten Felsformationen bis hin zu den atemberaubenden Landschaften von Nationalparks wie dem Parque Nacional Natural Los Nevados - ein Mietwagen er\u00f6ffnet Ihnen unendlich viele M\u00f6glichkeiten f\u00fcr Ihre Reise.<\/p>\n<h3>Vorteile eines Mietwagens in Medellin<\/h3>\n<p>- Flexibilit\u00e4t und Unabh\u00e4ngigkeit zur Erkundung in Ihrem eigenen Tempo<br \/>\n- Kosteng\u00fcnstiger als die Nutzung von Taxis oder privaten Verkehrsmitteln<br \/>\n- Einfacher Zugang zu nahe gelegenen St\u00e4dten und Naturattraktionen<\/p>\n<h3>Nachteile eines Mietwagens in Medellin<\/h3>\n<p>- Der Verkehr kann im Stadtzentrum stark und chaotisch sein.<br \/>\n- Begrenzte Parkm\u00f6glichkeiten in beliebten Gegenden<br \/>\n- Die Sprachbarriere kann die Kommunikation mit lokalen Unternehmen f\u00fcr Nicht-Spanischsprachige erschweren<\/p>\n<h4>FAQs \u00fcber Autovermietung in Medellin Flughafen<\/h4>\n<p><img loading=\"lazy\" decoding=\"async\" class=\"alignright\" src=\"\/wp-content\/uploads\/images\/rent_car_430.png\" alt=\"autovermietung medellin flughafen\" width=\"350\" height=\"350\" \/><\/p>\n<p>F: Was ist das Mindestalter f\u00fcr die Anmietung eines Fahrzeugs am Flughafen Medellin?<br \/>\nA: Das Mindestalter f\u00fcr die Anmietung eines Autos in Kolumbien betr\u00e4gt 25 Jahre. Einige Unternehmen erlauben jedoch gegen eine zus\u00e4tzliche Geb\u00fchr auch Fahrer, die j\u00fcnger als 21 Jahre sind.<\/p>\n<p>F: Muss ich einen internationalen F\u00fchrerschein haben?<br \/>\nA: Ja, ein internationaler F\u00fchrerschein ist f\u00fcr alle ausl\u00e4ndischen Besucher, die in Kolumbien fahren, gesetzlich vorgeschrieben.<\/p>\n<p>F: Fallen bei der Anmietung eines Fahrzeugs am Flughafen Medellin zus\u00e4tzliche Geb\u00fchren oder Steuern an?<br \/>\nA: Ja, es werden zus\u00e4tzliche Geb\u00fchren und Steuern auf Ihre Mietkosten aufgeschlagen. Dazu k\u00f6nnen Versicherungsgeb\u00fchren, Flughafenzuschl\u00e4ge und die Mehrwertsteuer (VAT) geh\u00f6ren.<\/p>\n<p>F: Kann ich meinen Mietwagen an einem anderen Ort abgeben?<br \/>\nA: Ja, die meisten Autovermietungen erlauben Ihnen, Ihr Fahrzeug an verschiedenen Orten in Kolumbien abzugeben. Es k\u00f6nnen jedoch zus\u00e4tzliche Geb\u00fchren anfallen.<\/p>\n<p>Zusammenfassend l\u00e4sst sich sagen, dass eine Autovermietung am Flughafen Medellin die beste M\u00f6glichkeit ist, das Beste aus Ihrer Reise in diese pulsierende Stadt zu machen. Mit flexiblen Transportm\u00f6glichkeiten und der M\u00f6glichkeit, die Stadtgrenzen zu erkunden, wird Ihr eigener Mietwagen Ihr Reiseerlebnis verbessern. Buchen Sie Ihren Mietwagen im Voraus, um die Verf\u00fcgbarkeit sicherzustellen und die besten Angebote zu erhalten. Gute Reise!<\/p>\n<\/div>","protected":false},"excerpt":{"rendered":"<p>Renting a Car at Medellin Airport: What You Need to Know Are you planning a trip to the beautiful city of Medellin, Colombia? If so, renting a car from Medellin Airport is the perfect way to explore all that this vibrant city has to offer. With your own rental car, you can easily visit popular [&hellip;]<\/p>\n","protected":false},"author":1,"featured_media":6979,"parent":0,"menu_order":0,"comment_status":"closed","ping_status":"closed","template":"","meta":{"rs_blank_template":"","rs_page_bg_color":"","slide_template_v7":"","footnotes":""},"categories":[1],"tags":[],"class_list":["post-7025","page","type-page","status-publish","has-post-thumbnail","hentry","category-blog"],"_links":{"self":[{"href":"https:\/\/rental-car.company\/de\/wp-json\/wp\/v2\/pages\/7025","targetHints":{"allow":["GET"]}}],"collection":[{"href":"https:\/\/rental-car.company\/de\/wp-json\/wp\/v2\/pages"}],"about":[{"href":"https:\/\/rental-car.company\/de\/wp-json\/wp\/v2\/types\/page"}],"author":[{"embeddable":true,"href":"https:\/\/rental-car.company\/de\/wp-json\/wp\/v2\/users\/1"}],"replies":[{"embeddable":true,"href":"https:\/\/rental-car.company\/de\/wp-json\/wp\/v2\/comments?post=7025"}],"version-history":[{"count":0,"href":"https:\/\/rental-car.company\/de\/wp-json\/wp\/v2\/pages\/7025\/revisions"}],"wp:featuredmedia":[{"embeddable":true,"href":"https:\/\/rental-car.company\/de\/wp-json\/wp\/v2\/media\/6979"}],"wp:attachment":[{"href":"https:\/\/rental-car.company\/de\/wp-json\/wp\/v2\/media?parent=7025"}],"wp:term":[{"taxonomy":"category","embeddable":true,"href":"https:\/\/rental-car.company\/de\/wp-json\/wp\/v2\/categories?post=7025"},{"taxonomy":"post_tag","embeddable":true,"href":"https:\/\/rental-car.company\/de\/wp-json\/wp\/v2\/tags?post=7025"}],"curies":[{"name":"wp","href":"https:\/\/api.w.org\/{rel}","templated":true}]}}