{"id":7045,"date":"2024-09-01T08:05:18","date_gmt":"2024-09-01T08:05:18","guid":{"rendered":"https:\/\/rental-car.company\/?page_id=7045"},"modified":"2024-09-01T08:05:18","modified_gmt":"2024-09-01T08:05:18","slug":"14-personenwagen-mieten","status":"publish","type":"page","link":"https:\/\/rental-car.company\/de\/14-personenwagen-mieten\/","title":{"rendered":"14-Personen-Van-Miete - die ultimative L\u00f6sung f\u00fcr gro\u00dfe Gruppenreisen"},"content":{"rendered":"<div class=\"wpb-content-wrapper\"><h2>Mieten Sie einen 14-Personen-Van und reisen Sie mit Leichtigkeit<\/h2>\n<p>Wenn man mit einer gro\u00dfen Gruppe verreist, kann der Transport oft eine gro\u00dfe H\u00fcrde darstellen. Mehrere Autos zu koordinieren oder sich auf \u00f6ffentliche Verkehrsmittel zu verlassen, kann zeitaufw\u00e4ndig und ineffizient sein. Hier kommt die Vermietung von 14-Personen-Vans ins Spiel. Diese ger\u00e4umigen Fahrzeuge sind die perfekte L\u00f6sung f\u00fcr Gruppen, die komfortabel und bequem zusammen reisen m\u00f6chten.<\/p>\n<p>Bei rental-car.company bieten wir Ihnen erstklassige 14-Personen-Vans, die alle Ihre Transportbed\u00fcrfnisse befriedigen. Mit unserer gro\u00dfen Auswahl an Fahrzeugen und unserem exzellenten Kundenservice machen wir es Ihnen leicht, einen 14-Personen-Van zu mieten und Ihre Reise ohne Probleme anzutreten.<\/p>\n<div class=\"vc_row wpb_row vc_row-fluid\"><div class=\"wpb_column vc_column_container vc_col-sm-12\"><div class=\"vc_column-inner\"><div class=\"wpb_wrapper\">\n\t<div class=\"wpb_text_column wpb_content_element\" >\n\t\t<div class=\"wpb_wrapper\">\n\t\t\t<p><script id=\"dchwidget\" src=\"https:\/\/www.discovercars.com\/wg.js\" async=\"\" data-dev-env=\"com\" data-location=\"\" data-lang=\"en\" data-utm-source=\"malina\" data-utm-medium=\"widget\" data-aff-code=\"a_aid\" data-autocomplete=\"on\" data-style-submit-bg-color=\"00A200\" data-style-submit-font-color=\"white\" data-style-form-bg-color=\"FAD130\" data-style-form-font-color=\"333\" data-style-submit-text=\"Search now\"><\/script><\/p>\n\n\t\t<\/div>\n\t<\/div>\n<\/div><\/div><\/div><\/div>\n<p>&nbsp;<\/p>\n<h2>Entdecken Sie die 14-Personen-Van-Vermietung - die perfekte Wahl f\u00fcr Gruppenreisen<\/h2>\n<p><img loading=\"lazy\" decoding=\"async\" class=\"alignleft\" src=\"\/wp-content\/uploads\/images\/rent_car_1177.png\" alt=\"14 Personenwagen mieten\" width=\"350\" height=\"350\" \/><\/p>\n<p>Ein 14-Personen-Van ist die ideale Wahl f\u00fcr verschiedene Anl\u00e4sse, einschlie\u00dflich Familienurlaube, Firmenveranstaltungen, Schulausfl\u00fcge, Sportmannschaftsausfl\u00fcge und vieles mehr. Hier sind einige Gr\u00fcnde, warum die Anmietung eines 14-Personen-Vans von rental-car.company die beste Option f\u00fcr Ihre n\u00e4chste Gruppenreise ist:<\/p>\n<h3>Ger\u00e4umiger Innenraum und bequeme Sitze<\/h3>\n<p>Einer der gr\u00f6\u00dften Vorteile der Anmietung eines 14-Personen-Vans ist sein ger\u00e4umiger Innenraum. Diese Vans bieten den Fahrg\u00e4sten viel Platz, um sich bei langen Fahrten bequem auszustrecken. Dank der bequemen Sitze und der gro\u00dfen Beinfreiheit kann sich jeder entspannt zur\u00fccklehnen und die Fahrt genie\u00dfen.<\/p>\n<h3>Vielseitiger Gep\u00e4ckraum<\/h3>\n<p>Wenn Sie mit gro\u00dfen Gruppen reisen, m\u00fcssen Sie oft mehrere Koffer oder sperrige Ausr\u00fcstung mit sich f\u00fchren. Unsere 14-Personen-Vans sind mit gen\u00fcgend Stauraum ausgestattet, um all Ihr Gep\u00e4ck unterzubringen, ohne dass Sie auf Komfort verzichten m\u00fcssen.<\/p>\n<h3>Sicherheit &amp; Sicherheitsmerkmale<\/h3>\n<p>Bei rental-car.company stellen wir die Sicherheit \u00fcber alles andere. Unsere Flotte von 14 Personentransportern wird regelm\u00e4\u00dfig gewartet und ist mit den neuesten Sicherheitsmerkmalen ausgestattet, damit Sie beruhigt unterwegs sein k\u00f6nnen.<\/p>\n<h4>Pro \/ Kontra<\/h4>\n<h5>Vorteile:<\/h5>\n<ul>\n<li>Ger\u00e4umiger Innenraum f\u00fcr bequemes Sitzen<\/li>\n<li>Vielseitiger Gep\u00e4ckraum<\/li>\n<li>Sicherheitsmerkmale f\u00fcr eine sorgenfreie Reise<\/li>\n<li>Bequemer Transport f\u00fcr gro\u00dfe Gruppen<\/li>\n<li>Erschwingliche Mietpreise<\/li>\n<\/ul>\n<h5>Nachteile:<\/h5>\n<ul>\n<li>Das k\u00f6nnte teurer sein als die Anmietung mehrerer kleinerer Fahrzeuge f\u00fcr kleinere Gruppen.<\/li>\n<li>Begrenzte Verf\u00fcgbarkeit an bestimmten Orten.<\/li>\n<\/ul>\n<h4>H\u00e4ufig gestellte Fragen (FAQ)<\/h4>\n<p><img loading=\"lazy\" decoding=\"async\" class=\"alignright\" src=\"\/wp-content\/uploads\/images\/rent_car_926.png\" alt=\"14 Personenwagen mieten\" width=\"350\" height=\"350\" \/><\/p>\n<h5>F: Wie viele Personen k\u00f6nnen in einem Transporter f\u00fcr 14 Personen untergebracht werden?<\/h5>\n<p>A: Wie der Name schon sagt, bietet ein 14-Personen-Van bequem Platz f\u00fcr bis zu vierzehn Personen und ist damit die perfekte Wahl f\u00fcr gro\u00dfe Gruppenreisen.<\/p>\n<h5>F: Brauche ich einen speziellen F\u00fchrerschein, um einen 14-Personen-Van zu fahren?<\/h5>\n<p>A: In den meisten F\u00e4llen ist ein normaler F\u00fchrerschein ausreichend, um einen 14-Personen-Van zu fahren. Wir empfehlen jedoch, sich vor der Anmietung bei Ihrer \u00f6rtlichen Zulassungsstelle oder Autovermietung zu erkundigen.<\/p>\n<h5>F: Welche Dokumente ben\u00f6tige ich, um einen 14-Personen-Van von rental-car.company zu mieten?<\/h5>\n<p>A: Um unsere Fahrzeuge zu mieten, ben\u00f6tigen Sie einen g\u00fcltigen F\u00fchrerschein und eine Kredit-\/Debitkarte. Internationale Mieter ben\u00f6tigen m\u00f6glicherweise zus\u00e4tzliche Dokumente wie einen internationalen F\u00fchrerschein und einen Reisepass.<\/p>\n<p>Zusammenfassend l\u00e4sst sich sagen, dass die Anmietung eines 14-Personen-Vans von rental-car.company eine ausgezeichnete L\u00f6sung f\u00fcr Gruppenreisen ist. Mit seinem ger\u00e4umigen Innenraum, dem vielseitigen Stauraum und den erstklassigen Sicherheitsmerkmalen sorgen unsere Vans daf\u00fcr, dass Ihre Reise komfortabel und sorgenfrei verl\u00e4uft. Warum also warten? Mieten Sie noch heute einen 14-Personen-Van und machen Sie sich mit Ihrer Gruppe auf den Weg!<\/p>\n<\/div>","protected":false},"excerpt":{"rendered":"<p>Rent a 14 Passenger Van and Travel with Ease When it comes to traveling with a large group, transportation can often be a major hurdle. Coordinating multiple cars or relying on public transportation can be time-consuming and inefficient. That&#8217;s where 14 passenger van rentals come in. These spacious vehicles are the perfect solution for groups [&hellip;]<\/p>\n","protected":false},"author":1,"featured_media":2576,"parent":0,"menu_order":0,"comment_status":"closed","ping_status":"closed","template":"","meta":{"rs_blank_template":"","rs_page_bg_color":"","slide_template_v7":"","footnotes":""},"categories":[1],"tags":[],"class_list":["post-7045","page","type-page","status-publish","has-post-thumbnail","hentry","category-blog"],"_links":{"self":[{"href":"https:\/\/rental-car.company\/de\/wp-json\/wp\/v2\/pages\/7045","targetHints":{"allow":["GET"]}}],"collection":[{"href":"https:\/\/rental-car.company\/de\/wp-json\/wp\/v2\/pages"}],"about":[{"href":"https:\/\/rental-car.company\/de\/wp-json\/wp\/v2\/types\/page"}],"author":[{"embeddable":true,"href":"https:\/\/rental-car.company\/de\/wp-json\/wp\/v2\/users\/1"}],"replies":[{"embeddable":true,"href":"https:\/\/rental-car.company\/de\/wp-json\/wp\/v2\/comments?post=7045"}],"version-history":[{"count":0,"href":"https:\/\/rental-car.company\/de\/wp-json\/wp\/v2\/pages\/7045\/revisions"}],"wp:featuredmedia":[{"embeddable":true,"href":"https:\/\/rental-car.company\/de\/wp-json\/wp\/v2\/media\/2576"}],"wp:attachment":[{"href":"https:\/\/rental-car.company\/de\/wp-json\/wp\/v2\/media?parent=7045"}],"wp:term":[{"taxonomy":"category","embeddable":true,"href":"https:\/\/rental-car.company\/de\/wp-json\/wp\/v2\/categories?post=7045"},{"taxonomy":"post_tag","embeddable":true,"href":"https:\/\/rental-car.company\/de\/wp-json\/wp\/v2\/tags?post=7045"}],"curies":[{"name":"wp","href":"https:\/\/api.w.org\/{rel}","templated":true}]}}